{"id":25005,"date":"2022-01-29T17:29:03","date_gmt":"2022-01-29T16:29:03","guid":{"rendered":"https:\/\/live.adventurecountrytracks.com\/?page_id=25005"},"modified":"2025-03-17T10:31:04","modified_gmt":"2025-03-17T09:31:04","slug":"impressum","status":"publish","type":"page","link":"https:\/\/adventurecountrytracks.com\/de\/imprint\/","title":{"rendered":"Impressum"},"content":{"rendered":"<div data-elementor-type=\"wp-page\" data-elementor-id=\"25005\" class=\"elementor elementor-25005\" data-elementor-post-type=\"page\">\n\t\t\t\t\t\t<section class=\"elementor-section elementor-top-section elementor-element elementor-element-1b402578 elementor-section-height-min-height elementor-section-boxed elementor-section-height-default elementor-section-items-middle\" data-id=\"1b402578\" data-element_type=\"section\" data-e-type=\"section\" data-settings=\"{&quot;background_background&quot;:&quot;classic&quot;}\">\n\t\t\t\t\t\t<div class=\"elementor-container elementor-column-gap-default\">\n\t\t\t\t\t<div class=\"elementor-column elementor-col-100 elementor-top-column elementor-element elementor-element-9d95d36\" data-id=\"9d95d36\" data-element_type=\"column\" data-e-type=\"column\">\n\t\t\t<div class=\"elementor-widget-wrap\">\n\t\t\t\t\t\t\t<\/div>\n\t\t<\/div>\n\t\t\t\t\t<\/div>\n\t\t<\/section>\n\t\t\t\t<section class=\"elementor-section elementor-top-section elementor-element elementor-element-d2594b4 elementor-section-boxed elementor-section-height-default elementor-section-height-default\" data-id=\"d2594b4\" data-element_type=\"section\" data-e-type=\"section\">\n\t\t\t\t\t\t<div class=\"elementor-container elementor-column-gap-default\">\n\t\t\t\t\t<div class=\"elementor-column elementor-col-100 elementor-top-column elementor-element elementor-element-334c76a9\" data-id=\"334c76a9\" data-element_type=\"column\" data-e-type=\"column\">\n\t\t\t<div class=\"elementor-widget-wrap elementor-element-populated\">\n\t\t\t\t\t\t<div class=\"elementor-element elementor-element-718bbd7 elementor-widget elementor-widget-heading\" data-id=\"718bbd7\" data-element_type=\"widget\" data-e-type=\"widget\" data-widget_type=\"heading.default\">\n\t\t\t\t<div class=\"elementor-widget-container\">\n\t\t\t\t\t<h2 class=\"elementor-heading-title elementor-size-default\">Impressum<\/h2>\t\t\t\t<\/div>\n\t\t\t\t<\/div>\n\t\t\t\t<div class=\"elementor-element elementor-element-a513a88 elementor-widget elementor-widget-text-editor\" data-id=\"a513a88\" data-element_type=\"widget\" data-e-type=\"widget\" data-widget_type=\"text-editor.default\">\n\t\t\t\t<div class=\"elementor-widget-container\">\n\t\t\t\t\t\t\t\t\t<p><b>Informationen nach \u00a7 18 Abs. 2 Medienstaatsvertrag <\/b><\/p><p>ACT Adventure Country Tracks e.V.<br \/>Martin Wickert, Mirko Nagler, \u00c9lvio Andrade<br \/>K\u00f6lnerstr. 95<br \/>51515 K\u00fcrten<br \/>Deutschland<\/p><p><b>Vertreten durch:<\/b> Martin Wickert, Mirko Nagler, \u00c9lvio Andrade<\/p><p><b>Kontakt:<\/b><br \/>E-Mail: <a href=\"mailto:info@adventurecountrytracks.com\">info@adventurecountrytracks.com<\/a><\/p><p><b>Registereintrag:<\/b><br \/>Register: Vereinsregister<br \/>Ort der Anmeldung: Amtsgericht K\u00f6ln<br \/>Registrierungsnummer: VR 19626<\/p><p>EU-MEHRWERTSTEUER: DE323773916<\/p><p>DE Umsatzsteuer-Nr. 116\/246\/00675<\/p><p><b>Verantwortlich f\u00fcr den Inhalt gem\u00e4\u00df \u00a7 55 Abs. 2 RStV:<\/b><br \/>Martin Wickert, Mirko Nagler, \u00c9lvio Andrade<br \/>K\u00f6lnerstr. 95<br \/>51515 K\u00fcrten<br \/>Deutschland<\/p><p><b>Haftungsausschluss<\/b><\/p><p><b>Verantwortung f\u00fcr Links:<\/b><br \/>Unser Angebot enth\u00e4lt Links zu externen Webseiten Dritter, auf deren Inhalte wir keinen Einfluss haben. Deshalb k\u00f6nnen wir f\u00fcr diese fremden Inhalte auch keine Gew\u00e4hr \u00fcbernehmen. F\u00fcr die Inhalte der verlinkten Seiten ist stets der jeweilige Anbieter oder Betreiber der Seiten verantwortlich. Die verlinkten Seiten wurden zum Zeitpunkt der Verlinkung auf m\u00f6gliche Rechtsverst\u00f6\u00dfe \u00fcberpr\u00fcft. Rechtswidrige Inhalte waren zum Zeitpunkt der Verlinkung nicht erkennbar. Eine permanente Kontrolle der Inhalte der verlinkten Seiten ist jedoch ohne konkrete Anhaltspunkte einer Rechtsverletzung nicht zumutbar. Bei Bekanntwerden von Rechtsverletzungen werden wir derartige Links umgehend entfernen.<\/p><p><b>Haftung f\u00fcr Inhalte:<\/b><br \/>Die Inhalte unserer Seiten wurden mit gr\u00f6\u00dfter Sorgfalt erstellt. F\u00fcr die Richtigkeit, Vollst\u00e4ndigkeit und Aktualit\u00e4t der Inhalte k\u00f6nnen wir jedoch keine Gew\u00e4hr \u00fcbernehmen. Als Diensteanbieter sind wir gem\u00e4\u00df \u00a7 7 Abs. 1 TMG f\u00fcr eigene Inhalte auf diesen Seiten nach den allgemeinen Gesetzen verantwortlich. 1 TMG (Telemediengesetz) und den allgemeinen Gesetzen verantwortlich. Nach \u00a7 8 bis 10 TMG sind wir nicht verpflichtet, \u00fcbermittelte oder gespeicherte fremde Informationen zu \u00fcberwachen oder nach Umst\u00e4nden zu forschen, die auf eine rechtswidrige T\u00e4tigkeit hinweisen. Verpflichtungen zur Entfernung oder Sperrung der Nutzung von Informationen nach den allgemeinen Gesetzen bleiben hiervon unber\u00fchrt. Eine diesbez\u00fcgliche Haftung ist jedoch erst ab dem Zeitpunkt der Kenntnis einer konkreten Rechtsverletzung m\u00f6glich. Bei Bekanntwerden von entsprechenden Rechtsverletzungen werden wir diese Inhalte umgehend entfernen.<\/p><p><b>Copyright<\/b><br \/>Die durch die Seitenbetreiber erstellten Inhalte und Werke auf diesen Seiten unterliegen dem deutschen Urheberrecht. Die Vervielf\u00e4ltigung, Bearbeitung, Verbreitung und jede Art der Verwertung au\u00dferhalb der Grenzen des Urheberrechtes bed\u00fcrfen der schriftlichen Zustimmung des jeweiligen Autors bzw. Erstellers. Downloads und Kopien dieser Seiten sind nur f\u00fcr den privaten, nicht kommerziellen Gebrauch gestattet. Soweit die Inhalte auf dieser Seite nicht vom Betreiber erstellt wurden, werden die Urheberrechte Dritter beachtet. Insbesondere werden Inhalte Dritter als solche gekennzeichnet. Sollten Sie trotzdem auf eine Urheberrechtsverletzung aufmerksam werden, bitten wir um einen entsprechenden Hinweis. Bei Bekanntwerden von Rechtsverletzungen werden wir derartige Inhalte umgehend entfernen.<\/p>\t\t\t\t\t\t\t\t<\/div>\n\t\t\t\t<\/div>\n\t\t\t\t\t<\/div>\n\t\t<\/div>\n\t\t\t\t\t<\/div>\n\t\t<\/section>\n\t\t\t\t<\/div>","protected":false},"excerpt":{"rendered":"<p>Imprint Information according to \u00a7 18 para. 2 Medienstaatsvertrag ACT Adventure Country Tracks e.V.Martin Wickert, Mirko Nagler, \u00c9lvio AndradeK\u00f6lnerstr. 9551515 K\u00fcrtenGermany Represented by: Martin Wickert, Mirko Nagler, \u00c9lvio Andrade Contact:E-Mail: info@adventurecountrytracks.com Register Entry:Register: Association registerRegister Location: Amtsgericht K\u00f6lnRegistration Number: VR 19626 EU VAT: DE323773916 DE VAT-Nr. 116\/246\/00675 Responsible for the content according to \u00a7 55 [&hellip;]<\/p>\n","protected":false},"author":10043,"featured_media":0,"parent":0,"menu_order":0,"comment_status":"closed","ping_status":"closed","template":"elementor_header_footer","meta":{"_acf_changed":false,"footnotes":""},"class_list":["post-25005","page","type-page","status-publish","hentry"],"acf":[],"_links":{"self":[{"href":"https:\/\/adventurecountrytracks.com\/de\/wp-json\/wp\/v2\/pages\/25005","targetHints":{"allow":["GET"]}}],"collection":[{"href":"https:\/\/adventurecountrytracks.com\/de\/wp-json\/wp\/v2\/pages"}],"about":[{"href":"https:\/\/adventurecountrytracks.com\/de\/wp-json\/wp\/v2\/types\/page"}],"author":[{"embeddable":true,"href":"https:\/\/adventurecountrytracks.com\/de\/wp-json\/wp\/v2\/users\/10043"}],"replies":[{"embeddable":true,"href":"https:\/\/adventurecountrytracks.com\/de\/wp-json\/wp\/v2\/comments?post=25005"}],"version-history":[{"count":10,"href":"https:\/\/adventurecountrytracks.com\/de\/wp-json\/wp\/v2\/pages\/25005\/revisions"}],"predecessor-version":[{"id":34027,"href":"https:\/\/adventurecountrytracks.com\/de\/wp-json\/wp\/v2\/pages\/25005\/revisions\/34027"}],"wp:attachment":[{"href":"https:\/\/adventurecountrytracks.com\/de\/wp-json\/wp\/v2\/media?parent=25005"}],"curies":[{"name":"wp","href":"https:\/\/api.w.org\/{rel}","templated":true}]}}