{"id":27367,"date":"2022-12-13T12:33:10","date_gmt":"2022-12-13T11:33:10","guid":{"rendered":"https:\/\/adventurecountrytracks.com\/?page_id=27367"},"modified":"2026-03-26T10:49:03","modified_gmt":"2026-03-26T09:49:03","slug":"impressum-2","status":"publish","type":"page","link":"https:\/\/adventurecountrytracks.com\/de\/terms-and-conditions\/","title":{"rendered":"Bedingungen und Konditionen"},"content":{"rendered":"<div data-elementor-type=\"wp-page\" data-elementor-id=\"27367\" class=\"elementor elementor-27367\" data-elementor-post-type=\"page\">\n\t\t\t\t\t\t<section class=\"elementor-section elementor-top-section elementor-element elementor-element-1b402578 elementor-section-height-min-height elementor-section-boxed elementor-section-height-default elementor-section-items-middle\" data-id=\"1b402578\" data-element_type=\"section\" data-e-type=\"section\" data-settings=\"{&quot;background_background&quot;:&quot;classic&quot;}\">\n\t\t\t\t\t\t<div class=\"elementor-container elementor-column-gap-default\">\n\t\t\t\t\t<div class=\"elementor-column elementor-col-100 elementor-top-column elementor-element elementor-element-0c4b8cb\" data-id=\"0c4b8cb\" data-element_type=\"column\" data-e-type=\"column\">\n\t\t\t<div class=\"elementor-widget-wrap\">\n\t\t\t\t\t\t\t<\/div>\n\t\t<\/div>\n\t\t\t\t\t<\/div>\n\t\t<\/section>\n\t\t\t\t<section class=\"elementor-section elementor-top-section elementor-element elementor-element-d2594b4 elementor-section-boxed elementor-section-height-default elementor-section-height-default\" data-id=\"d2594b4\" data-element_type=\"section\" data-e-type=\"section\">\n\t\t\t\t\t\t<div class=\"elementor-container elementor-column-gap-default\">\n\t\t\t\t\t<div class=\"elementor-column elementor-col-100 elementor-top-column elementor-element elementor-element-334c76a9\" data-id=\"334c76a9\" data-element_type=\"column\" data-e-type=\"column\">\n\t\t\t<div class=\"elementor-widget-wrap elementor-element-populated\">\n\t\t\t\t\t\t<div class=\"elementor-element elementor-element-cb4924f elementor-widget elementor-widget-heading\" data-id=\"cb4924f\" data-element_type=\"widget\" data-e-type=\"widget\" data-widget_type=\"heading.default\">\n\t\t\t\t<div class=\"elementor-widget-container\">\n\t\t\t\t\t<h2 class=\"elementor-heading-title elementor-size-default\">Allgemeine Gesch\u00e4ftsbedingungen<\/h2>\t\t\t\t<\/div>\n\t\t\t\t<\/div>\n\t\t\t\t<div class=\"elementor-element elementor-element-a513a88 elementor-widget elementor-widget-text-editor\" data-id=\"a513a88\" data-element_type=\"widget\" data-e-type=\"widget\" data-widget_type=\"text-editor.default\">\n\t\t\t\t<div class=\"elementor-widget-container\">\n\t\t\t\t\t\t\t\t\t<p><strong>Allgemeine Gesch\u00e4ftsbedingungen (AGB)<\/strong><br \/>sowie Informationen f\u00fcr Verbraucher bei Fernabsatzvertr\u00e4gen und Kundeninformationen bei Vertr\u00e4gen im elektronischen Gesch\u00e4ftsverkehr<\/p><h3>1 Geltungsbereich<\/h3><p>F\u00fcr Gesch\u00e4ftsbeziehungen zwischen uns und dem Besteller gelten bei Bestellungen \u00fcber unseren Internetshop die nachfolgenden Allgemeinen Gesch\u00e4ftsbedingungen in ihrer zum Zeitpunkt der Bestellung g\u00fcltigen Fassung.<\/p><p>Unser Angebot umfasst sowohl den Verkauf von Waren und digitalen Inhalten als auch Dienstleistungen, insbesondere Veranstaltungen sowie Pauschalreisen.<\/p><h3>2 Vertragsabschluss<\/h3><p>Die Darstellung unserer Produkte in unserem Internetauftritt stellt kein rechtlich bindendes Angebot dar, sondern eine Aufforderung zur Abgabe eines Angebots durch den Kunden.<\/p><p>Durch Absenden der Bestellung gibt der Kunde ein verbindliches Angebot im Sinne des \u00a7 145 BGB ab. Der Kunde erh\u00e4lt eine Best\u00e4tigung des Eingangs der Bestellung per E-Mail.<\/p><p>Der Vertrag kommt zustande, wenn wir das Angebot des Kunden innerhalb von zwei Werktagen nach Absenden der Bestellung durch eine Auftragsbest\u00e4tigung in Textform annehmen. Ma\u00dfgeblich ist der Zeitpunkt des Zugangs der Annahmeerkl\u00e4rung beim Kunden.<\/p><p>Werktag ist jeder Kalendertag, der nicht Sonntag oder bundesweit geltender gesetzlicher Feiertag ist.<\/p><p>F\u00fcr Veranstaltungen und Pauschalreisen gelten erg\u00e4nzend die jeweiligen Teilnahme- bzw. Reisebedingungen, die Bestandteil des Vertrages werden.<\/p><h3>3 Lieferung, Versandkosten, Gefahren\u00fcbergang<\/h3><p>Diese Regelungen gelten ausschlie\u00dflich f\u00fcr den Versand von Waren.<\/p><p>Die Lieferung erfolgt zu den jeweils im Einzelfall ausgewiesenen Versandkosten.<\/p><p>Sofern der Kunde Verbraucher ist, tragen wir unabh\u00e4ngig von der Versandart das Versandrisiko.<br \/>Sofern der Kunde Unternehmer ist, gehen alle Risiken und Gefahren der Versendung auf den Kunden \u00fcber, sobald die Ware von uns an den beauftragten Logistikpartner \u00fcbergeben worden ist.<\/p><h3>4 Eigentumsvorbehalt<\/h3><p>Die gelieferte Ware bleibt bis zur vollst\u00e4ndigen Bezahlung unser Eigentum.<\/p><h3>5 Zahlungen<\/h3><p>Es werden ausschlie\u00dflich die im Bestellprozess angezeigten Zahlungsarten akzeptiert.<\/p><h3>6 M\u00e4ngelhaftung<\/h3><p>Es gelten die gesetzlichen M\u00e4ngelhaftungsrechte.<\/p><h3>7 Informationen f\u00fcr Verbraucher bei Fernabsatzvertr\u00e4gen sowie Kundeninformationen bei Vertr\u00e4gen im elektronischen Gesch\u00e4ftsverkehr<\/h3><p>a) Speziellen und vorstehend nicht erw\u00e4hnten Verhaltenskodizes unterliegen wir nicht.<\/p><p>b) Eingabefehler k\u00f6nnen vor Absenden der Bestellung \u00fcber die \u00fcblichen Tastatur- und Mausfunktionen korrigiert werden.<\/p><p>c) Die wesentlichen Eigenschaften der angebotenen Leistungen ergeben sich aus den jeweiligen Produktbeschreibungen.<\/p><p>d) Die Vertragssprache ist Deutsch.<\/p><p>e) Beanstandungen k\u00f6nnen unter der im Impressum angegebenen Adresse geltend gemacht werden.<\/p><p>f) Der Vertragstext wird von uns nicht gespeichert und ist dem Kunden nach Vertragsschluss nicht zug\u00e4nglich.<\/p><p>g) Informationen zu Zahlung, Lieferung und Leistungserbringung ergeben sich aus dem jeweiligen Angebot.<\/p><h3>8 Besondere Bestimmungen je nach Art der Leistung<\/h3><h4>8.1 Waren und digitale Inhalte<\/h4><p>F\u00fcr den Kauf von Waren und digitalen Inhalten gelten die gesetzlichen Vorschriften zum Widerrufsrecht.<\/p><h4>8.2 Veranstaltungen (z. B. ACT Camp, Schulungen, Events)<\/h4><p>Bei den angebotenen Veranstaltungen handelt es sich um Dienstleistungen im Zusammenhang mit Freizeitbet\u00e4tigungen mit festem Termin oder Zeitraum.<\/p><p><strong>Ein Widerrufsrecht besteht gem\u00e4\u00df \u00a7 312g Abs. 2 Nr. 9 BGB nicht.<\/strong><\/p><p>Ein R\u00fccktritt von der Veranstaltung ist nach Ma\u00dfgabe der jeweiligen Teilnahmebedingungen m\u00f6glich. Diese werden Bestandteil des Vertrages.<\/p><h4>8.3 Pauschalreisen<\/h4><p>F\u00fcr angebotene Pauschalreisen gelten die gesetzlichen Vorschriften der \u00a7\u00a7 651a ff. BGB.<\/p><p>Ein Widerrufsrecht besteht nicht. Stattdessen gelten die gesetzlichen R\u00fccktrittsrechte nach \u00a7 651h BGB.<\/p><p>Der Kunde kann jederzeit vor Reisebeginn vom Vertrag zur\u00fccktreten.<br \/>Im Falle des R\u00fccktritts k\u00f6nnen wir eine angemessene Entsch\u00e4digung verlangen.<\/p><p>Die Einzelheiten ergeben sich aus den jeweiligen Reisebedingungen, die Bestandteil des Vertrages werden.<\/p><h3>9 Schlussbestimmungen<\/h3><p>Es gilt das Recht der Bundesrepublik Deutschland unter Ausschluss des UN-Kaufrechts.<\/p><p>Sofern der Kunde Verbraucher ist, bleiben zwingende Verbraucherschutzvorschriften des Staates unber\u00fchrt, in dem der Kunde seinen gew\u00f6hnlichen Aufenthalt hat.<\/p><p><strong>Anbieter:<\/strong><br \/>ACT e.V.<br \/>K\u00f6lner Stra\u00dfe 95<br \/>51515 K\u00fcrten<\/p><p><strong>Alternative Streitbeilegung:<\/strong><\/p><p>Die Europ\u00e4ische Kommission stellt eine Plattform zur Online-Streitbeilegung (OS) bereit:<br \/><a href=\"https:\/\/ec.europa.eu\/consumers\/odr\">https:\/\/ec.europa.eu\/consumers\/odr<\/a><\/p><p>Wir sind weder verpflichtet noch bereit, an einem Streitbeilegungsverfahren vor einer Verbraucherschlichtungsstelle teilzunehmen.<\/p>\t\t\t\t\t\t\t\t<\/div>\n\t\t\t\t<\/div>\n\t\t\t\t\t<\/div>\n\t\t<\/div>\n\t\t\t\t\t<\/div>\n\t\t<\/section>\n\t\t\t\t<\/div>","protected":false},"excerpt":{"rendered":"<p>Allgemeine Gesch\u00e4ftsbedingungen Allgemeine Gesch\u00e4ftsbedingungen (AGB)sowie Informationen f\u00fcr Verbraucher bei Fernabsatzvertr\u00e4gen und Kundeninformationen bei Vertr\u00e4gen im elektronischen Gesch\u00e4ftsverkehr 1 Geltungsbereich F\u00fcr Gesch\u00e4ftsbeziehungen zwischen uns und dem Besteller gelten bei Bestellungen \u00fcber unseren Internetshop die nachfolgenden Allgemeinen Gesch\u00e4ftsbedingungen in ihrer zum Zeitpunkt der Bestellung g\u00fcltigen Fassung. Unser Angebot umfasst sowohl den Verkauf von Waren und digitalen Inhalten [&hellip;]<\/p>\n","protected":false},"author":8993,"featured_media":0,"parent":0,"menu_order":0,"comment_status":"closed","ping_status":"closed","template":"elementor_header_footer","meta":{"_acf_changed":false,"footnotes":""},"class_list":["post-27367","page","type-page","status-publish","hentry"],"acf":[],"_links":{"self":[{"href":"https:\/\/adventurecountrytracks.com\/de\/wp-json\/wp\/v2\/pages\/27367","targetHints":{"allow":["GET"]}}],"collection":[{"href":"https:\/\/adventurecountrytracks.com\/de\/wp-json\/wp\/v2\/pages"}],"about":[{"href":"https:\/\/adventurecountrytracks.com\/de\/wp-json\/wp\/v2\/types\/page"}],"author":[{"embeddable":true,"href":"https:\/\/adventurecountrytracks.com\/de\/wp-json\/wp\/v2\/users\/8993"}],"replies":[{"embeddable":true,"href":"https:\/\/adventurecountrytracks.com\/de\/wp-json\/wp\/v2\/comments?post=27367"}],"version-history":[{"count":10,"href":"https:\/\/adventurecountrytracks.com\/de\/wp-json\/wp\/v2\/pages\/27367\/revisions"}],"predecessor-version":[{"id":36623,"href":"https:\/\/adventurecountrytracks.com\/de\/wp-json\/wp\/v2\/pages\/27367\/revisions\/36623"}],"wp:attachment":[{"href":"https:\/\/adventurecountrytracks.com\/de\/wp-json\/wp\/v2\/media?parent=27367"}],"curies":[{"name":"wp","href":"https:\/\/api.w.org\/{rel}","templated":true}]}}