{"id":27389,"date":"2022-12-13T12:39:31","date_gmt":"2022-12-13T11:39:31","guid":{"rendered":"https:\/\/adventurecountrytracks.com\/?page_id=27389"},"modified":"2026-03-26T10:52:19","modified_gmt":"2026-03-26T09:52:19","slug":"widerrufsbelehrung","status":"publish","type":"page","link":"https:\/\/adventurecountrytracks.com\/de\/cancelation-policy\/","title":{"rendered":"Stornierungspolitik"},"content":{"rendered":"<div data-elementor-type=\"wp-page\" data-elementor-id=\"27389\" class=\"elementor elementor-27389\" data-elementor-post-type=\"page\">\n\t\t\t\t\t\t<section class=\"elementor-section elementor-top-section elementor-element elementor-element-1b402578 elementor-section-height-min-height elementor-section-boxed elementor-section-height-default elementor-section-items-middle\" data-id=\"1b402578\" data-element_type=\"section\" data-e-type=\"section\" data-settings=\"{&quot;background_background&quot;:&quot;classic&quot;}\">\n\t\t\t\t\t\t<div class=\"elementor-container elementor-column-gap-default\">\n\t\t\t\t\t<div class=\"elementor-column elementor-col-100 elementor-top-column elementor-element elementor-element-0c4b8cb\" data-id=\"0c4b8cb\" data-element_type=\"column\" data-e-type=\"column\">\n\t\t\t<div class=\"elementor-widget-wrap\">\n\t\t\t\t\t\t\t<\/div>\n\t\t<\/div>\n\t\t\t\t\t<\/div>\n\t\t<\/section>\n\t\t\t\t<section class=\"elementor-section elementor-top-section elementor-element elementor-element-d2594b4 elementor-section-boxed elementor-section-height-default elementor-section-height-default\" data-id=\"d2594b4\" data-element_type=\"section\" data-e-type=\"section\">\n\t\t\t\t\t\t<div class=\"elementor-container elementor-column-gap-default\">\n\t\t\t\t\t<div class=\"elementor-column elementor-col-100 elementor-top-column elementor-element elementor-element-334c76a9\" data-id=\"334c76a9\" data-element_type=\"column\" data-e-type=\"column\">\n\t\t\t<div class=\"elementor-widget-wrap elementor-element-populated\">\n\t\t\t\t\t\t<div class=\"elementor-element elementor-element-cb4924f elementor-widget elementor-widget-heading\" data-id=\"cb4924f\" data-element_type=\"widget\" data-e-type=\"widget\" data-widget_type=\"heading.default\">\n\t\t\t\t<div class=\"elementor-widget-container\">\n\t\t\t\t\t<h2 class=\"elementor-heading-title elementor-size-default\">Widerrufsbelehrung<\/h2>\t\t\t\t<\/div>\n\t\t\t\t<\/div>\n\t\t\t\t<div class=\"elementor-element elementor-element-a513a88 elementor-widget elementor-widget-text-editor\" data-id=\"a513a88\" data-element_type=\"widget\" data-e-type=\"widget\" data-widget_type=\"text-editor.default\">\n\t\t\t\t<div class=\"elementor-widget-container\">\n\t\t\t\t\t\t\t\t\t<p><strong>Widerrufsbelehrung (f\u00fcr Waren und digitale Inhalte)<\/strong><\/p><p>Die nachfolgende Widerrufsbelehrung gilt ausschlie\u00dflich f\u00fcr den Kauf von Waren und digitalen Inhalten.<br \/>F\u00fcr Veranstaltungen und Pauschalreisen gelten besondere Regelungen (siehe AGB).<\/p><h3>Widerrufsrecht<\/h3><p>Sie haben das Recht, binnen 14 Tagen ohne Angabe von Gr\u00fcnden diesen Vertrag zu widerrufen.<\/p><p>Die Widerrufsfrist betr\u00e4gt 14 Tage ab dem Tag,<\/p><ul><li><p>an den Sie oder ein von Ihnen benannter Dritter, der nicht der Bef\u00f6rderer ist, die Waren in Besitz genommen haben, oder<\/p><\/li><li><p>im Falle von digitalen Inhalten ab Vertragsschluss.<\/p><\/li><\/ul><h3>Aus\u00fcbung des Widerrufsrechts<\/h3><p>Um Ihr Widerrufsrecht auszu\u00fcben, m\u00fcssen Sie uns<\/p><p>ACT e.V.<br \/>K\u00f6lner Str. 95<br \/>51515 K\u00fcrten<br \/>E-Mail: <a href=\"mailto:info@adventurecountrytracks.com\">info@adventurecountrytracks.com<\/a><\/p><p>mittels einer eindeutigen Erkl\u00e4rung (z. B. Brief oder E-Mail) \u00fcber Ihren Entschluss, diesen Vertrag zu widerrufen, informieren.<\/p><p>Zur Wahrung der Widerrufsfrist reicht es aus, dass Sie die Mitteilung \u00fcber die Aus\u00fcbung des Widerrufsrechts vor Ablauf der Widerrufsfrist absenden.<\/p><h3>Folgen des Widerrufs<\/h3><p>Wenn Sie diesen Vertrag widerrufen, erstatten wir Ihnen alle Zahlungen, die wir von Ihnen erhalten haben, unverz\u00fcglich und sp\u00e4testens binnen 14 Tagen ab dem Tag, an dem die Mitteilung \u00fcber Ihren Widerruf bei uns eingegangen ist.<\/p><p>F\u00fcr die R\u00fcckzahlung verwenden wir dasselbe Zahlungsmittel, das Sie bei der urspr\u00fcnglichen Transaktion eingesetzt haben, es sei denn, mit Ihnen wurde ausdr\u00fccklich etwas anderes vereinbart.<\/p><p>Sie tragen die unmittelbaren Kosten der R\u00fccksendung der Waren.<\/p><p>Das Risiko des Verlusts oder der Besch\u00e4digung der R\u00fccksendung auf dem Transportweg tragen Sie als Kunde.<\/p><h3>Ausschluss bzw. vorzeitiges Erl\u00f6schen des Widerrufsrechts<\/h3><p>Das Widerrufsrecht besteht nicht bzw. erlischt vorzeitig bei:<\/p><ul><li><p>Vertr\u00e4gen zur Lieferung von Waren, die nicht vorgefertigt sind und f\u00fcr deren Herstellung eine individuelle Auswahl oder Bestimmung durch den Verbraucher ma\u00dfgeblich ist oder die eindeutig auf die pers\u00f6nlichen Bed\u00fcrfnisse zugeschnitten sind.<\/p><\/li><li><p>Vertr\u00e4gen zur Lieferung von Waren, die schnell verderben k\u00f6nnen oder deren Verfallsdatum schnell \u00fcberschritten w\u00fcrde.<\/p><\/li><li><p>Vertr\u00e4gen zur Lieferung versiegelter Waren, die aus Gr\u00fcnden des Gesundheitsschutzes oder der Hygiene nicht zur R\u00fcckgabe geeignet sind, wenn ihre Versiegelung nach der Lieferung entfernt wurde.<\/p><\/li><li><p>Vertr\u00e4gen zur Lieferung von Ton- oder Videoaufnahmen oder Computersoftware in einer versiegelten Packung, wenn die Versiegelung nach der Lieferung entfernt wurde.<\/p><\/li><li><p>Vertr\u00e4gen zur Lieferung von Zeitungen, Zeitschriften oder Illustrierten.<\/p><\/li><\/ul><h3>Hinweise zu Veranstaltungen und Pauschalreisen<\/h3><p>F\u00fcr Vertr\u00e4ge zur Teilnahme an Veranstaltungen mit festem Termin oder Zeitraum besteht gem\u00e4\u00df \u00a7 312g Abs. 2 Nr. 9 BGB kein Widerrufsrecht.<\/p><p>F\u00fcr Pauschalreisen gelten die gesetzlichen Regelungen der \u00a7\u00a7 651a ff. BGB. Ein Widerrufsrecht besteht insoweit nicht; stattdessen gelten die gesetzlichen R\u00fccktrittsrechte.<\/p>\t\t\t\t\t\t\t\t<\/div>\n\t\t\t\t<\/div>\n\t\t\t\t\t<\/div>\n\t\t<\/div>\n\t\t\t\t\t<\/div>\n\t\t<\/section>\n\t\t\t\t<\/div>","protected":false},"excerpt":{"rendered":"<p>Widerrufsbelehrung Widerrufsbelehrung (f\u00fcr Waren und digitale Inhalte) Die nachfolgende Widerrufsbelehrung gilt ausschlie\u00dflich f\u00fcr den Kauf von Waren und digitalen Inhalten.F\u00fcr Veranstaltungen und Pauschalreisen gelten besondere Regelungen (siehe AGB). Widerrufsrecht Sie haben das Recht, binnen 14 Tagen ohne Angabe von Gr\u00fcnden diesen Vertrag zu widerrufen. Die Widerrufsfrist betr\u00e4gt 14 Tage ab dem Tag, an dem Sie [&hellip;]<\/p>\n","protected":false},"author":8993,"featured_media":0,"parent":0,"menu_order":0,"comment_status":"closed","ping_status":"closed","template":"elementor_header_footer","meta":{"_acf_changed":false,"footnotes":""},"class_list":["post-27389","page","type-page","status-publish","hentry"],"acf":[],"_links":{"self":[{"href":"https:\/\/adventurecountrytracks.com\/de\/wp-json\/wp\/v2\/pages\/27389","targetHints":{"allow":["GET"]}}],"collection":[{"href":"https:\/\/adventurecountrytracks.com\/de\/wp-json\/wp\/v2\/pages"}],"about":[{"href":"https:\/\/adventurecountrytracks.com\/de\/wp-json\/wp\/v2\/types\/page"}],"author":[{"embeddable":true,"href":"https:\/\/adventurecountrytracks.com\/de\/wp-json\/wp\/v2\/users\/8993"}],"replies":[{"embeddable":true,"href":"https:\/\/adventurecountrytracks.com\/de\/wp-json\/wp\/v2\/comments?post=27389"}],"version-history":[{"count":10,"href":"https:\/\/adventurecountrytracks.com\/de\/wp-json\/wp\/v2\/pages\/27389\/revisions"}],"predecessor-version":[{"id":36627,"href":"https:\/\/adventurecountrytracks.com\/de\/wp-json\/wp\/v2\/pages\/27389\/revisions\/36627"}],"wp:attachment":[{"href":"https:\/\/adventurecountrytracks.com\/de\/wp-json\/wp\/v2\/media?parent=27389"}],"curies":[{"name":"wp","href":"https:\/\/api.w.org\/{rel}","templated":true}]}}