{"id":32795,"date":"2024-10-15T12:02:23","date_gmt":"2024-10-15T12:02:23","guid":{"rendered":"https:\/\/adventurecountrytracks.com\/community\/"},"modified":"2025-08-28T09:49:04","modified_gmt":"2025-08-28T07:49:04","slug":"gemeinde","status":"publish","type":"page","link":"https:\/\/adventurecountrytracks.com\/de\/community\/","title":{"rendered":"Forum"},"content":{"rendered":"\n<style>\n.mepr-paywall-overlay {\n  position: fixed;\n  top: 0;\n  left: 0;\n  width: 100%;\n  height: 100%;\n  background-color: rgba(0, 0, 0, 0.7);\n  align-items: center;\n  justify-content: center;\n  z-index: 9999;\n  overflow-y: auto;\n}\n\n.mepr-paywall-container {\n  box-sizing: border-box;\n  width: 100%;\n  height: auto;\n  background-color: #fff;\n  border-radius: 2px;\n  padding: 20px 15em 3em;\n  box-shadow: 0 0 20px rgba(0, 0, 0, 0.2);\n  position: absolute;\n  top: 50%;\n  min-height: 50vh;\n  transition: all 0.3s ease-out;\n}\n\n.mepr-paywall-container.active {\n  transition: all 0.3s ease-out;\n  top: 20%;\n  min-height: 80vh;\n}\n\nbody:has(.mepr-paywall-overlay) {\n  overflow: hidden;\n}\n\n@media (max-width: 767px) {\n  .mepr-paywall-container {\n    padding-left: 40px;\n    padding-right: 40px;\n  }\n}\n<\/style><div class=\"mp_wrapper\">\n<div class=\"mepr-paywall-overlay\">\n  <div class=\"mepr-paywall-container\">\n          <div class=\"mepr-unauthorized-message\">\n        <p><img class=\"size-full wp-image-29171 aligncenter\" src=\"https:\/\/adventurecountrytracks.com\/wp-content\/uploads\/2023\/07\/act-logo-300x300-1.png\" alt=\"\" width=\"300\" height=\"300\" \/><\/p>\n<p style=\"text-align: center\"><strong>Welcome to Adventure Country Tracks e.V.!<\/strong><\/p>\n<p style=\"text-align: center\">upps.. sorry this section is for Members only.<\/p>\n<p style=\"text-align: center\">please note that the ACT needs your support to stay alive as an advantage for supporting the ACT e.V. you get access to this Forum.<\/p>\n<div class=\"\" style=\"text-align: center\">we hope to see you here soon.. :-)<\/div>\n<div class=\"\" style=\"text-align: center\"><a href=\"https:\/\/adventurecountrytracks.com\/#memberplan\">click here to become an ACT Member.<\/a><\/div>\n      <\/div>\n              <div class=\"mepr-login-form-wrap\">\n                    \n<div class=\"mp_wrapper mp_login_form\">\n                  <!-- mp-login-form-start -->     <form name=\"mepr_loginform\" id=\"mepr_loginform\" class=\"mepr-form\" action=\"https:\/\/adventurecountrytracks.com\/de\/authorize\/\" method=\"post\">\n            <div class=\"mp-form-row mepr_username\">\n        <div class=\"mp-form-label\">\n                              <label for=\"user_login\">Benutzername<\/label>\n        <\/div>\n        <input type=\"text\" name=\"log\" id=\"user_login\" value=\"\" \/>\n      <\/div>\n      <div class=\"mp-form-row mepr_password\">\n        <div class=\"mp-form-label\">\n          <label for=\"user_pass\">Passwort<\/label>\n          <div class=\"mp-hide-pw\">\n            <input type=\"password\" name=\"pwd\" id=\"user_pass\" value=\"\" \/>\n            <button type=\"button\" class=\"button mp-hide-pw hide-if-no-js\" data-toggle=\"0\" aria-label=\"Passwort anzeigen\">\n              <span class=\"dashicons dashicons-visibility\" aria-hidden=\"true\"><\/span>\n            <\/button>\n          <\/div>\n        <\/div>\n      <\/div>\n      \n<div class=\"mp-form-row mepr_math_captcha\">\n    <div class=\"mp-form-label\">\n        <label for=\"mepr_math_quiz\">\n            <span id=\"mepr_math_captcha-6a09cc9de566b\"><\/span>*\n        <\/label>\n    <\/div>\n\n    <input type=\"text\" name=\"mepr_math_quiz\" id=\"mepr_math_quiz\" value=\"\" class=\"mepr-form-input\" \/>\n    <input type=\"hidden\" name=\"mepr_math_data\" value=\"kKfe47ykf7VNRu2hyip5wbZr9unIJSSOk4xl2\/66XjE=\" \/>\n\n    <script>\n    function mepr_base64_decode(encodedData) {\n        var decodeUTF8string = function(str) {\n            \/\/ Going backwards: from bytestream, to percent-encoding, to original string.\n            return decodeURIComponent(str.split('').map(\n                function(c) {\n                    return '%' + ('00' + c.charCodeAt(0).toString(16)).slice(-2)\n                })\n                .join('')\n            )\n        }\n\n        if (typeof window !== 'undefined') {\n            if (typeof window.atob !== 'undefined') {\n                return decodeUTF8string(window.atob(encodedData))\n            }\n        } else {\n            return new Buffer(encodedData, 'base64').toString('utf-8')\n        }\n\n        var b64 = 'ABCDEFGHIJKLMNOPQRSTUVWXYZabcdefghijklmnopqrstuvwxyz0123456789+\/='\n        var o1\n        var o2\n        var o3\n        var h1\n        var h2\n        var h3\n        var h4\n        var bits\n        var i = 0\n        var ac = 0\n        var dec = ''\n        var tmpArr = []\n\n        if (!encodedData) {\n            return encodedData\n        }\n\n        encodedData += ''\n        do {\n            \/\/ unpack four hexets into three octets using index points in b64\n            h1 = b64.indexOf(encodedData.charAt(i++))\n            h2 = b64.indexOf(encodedData.charAt(i++))\n            h3 = b64.indexOf(encodedData.charAt(i++))\n            h4 = b64.indexOf(encodedData.charAt(i++))\n            bits = h1 << 18 | h2 << 12 | h3 << 6 | h4\n            o1 = bits >> 16 & 0xff\n            o2 = bits >> 8 & 0xff\n            o3 = bits & 0xff\n\n            if (h3 === 64) {\n                tmpArr[ac++] = String.fromCharCode(o1)\n            } else if (h4 === 64) {\n                tmpArr[ac++] = String.fromCharCode(o1, o2)\n            } else {\n                tmpArr[ac++] = String.fromCharCode(o1, o2, o3)\n            }\n        } while (i < encodedData.length)\n\n        dec = tmpArr.join('')\n        return decodeUTF8string(dec.replace(\/\\0+$\/, ''))\n    }\n\n    jQuery(document).ready(function() {\n        var el = document.getElementById(\"mepr_math_captcha-6a09cc9de566b\")\n        el.innerHTML = mepr_base64_decode(\"MTIgKyA1IGVxdWFscz8=\");\n    });\n    <\/script>\n<\/div>\n      <div>\n        <label><input name=\"rememberme\" type=\"checkbox\" id=\"rememberme\" value=\"forever\" \/> Angemeldet bleiben<\/label>\n      <\/div>\n      <div class=\"mp-spacer\">&nbsp;<\/div>\n      <div class=\"submit\">\n        <input type=\"submit\" name=\"wp-submit\" id=\"wp-submit\" class=\"button-primary mepr-share-button \" value=\"Anmelden\" \/>\n        <input type=\"hidden\" name=\"redirect_to\" value=\"\/de\/wp-json\/wp\/v2\/pages\/32795\" \/>\n        <input type=\"hidden\" name=\"mepr_process_login_form\" value=\"true\" \/>\n        <input type=\"hidden\" name=\"mepr_is_login_page\" value=\"false\" \/>\n      <\/div>\n    <\/form>\n    <div class=\"mp-spacer\">&nbsp;<\/div>\n    <div class=\"mepr-login-actions\">\n        <a\n          href=\"https:\/\/adventurecountrytracks.com\/de\/authorize\/?action=forgot_password\"\n          title=\"Click here to reset your password\"\n        >\n          Passwort vergessen        <\/a>\n    <\/div>\n\n      \n    <!-- mp-login-form-end --> \n  <\/div>\n              <\/div>\n        <\/div>\n  <\/div>\n<\/div>\n","protected":false},"excerpt":{"rendered":"<p>Willkommen bei Adventure Country Tracks e.V.! upps... sorry, dieser Bereich ist nur f\u00fcr Mitglieder. Bitte beachte, dass der ACT deine Unterst\u00fctzung braucht, um am Leben zu bleiben. Als Vorteil f\u00fcr die Unterst\u00fctzung des ACT e.V. erh\u00e4ltst du Zugang zu diesem Forum. Wir hoffen, dich bald hier zu sehen... \ud83d\ude42 Klicke hier, um ACT-Mitglied zu werden.<\/p>","protected":false},"author":0,"featured_media":0,"parent":0,"menu_order":0,"comment_status":"close","ping_status":"close","template":"","meta":{"_acf_changed":false,"footnotes":""},"class_list":["post-32795","page","type-page","status-publish","hentry"],"acf":[],"_links":{"self":[{"href":"https:\/\/adventurecountrytracks.com\/de\/wp-json\/wp\/v2\/pages\/32795","targetHints":{"allow":["GET"]}}],"collection":[{"href":"https:\/\/adventurecountrytracks.com\/de\/wp-json\/wp\/v2\/pages"}],"about":[{"href":"https:\/\/adventurecountrytracks.com\/de\/wp-json\/wp\/v2\/types\/page"}],"replies":[{"embeddable":true,"href":"https:\/\/adventurecountrytracks.com\/de\/wp-json\/wp\/v2\/comments?post=32795"}],"version-history":[{"count":10,"href":"https:\/\/adventurecountrytracks.com\/de\/wp-json\/wp\/v2\/pages\/32795\/revisions"}],"predecessor-version":[{"id":35005,"href":"https:\/\/adventurecountrytracks.com\/de\/wp-json\/wp\/v2\/pages\/32795\/revisions\/35005"}],"wp:attachment":[{"href":"https:\/\/adventurecountrytracks.com\/de\/wp-json\/wp\/v2\/media?parent=32795"}],"curies":[{"name":"wp","href":"https:\/\/api.w.org\/{rel}","templated":true}]}}