{"id":32945,"date":"2024-10-28T16:20:33","date_gmt":"2024-10-28T15:20:33","guid":{"rendered":"https:\/\/adventurecountrytracks.com\/?page_id=32945"},"modified":"2024-10-29T19:25:47","modified_gmt":"2024-10-29T18:25:47","slug":"forenregeln","status":"publish","type":"page","link":"https:\/\/adventurecountrytracks.com\/de\/forum-rules\/","title":{"rendered":"Forum Regeln"},"content":{"rendered":"<div data-elementor-type=\"wp-page\" data-elementor-id=\"32945\" class=\"elementor elementor-32945\" data-elementor-post-type=\"page\">\n\t\t\t\t\t\t<section class=\"elementor-section elementor-top-section elementor-element elementor-element-6ddd0ea2 elementor-section-content-middle elementor-reverse-mobile elementor-section-height-min-height elementor-section-full_width elementor-section-height-default elementor-section-items-middle\" data-id=\"6ddd0ea2\" data-element_type=\"section\" data-e-type=\"section\" data-settings=\"{&quot;background_background&quot;:&quot;classic&quot;,&quot;shape_divider_top&quot;:&quot;triangle&quot;}\">\n\t\t\t\t\t<div class=\"elementor-shape elementor-shape-top\" aria-hidden=\"true\" data-negative=\"false\">\n\t\t\t<svg xmlns=\"http:\/\/www.w3.org\/2000\/svg\" viewbox=\"0 0 1000 100\" preserveaspectratio=\"none\">\n\t<path class=\"elementor-shape-fill\" d=\"M500,98.9L0,6.1V0h1000v6.1L500,98.9z\"\/>\n<\/svg>\t\t<\/div>\n\t\t\t\t\t<div class=\"elementor-container elementor-column-gap-default\">\n\t\t\t\t\t<div class=\"elementor-column elementor-col-100 elementor-top-column elementor-element elementor-element-2a3628ba\" data-id=\"2a3628ba\" data-element_type=\"column\" data-e-type=\"column\">\n\t\t\t<div class=\"elementor-widget-wrap elementor-element-populated\">\n\t\t\t\t\t\t<div class=\"elementor-element elementor-element-2c660a9 elementor-widget elementor-widget-heading\" data-id=\"2c660a9\" data-element_type=\"widget\" data-e-type=\"widget\" data-widget_type=\"heading.default\">\n\t\t\t\t<div class=\"elementor-widget-container\">\n\t\t\t\t\t<h2 class=\"elementor-heading-title elementor-size-default\">FORENREGELN EINHALTEN<\/h2>\t\t\t\t<\/div>\n\t\t\t\t<\/div>\n\t\t\t\t<section class=\"elementor-section elementor-inner-section elementor-element elementor-element-64c5ade1 elementor-section-content-top elementor-section-boxed elementor-section-height-default elementor-section-height-default\" data-id=\"64c5ade1\" data-element_type=\"section\" data-e-type=\"section\">\n\t\t\t\t\t\t<div class=\"elementor-container elementor-column-gap-wider\">\n\t\t\t\t\t<div class=\"elementor-column elementor-col-50 elementor-inner-column elementor-element elementor-element-52e94eb5\" data-id=\"52e94eb5\" data-element_type=\"column\" data-e-type=\"column\">\n\t\t\t<div class=\"elementor-widget-wrap elementor-element-populated\">\n\t\t\t\t\t\t<div class=\"elementor-element elementor-element-2e7b20f2 elementor-widget elementor-widget-heading\" data-id=\"2e7b20f2\" data-element_type=\"widget\" data-e-type=\"widget\" data-widget_type=\"heading.default\">\n\t\t\t\t<div class=\"elementor-widget-container\">\n\t\t\t\t\t<h2 class=\"elementor-heading-title elementor-size-default\">SCHREIBEN.<br>RESPEKT.<br>GENIESSEN.<\/h2>\t\t\t\t<\/div>\n\t\t\t\t<\/div>\n\t\t\t\t<div class=\"elementor-element elementor-element-f1955fd elementor-icon-list--layout-traditional elementor-list-item-link-full_width elementor-widget elementor-widget-icon-list\" data-id=\"f1955fd\" data-element_type=\"widget\" data-e-type=\"widget\" data-widget_type=\"icon-list.default\">\n\t\t\t\t<div class=\"elementor-widget-container\">\n\t\t\t\t\t\t\t<ul class=\"elementor-icon-list-items\">\n\t\t\t\t\t\t\t<li class=\"elementor-icon-list-item\">\n\t\t\t\t\t\t\t\t\t\t<span class=\"elementor-icon-list-text\">Offizielle Kommunikationssprache <br>Der Adventure Country Tracks e.V. und seine Gemeinschaft sind international, \u00fcber Grenzen und Kontinente hinweg. Und wie in jeder Gemeinschaft dieser Art ist es wichtig, dass die Mitglieder in einer gemeinsamen Sprache kommunizieren. Eine Sprache, die die gemeinsamen Themen und Inhalte f\u00fcr die vielen verschiedenen Nationalit\u00e4ten der Mitglieder leicht verst\u00e4ndlich und durchsuchbar macht. Deshalb ist die offizielle Kommunikationssprache f\u00fcr das ACT Forum Englisch. Mit den vorhandenen \u00dcbersetzungskapazit\u00e4ten und -tools kann jedes Mitglied, das vielleicht nicht flie\u00dfend Englisch spricht, einen bestimmten Inhalt schnell in seine Muttersprache \u00fcbersetzen. Dadurch, dass alle Inhalte des ACT-Forums in derselben Sprache verfasst sind, wird eine solide und einheitliche Informationsbasis geschaffen, die alle nutzen k\u00f6nnen.<\/span>\n\t\t\t\t\t\t\t\t\t<\/li>\n\t\t\t\t\t\t\t\t<li class=\"elementor-icon-list-item\">\n\t\t\t\t\t\t\t\t\t\t<span class=\"elementor-icon-list-text\"><\/span>\n\t\t\t\t\t\t\t\t\t<\/li>\n\t\t\t\t\t\t\t\t<li class=\"elementor-icon-list-item\">\n\t\t\t\t\t\t\t\t\t\t<span class=\"elementor-icon-list-text\"><\/span>\n\t\t\t\t\t\t\t\t\t<\/li>\n\t\t\t\t\t\t\t\t<li class=\"elementor-icon-list-item\">\n\t\t\t\t\t\t\t\t\t\t\t<span class=\"elementor-icon-list-icon\">\n\t\t\t\t\t\t\t<i aria-hidden=\"true\" class=\"fas fa-caret-down\"><\/i>\t\t\t\t\t\t<\/span>\n\t\t\t\t\t\t\t\t\t\t<span class=\"elementor-icon-list-text\">Wir erwarten von den Mitgliedern des ACT-Forums:<\/span>\n\t\t\t\t\t\t\t\t\t<\/li>\n\t\t\t\t\t\t\t\t<li class=\"elementor-icon-list-item\">\n\t\t\t\t\t\t\t\t\t\t<span class=\"elementor-icon-list-text\"><\/span>\n\t\t\t\t\t\t\t\t\t<\/li>\n\t\t\t\t\t\t\t\t<li class=\"elementor-icon-list-item\">\n\t\t\t\t\t\t\t\t\t\t<span class=\"elementor-icon-list-text\"><\/span>\n\t\t\t\t\t\t\t\t\t<\/li>\n\t\t\t\t\t\t\t\t<li class=\"elementor-icon-list-item\">\n\t\t\t\t\t\t\t\t\t\t\t<span class=\"elementor-icon-list-icon\">\n\t\t\t\t\t\t\t<i aria-hidden=\"true\" class=\"fas fa-check\"><\/i>\t\t\t\t\t\t<\/span>\n\t\t\t\t\t\t\t\t\t\t<span class=\"elementor-icon-list-text\">Um dieses Forum im Geiste von ACT zu nutzen <\/span>\n\t\t\t\t\t\t\t\t\t<\/li>\n\t\t\t\t\t\t\t\t<li class=\"elementor-icon-list-item\">\n\t\t\t\t\t\t\t\t\t\t\t<span class=\"elementor-icon-list-icon\">\n\t\t\t\t\t\t\t<i aria-hidden=\"true\" class=\"fas fa-check\"><\/i>\t\t\t\t\t\t<\/span>\n\t\t\t\t\t\t\t\t\t\t<span class=\"elementor-icon-list-text\">Bleib freundlich<\/span>\n\t\t\t\t\t\t\t\t\t<\/li>\n\t\t\t\t\t\t\t\t<li class=\"elementor-icon-list-item\">\n\t\t\t\t\t\t\t\t\t\t\t<span class=\"elementor-icon-list-icon\">\n\t\t\t\t\t\t\t<i aria-hidden=\"true\" class=\"fas fa-check\"><\/i>\t\t\t\t\t\t<\/span>\n\t\t\t\t\t\t\t\t\t\t<span class=\"elementor-icon-list-text\">Sei h\u00f6flich und respektvoll. Sch\u00e4tze es, dass andere eine andere Meinung als du haben k\u00f6nnen<\/span>\n\t\t\t\t\t\t\t\t\t<\/li>\n\t\t\t\t\t\t\t\t<li class=\"elementor-icon-list-item\">\n\t\t\t\t\t\t\t\t\t\t\t<span class=\"elementor-icon-list-icon\">\n\t\t\t\t\t\t\t<i aria-hidden=\"true\" class=\"fas fa-check\"><\/i>\t\t\t\t\t\t<\/span>\n\t\t\t\t\t\t\t\t\t\t<span class=\"elementor-icon-list-text\">Bleib beim Thema<\/span>\n\t\t\t\t\t\t\t\t\t<\/li>\n\t\t\t\t\t\t\t\t<li class=\"elementor-icon-list-item\">\n\t\t\t\t\t\t\t\t\t\t\t<span class=\"elementor-icon-list-icon\">\n\t\t\t\t\t\t\t<i aria-hidden=\"true\" class=\"fas fa-check\"><\/i>\t\t\t\t\t\t<\/span>\n\t\t\t\t\t\t\t\t\t\t<span class=\"elementor-icon-list-text\">Dies ist ein ACT-Forum<\/span>\n\t\t\t\t\t\t\t\t\t<\/li>\n\t\t\t\t\t\t\t\t<li class=\"elementor-icon-list-item\">\n\t\t\t\t\t\t\t\t\t\t\t<span class=\"elementor-icon-list-icon\">\n\t\t\t\t\t\t\t<i aria-hidden=\"true\" class=\"fas fa-check\"><\/i>\t\t\t\t\t\t<\/span>\n\t\t\t\t\t\t\t\t\t\t<span class=\"elementor-icon-list-text\">Erst suchen, dann fragen <\/span>\n\t\t\t\t\t\t\t\t\t<\/li>\n\t\t\t\t\t\t\t\t<li class=\"elementor-icon-list-item\">\n\t\t\t\t\t\t\t\t\t\t\t<span class=\"elementor-icon-list-icon\">\n\t\t\t\t\t\t\t<i aria-hidden=\"true\" class=\"fas fa-check\"><\/i>\t\t\t\t\t\t<\/span>\n\t\t\t\t\t\t\t\t\t\t<span class=\"elementor-icon-list-text\">Teile dein Wissen<\/span>\n\t\t\t\t\t\t\t\t\t<\/li>\n\t\t\t\t\t\t\t\t<li class=\"elementor-icon-list-item\">\n\t\t\t\t\t\t\t\t\t\t\t<span class=\"elementor-icon-list-icon\">\n\t\t\t\t\t\t\t<i aria-hidden=\"true\" class=\"fas fa-check\"><\/i>\t\t\t\t\t\t<\/span>\n\t\t\t\t\t\t\t\t\t\t<span class=\"elementor-icon-list-text\">Erniedrigendes, diskriminierendes oder bel\u00e4stigendes Verhalten und Reden zu unterlassen<\/span>\n\t\t\t\t\t\t\t\t\t<\/li>\n\t\t\t\t\t\t<\/ul>\n\t\t\t\t\t\t<\/div>\n\t\t\t\t<\/div>\n\t\t\t\t\t<\/div>\n\t\t<\/div>\n\t\t\t\t<div class=\"elementor-column elementor-col-50 elementor-inner-column elementor-element elementor-element-7814a3f5\" data-id=\"7814a3f5\" data-element_type=\"column\" data-e-type=\"column\" data-settings=\"{&quot;background_background&quot;:&quot;classic&quot;}\">\n\t\t\t<div class=\"elementor-widget-wrap elementor-element-populated\">\n\t\t\t\t\t\t<div class=\"elementor-element elementor-element-2a89422a elementor-widget elementor-widget-heading\" data-id=\"2a89422a\" data-element_type=\"widget\" data-e-type=\"widget\" data-widget_type=\"heading.default\">\n\t\t\t\t<div class=\"elementor-widget-container\">\n\t\t\t\t\t<h2 class=\"elementor-heading-title elementor-size-default\">Regeln <\/h2>\t\t\t\t<\/div>\n\t\t\t\t<\/div>\n\t\t\t\t<div class=\"elementor-element elementor-element-76830215 elementor-widget elementor-widget-text-editor\" data-id=\"76830215\" data-element_type=\"widget\" data-e-type=\"widget\" data-widget_type=\"text-editor.default\">\n\t\t\t\t<div class=\"elementor-widget-container\">\n\t\t\t\t\t\t\t\t\t<ol><li style=\"font-weight: 400;\"><strong> Bleibe jederzeit respektvoll gegen\u00fcber anderen Mitgliedern<\/strong><\/li><\/ol><p style=\"font-weight: 400;\">Alle Beitr\u00e4ge sollten freundlich und\/oder h\u00f6flich sein. Du hast jedes Recht, deinen Mitstreitern zu widersprechen und deinen Standpunkt zu erl\u00e4utern. Es steht dir jedoch nicht frei, sie oder die Qualit\u00e4t dieser Gemeinschaft anzugreifen, herabzusetzen, zu beleidigen oder anderweitig herabzusetzen. Unabh\u00e4ngig von deiner Rolle in dieser Gemeinschaft, unabh\u00e4ngig von deinem Status oder deiner beruflichen T\u00e4tigkeit in deinem Privatleben wird von dir erwartet, dass du diese Regel beachtest.<\/p><ol start=\"2\"><li style=\"font-weight: 400;\"><strong> Poste keine sensiblen oder \"anst\u00f6\u00dfigen\" Beitr\u00e4ge, Links oder Bilder<\/strong><\/li><\/ol><p style=\"font-weight: 400;\">Jegliches Material, das Verleumdung, Bel\u00e4stigung oder Missbrauch darstellt, ist streng verboten. Material mit religi\u00f6sem Inhalt. Material, das sexuell oder anderweitig obsz\u00f6n, rassistisch oder anderweitig \u00fcberm\u00e4\u00dfig diskriminierend ist, ist in diesem Forum nicht erlaubt. Das gilt auch f\u00fcr Benutzerbilder. Verwende beim Posten deinen gesunden Menschenverstand.<\/p><ol start=\"3\"><li style=\"font-weight: 400;\"><strong> Poste kein urheberrechtswidriges Material oder Inhalte mit Bezug zu illegalen Themen<\/strong><\/li><\/ol><p style=\"font-weight: 400;\">Es ist verboten, Informationen \u00fcber die illegale Beschaffung von urheberrechtlich gesch\u00fctztem Material bereitzustellen oder danach zu fragen. Das Teilen von oder der Verweis auf Inhalte, die mit illegalen Themen oder Handlungen in Verbindung stehen, ist verboten. Es ist auch verboten, Informationen \u00fcber illegale Routen\/Tracks weiterzugeben.<\/p><ol start=\"4\"><li style=\"font-weight: 400;\"><strong> Keine Querverweise auf Fragen<\/strong><\/li><\/ol><p style=\"font-weight: 400;\">Bitte unterlasse es, die gleiche Frage in mehreren Themen oder Threads zu stellen. Normalerweise gibt es eine Kategorie im Forum, in der du deine Frage am besten stellen kannst. Bevor du ein Thema erstellst und um Informationen bittest, suche bitte zuerst im Forum nach den Antworten auf deine Fragen.<\/p><ol start=\"5\"><li style=\"font-weight: 400;\"><strong> Bitten Sie Benutzer nicht per PM um Hilfe<\/strong><\/li><\/ol><p style=\"font-weight: 400;\">Schicke keine privaten Nachrichten an Nutzer, die dich um Hilfe bitten. Wenn du Hilfe brauchst, erstelle einen neuen Beitrag im entsprechenden Forum, damit die ganze Gemeinschaft davon profitieren kann. Das Ziel des Forums ist es, reichhaltige Inhalte zu erstellen, die die Mitglieder unterst\u00fctzen und als Informationsquelle genutzt werden k\u00f6nnen.<\/p><ol start=\"6\"><li style=\"font-weight: 400;\"><strong> Kein Spam \/ Werbung \/ Eigenwerbung im Forum \/ Betrug<\/strong><\/li><\/ol><p style=\"font-weight: 400;\">Dieses Forum definiert Spam als unaufgeforderte Werbung f\u00fcr Waren, Dienstleistungen und\/oder andere Websites oder als Beitr\u00e4ge mit wenig oder v\u00f6llig zusammenhanglosem Inhalt. Du darfst das Forum nicht mit Links zu deiner Website oder deinem Produkt spammen oder versuchen, deine Website, dein Unternehmen oder dein Forum selbst zu bewerben usw. Zum Spammen geh\u00f6rt auch das Versenden von privaten Nachrichten an eine gro\u00dfe Anzahl verschiedener Nutzer\/innen. BITTE NICHT um E-Mail-Adressen oder Telefonnummern. Ver\u00f6ffentliche keine Informationen, die als Betrug oder b\u00f6sartige Aktivit\u00e4t eingestuft werden k\u00f6nnen.<\/p><ol start=\"7\"><li style=\"font-weight: 400;\"><strong> Keine Weitergabe von pers\u00f6nlichen Informationen oder Inhalten au\u00dferhalb des ACT-Bereichs<\/strong><\/li><\/ol><p style=\"font-weight: 400;\">Gib keine pers\u00f6nlichen Informationen weiter. Dies gilt auch f\u00fcr pers\u00f6nliche Informationen Dritter. Gib keine Informationen weiter, die nicht in den Aufgabenbereich von Adventure Country Tracks e.V. fallen.<\/p>\t\t\t\t\t\t\t\t<\/div>\n\t\t\t\t<\/div>\n\t\t\t\t\t<\/div>\n\t\t<\/div>\n\t\t\t\t\t<\/div>\n\t\t<\/section>\n\t\t\t\t\t<\/div>\n\t\t<\/div>\n\t\t\t\t\t<\/div>\n\t\t<\/section>\n\t\t\t\t<\/div>","protected":false},"excerpt":{"rendered":"<p>ACT FORUM RULES WRITE.RESPECT.ENJOY. Official Communication Language The Adventure Country Tracks e.V. and its community are international, crossing boarders and continents. And just like in any community of this nature, it is important that the members communicate using a common language. A language that makes the shared topics and content easily understandable and searchable for [&hellip;]<\/p>\n","protected":false},"author":10043,"featured_media":0,"parent":0,"menu_order":0,"comment_status":"closed","ping_status":"closed","template":"","meta":{"_acf_changed":false,"footnotes":""},"class_list":["post-32945","page","type-page","status-publish","hentry"],"acf":[],"_links":{"self":[{"href":"https:\/\/adventurecountrytracks.com\/de\/wp-json\/wp\/v2\/pages\/32945","targetHints":{"allow":["GET"]}}],"collection":[{"href":"https:\/\/adventurecountrytracks.com\/de\/wp-json\/wp\/v2\/pages"}],"about":[{"href":"https:\/\/adventurecountrytracks.com\/de\/wp-json\/wp\/v2\/types\/page"}],"author":[{"embeddable":true,"href":"https:\/\/adventurecountrytracks.com\/de\/wp-json\/wp\/v2\/users\/10043"}],"replies":[{"embeddable":true,"href":"https:\/\/adventurecountrytracks.com\/de\/wp-json\/wp\/v2\/comments?post=32945"}],"version-history":[{"count":10,"href":"https:\/\/adventurecountrytracks.com\/de\/wp-json\/wp\/v2\/pages\/32945\/revisions"}],"predecessor-version":[{"id":33061,"href":"https:\/\/adventurecountrytracks.com\/de\/wp-json\/wp\/v2\/pages\/32945\/revisions\/33061"}],"wp:attachment":[{"href":"https:\/\/adventurecountrytracks.com\/de\/wp-json\/wp\/v2\/media?parent=32945"}],"curies":[{"name":"wp","href":"https:\/\/api.w.org\/{rel}","templated":true}]}}