{"id":36157,"date":"2026-02-05T13:04:54","date_gmt":"2026-02-05T12:04:54","guid":{"rendered":"https:\/\/adventurecountrytracks.com\/?page_id=36157"},"modified":"2026-02-20T11:02:00","modified_gmt":"2026-02-20T10:02:00","slug":"haftungsverzichtsgesetz-fahrt-zug","status":"publish","type":"page","link":"https:\/\/adventurecountrytracks.com\/de\/waiver-of-liability-act-ride-train\/","title":{"rendered":"Haftungsverzicht ACT Ride &amp; Train"},"content":{"rendered":"<div data-elementor-type=\"wp-page\" data-elementor-id=\"36157\" class=\"elementor elementor-36157\" data-elementor-post-type=\"page\">\n\t\t\t\t\t\t<section class=\"elementor-section elementor-top-section elementor-element elementor-element-7e9c42c elementor-section-height-min-height elementor-section-boxed elementor-section-height-default elementor-section-items-middle\" data-id=\"7e9c42c\" data-element_type=\"section\" data-e-type=\"section\" data-settings=\"{&quot;background_background&quot;:&quot;classic&quot;}\">\n\t\t\t\t\t\t<div class=\"elementor-container elementor-column-gap-default\">\n\t\t\t\t\t<div class=\"elementor-column elementor-col-100 elementor-top-column elementor-element elementor-element-1646bc69\" data-id=\"1646bc69\" data-element_type=\"column\" data-e-type=\"column\">\n\t\t\t<div class=\"elementor-widget-wrap\">\n\t\t\t\t\t\t\t<\/div>\n\t\t<\/div>\n\t\t\t\t\t<\/div>\n\t\t<\/section>\n\t\t\t\t<section class=\"elementor-section elementor-top-section elementor-element elementor-element-2b3a3ded elementor-section-boxed elementor-section-height-default elementor-section-height-default\" data-id=\"2b3a3ded\" data-element_type=\"section\" data-e-type=\"section\">\n\t\t\t\t\t\t<div class=\"elementor-container elementor-column-gap-default\">\n\t\t\t\t\t<div class=\"elementor-column elementor-col-100 elementor-top-column elementor-element elementor-element-2e71fee4\" data-id=\"2e71fee4\" data-element_type=\"column\" data-e-type=\"column\">\n\t\t\t<div class=\"elementor-widget-wrap elementor-element-populated\">\n\t\t\t\t\t\t<div class=\"elementor-element elementor-element-79cde7dd elementor-widget elementor-widget-heading\" data-id=\"79cde7dd\" data-element_type=\"widget\" data-e-type=\"widget\" data-widget_type=\"heading.default\">\n\t\t\t\t<div class=\"elementor-widget-container\">\n\t\t\t\t\t<h2 class=\"elementor-heading-title elementor-size-default\">AUSDR\u00dcCKLICHER HAFTUNGSVERZICHT &amp; RISIKO\u00dcBERNAHME\nACT RIDE &amp; TRAIN<\/h2>\t\t\t\t<\/div>\n\t\t\t\t<\/div>\n\t\t\t\t<div class=\"elementor-element elementor-element-501d61d9 elementor-widget elementor-widget-text-editor\" data-id=\"501d61d9\" data-element_type=\"widget\" data-e-type=\"widget\" data-widget_type=\"text-editor.default\">\n\t\t\t\t<div class=\"elementor-widget-container\">\n\t\t\t\t\t\t\t\t\t<p>\u00a0<\/p><p><span style=\"font-family: var( --e-global-typography-text-font-family ), Sans-serif; font-size: 1rem;\">f\u00fcr Teilnehmer an Veranstaltungen des<\/span><\/p><p>Adventure Country Tracks e.V., K\u00f6lner Stra\u00dfe 95, 51515 K\u00fcrten, Deutschland<\/p><p>Dieser Haftungsausschluss erg\u00e4nzt die Teilnahmebedingungen von ACT Ride &amp; Train und ist eine Voraussetzung f\u00fcr die Teilnahme.<\/p><p>1. Gegenstand der Erkl\u00e4rung<\/p><p>Dieser Haftungsausschluss gilt f\u00fcr die Teilnahme an einem \u2018ACT Ride &amp; Train\u2019-Event, einem gef\u00fchrten Adventure-Motorrad-Event mit integrierten Trainings- und Coaching-Elementen. Die Teilnahme erfolgt mit eigenem Motorrad.<span class=\"Apple-converted-space\">\u00a0<\/span><\/p><p>2. Freiwillige Teilnahme und Kenntnis der Anforderungen<\/p><p>Die Teilnahme an ACT Ride &amp; Train ist freiwillig. Mit der Buchung, sp\u00e4testens aber mit dem tats\u00e4chlichen Beginn der Veranstaltung, best\u00e4tigt der\/die Teilnehmer\/in, dass er\/sie Ziel, Ablauf, Inhalt und Anforderungen der Veranstaltung verstanden hat.<span class=\"Apple-converted-space\">\u00a0<\/span><\/p><p>3. Risiko\u00fcbernahme<\/p><p>Dem Teilnehmer ist bewusst, dass das Motorradfahren - insbesondere im Offroad-Bereich - erhebliche Risiken birgt, insbesondere durch St\u00fcrze, wechselnde Untergr\u00fcnde, technische Defekte, Wetterbedingungen und abgelegene Regionen.<\/p><p>Die Teilnahme erfolgt auf eigene Gefahr und Verantwortung.<\/p><p>4. Haftung und Haftungsbeschr\u00e4nkung<\/p><p>Jeder Teilnehmer tr\u00e4gt die alleinige zivilrechtliche Haftung f\u00fcr die von ihm verursachten Sch\u00e4den.<\/p><p>Die Haftung von ACT e.V., seinen Vorstandsmitgliedern, Instruktoren, Guides und Erf\u00fcllungsgehilfen richtet sich nach den gesetzlichen Bestimmungen, insbesondere den \u00a7\u00a7 651a ff. BGB (Pauschalreiserecht).<\/p><p>ACT e.V. haftet f\u00fcr Sch\u00e4den aus der Verletzung des Lebens, des K\u00f6rpers oder der Gesundheit uneingeschr\u00e4nkt nach den gesetzlichen Bestimmungen.<\/p><p>F\u00fcr sonstige Sch\u00e4den haftet ACT e.V. nur, wenn sie auf einer vors\u00e4tzlichen oder grob fahrl\u00e4ssigen Pflichtverletzung beruhen. Wenn ein Schaden weder vors\u00e4tzlich noch grob fahrl\u00e4ssig verursacht wurde und es sich nicht um eine Verletzung des Lebens, des K\u00f6rpers oder der Gesundheit handelt, ist die Haftung auf den dreifachen Reisepreis beschr\u00e4nkt.<\/p><p>F\u00fcr Sch\u00e4den am verwendeten Motorrad, an der Ausr\u00fcstung oder am pers\u00f6nlichen Eigentum haftet der ACT e.V. nur, wenn sie auf einer schuldhaften Pflichtverletzung des ACT e.V. beruhen.<\/p><p>Typische Risiken des Motorradfahrens im Gel\u00e4nde, insbesondere St\u00fcrze ohne\nOrganisationsverschulden, begr\u00fcnden keine Haftung von ACT e.V.<\/p><p>Zwingende gesetzliche Haftungsbestimmungen bleiben davon unber\u00fchrt.<\/p><p>5. Verkehrsregeln und Verhalten<\/p><p>Der Teilnehmer verpflichtet sich, alle geltenden nationalen und lokalen Gesetze sowie Verkehrs- und Fahrverbote einzuhalten. ACT Ride &amp; Train ist keine Renn- oder Wettbewerbsveranstaltung.<span class=\"Apple-converted-space\">\u00a0<\/span><\/p><p>6. Pers\u00f6nliche Anforderungen<\/p><p>Der\/die Teilnehmer\/in erkl\u00e4rt, dass er\/sie k\u00f6rperlich, geistig und gesundheitlich in der Lage ist, das Motorrad sicher zu fahren, dass er\/sie im Besitz eines g\u00fcltigen F\u00fchrerscheins ist und dass er\/sie nicht unter dem Einfluss von Alkohol, Drogen oder Medikamenten steht, die seine\/ihre Fahrt\u00fcchtigkeit beeintr\u00e4chtigen k\u00f6nnten.<\/p><p>7. Technischer Zustand des Motorrads<\/p><p>Der Teilnehmer ist daf\u00fcr verantwortlich, dass sich das Motorrad in einem einwandfreien technischen Zustand befindet und verkehrssicher ist, und verpflichtet sich, etwaige M\u00e4ngel unverz\u00fcglich einem Vertreter von ACT e.V. zu melden.<\/p><p>8. Medizinische Versorgung<\/p><p>Die Teilnehmer\/innen sind sich bewusst, dass Teile der Veranstaltung in abgelegenen Regionen mit begrenzter Infrastruktur stattfinden k\u00f6nnen. Medizinische Versorgung, Rettung oder R\u00fcckf\u00fchrung k\u00f6nnen nicht zu jeder Zeit garantiert werden.<span class=\"Apple-converted-space\">\u00a0<\/span><\/p><p>9. Versicherung<\/p><p>Es gibt keine separate Veranstaltungsversicherung. Jede\/r Teilnehmer\/in ist selbst daf\u00fcr verantwortlich, dass er\/sie \u00fcber einen ausreichenden Kranken-, Unfall- und Reiseversicherungsschutz verf\u00fcgt.<\/p><p>10. Ausschluss<\/p><p>ACT e.V. beh\u00e4lt sich das Recht vor, Teilnehmer\/innen im Falle von sicherheitsrelevantem oder grob fahrl\u00e4ssigem Verhalten von der Veranstaltung auszuschlie\u00dfen. In diesem Fall besteht kein Anspruch auf eine R\u00fcckerstattung.<span class=\"Apple-converted-space\">\u00a0<\/span><\/p><p>11. Salvatorische Klausel<\/p><p>Sollten einzelne Bestimmungen dieses Haftungsausschlusses ganz oder teilweise unwirksam sein oder werden, so bleibt die G\u00fcltigkeit der \u00fcbrigen Bestimmungen davon unber\u00fchrt.<\/p><p>12. Schlussbest\u00e4tigung<\/p><p>Ich erkl\u00e4re, dass ich diesen Haftungsausschluss gelesen, verstanden und akzeptiert habe.<\/p><p>Sprachklausel<\/p><p>Diese Verzichtserkl\u00e4rung wird zu Informationszwecken auf Englisch bereitgestellt. Im Falle von Unstimmigkeiten oder unterschiedlichen Auslegungen ist die deutsche Version ma\u00dfgebend.<\/p>\t\t\t\t\t\t\t\t<\/div>\n\t\t\t\t<\/div>\n\t\t\t\t\t<\/div>\n\t\t<\/div>\n\t\t\t\t\t<\/div>\n\t\t<\/section>\n\t\t\t\t<\/div>","protected":false},"excerpt":{"rendered":"<p>EXPRESS WAIVER OF LIABILITY &amp; ASSUMPTION OF RISK ACT RIDE &amp; TRAIN \u00a0 for participants in events organized by Adventure Country Tracks e.V., K\u00f6lner Stra\u00dfe 95, 51515 K\u00fcrten, Germany This disclaimer supplements the terms and conditions of participation of ACT Ride &amp; Train and is a prerequisite for participation. 1. Subject matter of the declaration [&hellip;]<\/p>\n","protected":false},"author":15208,"featured_media":0,"parent":0,"menu_order":0,"comment_status":"closed","ping_status":"closed","template":"","meta":{"_acf_changed":false,"footnotes":""},"class_list":["post-36157","page","type-page","status-publish","hentry"],"acf":[],"_links":{"self":[{"href":"https:\/\/adventurecountrytracks.com\/de\/wp-json\/wp\/v2\/pages\/36157","targetHints":{"allow":["GET"]}}],"collection":[{"href":"https:\/\/adventurecountrytracks.com\/de\/wp-json\/wp\/v2\/pages"}],"about":[{"href":"https:\/\/adventurecountrytracks.com\/de\/wp-json\/wp\/v2\/types\/page"}],"author":[{"embeddable":true,"href":"https:\/\/adventurecountrytracks.com\/de\/wp-json\/wp\/v2\/users\/15208"}],"replies":[{"embeddable":true,"href":"https:\/\/adventurecountrytracks.com\/de\/wp-json\/wp\/v2\/comments?post=36157"}],"version-history":[{"count":10,"href":"https:\/\/adventurecountrytracks.com\/de\/wp-json\/wp\/v2\/pages\/36157\/revisions"}],"predecessor-version":[{"id":36304,"href":"https:\/\/adventurecountrytracks.com\/de\/wp-json\/wp\/v2\/pages\/36157\/revisions\/36304"}],"wp:attachment":[{"href":"https:\/\/adventurecountrytracks.com\/de\/wp-json\/wp\/v2\/media?parent=36157"}],"curies":[{"name":"wp","href":"https:\/\/api.w.org\/{rel}","templated":true}]}}