{"id":26951,"date":"2022-11-07T18:19:56","date_gmt":"2022-11-07T17:19:56","guid":{"rendered":"https:\/\/adventurecountrytracks.com\/?post_type=product&#038;p=26951"},"modified":"2024-04-17T15:22:43","modified_gmt":"2024-04-17T13:22:43","slug":"tee-shirt-test-copy-3","status":"publish","type":"product","link":"https:\/\/adventurecountrytracks.com\/de\/product\/tee-shirt-test-copy-3\/","title":{"rendered":"Tee Shirt \"das Original\""},"content":{"rendered":"<p><span style=\"font-weight: 400;\">Unterst\u00fctze den ACT e.V. und trage die Botschaft in die Welt hinaus, auf dem Zeltplatz, mit dem Team beim Hike. bei einem Bier an der Bar. Hol dir jetzt dein \"Original\"!<\/span><\/p>\n<p><img fetchpriority=\"high\" decoding=\"async\" class=\"alignnone size-medium wp-image-28631\" src=\"https:\/\/adventurecountrytracks.com\/wp-content\/uploads\/2022\/11\/Bildschirmfoto-2023-03-21-um-21.23.21-800x255.png\" alt=\"\" width=\"800\" height=\"255\" srcset=\"https:\/\/adventurecountrytracks.com\/wp-content\/uploads\/2022\/11\/Bildschirmfoto-2023-03-21-um-21.23.21-800x255.png 800w, https:\/\/adventurecountrytracks.com\/wp-content\/uploads\/2022\/11\/Bildschirmfoto-2023-03-21-um-21.23.21-600x191-600x191-600x191.png 600w, https:\/\/adventurecountrytracks.com\/wp-content\/uploads\/2022\/11\/Bildschirmfoto-2023-03-21-um-21.23.21-1024x326.png 1024w, https:\/\/adventurecountrytracks.com\/wp-content\/uploads\/2022\/11\/Bildschirmfoto-2023-03-21-um-21.23.21-768x244.png 768w, https:\/\/adventurecountrytracks.com\/wp-content\/uploads\/2022\/11\/Bildschirmfoto-2023-03-21-um-21.23.21-1536x489.png 1536w, https:\/\/adventurecountrytracks.com\/wp-content\/uploads\/2022\/11\/Bildschirmfoto-2023-03-21-um-21.23.21-18x6.png 18w, https:\/\/adventurecountrytracks.com\/wp-content\/uploads\/2022\/11\/Bildschirmfoto-2023-03-21-um-21.23.21-264x84.png 264w, https:\/\/adventurecountrytracks.com\/wp-content\/uploads\/2022\/11\/Bildschirmfoto-2023-03-21-um-21.23.21.png 1892w\" sizes=\"(max-width: 800px) 100vw, 800px\" \/><\/p>\n<p>Unisex<br \/>\n100% Bio-Baumwolle<br \/>\n180 g\/m\u00b2<\/p>","protected":false},"excerpt":{"rendered":"<p style=\"font-weight: 400;\">Das original Adventure Country Tracks T-Shirt. Bequem zu tragen und als l\u00e4ssiges Shirt konzipiert, zeigst du, dass du ein Unterst\u00fctzer der ACT seit der ersten Stunde bist.<\/p>\n<p style=\"font-weight: 400;\">Logo und Schriftzug auf der Vorderseite, mit dem klassischen ACT-Statement: Ride - Respect - Enjoy.<\/p>\n<p style=\"font-weight: 400;\">Auf diese Weise zeigst du deine Einstellung gegen\u00fcber Menschen, Tieren und der Natur. Gem\u00e4\u00df unserem Kodex respektieren wir beim Befahren der letzten Abenteuerwege in Europa die \u00f6rtlichen Gegebenheiten und tun alles, um diese Wege zu erhalten.<\/p>\n<p>&nbsp;<\/p>","protected":false},"featured_media":27817,"comment_status":"closed","ping_status":"closed","template":"","meta":{"_acf_changed":false},"product_brand":[],"product_cat":[89,165,166],"product_tag":[116,117,119],"class_list":{"0":"post-26951","1":"product","2":"type-product","3":"status-publish","4":"has-post-thumbnail","6":"product_cat-apparel","7":"product_cat-act-originals","8":"product_cat-act-t-shirts","9":"product_tag-eco-friendly","10":"product_tag-cotton","11":"product_tag-t-shirt","12":"pa_size-s","13":"pa_size-5xl","14":"pa_size-m","15":"pa_size-l","16":"pa_size-xl","17":"pa_size-xxl","18":"pa_size-xxxl","19":"pa_size-4xl","21":"first","22":"instock","23":"taxable","24":"shipping-taxable","25":"purchasable","26":"product-type-variable"},"acf":[],"_links":{"self":[{"href":"https:\/\/adventurecountrytracks.com\/de\/wp-json\/wp\/v2\/product\/26951","targetHints":{"allow":["GET"]}}],"collection":[{"href":"https:\/\/adventurecountrytracks.com\/de\/wp-json\/wp\/v2\/product"}],"about":[{"href":"https:\/\/adventurecountrytracks.com\/de\/wp-json\/wp\/v2\/types\/product"}],"replies":[{"embeddable":true,"href":"https:\/\/adventurecountrytracks.com\/de\/wp-json\/wp\/v2\/comments?post=26951"}],"wp:featuredmedia":[{"embeddable":true,"href":"https:\/\/adventurecountrytracks.com\/de\/wp-json\/wp\/v2\/media\/27817"}],"wp:attachment":[{"href":"https:\/\/adventurecountrytracks.com\/de\/wp-json\/wp\/v2\/media?parent=26951"}],"wp:term":[{"taxonomy":"product_brand","embeddable":true,"href":"https:\/\/adventurecountrytracks.com\/de\/wp-json\/wp\/v2\/product_brand?post=26951"},{"taxonomy":"product_cat","embeddable":true,"href":"https:\/\/adventurecountrytracks.com\/de\/wp-json\/wp\/v2\/product_cat?post=26951"},{"taxonomy":"product_tag","embeddable":true,"href":"https:\/\/adventurecountrytracks.com\/de\/wp-json\/wp\/v2\/product_tag?post=26951"}],"curies":[{"name":"wp","href":"https:\/\/api.w.org\/{rel}","templated":true}]}}