{"id":27473,"date":"2022-12-18T16:47:06","date_gmt":"2022-12-18T15:47:06","guid":{"rendered":"https:\/\/adventurecountrytracks.com\/?post_type=product&#038;p=27473"},"modified":"2025-02-12T12:40:34","modified_gmt":"2025-02-12T11:40:34","slug":"tee-shirt-act-m-t-d","status":"publish","type":"product","link":"https:\/\/adventurecountrytracks.com\/de\/product\/tee-shirt-act-m-t-d\/","title":{"rendered":"Tee Shirt ACT \"Der Wald\""},"content":{"rendered":"<p><span style=\"font-weight: 400;\">Unterst\u00fctze den ACT e.V. und trage die Botschaft in die Welt hinaus, auf dem Zeltplatz, mit dem Team auf der Wanderung, bei einem Bier an der Bar. Hol dir jetzt dein \"Forest\"-Shirt! <\/span><\/p>\n<p><img fetchpriority=\"high\" decoding=\"async\" class=\"alignnone wp-image-33839 size-medium\" src=\"https:\/\/adventurecountrytracks.com\/wp-content\/uploads\/2025\/02\/Bildschirmfoto-2025-02-12-um-12.37.17-800x363.png\" alt=\"\" width=\"800\" height=\"363\" srcset=\"https:\/\/adventurecountrytracks.com\/wp-content\/uploads\/2025\/02\/Bildschirmfoto-2025-02-12-um-12.37.17-800x363.png 800w, https:\/\/adventurecountrytracks.com\/wp-content\/uploads\/2025\/02\/Bildschirmfoto-2025-02-12-um-12.37.17-1024x465.png 1024w, https:\/\/adventurecountrytracks.com\/wp-content\/uploads\/2025\/02\/Bildschirmfoto-2025-02-12-um-12.37.17-768x349.png 768w, https:\/\/adventurecountrytracks.com\/wp-content\/uploads\/2025\/02\/Bildschirmfoto-2025-02-12-um-12.37.17-18x8.png 18w, https:\/\/adventurecountrytracks.com\/wp-content\/uploads\/2025\/02\/Bildschirmfoto-2025-02-12-um-12.37.17-600x272.png 600w, https:\/\/adventurecountrytracks.com\/wp-content\/uploads\/2025\/02\/Bildschirmfoto-2025-02-12-um-12.37.17.png 1494w\" sizes=\"(max-width: 800px) 100vw, 800px\" \/><\/p>\n<p>Unisex<br \/>\n100% Bio-Baumwolle<br \/>\n180 g\/m\u00b2<\/p>","protected":false},"excerpt":{"rendered":"<p style=\"font-weight: 400;\">Das \"Forest\"-Shirt aus der Adventure Country Tracks-Kollektion. Das bequeme Freizeithemd mit dem markanten ACT-Logo zeigt das Gr\u00fcndungsdatum der Adventure Country Tracks, die jahrelange Arbeit und die Unterst\u00fctzung der Vereinsmitglieder f\u00fcr ein Projekt, das in Europa so einzigartig ist.<\/p>\n<p style=\"font-weight: 400;\">Auff\u00e4lliges ACT-Logo und Schriftzug auf der Vorderseite mit dem klassischen ACT-Statement: Fahren - Respektieren - Genie\u00dfen<br \/>\nSo zeigst du deine Einstellung gegen\u00fcber Menschen, Tieren und der Natur. Gem\u00e4\u00df unserem Kodex respektieren wir beim Befahren der letzten Abenteuerwege in Europa die \u00f6rtlichen Gegebenheiten und tun alles, um diese Wege zu erhalten.<\/p>","protected":false},"featured_media":27807,"comment_status":"closed","ping_status":"closed","template":"","meta":{"_acf_changed":false},"product_brand":[],"product_cat":[166,89,165],"product_tag":[116,117,118],"class_list":{"0":"post-27473","1":"product","2":"type-product","3":"status-publish","4":"has-post-thumbnail","6":"product_cat-act-t-shirts","7":"product_cat-apparel","8":"product_cat-act-originals","9":"product_tag-eco-friendly","10":"product_tag-cotton","11":"product_tag-original","12":"pa_size-xl","13":"pa_size-xxl","14":"pa_size-xxxl","15":"pa_size-4xl","16":"pa_size-s","17":"pa_size-5xl","18":"pa_size-m","19":"pa_size-l","21":"first","22":"instock","23":"taxable","24":"shipping-taxable","25":"purchasable","26":"product-type-variable"},"acf":[],"_links":{"self":[{"href":"https:\/\/adventurecountrytracks.com\/de\/wp-json\/wp\/v2\/product\/27473","targetHints":{"allow":["GET"]}}],"collection":[{"href":"https:\/\/adventurecountrytracks.com\/de\/wp-json\/wp\/v2\/product"}],"about":[{"href":"https:\/\/adventurecountrytracks.com\/de\/wp-json\/wp\/v2\/types\/product"}],"replies":[{"embeddable":true,"href":"https:\/\/adventurecountrytracks.com\/de\/wp-json\/wp\/v2\/comments?post=27473"}],"wp:featuredmedia":[{"embeddable":true,"href":"https:\/\/adventurecountrytracks.com\/de\/wp-json\/wp\/v2\/media\/27807"}],"wp:attachment":[{"href":"https:\/\/adventurecountrytracks.com\/de\/wp-json\/wp\/v2\/media?parent=27473"}],"wp:term":[{"taxonomy":"product_brand","embeddable":true,"href":"https:\/\/adventurecountrytracks.com\/de\/wp-json\/wp\/v2\/product_brand?post=27473"},{"taxonomy":"product_cat","embeddable":true,"href":"https:\/\/adventurecountrytracks.com\/de\/wp-json\/wp\/v2\/product_cat?post=27473"},{"taxonomy":"product_tag","embeddable":true,"href":"https:\/\/adventurecountrytracks.com\/de\/wp-json\/wp\/v2\/product_tag?post=27473"}],"curies":[{"name":"wp","href":"https:\/\/api.w.org\/{rel}","templated":true}]}}