{"id":27551,"date":"2023-08-31T09:30:53","date_gmt":"2023-08-31T07:30:53","guid":{"rendered":"https:\/\/adventurecountrytracks.com\/?post_type=product&#038;p=27551"},"modified":"2026-04-15T16:27:16","modified_gmt":"2026-04-15T14:27:16","slug":"act-rider-t-shirt-the-forest","status":"publish","type":"product","link":"https:\/\/adventurecountrytracks.com\/de\/product\/act-rider-t-shirt-the-forest\/","title":{"rendered":"ACT Rider T-Shirt \"Der Wald\""},"content":{"rendered":"<p style=\"font-weight: 400;\">In dieser Farbkombination erinnert das Rider Shirt an die dunklen W\u00e4lder Rum\u00e4niens, die verwunschenen Ausl\u00e4ufer der Pyren\u00e4en, die gr\u00fcnen Wiesen von Wales - hier bist du mitten in deinem Abenteuer.<\/p>\n<p>Das Sublimationsdruckverfahren beeintr\u00e4chtigt die Atmungsaktivit\u00e4t in keiner Weise.<br \/>\nDie Druckfarben werden Teil des Stoffes, sind nicht sp\u00fcrbar und absolut waschbar.<br \/>\nDie CoolMesh-Technologie sorgt f\u00fcr einen schnellen Feuchtigkeitstransport.<\/p>\n<p><img fetchpriority=\"high\" decoding=\"async\" class=\"alignnone size-medium wp-image-27949\" src=\"https:\/\/adventurecountrytracks.com\/wp-content\/uploads\/2022\/12\/Bildschirmfoto-2022-12-22-um-17.38.33-800x232.png\" alt=\"\" width=\"800\" height=\"232\" srcset=\"https:\/\/adventurecountrytracks.com\/wp-content\/uploads\/2022\/12\/Bildschirmfoto-2022-12-22-um-17.38.33-800x232.png 800w, https:\/\/adventurecountrytracks.com\/wp-content\/uploads\/2022\/12\/Bildschirmfoto-2022-12-22-um-17.38.33-600x174-600x174-600x174-600x174.png 600w, https:\/\/adventurecountrytracks.com\/wp-content\/uploads\/2022\/12\/Bildschirmfoto-2022-12-22-um-17.38.33-1024x297.png 1024w, https:\/\/adventurecountrytracks.com\/wp-content\/uploads\/2022\/12\/Bildschirmfoto-2022-12-22-um-17.38.33-768x223.png 768w, https:\/\/adventurecountrytracks.com\/wp-content\/uploads\/2022\/12\/Bildschirmfoto-2022-12-22-um-17.38.33-18x5.png 18w, https:\/\/adventurecountrytracks.com\/wp-content\/uploads\/2022\/12\/Bildschirmfoto-2022-12-22-um-17.38.33.png 1110w\" sizes=\"(max-width: 800px) 100vw, 800px\" \/><\/p>\n<p>100% Polyester<br \/>\nAtmungsaktiv, schnell trocknend<br \/>\nCOOLMESH-Technologie<br \/>\n\u00d6ko Tex 100<\/p>","protected":false},"excerpt":{"rendered":"<p style=\"font-weight: 400;\">Das Funktionsshirt \"The Forest\" f\u00fcr den aktiven Abenteuerreiter. Leichtes Tragegef\u00fchl, optimale Bel\u00fcftung, atmungsaktive Stretch-Materialien. In klassischer ACT Gr\u00fcn - Beige Kombination die ACT Berge und die \"Adventure Country Tracks\" Buchstaben auf der Brust. R\u00fcckseite mit gro\u00dfem Claim: Ride - Respect - Enjoy.<\/p>","protected":false},"featured_media":28394,"comment_status":"closed","ping_status":"closed","template":"","meta":{"_acf_changed":false},"product_brand":[],"product_cat":[89,166],"product_tag":[120,121,122],"class_list":{"0":"post-27551","1":"product","2":"type-product","3":"status-publish","4":"has-post-thumbnail","6":"product_cat-apparel","7":"product_cat-act-t-shirts","8":"product_tag-rallye","9":"product_tag-jersey","10":"product_tag-meshtechnologie","11":"pa_size-l","12":"pa_size-xl","13":"pa_size-xxl","14":"pa_size-xxxl","15":"pa_size-s","16":"pa_size-m","18":"first","19":"instock","20":"taxable","21":"shipping-taxable","22":"purchasable","23":"product-type-variable"},"acf":[],"_links":{"self":[{"href":"https:\/\/adventurecountrytracks.com\/de\/wp-json\/wp\/v2\/product\/27551","targetHints":{"allow":["GET"]}}],"collection":[{"href":"https:\/\/adventurecountrytracks.com\/de\/wp-json\/wp\/v2\/product"}],"about":[{"href":"https:\/\/adventurecountrytracks.com\/de\/wp-json\/wp\/v2\/types\/product"}],"replies":[{"embeddable":true,"href":"https:\/\/adventurecountrytracks.com\/de\/wp-json\/wp\/v2\/comments?post=27551"}],"wp:featuredmedia":[{"embeddable":true,"href":"https:\/\/adventurecountrytracks.com\/de\/wp-json\/wp\/v2\/media\/28394"}],"wp:attachment":[{"href":"https:\/\/adventurecountrytracks.com\/de\/wp-json\/wp\/v2\/media?parent=27551"}],"wp:term":[{"taxonomy":"product_brand","embeddable":true,"href":"https:\/\/adventurecountrytracks.com\/de\/wp-json\/wp\/v2\/product_brand?post=27551"},{"taxonomy":"product_cat","embeddable":true,"href":"https:\/\/adventurecountrytracks.com\/de\/wp-json\/wp\/v2\/product_cat?post=27551"},{"taxonomy":"product_tag","embeddable":true,"href":"https:\/\/adventurecountrytracks.com\/de\/wp-json\/wp\/v2\/product_tag?post=27551"}],"curies":[{"name":"wp","href":"https:\/\/api.w.org\/{rel}","templated":true}]}}