{"id":27582,"date":"2022-12-19T22:29:53","date_gmt":"2022-12-19T21:29:53","guid":{"rendered":"https:\/\/adventurecountrytracks.com\/?post_type=product&#038;p=27582"},"modified":"2023-12-22T11:41:00","modified_gmt":"2023-12-22T10:41:00","slug":"act-rider-adventure-cup","status":"publish","type":"product","link":"https:\/\/adventurecountrytracks.com\/de\/product\/act-rider-adventure-cup\/","title":{"rendered":"ACT Rider Adventure Cup"},"content":{"rendered":"<p>Material: Emalie<br \/>\nVeredelung: Sublimation<br \/>\nFassungsverm\u00f6gen: ca. 330 ml<br \/>\nPflegehinweise: f\u00fcr die Sp\u00fclmaschine geeignet<br \/>\nGr\u00f6\u00dfe: H\u00f6he 80 mm, \u00d8 81 mm<br \/>\nmax. bedruckbare Fl\u00e4che: 55 x 200 mm<\/p>","protected":false},"excerpt":{"rendered":"<p>Der ACT Adventure Cup, rau und robust, ist der perfekte Begleiter f\u00fcr einen hei\u00dfen Kaffee oder Tee auf der Fahrt.<\/p>\n<p>&nbsp;<\/p>","protected":false},"featured_media":27806,"comment_status":"closed","ping_status":"closed","template":"","meta":{"_acf_changed":false},"product_brand":[],"product_cat":[126,128],"product_tag":[121,122,120],"class_list":{"0":"post-27582","1":"product","2":"type-product","3":"status-publish","4":"has-post-thumbnail","6":"product_cat-merchandising","7":"product_cat-act-accessories","8":"product_tag-jersey","9":"product_tag-meshtechnologie","10":"product_tag-rallye","11":"pa_size-s","12":"pa_size-m","13":"pa_size-l","14":"pa_size-xl","15":"pa_size-xxl","16":"pa_size-xxxl","18":"first","19":"instock","20":"taxable","21":"shipping-taxable","22":"purchasable","23":"product-type-simple"},"acf":[],"_links":{"self":[{"href":"https:\/\/adventurecountrytracks.com\/de\/wp-json\/wp\/v2\/product\/27582","targetHints":{"allow":["GET"]}}],"collection":[{"href":"https:\/\/adventurecountrytracks.com\/de\/wp-json\/wp\/v2\/product"}],"about":[{"href":"https:\/\/adventurecountrytracks.com\/de\/wp-json\/wp\/v2\/types\/product"}],"replies":[{"embeddable":true,"href":"https:\/\/adventurecountrytracks.com\/de\/wp-json\/wp\/v2\/comments?post=27582"}],"wp:featuredmedia":[{"embeddable":true,"href":"https:\/\/adventurecountrytracks.com\/de\/wp-json\/wp\/v2\/media\/27806"}],"wp:attachment":[{"href":"https:\/\/adventurecountrytracks.com\/de\/wp-json\/wp\/v2\/media?parent=27582"}],"wp:term":[{"taxonomy":"product_brand","embeddable":true,"href":"https:\/\/adventurecountrytracks.com\/de\/wp-json\/wp\/v2\/product_brand?post=27582"},{"taxonomy":"product_cat","embeddable":true,"href":"https:\/\/adventurecountrytracks.com\/de\/wp-json\/wp\/v2\/product_cat?post=27582"},{"taxonomy":"product_tag","embeddable":true,"href":"https:\/\/adventurecountrytracks.com\/de\/wp-json\/wp\/v2\/product_tag?post=27582"}],"curies":[{"name":"wp","href":"https:\/\/api.w.org\/{rel}","templated":true}]}}