{"id":27586,"date":"2022-12-19T22:53:12","date_gmt":"2022-12-19T21:53:12","guid":{"rendered":"https:\/\/adventurecountrytracks.com\/?post_type=product&#038;p=27586"},"modified":"2026-01-21T12:21:39","modified_gmt":"2026-01-21T11:21:39","slug":"tee-shirt-act-member-only","status":"publish","type":"product","link":"https:\/\/adventurecountrytracks.com\/de\/product\/tee-shirt-act-member-only\/","title":{"rendered":"Tee Shirt ACT \"nur f\u00fcr Mitglieder\""},"content":{"rendered":"<p style=\"font-weight: 400;\">Das \"Mitglieder\"-Shirt der Adventure Country Tracks Kollektion. Das bequeme Freizeithemd mit dem markanten ACT-Logo zeigt mit dem Gr\u00fcndungsdatum der Adventure Country Tracks die jahrelange Arbeit und Unterst\u00fctzung der Vereinsmitglieder f\u00fcr ein Projekt, das in Europa so einzigartig ist.<\/p>\n<p style=\"font-weight: 400;\">Und \u00fcber dem Logo der Mitgliederschriftzug - dein Statement an den Verband, deine Unterst\u00fctzung f\u00fcr das Projekt. Prominentes ACT-Logo auf der Brust.<\/p>\n<p><span style=\"font-weight: 400;\">Unterst\u00fctze den ACT e.V. und trage die Botschaft in die Welt hinaus. Werde Mitglied und unterst\u00fctze den Verein und erhalte mit uns die letzten Adventure Tracks in Europa.<\/span><\/p>\n<p><img fetchpriority=\"high\" decoding=\"async\" class=\"alignnone wp-image-33839 size-medium\" src=\"https:\/\/adventurecountrytracks.com\/wp-content\/uploads\/2025\/02\/Bildschirmfoto-2025-02-12-um-12.37.17-800x363.png\" alt=\"\" width=\"800\" height=\"363\" srcset=\"https:\/\/adventurecountrytracks.com\/wp-content\/uploads\/2025\/02\/Bildschirmfoto-2025-02-12-um-12.37.17-800x363.png 800w, https:\/\/adventurecountrytracks.com\/wp-content\/uploads\/2025\/02\/Bildschirmfoto-2025-02-12-um-12.37.17-1024x465.png 1024w, https:\/\/adventurecountrytracks.com\/wp-content\/uploads\/2025\/02\/Bildschirmfoto-2025-02-12-um-12.37.17-768x349.png 768w, https:\/\/adventurecountrytracks.com\/wp-content\/uploads\/2025\/02\/Bildschirmfoto-2025-02-12-um-12.37.17-18x8.png 18w, https:\/\/adventurecountrytracks.com\/wp-content\/uploads\/2025\/02\/Bildschirmfoto-2025-02-12-um-12.37.17-600x272.png 600w, https:\/\/adventurecountrytracks.com\/wp-content\/uploads\/2025\/02\/Bildschirmfoto-2025-02-12-um-12.37.17.png 1494w\" sizes=\"(max-width: 800px) 100vw, 800px\" \/><\/p>\n<p>Unisex<br \/>\n100% Bio-Baumwolle<br \/>\n180 g\/m\u00b2<\/p>","protected":false},"excerpt":{"rendered":"<p style=\"font-weight: 400;\">Das \"Mitgliedsshirt der Adventure Country Tracks Kollektion. Das ist es! Zeige deine Unterst\u00fctzung f\u00fcr eines der coolsten Projekte f\u00fcr Adventure Riders in Europa. Du bist ein Teil davon, du geh\u00f6rst dazu und du unterst\u00fctzt das Team.<\/p>\n<p><span style=\"font-weight: 400;\">Ein klassisches Kurzarmhemd in pflegeleichtem Schwarz mit beigem Aufdruck, aus hochwertiger fester Baumwolle mit zus\u00e4tzlichem Logo auf dem \u00c4rmel. Zeig, wen du unterst\u00fctzt!<\/span><\/p>\n<p>&nbsp;<\/p>\n<p>Dieses Shirt ist nur erh\u00e4ltlich f\u00fcr <a href=\"https:\/\/adventurecountrytracks.com\/de\/#act-membership\">Mitglieder<\/a><\/p>\n<p>&nbsp;<\/p>","protected":false},"featured_media":27970,"comment_status":"closed","ping_status":"closed","template":"","meta":{"_acf_changed":false},"product_brand":[],"product_cat":[154,165,166],"product_tag":[116,117,118],"class_list":{"0":"post-27586","1":"product","2":"type-product","3":"status-publish","4":"has-post-thumbnail","6":"product_cat-members-only","7":"product_cat-act-originals","8":"product_cat-act-t-shirts","9":"product_tag-eco-friendly","10":"product_tag-cotton","11":"product_tag-original","12":"pa_size-s","13":"pa_size-5xl","14":"pa_size-m","15":"pa_size-l","16":"pa_size-xl","17":"pa_size-xxl","18":"pa_size-xxxl","19":"pa_size-4xl","21":"first","22":"instock","23":"taxable","24":"shipping-taxable","25":"purchasable","26":"product-type-variable"},"acf":[],"_links":{"self":[{"href":"https:\/\/adventurecountrytracks.com\/de\/wp-json\/wp\/v2\/product\/27586","targetHints":{"allow":["GET"]}}],"collection":[{"href":"https:\/\/adventurecountrytracks.com\/de\/wp-json\/wp\/v2\/product"}],"about":[{"href":"https:\/\/adventurecountrytracks.com\/de\/wp-json\/wp\/v2\/types\/product"}],"replies":[{"embeddable":true,"href":"https:\/\/adventurecountrytracks.com\/de\/wp-json\/wp\/v2\/comments?post=27586"}],"wp:featuredmedia":[{"embeddable":true,"href":"https:\/\/adventurecountrytracks.com\/de\/wp-json\/wp\/v2\/media\/27970"}],"wp:attachment":[{"href":"https:\/\/adventurecountrytracks.com\/de\/wp-json\/wp\/v2\/media?parent=27586"}],"wp:term":[{"taxonomy":"product_brand","embeddable":true,"href":"https:\/\/adventurecountrytracks.com\/de\/wp-json\/wp\/v2\/product_brand?post=27586"},{"taxonomy":"product_cat","embeddable":true,"href":"https:\/\/adventurecountrytracks.com\/de\/wp-json\/wp\/v2\/product_cat?post=27586"},{"taxonomy":"product_tag","embeddable":true,"href":"https:\/\/adventurecountrytracks.com\/de\/wp-json\/wp\/v2\/product_tag?post=27586"}],"curies":[{"name":"wp","href":"https:\/\/api.w.org\/{rel}","templated":true}]}}