{"id":27659,"date":"2023-08-31T09:30:52","date_gmt":"2023-08-31T07:30:52","guid":{"rendered":"https:\/\/adventurecountrytracks.com\/?post_type=product&#038;p=27659"},"modified":"2026-04-15T16:31:29","modified_gmt":"2026-04-15T14:31:29","slug":"act-lander-t-shirt-vereinigtes-kingdom","status":"publish","type":"product","link":"https:\/\/adventurecountrytracks.com\/de\/product\/act-country-t-shirt-united-kingdom\/","title":{"rendered":"ACT Country T-Shirt \"Vereinigtes K\u00f6nigreich\""},"content":{"rendered":"<p style=\"font-weight: 400;\">Das UK-Shirt ist in den klassischen Farben des Union Jack bedruckt, mit ACT-Logo auf Brust und R\u00fccken, Landesname im speziellen L\u00e4nderlogo.<\/p>\n<p style=\"font-weight: 400;\"><span style=\"font-weight: 400;\">Ein au\u00dfergew\u00f6hnliches Sammlerst\u00fcck - fahre eine Strecke nach der anderen und vervollst\u00e4ndige deine L\u00e4ndersammlung.<br \/>\n<\/span><span style=\"font-weight: 400;\">Zeige deine Unterst\u00fctzung f\u00fcr eines der coolsten Projekte f\u00fcr Abenteuerreiter in Europa. <\/span><\/p>\n<p style=\"font-weight: 400;\"><span style=\"font-weight: 400;\">Das Sublimationsdruckverfahren beeintr\u00e4chtigt die Atmungsaktivit\u00e4t in keiner Weise.<br \/>\nDie Druckfarben werden Teil des Stoffes, sind nicht sp\u00fcrbar und absolut waschbar.<br \/>\nDie CoolMesh-Technologie sorgt f\u00fcr einen schnellen Feuchtigkeitstransport.<\/span><\/p>\n<p><img fetchpriority=\"high\" decoding=\"async\" class=\"alignnone size-medium wp-image-27949\" src=\"https:\/\/adventurecountrytracks.com\/wp-content\/uploads\/2022\/12\/Bildschirmfoto-2022-12-22-um-17.38.33-800x232.png\" alt=\"\" width=\"800\" height=\"232\" srcset=\"https:\/\/adventurecountrytracks.com\/wp-content\/uploads\/2022\/12\/Bildschirmfoto-2022-12-22-um-17.38.33-800x232.png 800w, https:\/\/adventurecountrytracks.com\/wp-content\/uploads\/2022\/12\/Bildschirmfoto-2022-12-22-um-17.38.33-600x174-600x174-600x174-600x174.png 600w, https:\/\/adventurecountrytracks.com\/wp-content\/uploads\/2022\/12\/Bildschirmfoto-2022-12-22-um-17.38.33-1024x297.png 1024w, https:\/\/adventurecountrytracks.com\/wp-content\/uploads\/2022\/12\/Bildschirmfoto-2022-12-22-um-17.38.33-768x223.png 768w, https:\/\/adventurecountrytracks.com\/wp-content\/uploads\/2022\/12\/Bildschirmfoto-2022-12-22-um-17.38.33-18x5.png 18w, https:\/\/adventurecountrytracks.com\/wp-content\/uploads\/2022\/12\/Bildschirmfoto-2022-12-22-um-17.38.33.png 1110w\" sizes=\"(max-width: 800px) 100vw, 800px\" \/><\/p>\n<p>100% Polyester<br \/>\nAtmungsaktiv, schnell trocknend<br \/>\nCOOLMESH-Technologie<br \/>\n\u00d6ko Tex 100<\/p>","protected":false},"excerpt":{"rendered":"<p style=\"font-weight: 400;\">Das \"Country Shirt \"United Kingdom\" der Adventure Country Tracks Kollektion.<\/p>\n<p data-start=\"169\" data-end=\"233\">Planst du deinen UK-Track - oder hast du ihn schon abgeschlossen?<\/p>\n<p data-start=\"235\" data-end=\"485\">Zeig deinem Team, dass du auf der Stra\u00dfe warst und die Strecken durch Wales, die Isle of Man und Nordengland gemeistert hast. Du hast dich durch den Schlamm gek\u00e4mpft, das unberechenbare britische Wetter ertragen und bist vielleicht sogar in ein paar Pubs stecken geblieben.<\/p>\n<p data-start=\"487\" data-end=\"652\">Beweise, dass du eine der letzten echten Abenteuerstrecken in Europa bezwungen hast - ein Erlebnis wie kein anderes. Eines der letzten gro\u00dfen Abenteuer, die noch darauf warten, gelebt zu werden.<\/p>","protected":false},"featured_media":28386,"comment_status":"closed","ping_status":"closed","template":"","meta":{"_acf_changed":false},"product_brand":[],"product_cat":[180],"product_tag":[120,121,122],"class_list":{"0":"post-27659","1":"product","2":"type-product","3":"status-publish","4":"has-post-thumbnail","6":"product_cat-sell-out","7":"product_tag-rallye","8":"product_tag-jersey","9":"product_tag-meshtechnologie","10":"pa_size-m","11":"pa_size-l","12":"pa_size-xl","13":"pa_size-xxl","14":"pa_size-xxxl","15":"pa_size-s","17":"first","18":"instock","19":"taxable","20":"shipping-taxable","21":"purchasable","22":"product-type-variable"},"acf":[],"_links":{"self":[{"href":"https:\/\/adventurecountrytracks.com\/de\/wp-json\/wp\/v2\/product\/27659","targetHints":{"allow":["GET"]}}],"collection":[{"href":"https:\/\/adventurecountrytracks.com\/de\/wp-json\/wp\/v2\/product"}],"about":[{"href":"https:\/\/adventurecountrytracks.com\/de\/wp-json\/wp\/v2\/types\/product"}],"replies":[{"embeddable":true,"href":"https:\/\/adventurecountrytracks.com\/de\/wp-json\/wp\/v2\/comments?post=27659"}],"wp:featuredmedia":[{"embeddable":true,"href":"https:\/\/adventurecountrytracks.com\/de\/wp-json\/wp\/v2\/media\/28386"}],"wp:attachment":[{"href":"https:\/\/adventurecountrytracks.com\/de\/wp-json\/wp\/v2\/media?parent=27659"}],"wp:term":[{"taxonomy":"product_brand","embeddable":true,"href":"https:\/\/adventurecountrytracks.com\/de\/wp-json\/wp\/v2\/product_brand?post=27659"},{"taxonomy":"product_cat","embeddable":true,"href":"https:\/\/adventurecountrytracks.com\/de\/wp-json\/wp\/v2\/product_cat?post=27659"},{"taxonomy":"product_tag","embeddable":true,"href":"https:\/\/adventurecountrytracks.com\/de\/wp-json\/wp\/v2\/product_tag?post=27659"}],"curies":[{"name":"wp","href":"https:\/\/api.w.org\/{rel}","templated":true}]}}