{"id":30185,"date":"2023-12-22T11:02:08","date_gmt":"2023-12-22T10:02:08","guid":{"rendered":"https:\/\/adventurecountrytracks.com\/product\/act-greece-jersey-new\/"},"modified":"2026-03-12T11:48:10","modified_gmt":"2026-03-12T10:48:10","slug":"act-greece-jersey-new","status":"publish","type":"product","link":"https:\/\/adventurecountrytracks.com\/de\/product\/act-greece-jersey-new\/","title":{"rendered":"ACT GRIECHENLAND Trikot NEW fit 2024 Kollektion"},"content":{"rendered":"<h2>Beschreibung<\/h2>\n<p>Das ACT GRIECHENLAND Trikot ist in den klassischen Farben der griechischen Flagge und Farben bedruckt, mit dem ACT-Logo auf Brust und R\u00fccken und dem L\u00e4ndernamen im speziellen L\u00e4nderlogo.<\/p>\n<p>Das funktionelle Trikot f\u00fcr den aktiven Abenteuerreiter. Leichtes Tragegef\u00fchl, optimale Bel\u00fcftung, atmungsaktive Stretchmaterialien. Das Reitershirt f\u00fcr warme Tage. Optimale Passform mit absoluter Funktion. Weniger Schwitzen, mehr Leistung auf dem Rad. Bei k\u00e4lterem Wetter ist dieses Trikot perfekt, um es \u00fcber der ersten Schicht zu tragen, damit die Luft besser zirkulieren kann und sich keine Feuchtigkeit ansammelt. Passt auch perfekt, um mit Body Armour zu fahren...einfach eine andere Gr\u00f6\u00dfe bestellen....<\/p>\n<p>Ein au\u00dfergew\u00f6hnliches Sammlerst\u00fcck - fahre eine Strecke nach der anderen und vervollst\u00e4ndige deine L\u00e4ndersammlung.<br \/>\nZeige deine Unterst\u00fctzung f\u00fcr eines der coolsten Projekte f\u00fcr Abenteuerreiter in Europa. Du bist ein Teil davon, du geh\u00f6rst dazu und du unterst\u00fctzt das Team. Ein klassisches Kurzarmtrikot aus hochwertiger, fester Baumwolle. Zeig, wo du warst, zeig, wen du unterst\u00fctzt!<\/p>\n<p><strong>Wenn du es \u00fcber einem Armer tragen willst, w\u00e4hle bitte mindestens 1 Nummer gr\u00f6\u00dfer -<\/strong><\/p>\n<p><img fetchpriority=\"high\" decoding=\"async\" class=\"alignnone size-medium wp-image-27948\" src=\"https:\/\/adventurecountrytracks.com\/wp-content\/uploads\/2022\/12\/Bildschirmfoto-2022-12-22-um-17.36.19-800x218.png\" sizes=\"(max-width: 800px) 100vw, 800px\" srcset=\"https:\/\/adventurecountrytracks.com\/wp-content\/uploads\/2022\/12\/Bildschirmfoto-2022-12-22-um-17.36.19-800x218.png 800w, https:\/\/adventurecountrytracks.com\/wp-content\/uploads\/2022\/12\/Bildschirmfoto-2022-12-22-um-17.36.19-1024x279.png 1024w, https:\/\/adventurecountrytracks.com\/wp-content\/uploads\/2022\/12\/Bildschirmfoto-2022-12-22-um-17.36.19-768x209.png 768w, https:\/\/adventurecountrytracks.com\/wp-content\/uploads\/2022\/12\/Bildschirmfoto-2022-12-22-um-17.36.19-18x5.png 18w, https:\/\/adventurecountrytracks.com\/wp-content\/uploads\/2022\/12\/Bildschirmfoto-2022-12-22-um-17.36.19-600x163.png 600w, https:\/\/adventurecountrytracks.com\/wp-content\/uploads\/2022\/12\/Bildschirmfoto-2022-12-22-um-17.36.19-300x82.png 300w, https:\/\/adventurecountrytracks.com\/wp-content\/uploads\/2022\/12\/Bildschirmfoto-2022-12-22-um-17.36.19.png 1116w\" alt=\"\" width=\"800\" height=\"218\" \/><\/p>\n<p>100% Polyester<br \/>\nAtmungsaktiv, schnell trocknend<br \/>\nCOOLMESH-Technologie<br \/>\n\u00d6ko Tex 100<\/p>","protected":false},"excerpt":{"rendered":"<p>Das \"Country Jersey \"Griechenland\" der Adventure Country Tracks Kollektion. mit dem <strong>NEUE Passform<\/strong>,<\/p>\n<p>Du planst deinen Griechenland-Track oder hast ihn schon gemacht?<\/p>\n<p>wie dein Team, dass du unterwegs warst und die Strecke in Griechenland gemeistert hast, dich durch die griechischen Berge gek\u00e4mpft hast und dich auf einem der letzten Adventure Tracks in Europa bew\u00e4hrt hast. Ein Erlebnis der besonderen Art, eines der letzten Abenteuer in Europa.<\/p>\n<p>&nbsp;<\/p>","protected":false},"featured_media":30552,"comment_status":"open","ping_status":"closed","template":"","meta":{"_acf_changed":false},"product_brand":[],"product_cat":[89,164],"product_tag":[],"class_list":{"0":"post-30185","1":"product","2":"type-product","3":"status-publish","4":"has-post-thumbnail","6":"product_cat-apparel","7":"product_cat-act-country-shirts","8":"pa_size-m","9":"pa_size-l","10":"pa_size-xl","11":"pa_size-xxl","12":"pa_size-4xl","13":"pa_size-5xl","14":"pa_size-xs","15":"pa_size-3xl","16":"pa_size-s","18":"first","19":"instock","20":"taxable","21":"shipping-taxable","22":"purchasable","23":"product-type-variable"},"acf":[],"_links":{"self":[{"href":"https:\/\/adventurecountrytracks.com\/de\/wp-json\/wp\/v2\/product\/30185","targetHints":{"allow":["GET"]}}],"collection":[{"href":"https:\/\/adventurecountrytracks.com\/de\/wp-json\/wp\/v2\/product"}],"about":[{"href":"https:\/\/adventurecountrytracks.com\/de\/wp-json\/wp\/v2\/types\/product"}],"replies":[{"embeddable":true,"href":"https:\/\/adventurecountrytracks.com\/de\/wp-json\/wp\/v2\/comments?post=30185"}],"wp:featuredmedia":[{"embeddable":true,"href":"https:\/\/adventurecountrytracks.com\/de\/wp-json\/wp\/v2\/media\/30552"}],"wp:attachment":[{"href":"https:\/\/adventurecountrytracks.com\/de\/wp-json\/wp\/v2\/media?parent=30185"}],"wp:term":[{"taxonomy":"product_brand","embeddable":true,"href":"https:\/\/adventurecountrytracks.com\/de\/wp-json\/wp\/v2\/product_brand?post=30185"},{"taxonomy":"product_cat","embeddable":true,"href":"https:\/\/adventurecountrytracks.com\/de\/wp-json\/wp\/v2\/product_cat?post=30185"},{"taxonomy":"product_tag","embeddable":true,"href":"https:\/\/adventurecountrytracks.com\/de\/wp-json\/wp\/v2\/product_tag?post=30185"}],"curies":[{"name":"wp","href":"https:\/\/api.w.org\/{rel}","templated":true}]}}