{"id":30205,"date":"2023-12-22T11:02:08","date_gmt":"2023-12-22T10:02:08","guid":{"rendered":"https:\/\/adventurecountrytracks.com\/product\/act-greece-t-shirt-new\/"},"modified":"2026-04-27T14:28:11","modified_gmt":"2026-04-27T12:28:11","slug":"act-greece-t-shirt-neu","status":"publish","type":"product","link":"https:\/\/adventurecountrytracks.com\/de\/product\/act-greece-t-shirt-new\/","title":{"rendered":"ACT GREECE Riding T-Shirt NEW 2024"},"content":{"rendered":"<p style=\"font-weight: 400;\">Das GRIECHENLAND Shirt ist in den klassischen Farben der griechischen Flagge &amp; Farben bedruckt, mit ACT-Logo auf Brust und R\u00fccken, Landesname im speziellen L\u00e4nderlogo.<\/p>\n<p style=\"font-weight: 400;\"><span style=\"font-weight: 400;\">Ein au\u00dfergew\u00f6hnliches Sammlerst\u00fcck - fahre eine Strecke nach der anderen und vervollst\u00e4ndige deine L\u00e4ndersammlung.<br \/>\n<\/span><span style=\"font-weight: 400;\">Zeige deine Unterst\u00fctzung f\u00fcr eines der coolsten Projekte f\u00fcr Abenteuerreiter in Europa. <\/span><\/p>\n<p style=\"font-weight: 400;\"><span style=\"font-weight: 400;\">Das Sublimationsdruckverfahren beeintr\u00e4chtigt die Atmungsaktivit\u00e4t in keiner Weise.<br \/>\nDie Druckfarben werden Teil des Stoffes, sind nicht sp\u00fcrbar und absolut waschbar.<br \/>\nDie CoolMesh-Technologie sorgt f\u00fcr einen schnellen Feuchtigkeitstransport.<\/span><\/p>\n<p><img fetchpriority=\"high\" decoding=\"async\" class=\"alignnone size-medium wp-image-27949\" src=\"https:\/\/adventurecountrytracks.com\/wp-content\/uploads\/2022\/12\/Bildschirmfoto-2022-12-22-um-17.38.33-800x232.png\" alt=\"\" width=\"800\" height=\"232\" srcset=\"https:\/\/adventurecountrytracks.com\/wp-content\/uploads\/2022\/12\/Bildschirmfoto-2022-12-22-um-17.38.33-800x232.png 800w, https:\/\/adventurecountrytracks.com\/wp-content\/uploads\/2022\/12\/Bildschirmfoto-2022-12-22-um-17.38.33-600x174-600x174-600x174-600x174.png 600w, https:\/\/adventurecountrytracks.com\/wp-content\/uploads\/2022\/12\/Bildschirmfoto-2022-12-22-um-17.38.33-1024x297.png 1024w, https:\/\/adventurecountrytracks.com\/wp-content\/uploads\/2022\/12\/Bildschirmfoto-2022-12-22-um-17.38.33-768x223.png 768w, https:\/\/adventurecountrytracks.com\/wp-content\/uploads\/2022\/12\/Bildschirmfoto-2022-12-22-um-17.38.33-18x5.png 18w, https:\/\/adventurecountrytracks.com\/wp-content\/uploads\/2022\/12\/Bildschirmfoto-2022-12-22-um-17.38.33.png 1110w\" sizes=\"(max-width: 800px) 100vw, 800px\" \/><\/p>\n<p>100% Polyester<br \/>\nAtmungsaktiv, schnell trocknend<br \/>\nCOOLMESH-Technologie<br \/>\n\u00d6ko Tex 100<\/p>","protected":false},"excerpt":{"rendered":"<p style=\"font-weight: 400;\">Das \"Country Shirt \"GREECE\" aus der Adventure Country Tracks Kollektion.<\/p>\n<p style=\"font-weight: 400;\">Du planst deine GRIECHENLAND-Reise oder hast sie bereits gemacht?<\/p>\n<p style=\"font-weight: 400;\">wie dein Team, dass du unterwegs warst und die Strecke in Griechenland gemeistert hast und dich auf einem der letzten Adventure Tracks in Europa bew\u00e4hrt hast. Ein Erlebnis der besonderen Art, eines der letzten Abenteuer in Europa.<\/p>","protected":false},"featured_media":31043,"comment_status":"open","ping_status":"closed","template":"","meta":{"_acf_changed":false},"product_brand":[],"product_cat":[89,164,166],"product_tag":[],"class_list":{"0":"post-30205","1":"product","2":"type-product","3":"status-publish","4":"has-post-thumbnail","6":"product_cat-apparel","7":"product_cat-act-country-shirts","8":"product_cat-act-t-shirts","9":"pa_size-4xl","10":"pa_size-5xl","11":"pa_size-xs","12":"pa_size-3xl","13":"pa_size-s","14":"pa_size-m","15":"pa_size-l","16":"pa_size-xl","17":"pa_size-xxl","19":"first","20":"instock","21":"taxable","22":"shipping-taxable","23":"purchasable","24":"product-type-variable"},"acf":[],"_links":{"self":[{"href":"https:\/\/adventurecountrytracks.com\/de\/wp-json\/wp\/v2\/product\/30205","targetHints":{"allow":["GET"]}}],"collection":[{"href":"https:\/\/adventurecountrytracks.com\/de\/wp-json\/wp\/v2\/product"}],"about":[{"href":"https:\/\/adventurecountrytracks.com\/de\/wp-json\/wp\/v2\/types\/product"}],"replies":[{"embeddable":true,"href":"https:\/\/adventurecountrytracks.com\/de\/wp-json\/wp\/v2\/comments?post=30205"}],"wp:featuredmedia":[{"embeddable":true,"href":"https:\/\/adventurecountrytracks.com\/de\/wp-json\/wp\/v2\/media\/31043"}],"wp:attachment":[{"href":"https:\/\/adventurecountrytracks.com\/de\/wp-json\/wp\/v2\/media?parent=30205"}],"wp:term":[{"taxonomy":"product_brand","embeddable":true,"href":"https:\/\/adventurecountrytracks.com\/de\/wp-json\/wp\/v2\/product_brand?post=30205"},{"taxonomy":"product_cat","embeddable":true,"href":"https:\/\/adventurecountrytracks.com\/de\/wp-json\/wp\/v2\/product_cat?post=30205"},{"taxonomy":"product_tag","embeddable":true,"href":"https:\/\/adventurecountrytracks.com\/de\/wp-json\/wp\/v2\/product_tag?post=30205"}],"curies":[{"name":"wp","href":"https:\/\/api.w.org\/{rel}","templated":true}]}}