{"id":30387,"date":"2023-12-22T11:02:06","date_gmt":"2023-12-22T10:02:06","guid":{"rendered":"https:\/\/adventurecountrytracks.com\/product\/act-t-shirt-romania-new\/"},"modified":"2026-04-17T16:58:46","modified_gmt":"2026-04-17T14:58:46","slug":"act-t-shirt-rumanien-neu","status":"publish","type":"product","link":"https:\/\/adventurecountrytracks.com\/de\/product\/act-t-shirt-romania-new\/","title":{"rendered":"ACT Riding T-Shirt Rum\u00e4nien NEU 2024"},"content":{"rendered":"<p style=\"font-weight: 400;\">Das Riding Shirt ist in den klassischen Farben des ACT Romania bedruckt, mit ACT-Logo auf Brust und R\u00fccken, L\u00e4ndername im speziellen L\u00e4nderlogo.<\/p>\n<p style=\"font-weight: 400;\"><span style=\"font-weight: 400;\">Ein au\u00dfergew\u00f6hnliches Sammlerst\u00fcck - fahre eine Strecke nach der anderen und vervollst\u00e4ndige deine L\u00e4ndersammlung.<br \/>\n<\/span><span style=\"font-weight: 400;\">Zeige deine Unterst\u00fctzung f\u00fcr eines der coolsten Projekte f\u00fcr Abenteuerreiter in Europa. <\/span><\/p>\n<p style=\"font-weight: 400;\"><span style=\"font-weight: 400;\">Das Sublimationsdruckverfahren beeintr\u00e4chtigt die Atmungsaktivit\u00e4t in keiner Weise.<br \/>\nDie Druckfarben werden Teil des Stoffes, sind nicht sp\u00fcrbar und absolut waschbar.<br \/>\nDie CoolMesh-Technologie sorgt f\u00fcr einen schnellen Feuchtigkeitstransport.<\/span><\/p>\n<p><img fetchpriority=\"high\" decoding=\"async\" class=\"alignnone size-medium wp-image-27949\" src=\"https:\/\/adventurecountrytracks.com\/wp-content\/uploads\/2022\/12\/Bildschirmfoto-2022-12-22-um-17.38.33-800x232.png\" alt=\"\" width=\"800\" height=\"232\" srcset=\"https:\/\/adventurecountrytracks.com\/wp-content\/uploads\/2022\/12\/Bildschirmfoto-2022-12-22-um-17.38.33-800x232.png 800w, https:\/\/adventurecountrytracks.com\/wp-content\/uploads\/2022\/12\/Bildschirmfoto-2022-12-22-um-17.38.33-600x174-600x174-600x174-600x174.png 600w, https:\/\/adventurecountrytracks.com\/wp-content\/uploads\/2022\/12\/Bildschirmfoto-2022-12-22-um-17.38.33-1024x297.png 1024w, https:\/\/adventurecountrytracks.com\/wp-content\/uploads\/2022\/12\/Bildschirmfoto-2022-12-22-um-17.38.33-768x223.png 768w, https:\/\/adventurecountrytracks.com\/wp-content\/uploads\/2022\/12\/Bildschirmfoto-2022-12-22-um-17.38.33-18x5.png 18w, https:\/\/adventurecountrytracks.com\/wp-content\/uploads\/2022\/12\/Bildschirmfoto-2022-12-22-um-17.38.33.png 1110w\" sizes=\"(max-width: 800px) 100vw, 800px\" \/><\/p>\n<p>100% Polyester<br \/>\nAtmungsaktiv, schnell trocknend<br \/>\nCOOLMESH-Technologie<br \/>\n\u00d6ko Tex 100<\/p>","protected":false},"excerpt":{"rendered":"<p style=\"font-weight: 400;\">Das \"Country Shirt \"Romania\" aus der Adventure Country Tracks Kollektion.<\/p>\n<p style=\"font-weight: 400;\">Du planst deinen Romania Track oder hast ihn schon gemacht?<\/p>\n<p style=\"font-weight: 400;\">","protected":false},"featured_media":31039,"comment_status":"open","ping_status":"closed","template":"","meta":{"_acf_changed":false},"product_brand":[],"product_cat":[164,166,89],"product_tag":[],"class_list":{"0":"post-30387","1":"product","2":"type-product","3":"status-publish","4":"has-post-thumbnail","6":"product_cat-act-country-shirts","7":"product_cat-act-t-shirts","8":"product_cat-apparel","9":"pa_size-4xl","10":"pa_size-3xl","11":"pa_size-s","12":"pa_size-m","13":"pa_size-l","14":"pa_size-xl","15":"pa_size-xxl","17":"first","18":"instock","19":"taxable","20":"shipping-taxable","21":"purchasable","22":"product-type-variable"},"acf":[],"_links":{"self":[{"href":"https:\/\/adventurecountrytracks.com\/de\/wp-json\/wp\/v2\/product\/30387","targetHints":{"allow":["GET"]}}],"collection":[{"href":"https:\/\/adventurecountrytracks.com\/de\/wp-json\/wp\/v2\/product"}],"about":[{"href":"https:\/\/adventurecountrytracks.com\/de\/wp-json\/wp\/v2\/types\/product"}],"replies":[{"embeddable":true,"href":"https:\/\/adventurecountrytracks.com\/de\/wp-json\/wp\/v2\/comments?post=30387"}],"wp:featuredmedia":[{"embeddable":true,"href":"https:\/\/adventurecountrytracks.com\/de\/wp-json\/wp\/v2\/media\/31039"}],"wp:attachment":[{"href":"https:\/\/adventurecountrytracks.com\/de\/wp-json\/wp\/v2\/media?parent=30387"}],"wp:term":[{"taxonomy":"product_brand","embeddable":true,"href":"https:\/\/adventurecountrytracks.com\/de\/wp-json\/wp\/v2\/product_brand?post=30387"},{"taxonomy":"product_cat","embeddable":true,"href":"https:\/\/adventurecountrytracks.com\/de\/wp-json\/wp\/v2\/product_cat?post=30387"},{"taxonomy":"product_tag","embeddable":true,"href":"https:\/\/adventurecountrytracks.com\/de\/wp-json\/wp\/v2\/product_tag?post=30387"}],"curies":[{"name":"wp","href":"https:\/\/api.w.org\/{rel}","templated":true}]}}