{"id":30636,"date":"2023-11-06T11:44:36","date_gmt":"2023-11-06T10:44:36","guid":{"rendered":"https:\/\/adventurecountrytracks.com\/product\/act-jersey-the-sky-new\/"},"modified":"2026-05-01T14:37:29","modified_gmt":"2026-05-01T12:37:29","slug":"act-jersey-the-sky-new","status":"publish","type":"product","link":"https:\/\/adventurecountrytracks.com\/de\/product\/act-jersey-the-sky-new\/","title":{"rendered":"ACT Jersey \"the sky\" NEW FIT Kollektion 2024"},"content":{"rendered":"<p><span style=\"font-weight: 400;\">Unterst\u00fctze den ACT e.V. und trage die Botschaft in die Welt hinaus. Hol dir jetzt dein Rider Jersey!<\/span><\/p>\n<p>Das Sublimationsdruckverfahren beeintr\u00e4chtigt die Atmungsaktivit\u00e4t in keiner Weise.<br \/>\nDie Druckfarben werden Teil des Stoffes, sind nicht sp\u00fcrbar und absolut waschbar.<br \/>\nDie CoolMesh-Technologie sorgt f\u00fcr einen schnellen Feuchtigkeitstransport.<\/p>\n<p><strong>Wenn du es \u00fcber einem Armer tragen willst, w\u00e4hle bitte mindestens 1 Nummer gr\u00f6\u00dfer -<\/strong><\/p>\n<p><img fetchpriority=\"high\" decoding=\"async\" class=\"alignnone size-medium wp-image-27948\" src=\"https:\/\/adventurecountrytracks.com\/wp-content\/uploads\/2022\/12\/Bildschirmfoto-2022-12-22-um-17.36.19-800x218.png\" alt=\"\" width=\"800\" height=\"218\" srcset=\"https:\/\/adventurecountrytracks.com\/wp-content\/uploads\/2022\/12\/Bildschirmfoto-2022-12-22-um-17.36.19-800x218.png 800w, https:\/\/adventurecountrytracks.com\/wp-content\/uploads\/2022\/12\/Bildschirmfoto-2022-12-22-um-17.36.19-600x163.png 600w, https:\/\/adventurecountrytracks.com\/wp-content\/uploads\/2022\/12\/Bildschirmfoto-2022-12-22-um-17.36.19-1024x279.png 1024w, https:\/\/adventurecountrytracks.com\/wp-content\/uploads\/2022\/12\/Bildschirmfoto-2022-12-22-um-17.36.19-768x209.png 768w, https:\/\/adventurecountrytracks.com\/wp-content\/uploads\/2022\/12\/Bildschirmfoto-2022-12-22-um-17.36.19-18x5.png 18w, https:\/\/adventurecountrytracks.com\/wp-content\/uploads\/2022\/12\/Bildschirmfoto-2022-12-22-um-17.36.19.png 1116w\" sizes=\"(max-width: 800px) 100vw, 800px\" \/><\/p>\n<p>100% Polyester<br \/>\nAtmungsaktiv, schnell trocknend<br \/>\nCOOLMESH-Technologie<br \/>\n\u00d6ko Tex 100<\/p>","protected":false},"excerpt":{"rendered":"<p style=\"font-weight: 400;\">Optimal <strong>neu<\/strong> Passform mit absoluter Funktion. Weniger Schwitzen, mehr Leistung auf dem Rad.<\/p>\n<p style=\"font-weight: 400;\">Auff\u00e4lliges Logo auf der R\u00fcckseite, ACT-Statement auf der Vorderseite: Ride - Respect - Enjoy. Stilisiert die urspr\u00fcnglichen Berge aus dem ACT-Logo in ihrer nat\u00fcrlichen Form, rau, wild und abgelegen, so wie eine Abenteuerstrecke sein sollte.<\/p>\n<p style=\"font-weight: 400;\">So zeigst du deine Einstellung gegen\u00fcber Menschen, Tieren und der Natur. Gem\u00e4\u00df unserem Kodex respektieren wir beim Befahren der letzten Adventure Tracks in Europa die \u00f6rtlichen Gegebenheiten und tun alles, um diese Wege zu erhalten.<\/p>","protected":false},"featured_media":28396,"comment_status":"open","ping_status":"closed","template":"","meta":{"_acf_changed":false},"product_brand":[],"product_cat":[89,165],"product_tag":[],"class_list":{"0":"post-30636","1":"product","2":"type-product","3":"status-publish","4":"has-post-thumbnail","6":"product_cat-apparel","7":"product_cat-act-originals","8":"pa_size-5xl","9":"pa_size-xs","10":"pa_size-3xl","11":"pa_size-s","12":"pa_size-m","13":"pa_size-l","14":"pa_size-xl","15":"pa_size-xxl","16":"pa_size-4xl","18":"first","19":"instock","20":"taxable","21":"shipping-taxable","22":"purchasable","23":"product-type-variable"},"acf":[],"_links":{"self":[{"href":"https:\/\/adventurecountrytracks.com\/de\/wp-json\/wp\/v2\/product\/30636","targetHints":{"allow":["GET"]}}],"collection":[{"href":"https:\/\/adventurecountrytracks.com\/de\/wp-json\/wp\/v2\/product"}],"about":[{"href":"https:\/\/adventurecountrytracks.com\/de\/wp-json\/wp\/v2\/types\/product"}],"replies":[{"embeddable":true,"href":"https:\/\/adventurecountrytracks.com\/de\/wp-json\/wp\/v2\/comments?post=30636"}],"wp:featuredmedia":[{"embeddable":true,"href":"https:\/\/adventurecountrytracks.com\/de\/wp-json\/wp\/v2\/media\/28396"}],"wp:attachment":[{"href":"https:\/\/adventurecountrytracks.com\/de\/wp-json\/wp\/v2\/media?parent=30636"}],"wp:term":[{"taxonomy":"product_brand","embeddable":true,"href":"https:\/\/adventurecountrytracks.com\/de\/wp-json\/wp\/v2\/product_brand?post=30636"},{"taxonomy":"product_cat","embeddable":true,"href":"https:\/\/adventurecountrytracks.com\/de\/wp-json\/wp\/v2\/product_cat?post=30636"},{"taxonomy":"product_tag","embeddable":true,"href":"https:\/\/adventurecountrytracks.com\/de\/wp-json\/wp\/v2\/product_tag?post=30636"}],"curies":[{"name":"wp","href":"https:\/\/api.w.org\/{rel}","templated":true}]}}