{"id":32733,"date":"2024-10-04T15:12:44","date_gmt":"2024-10-04T13:12:44","guid":{"rendered":"https:\/\/adventurecountrytracks.com\/?post_type=product&#038;p=32733"},"modified":"2025-02-18T12:25:35","modified_gmt":"2025-02-18T11:25:35","slug":"act-virtual-giftcard-25e","status":"publish","type":"product","link":"https:\/\/adventurecountrytracks.com\/de\/product\/act-virtual-giftcard-25e\/","title":{"rendered":"ACT virtuelle Geschenkkarte 25\u20ac"},"content":{"rendered":"<p>Du hast keine Ahnung, was du schenken sollst? Dann los... ein ACT-Geschenkgutschein ist immer eine gute Wahl...<\/p>","protected":false},"excerpt":{"rendered":"<p>Hier kommt die ACT-Geschenkkarte, das perfekte Geschenk f\u00fcr alle ADV-Liebhaber.<\/p>\n<p>Du kannst zwischen 25 - 500\u20ac w\u00e4hlen und es direkt als Geschenk verschicken. Wenn du es als Geschenk verschicken m\u00f6chtest, markiere bitte das K\u00e4stchen \"als Geschenk verschicken\" und gib die Adresse der Person an, der du es schenken m\u00f6chtest.<\/p>","protected":false},"featured_media":32737,"comment_status":"closed","ping_status":"closed","template":"","meta":{"_acf_changed":false},"product_brand":[],"product_cat":[170],"product_tag":[],"class_list":{"0":"post-32733","1":"product","2":"type-product","3":"status-publish","4":"has-post-thumbnail","6":"product_cat-gift-card","7":"pa_value-176","8":"pa_value-171","9":"pa_value-172","10":"pa_value-173","11":"pa_value-174","12":"pa_value-175","14":"first","15":"instock","16":"taxable","17":"shipping-taxable","18":"purchasable","19":"product-type-variable","20":"has-default-attributes"},"acf":[],"_links":{"self":[{"href":"https:\/\/adventurecountrytracks.com\/de\/wp-json\/wp\/v2\/product\/32733","targetHints":{"allow":["GET"]}}],"collection":[{"href":"https:\/\/adventurecountrytracks.com\/de\/wp-json\/wp\/v2\/product"}],"about":[{"href":"https:\/\/adventurecountrytracks.com\/de\/wp-json\/wp\/v2\/types\/product"}],"replies":[{"embeddable":true,"href":"https:\/\/adventurecountrytracks.com\/de\/wp-json\/wp\/v2\/comments?post=32733"}],"wp:featuredmedia":[{"embeddable":true,"href":"https:\/\/adventurecountrytracks.com\/de\/wp-json\/wp\/v2\/media\/32737"}],"wp:attachment":[{"href":"https:\/\/adventurecountrytracks.com\/de\/wp-json\/wp\/v2\/media?parent=32733"}],"wp:term":[{"taxonomy":"product_brand","embeddable":true,"href":"https:\/\/adventurecountrytracks.com\/de\/wp-json\/wp\/v2\/product_brand?post=32733"},{"taxonomy":"product_cat","embeddable":true,"href":"https:\/\/adventurecountrytracks.com\/de\/wp-json\/wp\/v2\/product_cat?post=32733"},{"taxonomy":"product_tag","embeddable":true,"href":"https:\/\/adventurecountrytracks.com\/de\/wp-json\/wp\/v2\/product_tag?post=32733"}],"curies":[{"name":"wp","href":"https:\/\/api.w.org\/{rel}","templated":true}]}}