{"id":32982,"date":"2024-10-29T13:46:27","date_gmt":"2024-10-29T12:46:27","guid":{"rendered":"https:\/\/adventurecountrytracks.com\/product\/act-montebania-jersey-new\/"},"modified":"2026-03-29T15:26:05","modified_gmt":"2026-03-29T13:26:05","slug":"handeln-montebania-jersey-neu","status":"publish","type":"product","link":"https:\/\/adventurecountrytracks.com\/de\/product\/act-montebania-jersey-new\/","title":{"rendered":"ACT Montebania Jersey NEW"},"content":{"rendered":"<div>\n<div>**ACT Montebania Trikot - 2024 Kollektion**<\/div>\n<div><\/div>\n<div>Das ACT Montebania Trikot kombiniert Premiumqualit\u00e4t mit einem Design, das von den Nationalfarben der beiden Offroad-Paradiese inspiriert ist, die es repr\u00e4sentiert. Ob f\u00fcr dein n\u00e4chstes Abenteuer oder als Belohnung danach, mit diesem Trikot bist du perfekt ausgestattet.<\/div>\n<div><\/div>\n<div>Inspiriert von harmonischen Farben, die den Geist des Montebania-Abenteuers widerspiegeln, wird es durch das Track-Logo auf der linken Brust und dem R\u00fccken aufgewertet - ein echter Blickfang. Der Track Name auf dem linken \u00c4rmel und das ACT-Branding auf dem rechten \u00c4rmel runden das Design pr\u00e4zise ab.<\/div>\n<div><\/div>\n<div>Dieses Trikot ist aus atmungsaktiven und strapazierf\u00e4higen Materialien gefertigt und bietet eine perfekte Passform f\u00fcr maximalen Komfort und Bewegungsfreiheit auf und neben dem Rad.<\/div>\n<div><\/div>\n<div>Mit dem ACT Montebania Trikot zeigst du nicht nur deinen Stolz, diese Strecke bezwungen zu haben, sondern r\u00fcstest dich auch f\u00fcr das n\u00e4chste Abenteuer.<\/div>\n<div><\/div>\n<div>Gr\u00f6\u00dfen ab 4XL k\u00f6nnen nur auf besondere Anfrage bestellt werden. F\u00fcr weitere Informationen sende bitte eine E-Mail an <a href=\"mailto:info@adventurecountrytracks.com\">info@adventurecountrytracks.com<\/a>.<\/div>\n<\/div>\n<div><\/div>\n<div><\/div>\n<div><img fetchpriority=\"high\" decoding=\"async\" class=\"alignnone size-medium wp-image-34674\" src=\"https:\/\/adventurecountrytracks.com\/wp-content\/uploads\/2024\/10\/Sizing-Jersey-800x217.png\" alt=\"\" width=\"800\" height=\"217\" srcset=\"https:\/\/adventurecountrytracks.com\/wp-content\/uploads\/2024\/10\/Sizing-Jersey-800x217.png 800w, https:\/\/adventurecountrytracks.com\/wp-content\/uploads\/2024\/10\/Sizing-Jersey-1024x278.png 1024w, https:\/\/adventurecountrytracks.com\/wp-content\/uploads\/2024\/10\/Sizing-Jersey-768x208.png 768w, https:\/\/adventurecountrytracks.com\/wp-content\/uploads\/2024\/10\/Sizing-Jersey-1536x417.png 1536w, https:\/\/adventurecountrytracks.com\/wp-content\/uploads\/2024\/10\/Sizing-Jersey-18x5.png 18w, https:\/\/adventurecountrytracks.com\/wp-content\/uploads\/2024\/10\/Sizing-Jersey-600x163.png 600w, https:\/\/adventurecountrytracks.com\/wp-content\/uploads\/2024\/10\/Sizing-Jersey.png 1600w\" sizes=\"(max-width: 800px) 100vw, 800px\" \/><\/div>\n<div><\/div>\n<div><\/div>\n<div>100% Polyester<br \/>\nAtmungsaktiv, schnell trocknend<br \/>\nCOOLMESH-Technologie<br \/>\n\u00d6ko Tex 100<\/div>","protected":false},"excerpt":{"rendered":"<div>**ACT Montebania Trikot - 2024 Kollektion**<\/div>\n<div><\/div>\n<div>Das ACT Montebania Trikot kombiniert Premiumqualit\u00e4t mit einem Design, das von den Nationalfarben der beiden Offroad-Paradiese inspiriert ist, die es repr\u00e4sentiert. Ob f\u00fcr dein n\u00e4chstes Abenteuer oder als Belohnung danach, mit diesem Trikot bist du perfekt ausgestattet.<\/div>","protected":false},"featured_media":32977,"comment_status":"open","ping_status":"closed","template":"","meta":{"_acf_changed":false},"product_brand":[],"product_cat":[89,164],"product_tag":[],"class_list":{"0":"post-32982","1":"product","2":"type-product","3":"status-publish","4":"has-post-thumbnail","6":"product_cat-apparel","7":"product_cat-act-country-shirts","8":"pa_size-3xl","9":"pa_size-s","10":"pa_size-m","11":"pa_size-l","12":"pa_size-xl","13":"pa_size-xxl","14":"pa_size-4xl","15":"pa_size-5xl","16":"pa_size-xs","18":"first","19":"instock","20":"taxable","21":"shipping-taxable","22":"purchasable","23":"product-type-variable"},"acf":[],"_links":{"self":[{"href":"https:\/\/adventurecountrytracks.com\/de\/wp-json\/wp\/v2\/product\/32982","targetHints":{"allow":["GET"]}}],"collection":[{"href":"https:\/\/adventurecountrytracks.com\/de\/wp-json\/wp\/v2\/product"}],"about":[{"href":"https:\/\/adventurecountrytracks.com\/de\/wp-json\/wp\/v2\/types\/product"}],"replies":[{"embeddable":true,"href":"https:\/\/adventurecountrytracks.com\/de\/wp-json\/wp\/v2\/comments?post=32982"}],"wp:featuredmedia":[{"embeddable":true,"href":"https:\/\/adventurecountrytracks.com\/de\/wp-json\/wp\/v2\/media\/32977"}],"wp:attachment":[{"href":"https:\/\/adventurecountrytracks.com\/de\/wp-json\/wp\/v2\/media?parent=32982"}],"wp:term":[{"taxonomy":"product_brand","embeddable":true,"href":"https:\/\/adventurecountrytracks.com\/de\/wp-json\/wp\/v2\/product_brand?post=32982"},{"taxonomy":"product_cat","embeddable":true,"href":"https:\/\/adventurecountrytracks.com\/de\/wp-json\/wp\/v2\/product_cat?post=32982"},{"taxonomy":"product_tag","embeddable":true,"href":"https:\/\/adventurecountrytracks.com\/de\/wp-json\/wp\/v2\/product_tag?post=32982"}],"curies":[{"name":"wp","href":"https:\/\/api.w.org\/{rel}","templated":true}]}}