{"id":33002,"date":"2024-10-29T13:46:31","date_gmt":"2024-10-29T12:46:31","guid":{"rendered":"https:\/\/adventurecountrytracks.com\/product\/act-montebania-t-shirt-new\/"},"modified":"2026-04-15T15:22:54","modified_gmt":"2026-04-15T13:22:54","slug":"act-montebania-t-shirt-neu","status":"publish","type":"product","link":"https:\/\/adventurecountrytracks.com\/de\/product\/act-montebania-t-shirt-new\/","title":{"rendered":"ACT Montebania T-Shirt NEU"},"content":{"rendered":"<div>Das ACT Montebania Riding T-Shirt bietet die perfekte Mischung aus Komfort, Strapazierf\u00e4higkeit und Stil, was es zu einem unverzichtbaren Teil f\u00fcr Offroad-Enthusiasten und Freizeitabenteurer gleicherma\u00dfen macht.<\/div>\n<div><\/div>\n<div>Dieses Shirt ist eine Hommage an den Abenteuergeist der Region und wurde von den auff\u00e4lligen Farben der ikonischen Landschaften Montebanias inspiriert. Mit dem Track-Logo auf der linken Brustseite und dem R\u00fccken ist es ein auff\u00e4lliges St\u00fcck, das deine Liebe f\u00fcr ACT-Strecken zum Ausdruck bringt.<\/div>\n<div><\/div>\n<div>Dieses T-Shirt aus weichem, atmungsaktivem Material ist leicht und dennoch robust und garantiert dauerhaften Komfort auf dem Trail und dar\u00fcber hinaus. Sein vielseitiges Design geht nahtlos von der Reitausr\u00fcstung in den Alltag \u00fcber.<\/div>\n<div><\/div>\n<div>Zeige deine Leidenschaft f\u00fcr Offroad-Abenteuer mit dem ACT Montebania Riding T-Shirt und r\u00fcste dich stilvoll f\u00fcr deine n\u00e4chste Reise.<\/div>\n<div><\/div>\n<div>Gr\u00f6\u00dfen ab 4XL k\u00f6nnen nur auf besondere Anfrage bestellt werden. F\u00fcr weitere Informationen sende bitte eine E-Mail an <a href=\"mailto:info@adventurecountrytracks.com\">info@adventurecountrytracks.com<\/a>.<\/div>\n<div><\/div>\n<div><\/div>\n<div><img fetchpriority=\"high\" decoding=\"async\" class=\"alignnone size-medium wp-image-34673\" src=\"https:\/\/adventurecountrytracks.com\/wp-content\/uploads\/2024\/10\/Bildschirmfoto-2025-06-30-um-09.27.20-800x228.png\" alt=\"\" width=\"800\" height=\"228\" srcset=\"https:\/\/adventurecountrytracks.com\/wp-content\/uploads\/2024\/10\/Bildschirmfoto-2025-06-30-um-09.27.20-800x228.png 800w, https:\/\/adventurecountrytracks.com\/wp-content\/uploads\/2024\/10\/Bildschirmfoto-2025-06-30-um-09.27.20-1024x292.png 1024w, https:\/\/adventurecountrytracks.com\/wp-content\/uploads\/2024\/10\/Bildschirmfoto-2025-06-30-um-09.27.20-768x219.png 768w, https:\/\/adventurecountrytracks.com\/wp-content\/uploads\/2024\/10\/Bildschirmfoto-2025-06-30-um-09.27.20-1536x438.png 1536w, https:\/\/adventurecountrytracks.com\/wp-content\/uploads\/2024\/10\/Bildschirmfoto-2025-06-30-um-09.27.20-18x5.png 18w, https:\/\/adventurecountrytracks.com\/wp-content\/uploads\/2024\/10\/Bildschirmfoto-2025-06-30-um-09.27.20-600x171.png 600w, https:\/\/adventurecountrytracks.com\/wp-content\/uploads\/2024\/10\/Bildschirmfoto-2025-06-30-um-09.27.20.png 1598w\" sizes=\"(max-width: 800px) 100vw, 800px\" \/><\/div>\n<div><\/div>\n<div>100% Polyester<br \/>\nAtmungsaktiv, schnell trocknend<br \/>\nCOOLMESH-Technologie<br \/>\n\u00d6ko Tex 100<\/div>","protected":false},"excerpt":{"rendered":"<p>Das ACT Montebania Riding T-Shirt bietet die perfekte Mischung aus Komfort, Strapazierf\u00e4higkeit und Stil, was es zu einem unverzichtbaren Teil f\u00fcr Offroad-Enthusiasten und Freizeitabenteurer gleicherma\u00dfen macht.<\/p>","protected":false},"featured_media":32980,"comment_status":"open","ping_status":"closed","template":"","meta":{"_acf_changed":false},"product_brand":[],"product_cat":[89,164,166],"product_tag":[],"class_list":{"0":"post-33002","1":"product","2":"type-product","3":"status-publish","4":"has-post-thumbnail","6":"product_cat-apparel","7":"product_cat-act-country-shirts","8":"product_cat-act-t-shirts","9":"pa_size-xs","10":"pa_size-3xl","11":"pa_size-s","12":"pa_size-m","13":"pa_size-l","14":"pa_size-xl","15":"pa_size-xxl","16":"pa_size-4xl","17":"pa_size-5xl","19":"first","20":"instock","21":"taxable","22":"shipping-taxable","23":"purchasable","24":"product-type-variable"},"acf":[],"_links":{"self":[{"href":"https:\/\/adventurecountrytracks.com\/de\/wp-json\/wp\/v2\/product\/33002","targetHints":{"allow":["GET"]}}],"collection":[{"href":"https:\/\/adventurecountrytracks.com\/de\/wp-json\/wp\/v2\/product"}],"about":[{"href":"https:\/\/adventurecountrytracks.com\/de\/wp-json\/wp\/v2\/types\/product"}],"replies":[{"embeddable":true,"href":"https:\/\/adventurecountrytracks.com\/de\/wp-json\/wp\/v2\/comments?post=33002"}],"wp:featuredmedia":[{"embeddable":true,"href":"https:\/\/adventurecountrytracks.com\/de\/wp-json\/wp\/v2\/media\/32980"}],"wp:attachment":[{"href":"https:\/\/adventurecountrytracks.com\/de\/wp-json\/wp\/v2\/media?parent=33002"}],"wp:term":[{"taxonomy":"product_brand","embeddable":true,"href":"https:\/\/adventurecountrytracks.com\/de\/wp-json\/wp\/v2\/product_brand?post=33002"},{"taxonomy":"product_cat","embeddable":true,"href":"https:\/\/adventurecountrytracks.com\/de\/wp-json\/wp\/v2\/product_cat?post=33002"},{"taxonomy":"product_tag","embeddable":true,"href":"https:\/\/adventurecountrytracks.com\/de\/wp-json\/wp\/v2\/product_tag?post=33002"}],"curies":[{"name":"wp","href":"https:\/\/api.w.org\/{rel}","templated":true}]}}