{"id":33022,"date":"2024-10-29T13:46:35","date_gmt":"2024-10-29T12:46:35","guid":{"rendered":"https:\/\/adventurecountrytracks.com\/product\/earpeace\/"},"modified":"2026-05-02T17:20:33","modified_gmt":"2026-05-02T15:20:33","slug":"earpeace","status":"publish","type":"product","link":"https:\/\/adventurecountrytracks.com\/de\/product\/earpeace\/","title":{"rendered":"Earpeace Ohrst\u00f6psel ACT Edition"},"content":{"rendered":"<p>Windger\u00e4usche? <strong>MOTO <\/strong>wurde mit Pr\u00e4zision entwickelt und ist auf Komfort ausgelegt. Unsere Ohrst\u00f6psel sind die Ausr\u00fcstung, von der du nicht wusstest, dass du sie brauchst. Reduziere Windger\u00e4usche und M\u00fcdigkeit. Erlebe deine beste Fahrt.<\/p>","protected":false},"excerpt":{"rendered":"<p>Windger\u00e4usche? <strong>MOTO <\/strong>wurde mit Pr\u00e4zision entwickelt und ist auf Komfort ausgelegt. Unsere Ohrst\u00f6psel sind die Ausr\u00fcstung, von der du nicht wusstest, dass du sie brauchst. Reduziere Windger\u00e4usche und M\u00fcdigkeit. Erlebe deine beste Fahrt.<\/p>\n<p>Was ist inbegriffen?<\/p>\n<p>1 Satz Ohrst\u00f6psel<br \/>\n1 Aluminium-Tragekoffer<\/p>\n<p>Pflege &amp; Verwendung<\/p>\n<p>Wische die Ohrst\u00f6psel jedes Mal, wenn du sie tr\u00e4gst, mit einem feuchten Tuch ab. Wenn sie besonders schmutzig sind, kannst du sie in warmem Seifenwasser waschen. Entferne jedoch den D\u00e4mpfungsfilter, bevor du den Geh\u00f6rschutzst\u00f6psel ins Wasser tauchst. Setze den Filter erst wieder ein, wenn der Geh\u00f6rschutzst\u00f6psel vollst\u00e4ndig getrocknet ist.<\/p>\n<p>Siehe unser\u00a0<a title=\"\/seiten\/gebrauchsanweisung\" href=\"https:\/\/www.earpeace.co.uk\/pages\/instructions-for-use\">Lehrvideo<\/a>\u00a0wie du EARPEACE richtig einsetzt.<\/p>\n<p>Hinweis: Ohrst\u00f6psel sollten bei jedem Anzeichen von Verschlei\u00df ersetzt werden.<\/p>","protected":false},"featured_media":32976,"comment_status":"open","ping_status":"closed","template":"","meta":{"_acf_changed":false},"product_brand":[],"product_cat":[89,128,129,165],"product_tag":[],"class_list":{"0":"post-33022","1":"product","2":"type-product","3":"status-publish","4":"has-post-thumbnail","6":"product_cat-apparel","7":"product_cat-act-accessories","8":"product_cat-act-gear","9":"product_cat-act-originals","11":"first","12":"instock","13":"taxable","14":"shipping-taxable","15":"purchasable","16":"product-type-simple"},"acf":[],"_links":{"self":[{"href":"https:\/\/adventurecountrytracks.com\/de\/wp-json\/wp\/v2\/product\/33022","targetHints":{"allow":["GET"]}}],"collection":[{"href":"https:\/\/adventurecountrytracks.com\/de\/wp-json\/wp\/v2\/product"}],"about":[{"href":"https:\/\/adventurecountrytracks.com\/de\/wp-json\/wp\/v2\/types\/product"}],"replies":[{"embeddable":true,"href":"https:\/\/adventurecountrytracks.com\/de\/wp-json\/wp\/v2\/comments?post=33022"}],"wp:featuredmedia":[{"embeddable":true,"href":"https:\/\/adventurecountrytracks.com\/de\/wp-json\/wp\/v2\/media\/32976"}],"wp:attachment":[{"href":"https:\/\/adventurecountrytracks.com\/de\/wp-json\/wp\/v2\/media?parent=33022"}],"wp:term":[{"taxonomy":"product_brand","embeddable":true,"href":"https:\/\/adventurecountrytracks.com\/de\/wp-json\/wp\/v2\/product_brand?post=33022"},{"taxonomy":"product_cat","embeddable":true,"href":"https:\/\/adventurecountrytracks.com\/de\/wp-json\/wp\/v2\/product_cat?post=33022"},{"taxonomy":"product_tag","embeddable":true,"href":"https:\/\/adventurecountrytracks.com\/de\/wp-json\/wp\/v2\/product_tag?post=33022"}],"curies":[{"name":"wp","href":"https:\/\/api.w.org\/{rel}","templated":true}]}}