{"id":35474,"date":"2025-10-09T09:41:32","date_gmt":"2025-10-09T07:41:32","guid":{"rendered":"https:\/\/adventurecountrytracks.com\/?post_type=product&#038;p=35474"},"modified":"2026-05-04T15:57:06","modified_gmt":"2026-05-04T13:57:06","slug":"frankreichjersey","status":"publish","type":"product","link":"https:\/\/adventurecountrytracks.com\/de\/product\/francejersey\/","title":{"rendered":"ACT Frankreich Jersey"},"content":{"rendered":"<div>\n<div>\n<p><strong>ACT Frankreich Jersey\u00a0<\/strong><\/p>\n<p>Das ACT France Trikot kombiniert Premium-Qualit\u00e4t mit einem Design, das von den Nationalfarben des Landes inspiriert ist, das dieses Abenteuer ausgel\u00f6st hat. Egal, ob du durch das franz\u00f6sische Hinterland f\u00e4hrst oder einfach nur deine Reise feierst - mit diesem Trikot bist du bestens ausger\u00fcstet.<\/p>\n<p>Das harmonische Farbschema, das den Geist von ACT France widerspiegelt, wird durch das Track-Logo auf der linken Brust und dem R\u00fccken abgerundet - ein echter Blickfang. Der Streckenname \"France\" ist auf dem linken \u00c4rmel aufgedruckt, w\u00e4hrend das ACT-Branding auf dem rechten \u00c4rmel den Look pr\u00e4zise abrundet.<\/p>\n<p>Dieses Trikot ist aus atmungsaktivem und strapazierf\u00e4higem Funktionsmaterial gefertigt und bietet eine perfekte Passform f\u00fcr maximalen Komfort und Bewegungsfreiheit - sowohl auf dem Rad als auch in der Freizeit.<\/p>\n<\/div>\n<div><\/div>\n<div>Gr\u00f6\u00dfen ab 4XL k\u00f6nnen nur auf besondere Anfrage bestellt werden. F\u00fcr weitere Informationen sende bitte eine E-Mail an <a href=\"mailto:info@adventurecountrytracks.com\">info@adventurecountrytracks.com<\/a>.<\/div>\n<\/div>\n<div><\/div>\n<div><\/div>\n<div><img fetchpriority=\"high\" decoding=\"async\" class=\"alignnone size-medium wp-image-34674\" src=\"https:\/\/adventurecountrytracks.com\/wp-content\/uploads\/2024\/10\/Sizing-Jersey-800x217.png\" alt=\"\" width=\"800\" height=\"217\" srcset=\"https:\/\/adventurecountrytracks.com\/wp-content\/uploads\/2024\/10\/Sizing-Jersey-800x217.png 800w, https:\/\/adventurecountrytracks.com\/wp-content\/uploads\/2024\/10\/Sizing-Jersey-1024x278.png 1024w, https:\/\/adventurecountrytracks.com\/wp-content\/uploads\/2024\/10\/Sizing-Jersey-768x208.png 768w, https:\/\/adventurecountrytracks.com\/wp-content\/uploads\/2024\/10\/Sizing-Jersey-1536x417.png 1536w, https:\/\/adventurecountrytracks.com\/wp-content\/uploads\/2024\/10\/Sizing-Jersey-18x5.png 18w, https:\/\/adventurecountrytracks.com\/wp-content\/uploads\/2024\/10\/Sizing-Jersey-600x163.png 600w, https:\/\/adventurecountrytracks.com\/wp-content\/uploads\/2024\/10\/Sizing-Jersey.png 1600w\" sizes=\"(max-width: 800px) 100vw, 800px\" \/><\/div>\n<div><\/div>\n<div><\/div>\n<div>100% Polyester<br \/>\nAtmungsaktiv, schnell trocknend<br \/>\nCOOLMESH-Technologie<br \/>\n\u00d6ko Tex 100<\/div>","protected":false},"excerpt":{"rendered":"<p>Das ACT France Trikot kombiniert Premium-Qualit\u00e4t mit einem Design, das von den Nationalfarben des Landes inspiriert ist, das dieses Abenteuer ausgel\u00f6st hat. Egal, ob du durch das franz\u00f6sische Hinterland f\u00e4hrst oder einfach nur deine Reise feierst - mit diesem Trikot bist du bestens ausger\u00fcstet.<\/p>","protected":false},"featured_media":35470,"comment_status":"open","ping_status":"closed","template":"","meta":{"_acf_changed":false},"product_brand":[],"product_cat":[89,164],"product_tag":[],"class_list":{"0":"post-35474","1":"product","2":"type-product","3":"status-publish","4":"has-post-thumbnail","6":"product_cat-apparel","7":"product_cat-act-country-shirts","8":"pa_size-xl","9":"pa_size-xxl","10":"pa_size-4xl","11":"pa_size-5xl","12":"pa_size-xs","13":"pa_size-3xl","14":"pa_size-s","15":"pa_size-m","16":"pa_size-l","18":"first","19":"instock","20":"taxable","21":"shipping-taxable","22":"purchasable","23":"product-type-variable"},"acf":[],"_links":{"self":[{"href":"https:\/\/adventurecountrytracks.com\/de\/wp-json\/wp\/v2\/product\/35474","targetHints":{"allow":["GET"]}}],"collection":[{"href":"https:\/\/adventurecountrytracks.com\/de\/wp-json\/wp\/v2\/product"}],"about":[{"href":"https:\/\/adventurecountrytracks.com\/de\/wp-json\/wp\/v2\/types\/product"}],"replies":[{"embeddable":true,"href":"https:\/\/adventurecountrytracks.com\/de\/wp-json\/wp\/v2\/comments?post=35474"}],"wp:featuredmedia":[{"embeddable":true,"href":"https:\/\/adventurecountrytracks.com\/de\/wp-json\/wp\/v2\/media\/35470"}],"wp:attachment":[{"href":"https:\/\/adventurecountrytracks.com\/de\/wp-json\/wp\/v2\/media?parent=35474"}],"wp:term":[{"taxonomy":"product_brand","embeddable":true,"href":"https:\/\/adventurecountrytracks.com\/de\/wp-json\/wp\/v2\/product_brand?post=35474"},{"taxonomy":"product_cat","embeddable":true,"href":"https:\/\/adventurecountrytracks.com\/de\/wp-json\/wp\/v2\/product_cat?post=35474"},{"taxonomy":"product_tag","embeddable":true,"href":"https:\/\/adventurecountrytracks.com\/de\/wp-json\/wp\/v2\/product_tag?post=35474"}],"curies":[{"name":"wp","href":"https:\/\/api.w.org\/{rel}","templated":true}]}}