{"id":35641,"date":"2025-11-07T12:04:00","date_gmt":"2025-11-07T11:04:00","guid":{"rendered":"https:\/\/adventurecountrytracks.com\/?post_type=product&#038;p=35641"},"modified":"2026-04-02T18:39:30","modified_gmt":"2026-04-02T16:39:30","slug":"act-mitgliedskalender-2026","status":"publish","type":"product","link":"https:\/\/adventurecountrytracks.com\/de\/product\/act-member-calendar-2026\/","title":{"rendered":"ACT Mitgliedskalender 2026"},"content":{"rendered":"<p data-start=\"1010\" data-end=\"1244\">Erlebe das Abenteuer anhand von zw\u00f6lf atemberaubenden Bildern aus der ACT Community!<br data-start=\"1093\" data-end=\"1096\" \/>Die <strong data-start=\"1100\" data-end=\"1128\">ACT Mitgliedskalender 2026<\/strong> zeigt die sch\u00f6nsten Momente unserer europ\u00e4ischen Strecken - von staubigen Bergp\u00e4ssen bis zu endlosen Schotterstra\u00dfen.<\/p>\n<p data-start=\"1246\" data-end=\"1366\">Jeder Kauf unterst\u00fctzt die Arbeit von <strong data-start=\"1281\" data-end=\"1314\">Adventure Country Tracks e.V.<\/strong> und tr\u00e4gt dazu bei, dass Offroadfahren in Europa legal bleibt.<\/p>\n<p>\ud83d\udce6 Die Versandkosten werden an der Kasse automatisch berechnet: 6,90 \u20ac (Deutschland) \/ 14,90 \u20ac (EU) \/ 24,90 \u20ac (International).<\/p>\n<p data-start=\"1368\" data-end=\"1587\">\ud83d\udce6 Gedruckt nur f\u00fcr best\u00e4tigte Vorbestellungen - kein Nachdruck!<br data-start=\"1477\" data-end=\"1480\" \/>\ud83d\udcd0 Format: A3 quer<br data-start=\"1503\" data-end=\"1506\" \/>\ud83d\udcf8 12 Monatsbilder + Deckblatt<\/p>\n<p data-start=\"1368\" data-end=\"1587\">Ein Muss f\u00fcr alle ACT-Mitglieder und Abenteuerreiter, die das Jahr mit Abenteuerlust beginnen wollen!<\/p>\n<p data-start=\"1368\" data-end=\"1587\">\u26a0\ufe0f <strong data-start=\"1563\" data-end=\"1596\">Belehrung \u00fcber das R\u00fccktrittsrecht<\/strong><br data-start=\"1596\" data-end=\"1599\" \/>Da der ACT Mitgliedskalender 2026 ausschlie\u00dflich auf Bestellung und in limitierter Auflage produziert wird, ist eine R\u00fccknahme oder R\u00fcckgabe nach der Bestellung nicht m\u00f6glich.<\/p>","protected":false},"excerpt":{"rendered":"<p data-start=\"125\" data-end=\"173\">\ud83d\udcf8 <em data-start=\"128\" data-end=\"171\">ACT-Mitgliederkalender 2026 - Jetzt vorbestellen!<\/em><\/p>\n<p data-start=\"180\" data-end=\"380\">Erlebe das Abenteuer anhand von zw\u00f6lf atemberaubenden Bildern aus der ACT Community.<br data-start=\"263\" data-end=\"266\" \/>Dieser A3-Landschaftskalender zeigt die atemberaubendsten Offroad-Momente von Europas Adventure Country Tracks.<\/p>\n<p data-start=\"387\" data-end=\"516\">\ud83d\udcb6 <strong data-start=\"474\" data-end=\"514\">Preis: 16,90 \u20ac (inkl. MwSt.) + Versand<\/strong><\/p>\n<p data-start=\"523\" data-end=\"588\">\u26a0\ufe0f <strong data-start=\"1563\" data-end=\"1596\">Belehrung \u00fcber das R\u00fccktrittsrecht<\/strong><br data-start=\"1596\" data-end=\"1599\" \/>Da der ACT Mitgliedskalender 2026 ausschlie\u00dflich auf Bestellung und in limitierter Auflage produziert wird, ist eine R\u00fccknahme oder R\u00fcckgabe nach der Bestellung nicht m\u00f6glich.<\/p>","protected":false},"featured_media":35651,"comment_status":"closed","ping_status":"closed","template":"","meta":{"_acf_changed":false},"product_brand":[],"product_cat":[89,126],"product_tag":[184],"class_list":{"0":"post-35641","1":"product","2":"type-product","3":"status-publish","4":"has-post-thumbnail","6":"product_cat-apparel","7":"product_cat-merchandising","8":"product_tag-calendar","9":"product_shipping_class-calendar","11":"first","12":"instock","13":"taxable","14":"shipping-taxable","15":"purchasable","16":"product-type-simple"},"acf":[],"_links":{"self":[{"href":"https:\/\/adventurecountrytracks.com\/de\/wp-json\/wp\/v2\/product\/35641","targetHints":{"allow":["GET"]}}],"collection":[{"href":"https:\/\/adventurecountrytracks.com\/de\/wp-json\/wp\/v2\/product"}],"about":[{"href":"https:\/\/adventurecountrytracks.com\/de\/wp-json\/wp\/v2\/types\/product"}],"replies":[{"embeddable":true,"href":"https:\/\/adventurecountrytracks.com\/de\/wp-json\/wp\/v2\/comments?post=35641"}],"wp:featuredmedia":[{"embeddable":true,"href":"https:\/\/adventurecountrytracks.com\/de\/wp-json\/wp\/v2\/media\/35651"}],"wp:attachment":[{"href":"https:\/\/adventurecountrytracks.com\/de\/wp-json\/wp\/v2\/media?parent=35641"}],"wp:term":[{"taxonomy":"product_brand","embeddable":true,"href":"https:\/\/adventurecountrytracks.com\/de\/wp-json\/wp\/v2\/product_brand?post=35641"},{"taxonomy":"product_cat","embeddable":true,"href":"https:\/\/adventurecountrytracks.com\/de\/wp-json\/wp\/v2\/product_cat?post=35641"},{"taxonomy":"product_tag","embeddable":true,"href":"https:\/\/adventurecountrytracks.com\/de\/wp-json\/wp\/v2\/product_tag?post=35641"}],"curies":[{"name":"wp","href":"https:\/\/api.w.org\/{rel}","templated":true}]}}