{"id":36645,"date":"2026-03-26T16:24:53","date_gmt":"2026-03-26T15:24:53","guid":{"rendered":"https:\/\/adventurecountrytracks.com\/?post_type=product&#038;p=36645"},"modified":"2026-05-11T21:55:58","modified_gmt":"2026-05-11T19:55:58","slug":"act-camp-2026","status":"publish","type":"product","link":"https:\/\/adventurecountrytracks.com\/de\/product\/act-camp-2026\/","title":{"rendered":"ACT Camp 2026"},"content":{"rendered":"<div class=\"ewa-rteLine\">\n<p><strong>02.Juli - 05.Juli 2026<\/strong><\/p>\n<p><strong>Ort: MSC Kleinhau e.V., Nideggener Str., 52393 H\u00fcrtgenwald, Deutschland<\/strong><\/p>\n<p data-start=\"62\" data-end=\"183\">Erlebe <strong data-start=\"73\" data-end=\"90\">ACT Camp 2026<\/strong> - ein einzigartiges Offroad-Event f\u00fcr alle, die Abenteuer, Herausforderungen und die ACT-Community lieben.<\/p>\n<p data-start=\"185\" data-end=\"455\">In diesem Camp dreht sich alles um <em data-start=\"208\" data-end=\"234\">Abenteuer Land Tracks<\/em>: eine anspruchsvolle Strecke, die nur f\u00fcr uns reserviert ist, echter Offroad-Spirit und ein unglaubliches Gemeinschaftsgef\u00fchl. Egal, ob du ein Anf\u00e4nger oder ein erfahrener Fahrer bist, hier findest du die perfekte Mischung aus Herausforderung, Fahrspa\u00df und Zusammenhalt.<\/p>\n<h4 data-start=\"457\" data-end=\"483\">F\u00fcr wen ist dieses Camp gedacht?<\/h4>\n<p data-start=\"484\" data-end=\"542\">Das ACT Camp richtet sich an alle Abenteuerreiter, die<\/p>\n<ul data-start=\"543\" data-end=\"631\">\n<li data-section-id=\"xadq3x\" data-start=\"543\" data-end=\"574\">ihr Fahrk\u00f6nnen zu verbessern<\/li>\n<li data-section-id=\"7iqrqd\" data-start=\"575\" data-end=\"631\">Teil einer starken und leidenschaftlichen Offroad-Gemeinschaft sein<\/li>\n<\/ul>\n<h4 data-start=\"633\" data-end=\"651\">Warum ACT Camp?<\/h4>\n<p data-start=\"652\" data-end=\"806\">Das ACT Camp ist mehr als nur ein Event - es ist eine Erfahrung, die dich mit anderen Fahrern verbindet und unvergessliche Momente fernab von asphaltierten Stra\u00dfen schafft.<\/p>\n<p data-start=\"808\" data-end=\"853\" data-is-last-node=\"\" data-is-only-node=\"\">Mach dich bereit f\u00fcr Staub, Natur und wahre Freiheit.<\/p>\n<p><strong><a href=\"https:\/\/adventurecountrytracks.com\/de\/act-camp-2023-2\/\" target=\"_blank\" rel=\"noopener\">Besuche die ACT Camp Hauptseite f\u00fcr weitere Informationen<\/a><\/strong><\/p>\n<p>159\u20ac Nicht-Mitglied Die Preise, die deiner Mitgliedschaft entsprechen, werden angezeigt, sobald du eingeloggt bist. 144\u20ac Bronze \/ 114\u20ac Silber \/ 94\u20ac Gold \/ 14,99\u20ac Platin<\/p>\n<p>Partnertickets (49\u20ac) sind in Kombination mit einem Mitgliedsticket erh\u00e4ltlich. Wir behalten uns das Recht vor, Partnertickets zu stornieren, wenn keine Mitgliedschaft f\u00fcr das Hauptticket nachgewiesen werden kann.  Das Partnerticket beinhaltet nur Camping und muss separat gekauft werden.<\/p>\n<p>1-Tages-Tickets sind vor Ort f\u00fcr 80 \u20ac erh\u00e4ltlich. Die Tagestickets beinhalten kein Camping und keine Verpflegung und m\u00fcssen bar bezahlt werden.<\/p>\n<p><strong>WICHTIG!<\/strong><\/p>\n<p>Die Verpflegung ist nicht im Preis enthalten. Bitte w\u00e4hle aus, ob du an der von MSC Kleinhau angebotenen Verpflegung (+105\u20ac) teilnehmen m\u00f6chtest oder nicht. Bitte beachte, dass MSC Kleinhau kein Catering anbieten kann, wenn du dich nicht f\u00fcr das Catering anmeldest.<\/p>\n<p>Die Teilnahmegeb\u00fchr beinhaltet<\/p>\n<ul>\n<li><span style=\"font-size: 1rem;\">Camping <\/span><\/li>\n<li><span style=\"font-size: 1rem;\">ACT-Schulung <\/span><\/li>\n<li><span style=\"font-size: 1rem;\">Testfahrten <\/span><\/li>\n<li><span style=\"font-size: 1rem;\">Workshops\u00a0<\/span><\/li>\n<li><span style=\"font-size: 1rem;\">T-Shirt <\/span><\/li>\n<li><span style=\"font-size: 1rem;\">Herausforderungen <\/span><\/li>\n<li><span style=\"font-size: 1rem;\">Motocross-Strecke von mittelschwer bis anspruchsvoll (nicht f\u00fcr Anf\u00e4nger geeignet)<\/span><\/li>\n<\/ul>\n<p>Mit deiner Anmeldung erkl\u00e4rst du dich mit den folgenden Bedingungen einverstanden. <strong>Bitte drucke die Haftungsverzichtserkl\u00e4rung aus, unterschreibe sie und bringe sie zum Camp mit.<\/strong><\/p>\n<p>- <a href=\"https:\/\/adventurecountrytracks.com\/de\/datenschutzbestimmungen\/\">Datenschutzbestimmungen<\/a><\/p>\n<p>- <a href=\"https:\/\/adventurecountrytracks.com\/wp-content\/uploads\/2026\/03\/Haftungsverzicht-Camp-2026.pdf\">Haftungsverzicht<\/a>\/Haftungsverzicht<\/p>\n<p>-<a href=\"https:\/\/adventurecountrytracks.com\/wp-content\/uploads\/2023\/06\/Teilnahmebedingungen-ACT-Camp-2026.pdf\"> Teilnahmebedingungen<\/a>\/Teilnahmebedingungen und Konditionen<\/p>\n<p>Bitte beachte: Der Ticket-Download funktioniert nur auf der englischen Seite<\/p>\n<\/div>","protected":false},"excerpt":{"rendered":"<p>Lasst uns zusammenkommen, unsere Leidenschaft feiern und dieses ACT Camp zu einem unvergesslichen Erlebnis machen!<\/p>\n<p>Das 4. ACT Camp findet vom 02.07.26 - 05.07.26 auf dem Gel\u00e4nde des MSC Kleinhau, 52393 H\u00fcrtgenwald, Deutschland statt.<br \/>\nDas Programm wird st\u00e4ndig aktualisiert, wir werden dich auf dem Laufenden halten - aber eines ist schon jetzt sicher: Wir werden gemeinsam Erinnerungen schaffen, als eine vereinte Abenteuergemeinschaft.<\/p>\n<p>Bitte beachte, dass die Verpflegung nicht im Preis enthalten ist. Bitte w\u00e4hle aus, ob du an der von MSC Kleinhau angebotenen Verpflegung (+105\u20ac) teilnehmen m\u00f6chtest oder nicht. Bitte beachte, dass MSC Kleinhau kein Catering anbieten kann, wenn du dich nicht f\u00fcr das Catering anmeldest.<\/p>\n<p>Du m\u00f6chtest deinen Freund, deine Frau, deinen Sohn oder deine Tochter mitbringen? Partnertickets (49\u20ac) sind in Kombination mit einem Mitgliedsticket erh\u00e4ltlich. Wir behalten uns das Recht vor, Partnertickets zu stornieren, wenn keine Mitgliedschaft f\u00fcr das Hauptticket nachgewiesen werden kann.  Das Partnerticket beinhaltet nur Camping.<\/p>\n<p>Der Preis, der dir angezeigt wird, ber\u00fccksichtigt bereits deine Mitgliedschaft.<\/p>\n<p>Bitte beachte: Der Ticket-Download funktioniert nur auf der englischen Seite.<\/p>","protected":false},"featured_media":36636,"comment_status":"closed","ping_status":"closed","template":"","meta":{"_acf_changed":false},"product_brand":[],"product_cat":[153],"product_tag":[],"class_list":{"0":"post-36645","1":"product","2":"type-product","3":"status-publish","4":"has-post-thumbnail","6":"product_cat-act-events","7":"pa_included-catering","8":"pa_included-just-base","10":"first","11":"instock","12":"sold-individually","13":"taxable","14":"shipping-taxable","15":"purchasable","16":"product-type-variable"},"acf":[],"_links":{"self":[{"href":"https:\/\/adventurecountrytracks.com\/de\/wp-json\/wp\/v2\/product\/36645","targetHints":{"allow":["GET"]}}],"collection":[{"href":"https:\/\/adventurecountrytracks.com\/de\/wp-json\/wp\/v2\/product"}],"about":[{"href":"https:\/\/adventurecountrytracks.com\/de\/wp-json\/wp\/v2\/types\/product"}],"replies":[{"embeddable":true,"href":"https:\/\/adventurecountrytracks.com\/de\/wp-json\/wp\/v2\/comments?post=36645"}],"wp:featuredmedia":[{"embeddable":true,"href":"https:\/\/adventurecountrytracks.com\/de\/wp-json\/wp\/v2\/media\/36636"}],"wp:attachment":[{"href":"https:\/\/adventurecountrytracks.com\/de\/wp-json\/wp\/v2\/media?parent=36645"}],"wp:term":[{"taxonomy":"product_brand","embeddable":true,"href":"https:\/\/adventurecountrytracks.com\/de\/wp-json\/wp\/v2\/product_brand?post=36645"},{"taxonomy":"product_cat","embeddable":true,"href":"https:\/\/adventurecountrytracks.com\/de\/wp-json\/wp\/v2\/product_cat?post=36645"},{"taxonomy":"product_tag","embeddable":true,"href":"https:\/\/adventurecountrytracks.com\/de\/wp-json\/wp\/v2\/product_tag?post=36645"}],"curies":[{"name":"wp","href":"https:\/\/api.w.org\/{rel}","templated":true}]}}