{"id":36791,"date":"2026-03-31T09:24:19","date_gmt":"2026-03-31T07:24:19","guid":{"rendered":"https:\/\/adventurecountrytracks.com\/?post_type=product&#038;p=36791"},"modified":"2026-04-15T15:11:01","modified_gmt":"2026-04-15T13:11:01","slug":"gravel-white","status":"publish","type":"product","link":"https:\/\/adventurecountrytracks.com\/de\/product\/gravel-white\/","title":{"rendered":"Kies Wei\u00df"},"content":{"rendered":"<div>\n<div>\n<p><strong>ACT Jersey Gravel Wei\u00df<\/strong><\/p>\n<p data-start=\"579\" data-end=\"678\">Mit dem ACT Gravel Jersey White kannst du dich auf das Abenteuer einlassen - hier trifft raues Terrain auf mutiges Design.<\/p>\n<p data-start=\"680\" data-end=\"998\">Inspiriert von der unberechenbaren Natur von Schotterpisten und abgelegenen Backcountry-Fahrten, f\u00e4ngt dieses Trikot die Essenz von Staub, Geschwindigkeit und Freiheit ein. Das auff\u00e4llige blau-wei\u00dfe Muster spiegelt die sich st\u00e4ndig ver\u00e4ndernden Landschaften aus Wasser, Himmel und Stein wider, w\u00e4hrend die roten Akzente die Leidenschaft symbolisieren, die jeden ACT-Fahrer antreibt.<\/p>\n<p data-start=\"1000\" data-end=\"1311\">Das leichte und atmungsaktive Material ist auf Leistung und Komfort ausgelegt und sorgt f\u00fcr eine optimale Luftzirkulation an hei\u00dfen Tagen, w\u00e4hrend die flexible Passform volle Bewegungsfreiheit auf und neben dem Rad erm\u00f6glicht. Egal, ob du technische Abschnitte bew\u00e4ltigst oder auf langen Schotterstra\u00dfen unterwegs bist, dieses Trikot h\u00e4lt dich k\u00fchl und konzentriert.<\/p>\n<p data-start=\"1313\" data-end=\"1424\">Mehr als nur Ausr\u00fcstung - es ist ein Statement. Ein Symbol daf\u00fcr, dass du Teil einer Gemeinschaft bist, die \u00fcber die asphaltierten Stra\u00dfen hinausgeht.<\/p>\n<p data-start=\"1426\" data-end=\"1455\"><strong data-start=\"1426\" data-end=\"1455\">Reiten. Erforschen. Mach dich schmutzig.<\/strong><\/p>\n<\/div>\n<div><\/div>\n<div>Gr\u00f6\u00dfen ab 4XL k\u00f6nnen nur auf besondere Anfrage bestellt werden. F\u00fcr weitere Informationen sende bitte eine E-Mail an <a href=\"mailto:info@adventurecountrytracks.com\">info@adventurecountrytracks.com<\/a>.<\/div>\n<\/div>\n<div><\/div>\n<div><\/div>\n<div><img fetchpriority=\"high\" decoding=\"async\" class=\"alignnone size-medium wp-image-34674\" src=\"https:\/\/adventurecountrytracks.com\/wp-content\/uploads\/2024\/10\/Sizing-Jersey-800x217.png\" alt=\"\" width=\"800\" height=\"217\" srcset=\"https:\/\/adventurecountrytracks.com\/wp-content\/uploads\/2024\/10\/Sizing-Jersey-800x217.png 800w, https:\/\/adventurecountrytracks.com\/wp-content\/uploads\/2024\/10\/Sizing-Jersey-1024x278.png 1024w, https:\/\/adventurecountrytracks.com\/wp-content\/uploads\/2024\/10\/Sizing-Jersey-768x208.png 768w, https:\/\/adventurecountrytracks.com\/wp-content\/uploads\/2024\/10\/Sizing-Jersey-1536x417.png 1536w, https:\/\/adventurecountrytracks.com\/wp-content\/uploads\/2024\/10\/Sizing-Jersey-18x5.png 18w, https:\/\/adventurecountrytracks.com\/wp-content\/uploads\/2024\/10\/Sizing-Jersey-600x163.png 600w, https:\/\/adventurecountrytracks.com\/wp-content\/uploads\/2024\/10\/Sizing-Jersey.png 1600w\" sizes=\"(max-width: 800px) 100vw, 800px\" \/><\/div>\n<div><\/div>\n<div><\/div>\n<div>100% Polyester<br \/>\nAtmungsaktiv, schnell trocknend<br \/>\nCOOLMESH-Technologie<br \/>\n\u00d6ko Tex 100<\/div>","protected":false},"excerpt":{"rendered":"<p>ACT Jersey Gravel Wei\u00df<\/p>\n<p data-start=\"579\" data-end=\"678\">Mit dem ACT Gravel Jersey White kannst du dich auf das Abenteuer einlassen - hier trifft raues Terrain auf mutiges Design.<\/p>\n<p data-start=\"1688\" data-end=\"1967\">","protected":false},"featured_media":36774,"comment_status":"open","ping_status":"closed","template":"","meta":{"_acf_changed":false},"product_brand":[],"product_cat":[89],"product_tag":[],"class_list":{"0":"post-36791","1":"product","2":"type-product","3":"status-publish","4":"has-post-thumbnail","6":"product_cat-apparel","7":"pa_size-4xl","8":"pa_size-5xl","9":"pa_size-xs","10":"pa_size-3xl","11":"pa_size-s","12":"pa_size-m","13":"pa_size-l","14":"pa_size-xl","15":"pa_size-xxl","17":"first","18":"instock","19":"taxable","20":"shipping-taxable","21":"purchasable","22":"product-type-variable"},"acf":[],"_links":{"self":[{"href":"https:\/\/adventurecountrytracks.com\/de\/wp-json\/wp\/v2\/product\/36791","targetHints":{"allow":["GET"]}}],"collection":[{"href":"https:\/\/adventurecountrytracks.com\/de\/wp-json\/wp\/v2\/product"}],"about":[{"href":"https:\/\/adventurecountrytracks.com\/de\/wp-json\/wp\/v2\/types\/product"}],"replies":[{"embeddable":true,"href":"https:\/\/adventurecountrytracks.com\/de\/wp-json\/wp\/v2\/comments?post=36791"}],"wp:featuredmedia":[{"embeddable":true,"href":"https:\/\/adventurecountrytracks.com\/de\/wp-json\/wp\/v2\/media\/36774"}],"wp:attachment":[{"href":"https:\/\/adventurecountrytracks.com\/de\/wp-json\/wp\/v2\/media?parent=36791"}],"wp:term":[{"taxonomy":"product_brand","embeddable":true,"href":"https:\/\/adventurecountrytracks.com\/de\/wp-json\/wp\/v2\/product_brand?post=36791"},{"taxonomy":"product_cat","embeddable":true,"href":"https:\/\/adventurecountrytracks.com\/de\/wp-json\/wp\/v2\/product_cat?post=36791"},{"taxonomy":"product_tag","embeddable":true,"href":"https:\/\/adventurecountrytracks.com\/de\/wp-json\/wp\/v2\/product_tag?post=36791"}],"curies":[{"name":"wp","href":"https:\/\/api.w.org\/{rel}","templated":true}]}}