{"id":36801,"date":"2026-03-31T09:31:23","date_gmt":"2026-03-31T07:31:23","guid":{"rendered":"https:\/\/adventurecountrytracks.com\/?post_type=product&#038;p=36801"},"modified":"2026-04-15T15:10:20","modified_gmt":"2026-04-15T13:10:20","slug":"gravel-teal","status":"publish","type":"product","link":"https:\/\/adventurecountrytracks.com\/de\/product\/gravel-teal\/","title":{"rendered":"Kiesente"},"content":{"rendered":"<div>\n<div>\n<p><strong>ACT Jersey Gravel Teal<\/strong><\/p>\n<p data-start=\"4211\" data-end=\"4331\">Modern, mutig und unverkennbar ACT - das Gravel Jersey in Petrol, Schwarz und Orange ist f\u00fcr Fahrer gemacht, die Grenzen \u00fcberschreiten.<\/p>\n<p data-start=\"4333\" data-end=\"4582\">Die einzigartige Farbkombination spiegelt Kontrast und Energie wider: Ruhiges Erkunden trifft auf adrenalingeladenes Fahren. Der tealfarbene Grundton erinnert an die Natur und offene Landschaften, w\u00e4hrend das leuchtende Orange den Drang unterstreicht, weiter und schneller zu fahren und Grenzen zu \u00fcberschreiten.<\/p>\n<p data-start=\"4584\" data-end=\"4810\">Leistung trifft auf Stil mit atmungsaktivem, schnell trocknendem Material und einer flexiblen Passform, die f\u00fcr lange Tage auf dem Rad entwickelt wurde. Sie h\u00e4lt dich k\u00fchl, trocken und bereit - egal, ob du technische Abschnitte erklimmst oder endlose Schotterstra\u00dfen bef\u00e4hrst.<\/p>\n<p data-start=\"4812\" data-end=\"4874\">Dieses Trikot repr\u00e4sentiert die neue Generation von Abenteuerfahrern.<\/p>\n<p data-start=\"4876\" data-end=\"4919\"><strong data-start=\"4876\" data-end=\"4919\">Grenzen verschieben. Fahre mutig. Bleib anders.<\/strong><\/p>\n<\/div>\n<div>Gr\u00f6\u00dfen ab 4XL k\u00f6nnen nur auf besondere Anfrage bestellt werden. F\u00fcr weitere Informationen sende bitte eine E-Mail an <a href=\"mailto:info@adventurecountrytracks.com\">info@adventurecountrytracks.com<\/a>.<\/div>\n<\/div>\n<div><\/div>\n<div><\/div>\n<div><img fetchpriority=\"high\" decoding=\"async\" class=\"alignnone size-medium wp-image-34674\" src=\"https:\/\/adventurecountrytracks.com\/wp-content\/uploads\/2024\/10\/Sizing-Jersey-800x217.png\" alt=\"\" width=\"800\" height=\"217\" srcset=\"https:\/\/adventurecountrytracks.com\/wp-content\/uploads\/2024\/10\/Sizing-Jersey-800x217.png 800w, https:\/\/adventurecountrytracks.com\/wp-content\/uploads\/2024\/10\/Sizing-Jersey-1024x278.png 1024w, https:\/\/adventurecountrytracks.com\/wp-content\/uploads\/2024\/10\/Sizing-Jersey-768x208.png 768w, https:\/\/adventurecountrytracks.com\/wp-content\/uploads\/2024\/10\/Sizing-Jersey-1536x417.png 1536w, https:\/\/adventurecountrytracks.com\/wp-content\/uploads\/2024\/10\/Sizing-Jersey-18x5.png 18w, https:\/\/adventurecountrytracks.com\/wp-content\/uploads\/2024\/10\/Sizing-Jersey-600x163.png 600w, https:\/\/adventurecountrytracks.com\/wp-content\/uploads\/2024\/10\/Sizing-Jersey.png 1600w\" sizes=\"(max-width: 800px) 100vw, 800px\" \/><\/div>\n<div><\/div>\n<div><\/div>\n<div>100% Polyester<br \/>\nAtmungsaktiv, schnell trocknend<br \/>\nCOOLMESH-Technologie<br \/>\n\u00d6ko Tex 100<\/div>","protected":false},"excerpt":{"rendered":"<p>ACT Jersey Gravel Teal<\/p>\n<p data-start=\"4211\" data-end=\"4331\">Modern, mutig und unverkennbar ACT - das Gravel Jersey in Petrol, Schwarz und Orange ist f\u00fcr Fahrer gemacht, die Grenzen \u00fcberschreiten.<\/p>\n<p data-start=\"1688\" data-end=\"1967\">","protected":false},"featured_media":36766,"comment_status":"open","ping_status":"closed","template":"","meta":{"_acf_changed":false},"product_brand":[],"product_cat":[89],"product_tag":[],"class_list":{"0":"post-36801","1":"product","2":"type-product","3":"status-publish","4":"has-post-thumbnail","6":"product_cat-apparel","7":"pa_size-5xl","8":"pa_size-xs","9":"pa_size-3xl","10":"pa_size-s","11":"pa_size-m","12":"pa_size-l","13":"pa_size-xl","14":"pa_size-xxl","15":"pa_size-4xl","17":"first","18":"instock","19":"taxable","20":"shipping-taxable","21":"purchasable","22":"product-type-variable"},"acf":[],"_links":{"self":[{"href":"https:\/\/adventurecountrytracks.com\/de\/wp-json\/wp\/v2\/product\/36801","targetHints":{"allow":["GET"]}}],"collection":[{"href":"https:\/\/adventurecountrytracks.com\/de\/wp-json\/wp\/v2\/product"}],"about":[{"href":"https:\/\/adventurecountrytracks.com\/de\/wp-json\/wp\/v2\/types\/product"}],"replies":[{"embeddable":true,"href":"https:\/\/adventurecountrytracks.com\/de\/wp-json\/wp\/v2\/comments?post=36801"}],"wp:featuredmedia":[{"embeddable":true,"href":"https:\/\/adventurecountrytracks.com\/de\/wp-json\/wp\/v2\/media\/36766"}],"wp:attachment":[{"href":"https:\/\/adventurecountrytracks.com\/de\/wp-json\/wp\/v2\/media?parent=36801"}],"wp:term":[{"taxonomy":"product_brand","embeddable":true,"href":"https:\/\/adventurecountrytracks.com\/de\/wp-json\/wp\/v2\/product_brand?post=36801"},{"taxonomy":"product_cat","embeddable":true,"href":"https:\/\/adventurecountrytracks.com\/de\/wp-json\/wp\/v2\/product_cat?post=36801"},{"taxonomy":"product_tag","embeddable":true,"href":"https:\/\/adventurecountrytracks.com\/de\/wp-json\/wp\/v2\/product_tag?post=36801"}],"curies":[{"name":"wp","href":"https:\/\/api.w.org\/{rel}","templated":true}]}}