{"id":36811,"date":"2026-03-31T09:37:43","date_gmt":"2026-03-31T07:37:43","guid":{"rendered":"https:\/\/adventurecountrytracks.com\/?post_type=product&#038;p=36811"},"modified":"2026-04-15T15:11:58","modified_gmt":"2026-04-15T13:11:58","slug":"gravel-forest","status":"publish","type":"product","link":"https:\/\/adventurecountrytracks.com\/de\/product\/gravel-forest\/","title":{"rendered":"Schotterwald"},"content":{"rendered":"<div>\n<div>\n<p data-start=\"3403\" data-end=\"3536\"><strong>ACT Jersey Gravel Forest <\/strong><\/p>\n<p data-start=\"3403\" data-end=\"3536\">Inspiriert von Staub, W\u00fcstenpisten und endlosen Horizonten ist das ACT Gravel Jersey in Sand und Schwarz wie gemacht f\u00fcr Fahrer, die das Unbekannte jagen.<\/p>\n<p data-start=\"3538\" data-end=\"3737\">Die erdigen T\u00f6ne spiegeln trockene Wege, felsige Pfade und abgelegene Landschaften wider, wo das wahre Abenteuer beginnt. Das robuste Design spiegelt die Spuren jeder Fahrt wider - denn schmutzig werden ist Teil der Erfahrung.<\/p>\n<p data-start=\"3739\" data-end=\"3988\">Das vielseitig einsetzbare Trikot besteht aus leichten, atmungsaktiven Materialien, die die Temperatur regulieren und Feuchtigkeit abtransportieren. Egal, ob du in der prallen Sonne f\u00e4hrst oder dich f\u00fcr k\u00fchlere Bedingungen einkleidest, es bietet gleichbleibenden Komfort und Leistung.<\/p>\n<p data-start=\"3990\" data-end=\"4028\">Das ist mehr als nur eine Ausr\u00fcstung - es ist eine Denkweise.<\/p>\n<p data-start=\"4030\" data-end=\"4089\"><strong data-start=\"4030\" data-end=\"4089\">Reite das Unbekannte. Umarme den Staub. Lebe das Abenteuer.<\/strong><\/p>\n<\/div>\n<div>Gr\u00f6\u00dfen ab 4XL k\u00f6nnen nur auf besondere Anfrage bestellt werden. F\u00fcr weitere Informationen sende bitte eine E-Mail an <a href=\"mailto:info@adventurecountrytracks.com\">info@adventurecountrytracks.com<\/a>.<\/div>\n<\/div>\n<div><\/div>\n<div><\/div>\n<div><img fetchpriority=\"high\" decoding=\"async\" class=\"alignnone size-medium wp-image-34674\" src=\"https:\/\/adventurecountrytracks.com\/wp-content\/uploads\/2024\/10\/Sizing-Jersey-800x217.png\" alt=\"\" width=\"800\" height=\"217\" srcset=\"https:\/\/adventurecountrytracks.com\/wp-content\/uploads\/2024\/10\/Sizing-Jersey-800x217.png 800w, https:\/\/adventurecountrytracks.com\/wp-content\/uploads\/2024\/10\/Sizing-Jersey-1024x278.png 1024w, https:\/\/adventurecountrytracks.com\/wp-content\/uploads\/2024\/10\/Sizing-Jersey-768x208.png 768w, https:\/\/adventurecountrytracks.com\/wp-content\/uploads\/2024\/10\/Sizing-Jersey-1536x417.png 1536w, https:\/\/adventurecountrytracks.com\/wp-content\/uploads\/2024\/10\/Sizing-Jersey-18x5.png 18w, https:\/\/adventurecountrytracks.com\/wp-content\/uploads\/2024\/10\/Sizing-Jersey-600x163.png 600w, https:\/\/adventurecountrytracks.com\/wp-content\/uploads\/2024\/10\/Sizing-Jersey.png 1600w\" sizes=\"(max-width: 800px) 100vw, 800px\" \/><\/div>\n<div><\/div>\n<div><\/div>\n<div>100% Polyester<br \/>\nAtmungsaktiv, schnell trocknend<br \/>\nCOOLMESH-Technologie<br \/>\n\u00d6ko Tex 100<\/div>","protected":false},"excerpt":{"rendered":"<p data-start=\"3403\" data-end=\"3536\"><strong>ACT Jersey Gravel Forest <\/strong><\/p>\n<p data-start=\"3403\" data-end=\"3536\">Inspiriert von Staub, W\u00fcstenpisten und endlosen Horizonten ist das ACT Gravel Jersey in Sand und Schwarz wie gemacht f\u00fcr Fahrer, die das Unbekannte jagen.<\/p>\n<p data-start=\"1688\" data-end=\"1967\">","protected":false},"featured_media":36768,"comment_status":"open","ping_status":"closed","template":"","meta":{"_acf_changed":false},"product_brand":[],"product_cat":[89],"product_tag":[],"class_list":{"0":"post-36811","1":"product","2":"type-product","3":"status-publish","4":"has-post-thumbnail","6":"product_cat-apparel","7":"pa_size-3xl","8":"pa_size-s","9":"pa_size-m","10":"pa_size-l","11":"pa_size-xl","12":"pa_size-xxl","13":"pa_size-4xl","14":"pa_size-5xl","15":"pa_size-xs","17":"first","18":"instock","19":"taxable","20":"shipping-taxable","21":"purchasable","22":"product-type-variable"},"acf":[],"_links":{"self":[{"href":"https:\/\/adventurecountrytracks.com\/de\/wp-json\/wp\/v2\/product\/36811","targetHints":{"allow":["GET"]}}],"collection":[{"href":"https:\/\/adventurecountrytracks.com\/de\/wp-json\/wp\/v2\/product"}],"about":[{"href":"https:\/\/adventurecountrytracks.com\/de\/wp-json\/wp\/v2\/types\/product"}],"replies":[{"embeddable":true,"href":"https:\/\/adventurecountrytracks.com\/de\/wp-json\/wp\/v2\/comments?post=36811"}],"wp:featuredmedia":[{"embeddable":true,"href":"https:\/\/adventurecountrytracks.com\/de\/wp-json\/wp\/v2\/media\/36768"}],"wp:attachment":[{"href":"https:\/\/adventurecountrytracks.com\/de\/wp-json\/wp\/v2\/media?parent=36811"}],"wp:term":[{"taxonomy":"product_brand","embeddable":true,"href":"https:\/\/adventurecountrytracks.com\/de\/wp-json\/wp\/v2\/product_brand?post=36811"},{"taxonomy":"product_cat","embeddable":true,"href":"https:\/\/adventurecountrytracks.com\/de\/wp-json\/wp\/v2\/product_cat?post=36811"},{"taxonomy":"product_tag","embeddable":true,"href":"https:\/\/adventurecountrytracks.com\/de\/wp-json\/wp\/v2\/product_tag?post=36811"}],"curies":[{"name":"wp","href":"https:\/\/api.w.org\/{rel}","templated":true}]}}