{"id":36821,"date":"2026-03-31T09:44:01","date_gmt":"2026-03-31T07:44:01","guid":{"rendered":"https:\/\/adventurecountrytracks.com\/?post_type=product&#038;p=36821"},"modified":"2026-04-15T15:04:26","modified_gmt":"2026-04-15T13:04:26","slug":"gravel-green","status":"publish","type":"product","link":"https:\/\/adventurecountrytracks.com\/de\/product\/gravel-green\/","title":{"rendered":"Kies Gr\u00fcn"},"content":{"rendered":"<div>\n<div>\n<p data-start=\"3403\" data-end=\"3536\"><strong>ACT Jersey Gravel Gr\u00fcn<\/strong><\/p>\n<p data-start=\"2474\" data-end=\"2622\">Das ACT Gravel Jersey in Gr\u00fcn und Schwarz f\u00fcgt sich in die Natur ein und hebt sich gleichzeitig von der Masse ab.<\/p>\n<p data-start=\"2624\" data-end=\"2879\">Inspiriert von dichten W\u00e4ldern, versteckten Pfaden und unber\u00fchrten Landschaften, spiegelt dieses Trikot die raue Sch\u00f6nheit der Umgebungen wider, durch die du f\u00e4hrst. Die tiefen Gr\u00fcnt\u00f6ne verbinden dich mit der Natur, w\u00e4hrend das robuste Muster von Schlamm, Staub und Abenteuer erz\u00e4hlt.<\/p>\n<p data-start=\"2881\" data-end=\"3167\">Das atmungsaktive Material ist auf Leistung ausgelegt und sorgt f\u00fcr hervorragende Bel\u00fcftung und Feuchtigkeitsregulierung, damit du dich auch an langen Tagen im Sattel wohl f\u00fchlst. Die flexible Konstruktion passt sich deinen Bewegungen an, egal ob du auf engen Waldwegen oder weiten Schotterstra\u00dfen unterwegs bist.<\/p>\n<p data-start=\"3169\" data-end=\"3227\">Dieses Trikot ist nicht nur ein Kleidungsst\u00fcck - es ist ein Teil deiner Reise.<\/p>\n<\/div>\n<div>Gr\u00f6\u00dfen ab 4XL k\u00f6nnen nur auf besondere Anfrage bestellt werden. F\u00fcr weitere Informationen sende bitte eine E-Mail an <a href=\"mailto:info@adventurecountrytracks.com\">info@adventurecountrytracks.com<\/a>.<\/div>\n<\/div>\n<div><\/div>\n<div><\/div>\n<div><img fetchpriority=\"high\" decoding=\"async\" class=\"alignnone size-medium wp-image-34674\" src=\"https:\/\/adventurecountrytracks.com\/wp-content\/uploads\/2024\/10\/Sizing-Jersey-800x217.png\" alt=\"\" width=\"800\" height=\"217\" srcset=\"https:\/\/adventurecountrytracks.com\/wp-content\/uploads\/2024\/10\/Sizing-Jersey-800x217.png 800w, https:\/\/adventurecountrytracks.com\/wp-content\/uploads\/2024\/10\/Sizing-Jersey-1024x278.png 1024w, https:\/\/adventurecountrytracks.com\/wp-content\/uploads\/2024\/10\/Sizing-Jersey-768x208.png 768w, https:\/\/adventurecountrytracks.com\/wp-content\/uploads\/2024\/10\/Sizing-Jersey-1536x417.png 1536w, https:\/\/adventurecountrytracks.com\/wp-content\/uploads\/2024\/10\/Sizing-Jersey-18x5.png 18w, https:\/\/adventurecountrytracks.com\/wp-content\/uploads\/2024\/10\/Sizing-Jersey-600x163.png 600w, https:\/\/adventurecountrytracks.com\/wp-content\/uploads\/2024\/10\/Sizing-Jersey.png 1600w\" sizes=\"(max-width: 800px) 100vw, 800px\" \/><\/div>\n<div><\/div>\n<div><\/div>\n<div>100% Polyester<br \/>\nAtmungsaktiv, schnell trocknend<br \/>\nCOOLMESH-Technologie<br \/>\n\u00d6ko Tex 100<\/div>","protected":false},"excerpt":{"rendered":"<p data-start=\"3403\" data-end=\"3536\"><strong>ACT Jersey Gravel Gr\u00fcn<\/strong><\/p>\n<p data-start=\"2474\" data-end=\"2622\">Das ACT Gravel Jersey in Gr\u00fcn und Schwarz f\u00fcgt sich in die Natur ein und hebt sich gleichzeitig von der Masse ab.<\/p>","protected":false},"featured_media":36770,"comment_status":"open","ping_status":"closed","template":"","meta":{"_acf_changed":false},"product_brand":[],"product_cat":[89],"product_tag":[],"class_list":{"0":"post-36821","1":"product","2":"type-product","3":"status-publish","4":"has-post-thumbnail","6":"product_cat-apparel","7":"pa_size-5xl","8":"pa_size-xs","9":"pa_size-3xl","10":"pa_size-s","11":"pa_size-m","12":"pa_size-l","13":"pa_size-xl","14":"pa_size-xxl","15":"pa_size-4xl","17":"first","18":"instock","19":"taxable","20":"shipping-taxable","21":"purchasable","22":"product-type-variable"},"acf":[],"_links":{"self":[{"href":"https:\/\/adventurecountrytracks.com\/de\/wp-json\/wp\/v2\/product\/36821","targetHints":{"allow":["GET"]}}],"collection":[{"href":"https:\/\/adventurecountrytracks.com\/de\/wp-json\/wp\/v2\/product"}],"about":[{"href":"https:\/\/adventurecountrytracks.com\/de\/wp-json\/wp\/v2\/types\/product"}],"replies":[{"embeddable":true,"href":"https:\/\/adventurecountrytracks.com\/de\/wp-json\/wp\/v2\/comments?post=36821"}],"wp:featuredmedia":[{"embeddable":true,"href":"https:\/\/adventurecountrytracks.com\/de\/wp-json\/wp\/v2\/media\/36770"}],"wp:attachment":[{"href":"https:\/\/adventurecountrytracks.com\/de\/wp-json\/wp\/v2\/media?parent=36821"}],"wp:term":[{"taxonomy":"product_brand","embeddable":true,"href":"https:\/\/adventurecountrytracks.com\/de\/wp-json\/wp\/v2\/product_brand?post=36821"},{"taxonomy":"product_cat","embeddable":true,"href":"https:\/\/adventurecountrytracks.com\/de\/wp-json\/wp\/v2\/product_cat?post=36821"},{"taxonomy":"product_tag","embeddable":true,"href":"https:\/\/adventurecountrytracks.com\/de\/wp-json\/wp\/v2\/product_tag?post=36821"}],"curies":[{"name":"wp","href":"https:\/\/api.w.org\/{rel}","templated":true}]}}