{"id":23910,"date":"2019-04-07T22:19:06","date_gmt":"2019-04-07T20:19:06","guid":{"rendered":"https:\/\/www.adventurecountrytracks.com\/?page_id=23910"},"modified":"2023-01-25T18:33:38","modified_gmt":"2023-01-25T17:33:38","slug":"versammlungen","status":"publish","type":"page","link":"https:\/\/adventurecountrytracks.com\/es\/versammlungen\/","title":{"rendered":"Protocolos"},"content":{"rendered":"<div data-elementor-type=\"wp-page\" data-elementor-id=\"23910\" class=\"elementor elementor-23910\" data-elementor-post-type=\"page\">\n\t\t\t\t\t\t<section class=\"elementor-section elementor-top-section elementor-element elementor-element-330438ad elementor-section-height-min-height elementor-section-boxed elementor-section-height-default elementor-section-items-middle\" data-id=\"330438ad\" data-element_type=\"section\" data-e-type=\"section\" data-settings=\"{&quot;background_background&quot;:&quot;classic&quot;,&quot;shape_divider_bottom&quot;:&quot;triangle&quot;,&quot;shape_divider_bottom_negative&quot;:&quot;yes&quot;}\">\n\t\t\t\t\t\t\t<div class=\"elementor-background-overlay\"><\/div>\n\t\t\t\t\t\t<div class=\"elementor-shape elementor-shape-bottom\" aria-hidden=\"true\" data-negative=\"true\">\n\t\t\t<svg xmlns=\"http:\/\/www.w3.org\/2000\/svg\" viewbox=\"0 0 1000 100\" preserveaspectratio=\"none\">\n\t<path class=\"elementor-shape-fill\" d=\"M500.2,94.7L0,0v100h1000V0L500.2,94.7z\"\/>\n<\/svg>\t\t<\/div>\n\t\t\t\t\t<div class=\"elementor-container elementor-column-gap-default\">\n\t\t\t\t\t<div class=\"elementor-column elementor-col-100 elementor-top-column elementor-element elementor-element-11af0f02\" data-id=\"11af0f02\" data-element_type=\"column\" data-e-type=\"column\">\n\t\t\t<div class=\"elementor-widget-wrap elementor-element-populated\">\n\t\t\t\t\t\t<div class=\"elementor-element elementor-element-5ba1f718 elementor-widget elementor-widget-heading\" data-id=\"5ba1f718\" data-element_type=\"widget\" data-e-type=\"widget\" data-widget_type=\"heading.default\">\n\t\t\t\t<div class=\"elementor-widget-container\">\n\t\t\t\t\t<h2 class=\"elementor-heading-title elementor-size-default\">PROTOCOLOS<\/h2>\t\t\t\t<\/div>\n\t\t\t\t<\/div>\n\t\t\t\t\t<\/div>\n\t\t<\/div>\n\t\t\t\t\t<\/div>\n\t\t<\/section>\n\t\t\t\t<section class=\"elementor-section elementor-top-section elementor-element elementor-element-3b0a38c9 elementor-section-boxed elementor-section-height-default elementor-section-height-default\" data-id=\"3b0a38c9\" data-element_type=\"section\" data-e-type=\"section\" data-settings=\"{&quot;background_background&quot;:&quot;classic&quot;}\">\n\t\t\t\t\t\t<div class=\"elementor-container elementor-column-gap-default\">\n\t\t\t\t\t<div class=\"elementor-column elementor-col-100 elementor-top-column elementor-element elementor-element-70aa6b3f\" data-id=\"70aa6b3f\" data-element_type=\"column\" data-e-type=\"column\">\n\t\t\t<div class=\"elementor-widget-wrap elementor-element-populated\">\n\t\t\t\t\t\t<div class=\"elementor-element elementor-element-280494ef elementor-widget elementor-widget-image-box\" data-id=\"280494ef\" data-element_type=\"widget\" data-e-type=\"widget\" data-widget_type=\"image-box.default\">\n\t\t\t\t<div class=\"elementor-widget-container\">\n\t\t\t\t\t<div class=\"elementor-image-box-wrapper\"><div class=\"elementor-image-box-content\"><h3 class=\"elementor-image-box-title\"><a href=\"https:\/\/adventurecountrytracks.com\/wp-content\/uploads\/2022\/10\/Protokoll-JHV-2022.ohne-Unterschriften.pdf\" target=\"_blank\" rel=\"nofollow\">Asamblea General Anual <\/a><\/h3><p class=\"elementor-image-box-description\">2022<\/p><\/div><\/div>\t\t\t\t<\/div>\n\t\t\t\t<\/div>\n\t\t\t\t\t<\/div>\n\t\t<\/div>\n\t\t\t\t\t<\/div>\n\t\t<\/section>\n\t\t\t\t<section class=\"elementor-section elementor-top-section elementor-element elementor-element-3503a16 elementor-section-boxed elementor-section-height-default elementor-section-height-default\" data-id=\"3503a16\" data-element_type=\"section\" data-e-type=\"section\" data-settings=\"{&quot;background_background&quot;:&quot;classic&quot;}\">\n\t\t\t\t\t\t<div class=\"elementor-container elementor-column-gap-default\">\n\t\t\t\t\t<div class=\"elementor-column elementor-col-100 elementor-top-column elementor-element elementor-element-3fa207e\" data-id=\"3fa207e\" data-element_type=\"column\" data-e-type=\"column\">\n\t\t\t<div class=\"elementor-widget-wrap elementor-element-populated\">\n\t\t\t\t\t\t<div class=\"elementor-element elementor-element-e6eb51b elementor-widget elementor-widget-image-box\" data-id=\"e6eb51b\" data-element_type=\"widget\" data-e-type=\"widget\" data-widget_type=\"image-box.default\">\n\t\t\t\t<div class=\"elementor-widget-container\">\n\t\t\t\t\t<div class=\"elementor-image-box-wrapper\"><div class=\"elementor-image-box-content\"><h3 class=\"elementor-image-box-title\"><a href=\"https:\/\/adventurecountrytracks.com\/wp-content\/uploads\/2022\/02\/ACT-Hauptversammlung-Protokoll-16.12.2021.pdf\" target=\"_blank\" rel=\"nofollow\">Asamblea General Anual <\/a><\/h3><p class=\"elementor-image-box-description\">2021<\/p><\/div><\/div>\t\t\t\t<\/div>\n\t\t\t\t<\/div>\n\t\t\t\t\t<\/div>\n\t\t<\/div>\n\t\t\t\t\t<\/div>\n\t\t<\/section>\n\t\t\t\t<section class=\"elementor-section elementor-top-section elementor-element elementor-element-565b57d elementor-section-boxed elementor-section-height-default elementor-section-height-default\" data-id=\"565b57d\" data-element_type=\"section\" data-e-type=\"section\" data-settings=\"{&quot;background_background&quot;:&quot;classic&quot;}\">\n\t\t\t\t\t\t<div class=\"elementor-container elementor-column-gap-default\">\n\t\t\t\t\t<div class=\"elementor-column elementor-col-100 elementor-top-column elementor-element elementor-element-a6488e1\" data-id=\"a6488e1\" data-element_type=\"column\" data-e-type=\"column\">\n\t\t\t<div class=\"elementor-widget-wrap elementor-element-populated\">\n\t\t\t\t\t\t<div class=\"elementor-element elementor-element-dd78a25 elementor-widget elementor-widget-image-box\" data-id=\"dd78a25\" data-element_type=\"widget\" data-e-type=\"widget\" data-widget_type=\"image-box.default\">\n\t\t\t\t<div class=\"elementor-widget-container\">\n\t\t\t\t\t<div class=\"elementor-image-box-wrapper\"><div class=\"elementor-image-box-content\"><h3 class=\"elementor-image-box-title\"><a href=\"https:\/\/adventurecountrytracks.com\/wp-content\/uploads\/2021\/01\/ACT-Hauptversammlung-Protokoll-14.12.2020-2.pdf\" target=\"_blank\" rel=\"nofollow\">Asamblea General Anual <\/a><\/h3><p class=\"elementor-image-box-description\">2020<\/p><\/div><\/div>\t\t\t\t<\/div>\n\t\t\t\t<\/div>\n\t\t\t\t\t<\/div>\n\t\t<\/div>\n\t\t\t\t\t<\/div>\n\t\t<\/section>\n\t\t\t\t<section class=\"elementor-section elementor-top-section elementor-element elementor-element-eeebc8b elementor-section-boxed elementor-section-height-default elementor-section-height-default\" data-id=\"eeebc8b\" data-element_type=\"section\" data-e-type=\"section\" data-settings=\"{&quot;background_background&quot;:&quot;classic&quot;}\">\n\t\t\t\t\t\t<div class=\"elementor-container elementor-column-gap-default\">\n\t\t\t\t\t<div class=\"elementor-column elementor-col-100 elementor-top-column elementor-element elementor-element-2e9ef0f\" data-id=\"2e9ef0f\" data-element_type=\"column\" data-e-type=\"column\">\n\t\t\t<div class=\"elementor-widget-wrap elementor-element-populated\">\n\t\t\t\t\t\t<div class=\"elementor-element elementor-element-7eb2d97 elementor-widget elementor-widget-image-box\" data-id=\"7eb2d97\" data-element_type=\"widget\" data-e-type=\"widget\" data-widget_type=\"image-box.default\">\n\t\t\t\t<div class=\"elementor-widget-container\">\n\t\t\t\t\t<div class=\"elementor-image-box-wrapper\"><div class=\"elementor-image-box-content\"><h3 class=\"elementor-image-box-title\"><a href=\"https:\/\/adventurecountrytracks.com\/wp-content\/uploads\/2019\/04\/Protokoll-27.2.2019-Hauptversammlung.pdf\" target=\"_blank\" rel=\"nofollow\">Asamblea General Anual <\/a><\/h3><p class=\"elementor-image-box-description\">2019<\/p><\/div><\/div>\t\t\t\t<\/div>\n\t\t\t\t<\/div>\n\t\t\t\t\t<\/div>\n\t\t<\/div>\n\t\t\t\t\t<\/div>\n\t\t<\/section>\n\t\t\t\t<section class=\"elementor-section elementor-top-section elementor-element elementor-element-c4e9dac elementor-section-boxed elementor-section-height-default elementor-section-height-default\" data-id=\"c4e9dac\" data-element_type=\"section\" data-e-type=\"section\" data-settings=\"{&quot;background_background&quot;:&quot;classic&quot;}\">\n\t\t\t\t\t\t<div class=\"elementor-container elementor-column-gap-default\">\n\t\t\t\t\t<div class=\"elementor-column elementor-col-100 elementor-top-column elementor-element elementor-element-6e57ece\" data-id=\"6e57ece\" data-element_type=\"column\" data-e-type=\"column\">\n\t\t\t<div class=\"elementor-widget-wrap elementor-element-populated\">\n\t\t\t\t\t\t<div class=\"elementor-element elementor-element-6741619 elementor-widget elementor-widget-image-box\" data-id=\"6741619\" data-element_type=\"widget\" data-e-type=\"widget\" data-widget_type=\"image-box.default\">\n\t\t\t\t<div class=\"elementor-widget-container\">\n\t\t\t\t\t<div class=\"elementor-image-box-wrapper\"><div class=\"elementor-image-box-content\"><h3 class=\"elementor-image-box-title\"><a href=\"https:\/\/adventurecountrytracks.com\/wp-content\/uploads\/2020\/01\/Protokoll-ACT-Meeting-Sitza\u0308nderung-15.1.2020.pdf\" target=\"_blank\" rel=\"nofollow\">Cambio del lugar de la reuni\u00f3n<\/a><\/h3><p class=\"elementor-image-box-description\">2019<\/p><\/div><\/div>\t\t\t\t<\/div>\n\t\t\t\t<\/div>\n\t\t\t\t\t<\/div>\n\t\t<\/div>\n\t\t\t\t\t<\/div>\n\t\t<\/section>\n\t\t\t\t<\/div>","protected":false},"excerpt":{"rendered":"<p>PROTOCOLOS Reuni\u00f3n General Anual 2022 Reuni\u00f3n General Anual 2021 Reuni\u00f3n General Anual 2020 Reuni\u00f3n General Anual 2019 Cambio de Lugar de Reuni\u00f3n 2019<\/p>","protected":false},"author":4854,"featured_media":0,"parent":0,"menu_order":0,"comment_status":"closed","ping_status":"closed","template":"","meta":{"_acf_changed":false,"footnotes":""},"class_list":["post-23910","page","type-page","status-publish","hentry"],"acf":[],"_links":{"self":[{"href":"https:\/\/adventurecountrytracks.com\/es\/wp-json\/wp\/v2\/pages\/23910","targetHints":{"allow":["GET"]}}],"collection":[{"href":"https:\/\/adventurecountrytracks.com\/es\/wp-json\/wp\/v2\/pages"}],"about":[{"href":"https:\/\/adventurecountrytracks.com\/es\/wp-json\/wp\/v2\/types\/page"}],"author":[{"embeddable":true,"href":"https:\/\/adventurecountrytracks.com\/es\/wp-json\/wp\/v2\/users\/4854"}],"replies":[{"embeddable":true,"href":"https:\/\/adventurecountrytracks.com\/es\/wp-json\/wp\/v2\/comments?post=23910"}],"version-history":[{"count":10,"href":"https:\/\/adventurecountrytracks.com\/es\/wp-json\/wp\/v2\/pages\/23910\/revisions"}],"predecessor-version":[{"id":28225,"href":"https:\/\/adventurecountrytracks.com\/es\/wp-json\/wp\/v2\/pages\/23910\/revisions\/28225"}],"wp:attachment":[{"href":"https:\/\/adventurecountrytracks.com\/es\/wp-json\/wp\/v2\/media?parent=23910"}],"curies":[{"name":"wp","href":"https:\/\/api.w.org\/{rel}","templated":true}]}}