{"id":25005,"date":"2022-01-29T17:29:03","date_gmt":"2022-01-29T16:29:03","guid":{"rendered":"https:\/\/live.adventurecountrytracks.com\/?page_id=25005"},"modified":"2025-03-17T10:31:04","modified_gmt":"2025-03-17T09:31:04","slug":"imprimir","status":"publish","type":"page","link":"https:\/\/adventurecountrytracks.com\/es\/imprint\/","title":{"rendered":"Pie de imprenta"},"content":{"rendered":"<div data-elementor-type=\"wp-page\" data-elementor-id=\"25005\" class=\"elementor elementor-25005\" data-elementor-post-type=\"page\">\n\t\t\t\t\t\t<section class=\"elementor-section elementor-top-section elementor-element elementor-element-1b402578 elementor-section-height-min-height elementor-section-boxed elementor-section-height-default elementor-section-items-middle\" data-id=\"1b402578\" data-element_type=\"section\" data-e-type=\"section\" data-settings=\"{&quot;background_background&quot;:&quot;classic&quot;}\">\n\t\t\t\t\t\t<div class=\"elementor-container elementor-column-gap-default\">\n\t\t\t\t\t<div class=\"elementor-column elementor-col-100 elementor-top-column elementor-element elementor-element-9d95d36\" data-id=\"9d95d36\" data-element_type=\"column\" data-e-type=\"column\">\n\t\t\t<div class=\"elementor-widget-wrap\">\n\t\t\t\t\t\t\t<\/div>\n\t\t<\/div>\n\t\t\t\t\t<\/div>\n\t\t<\/section>\n\t\t\t\t<section class=\"elementor-section elementor-top-section elementor-element elementor-element-d2594b4 elementor-section-boxed elementor-section-height-default elementor-section-height-default\" data-id=\"d2594b4\" data-element_type=\"section\" data-e-type=\"section\">\n\t\t\t\t\t\t<div class=\"elementor-container elementor-column-gap-default\">\n\t\t\t\t\t<div class=\"elementor-column elementor-col-100 elementor-top-column elementor-element elementor-element-334c76a9\" data-id=\"334c76a9\" data-element_type=\"column\" data-e-type=\"column\">\n\t\t\t<div class=\"elementor-widget-wrap elementor-element-populated\">\n\t\t\t\t\t\t<div class=\"elementor-element elementor-element-718bbd7 elementor-widget elementor-widget-heading\" data-id=\"718bbd7\" data-element_type=\"widget\" data-e-type=\"widget\" data-widget_type=\"heading.default\">\n\t\t\t\t<div class=\"elementor-widget-container\">\n\t\t\t\t\t<h2 class=\"elementor-heading-title elementor-size-default\">Pie de imprenta<\/h2>\t\t\t\t<\/div>\n\t\t\t\t<\/div>\n\t\t\t\t<div class=\"elementor-element elementor-element-a513a88 elementor-widget elementor-widget-text-editor\" data-id=\"a513a88\" data-element_type=\"widget\" data-e-type=\"widget\" data-widget_type=\"text-editor.default\">\n\t\t\t\t<div class=\"elementor-widget-container\">\n\t\t\t\t\t\t\t\t\t<p><b>Informaci\u00f3n seg\u00fan \u00a7 18 p\u00e1rr. 2 Medienstaatsvertrag <\/b><\/p><p>ACT Aventura Caminos Rurales e.V.<br \/>Martin Wickert, Mirko Nagler, \u00c9lvio Andrade<br \/>K\u00f6lnerstr. 95<br \/>51515 K\u00fcrten<br \/>Alemania<\/p><p><b>Representado por:<\/b> Martin Wickert, Mirko Nagler, \u00c9lvio Andrade<\/p><p><b>Contacto:<\/b><br \/>E-Mail: <a href=\"mailto:info@adventurecountrytracks.com\">info@adventurecountrytracks.com<\/a><\/p><p><b>Registra tu entrada:<\/b><br \/>Registro: Registro de la Asociaci\u00f3n<br \/>Lugar de registro: Amtsgericht K\u00f6ln<br \/>N\u00famero de registro: VR 19626<\/p><p>IVA UE: DE323773916<\/p><p>DE N\u00famero de IVA 116\/246\/00675<\/p><p><b>Responsable del contenido seg\u00fan \u00a7 55 Abs. 2 RStV:<\/b><br \/>Martin Wickert, Mirko Nagler, \u00c9lvio Andrade<br \/>K\u00f6lnerstr. 95<br \/>51515 K\u00fcrten<br \/>Alemania<\/p><p><b>Descargo de responsabilidad<\/b><\/p><p><b>Responsabilidad de los enlaces:<\/b><br \/>Nuestra oferta contiene enlaces a sitios web externos de terceros, sobre cuyos contenidos no tenemos ninguna influencia. Por lo tanto, no podemos asumir ninguna responsabilidad por estos contenidos externos. El respectivo proveedor u operador de las p\u00e1ginas es siempre responsable de los contenidos de las p\u00e1ginas enlazadas. Las p\u00e1ginas enlazadas se comprobaron en el momento de enlazarlas para detectar posibles infracciones legales. No se identificaron contenidos ilegales en el momento de establecer el enlace. Sin embargo, un control permanente de los contenidos de las p\u00e1ginas enlazadas no es razonable sin pruebas concretas de una infracci\u00f3n de la ley. Si tenemos conocimiento de alguna infracci\u00f3n, eliminaremos dichos enlaces inmediatamente.<\/p><p><b>Responsabilidad por el contenido:<\/b><br \/>Los contenidos de nuestras p\u00e1ginas se han creado con el mayor cuidado. Sin embargo, no podemos asumir ninguna responsabilidad por la exactitud, integridad y actualidad de los contenidos. Como proveedor de servicios, somos responsables de nuestro propio contenido en estas p\u00e1ginas, de acuerdo con el \u00a7 7 p\u00e1rr. 1 TMG (Ley alemana de Telemedios) y las leyes generales. Seg\u00fan los \u00a7 8 a 10 de la TMG, no estamos obligados a controlar la informaci\u00f3n transmitida o almacenada de terceros ni a investigar circunstancias que indiquen una actividad ilegal. Las obligaciones de eliminar o bloquear el uso de informaci\u00f3n seg\u00fan las leyes generales no se ven afectadas. Sin embargo, la responsabilidad a este respecto s\u00f3lo es posible a partir del momento en que se tiene conocimiento de una infracci\u00f3n concreta. Si tenemos conocimiento de alguna infracci\u00f3n de este tipo, eliminaremos inmediatamente el contenido en cuesti\u00f3n.<\/p><p><b>Derechos de autor<\/b><br \/>Los contenidos y obras de estas p\u00e1ginas creados por los operadores del sitio est\u00e1n sujetos a la legislaci\u00f3n alemana sobre derechos de autor. La duplicaci\u00f3n, edici\u00f3n, distribuci\u00f3n y cualquier tipo de utilizaci\u00f3n fuera de los l\u00edmites de la ley de derechos de autor requieren el consentimiento por escrito del respectivo autor o creador. Las descargas y copias de estas p\u00e1ginas s\u00f3lo est\u00e1n permitidas para uso privado y no comercial. En la medida en que el contenido de este sitio no haya sido creado por el operador, se respetan los derechos de autor de terceros. En particular, los contenidos de terceros se identifican como tales. No obstante, si tuvieras conocimiento de una infracci\u00f3n de los derechos de autor, te rogamos que nos lo comuniques. Si tenemos conocimiento de alguna infracci\u00f3n, eliminaremos dichos contenidos inmediatamente.<\/p>\t\t\t\t\t\t\t\t<\/div>\n\t\t\t\t<\/div>\n\t\t\t\t\t<\/div>\n\t\t<\/div>\n\t\t\t\t\t<\/div>\n\t\t<\/section>\n\t\t\t\t<\/div>","protected":false},"excerpt":{"rendered":"<p>Imprint Information according to \u00a7 18 para. 2 Medienstaatsvertrag ACT Adventure Country Tracks e.V.Martin Wickert, Mirko Nagler, \u00c9lvio AndradeK\u00f6lnerstr. 9551515 K\u00fcrtenGermany Represented by: Martin Wickert, Mirko Nagler, \u00c9lvio Andrade Contact:E-Mail: info@adventurecountrytracks.com Register Entry:Register: Association registerRegister Location: Amtsgericht K\u00f6lnRegistration Number: VR 19626 EU VAT: DE323773916 DE VAT-Nr. 116\/246\/00675 Responsible for the content according to \u00a7 55 [&hellip;]<\/p>\n","protected":false},"author":10043,"featured_media":0,"parent":0,"menu_order":0,"comment_status":"closed","ping_status":"closed","template":"elementor_header_footer","meta":{"_acf_changed":false,"footnotes":""},"class_list":["post-25005","page","type-page","status-publish","hentry"],"acf":[],"_links":{"self":[{"href":"https:\/\/adventurecountrytracks.com\/es\/wp-json\/wp\/v2\/pages\/25005","targetHints":{"allow":["GET"]}}],"collection":[{"href":"https:\/\/adventurecountrytracks.com\/es\/wp-json\/wp\/v2\/pages"}],"about":[{"href":"https:\/\/adventurecountrytracks.com\/es\/wp-json\/wp\/v2\/types\/page"}],"author":[{"embeddable":true,"href":"https:\/\/adventurecountrytracks.com\/es\/wp-json\/wp\/v2\/users\/10043"}],"replies":[{"embeddable":true,"href":"https:\/\/adventurecountrytracks.com\/es\/wp-json\/wp\/v2\/comments?post=25005"}],"version-history":[{"count":10,"href":"https:\/\/adventurecountrytracks.com\/es\/wp-json\/wp\/v2\/pages\/25005\/revisions"}],"predecessor-version":[{"id":34027,"href":"https:\/\/adventurecountrytracks.com\/es\/wp-json\/wp\/v2\/pages\/25005\/revisions\/34027"}],"wp:attachment":[{"href":"https:\/\/adventurecountrytracks.com\/es\/wp-json\/wp\/v2\/media?parent=25005"}],"curies":[{"name":"wp","href":"https:\/\/api.w.org\/{rel}","templated":true}]}}