{"id":27367,"date":"2022-12-13T12:33:10","date_gmt":"2022-12-13T11:33:10","guid":{"rendered":"https:\/\/adventurecountrytracks.com\/?page_id=27367"},"modified":"2026-03-26T10:49:03","modified_gmt":"2026-03-26T09:49:03","slug":"terminos-y-condiciones","status":"publish","type":"page","link":"https:\/\/adventurecountrytracks.com\/es\/terms-and-conditions\/","title":{"rendered":"T\u00e9rminos y condiciones"},"content":{"rendered":"<div data-elementor-type=\"wp-page\" data-elementor-id=\"27367\" class=\"elementor elementor-27367\" data-elementor-post-type=\"page\">\n\t\t\t\t\t\t<section class=\"elementor-section elementor-top-section elementor-element elementor-element-1b402578 elementor-section-height-min-height elementor-section-boxed elementor-section-height-default elementor-section-items-middle\" data-id=\"1b402578\" data-element_type=\"section\" data-e-type=\"section\" data-settings=\"{&quot;background_background&quot;:&quot;classic&quot;}\">\n\t\t\t\t\t\t<div class=\"elementor-container elementor-column-gap-default\">\n\t\t\t\t\t<div class=\"elementor-column elementor-col-100 elementor-top-column elementor-element elementor-element-0c4b8cb\" data-id=\"0c4b8cb\" data-element_type=\"column\" data-e-type=\"column\">\n\t\t\t<div class=\"elementor-widget-wrap\">\n\t\t\t\t\t\t\t<\/div>\n\t\t<\/div>\n\t\t\t\t\t<\/div>\n\t\t<\/section>\n\t\t\t\t<section class=\"elementor-section elementor-top-section elementor-element elementor-element-d2594b4 elementor-section-boxed elementor-section-height-default elementor-section-height-default\" data-id=\"d2594b4\" data-element_type=\"section\" data-e-type=\"section\">\n\t\t\t\t\t\t<div class=\"elementor-container elementor-column-gap-default\">\n\t\t\t\t\t<div class=\"elementor-column elementor-col-100 elementor-top-column elementor-element elementor-element-334c76a9\" data-id=\"334c76a9\" data-element_type=\"column\" data-e-type=\"column\">\n\t\t\t<div class=\"elementor-widget-wrap elementor-element-populated\">\n\t\t\t\t\t\t<div class=\"elementor-element elementor-element-cb4924f elementor-widget elementor-widget-heading\" data-id=\"cb4924f\" data-element_type=\"widget\" data-e-type=\"widget\" data-widget_type=\"heading.default\">\n\t\t\t\t<div class=\"elementor-widget-container\">\n\t\t\t\t\t<h2 class=\"elementor-heading-title elementor-size-default\">Condiciones generales de contrataci\u00f3n<\/h2>\t\t\t\t<\/div>\n\t\t\t\t<\/div>\n\t\t\t\t<div class=\"elementor-element elementor-element-a513a88 elementor-widget elementor-widget-text-editor\" data-id=\"a513a88\" data-element_type=\"widget\" data-e-type=\"widget\" data-widget_type=\"text-editor.default\">\n\t\t\t\t<div class=\"elementor-widget-container\">\n\t\t\t\t\t\t\t\t\t<p><strong>Condiciones Generales de Contrataci\u00f3n (AGB)<\/strong><br \/>sowie Informationen f\u00fcr Verbraucher bei Fernabsatzvertr\u00e4gen und Kundeninformationen bei Vertr\u00e4gen im elektronischen Gesch\u00e4ftsverkehr<\/p><h3>1 Geltungsbereich<\/h3><p>Para las relaciones comerciales entre nosotros y el vendedor, las ventas en nuestra tienda en Internet se regir\u00e1n por las Condiciones Generales de Venta vigentes en el momento de la venta.<\/p><p>Nuestra oferta abarca tanto la venta de ropa e insumos digitales como los servicios de consultor\u00eda, especialmente las conferencias y los salones de actos.<\/p><h3>2 Vertragsschluss<\/h3><p>La presentaci\u00f3n de nuestros productos en nuestro sitio web no constituye un Contrato vinculante, sino una Orden para la creaci\u00f3n de un Contrato por parte del Cliente.<\/p><p>Si el Cliente no realiza la Venta, se le enviar\u00e1 un pedido vinculante en virtud del art\u00edculo 145 del C\u00f3digo Civil alem\u00e1n (BGB). El Cliente recibir\u00e1 por correo electr\u00f3nico una confirmaci\u00f3n de la recepci\u00f3n del pedido.<\/p><p>El mensaje se enviar\u00e1 cuando recibamos el pedido del cliente en un plazo de dos semanas desde la fecha de env\u00edo del pedido mediante un mensaje de texto. Lo m\u00e1s importante es el momento en que el cliente recibe la confirmaci\u00f3n de compra.<\/p><p>Werktag ist jeder Kalendertag, der nicht Sonntag oder bundesweit geltender gesetzlicher Feiertag ist.<\/p><p>En el caso de las reuniones y los salones de conferencias, se a\u00f1aden las correspondientes becas de estudio y de viaje, que son parte integrante del viaje.<\/p><h3>3 Lieferung, Versandkosten, Gefahren\u00fcbergang<\/h3><p>Estas normas se aplican tambi\u00e9n a la venta de armas.<\/p><p>El env\u00edo se realiza a portes debidos.<\/p><p>Si el cliente es un Comprador, le enviaremos el Precio de Venta sin compromiso.<br \/>Si el cliente es un empresario, todos los riesgos y peligros de la venta recaer\u00e1n sobre el cliente, siempre que la mercanc\u00eda haya sido enviada por nosotros a un socio log\u00edstico autorizado.<\/p><h3>4 Eigentumsvorbehalt<\/h3><p>La mercanc\u00eda congelada es nuestro patrimonio hasta la venta completa.<\/p><h3>5 Cotizaciones<\/h3><p>Es werden ausschlie\u00dflich die im Bestellprozess angezeigten Zahlungsarten akzeptiert.<\/p><h3>6 M\u00e4ngelhaftung<\/h3><p>Es gelten die gesetzlichen M\u00e4ngelhaftungsrechte.<\/p><h3>7 Informaci\u00f3n para los usuarios de los aparatos de control de acceso e informaci\u00f3n para los clientes de los aparatos de control de la empresa electr\u00f3nica<\/h3><p>a) No aplicamos m\u00e9todos de verificaci\u00f3n especiales y no autorizados previamente.<\/p><p>b) Los Eingabefehler k\u00f6nnen vor Absenden der Bestellung \u00fcber die \u00fcblichen Tastatur- und Mausfunktionen korrigiert werden.<\/p><p>c) Las caracter\u00edsticas inherentes a las prestaciones ofrecidas se derivan de las descripciones de producto correspondientes.<\/p><p>d) Die Vertragssprache ist Deutsch.<\/p><p>e) Las solicitudes pueden enviarse a la direcci\u00f3n indicada en la impresi\u00f3n.<\/p><p>f) El texto del contrato no ha sido enviado por nosotros y no est\u00e1 disponible para el Cliente tras la firma del contrato.<\/p><p>g) La informaci\u00f3n sobre el pago, la entrega y la prestaci\u00f3n de servicios se obtiene del presente Contrato.<\/p><h3>8 Besondere Bestimmungen je nach Art der Leistung<\/h3><h4>8.1 Guerra e inhalaci\u00f3n digital<\/h4><p>Para la compra de armas e inhalaciones digitales se aplican las disposiciones legales de la Ley de Propiedad Intelectual.<\/p><h4>8.2 Veranstaltungen (z. B. ACT Camp, Trainings, Events)<\/h4><p>Las actividades contratadas se centran en la prestaci\u00f3n de servicios en combinaci\u00f3n con actividades de ocio con un plazo o una duraci\u00f3n determinados.<\/p><p><strong>Ein Widerrufsrecht besteht gem\u00e4\u00df \u00a7 312g Abs. 2 Nr. 9 BGB.<\/strong><\/p><p>Es posible enviar una copia de la conferencia una vez que se hayan redactado los correspondientes documentos de participaci\u00f3n. Se considerar\u00e1n parte integrante del contrato.<\/p><h4>8.3 Pauschalreisen<\/h4><p>Las disposiciones legales de los \u00a7\u00a7 651a y ss. del C\u00f3digo Civil alem\u00e1n (BGB) se aplican a los contratos de pr\u00f3rroga. BGB.<\/p><p>No existe un derecho de regreso. En este caso, se aplican las disposiciones legales del art\u00edculo 651h del C\u00f3digo Civil.<\/p><p>El cliente puede regresar al punto de recogida en cualquier momento.<br \/>Im Falle des R\u00fccktritts k\u00f6nnen wir eine angemessene Entsch\u00e4digung verlangen.<\/p><p>Los elementos se derivan de las distintas bases de datos, que forman parte integrante de la red de transporte.<\/p><h3>9 Schlussbestimmungen<\/h3><p>Es gilt das Recht der Bundesrepublik Deutschland unter Ausschluss des UN-Kaufrechts.<\/p><p>En caso de que el solicitante sea un Verbraucher, se aplicar\u00e1n las normas de protecci\u00f3n de los Verbraucherschutz del Estado, en las que el solicitante se haya inscrito.<\/p><p><strong>Anbieter:<\/strong><br \/>ACT e.V.<br \/>K\u00f6lner Stra\u00dfe 95<br \/>51515 K\u00fcrten<\/p><p><strong>Streitbeilegung alternativo:<\/strong><\/p><p>La Comisi\u00f3n Europea ha puesto en marcha una plataforma para el tratamiento de datos en l\u00ednea:<br \/><a href=\"https:\/\/ec.europa.eu\/consumers\/odr\">https:\/\/ec.europa.eu\/consumers\/odr<\/a><\/p><p>Wir sind weder verpflichtet noch bereit, an einem Streitbeilegungsverfahren vor einer Verbraucherschlichtungsstelle teilzunehmen.<\/p>\t\t\t\t\t\t\t\t<\/div>\n\t\t\t\t<\/div>\n\t\t\t\t\t<\/div>\n\t\t<\/div>\n\t\t\t\t\t<\/div>\n\t\t<\/section>\n\t\t\t\t<\/div>","protected":false},"excerpt":{"rendered":"<p>Allgemeine Gesch\u00e4ftsbedingungen Allgemeine Gesch\u00e4ftsbedingungen (AGB)sowie Informationen f\u00fcr Verbraucher bei Fernabsatzvertr\u00e4gen und Kundeninformationen bei Vertr\u00e4gen im elektronischen Gesch\u00e4ftsverkehr 1 Geltungsbereich F\u00fcr Gesch\u00e4ftsbeziehungen zwischen uns und dem Besteller gelten bei Bestellungen \u00fcber unseren Internetshop die nachfolgenden Allgemeinen Gesch\u00e4ftsbedingungen in ihrer zum Zeitpunkt der Bestellung g\u00fcltigen Fassung. Unser Angebot umfasst sowohl den Verkauf von Waren und digitalen Inhalten [&hellip;]<\/p>\n","protected":false},"author":8993,"featured_media":0,"parent":0,"menu_order":0,"comment_status":"closed","ping_status":"closed","template":"elementor_header_footer","meta":{"_acf_changed":false,"footnotes":""},"class_list":["post-27367","page","type-page","status-publish","hentry"],"acf":[],"_links":{"self":[{"href":"https:\/\/adventurecountrytracks.com\/es\/wp-json\/wp\/v2\/pages\/27367","targetHints":{"allow":["GET"]}}],"collection":[{"href":"https:\/\/adventurecountrytracks.com\/es\/wp-json\/wp\/v2\/pages"}],"about":[{"href":"https:\/\/adventurecountrytracks.com\/es\/wp-json\/wp\/v2\/types\/page"}],"author":[{"embeddable":true,"href":"https:\/\/adventurecountrytracks.com\/es\/wp-json\/wp\/v2\/users\/8993"}],"replies":[{"embeddable":true,"href":"https:\/\/adventurecountrytracks.com\/es\/wp-json\/wp\/v2\/comments?post=27367"}],"version-history":[{"count":10,"href":"https:\/\/adventurecountrytracks.com\/es\/wp-json\/wp\/v2\/pages\/27367\/revisions"}],"predecessor-version":[{"id":36623,"href":"https:\/\/adventurecountrytracks.com\/es\/wp-json\/wp\/v2\/pages\/27367\/revisions\/36623"}],"wp:attachment":[{"href":"https:\/\/adventurecountrytracks.com\/es\/wp-json\/wp\/v2\/media?parent=27367"}],"curies":[{"name":"wp","href":"https:\/\/api.w.org\/{rel}","templated":true}]}}