{"id":27389,"date":"2022-12-13T12:39:31","date_gmt":"2022-12-13T11:39:31","guid":{"rendered":"https:\/\/adventurecountrytracks.com\/?page_id=27389"},"modified":"2026-03-26T10:52:19","modified_gmt":"2026-03-26T09:52:19","slug":"politica-de-cancelacion","status":"publish","type":"page","link":"https:\/\/adventurecountrytracks.com\/es\/cancelation-policy\/","title":{"rendered":"Pol\u00edtica de cancelaci\u00f3n"},"content":{"rendered":"<div data-elementor-type=\"wp-page\" data-elementor-id=\"27389\" class=\"elementor elementor-27389\" data-elementor-post-type=\"page\">\n\t\t\t\t\t\t<section class=\"elementor-section elementor-top-section elementor-element elementor-element-1b402578 elementor-section-height-min-height elementor-section-boxed elementor-section-height-default elementor-section-items-middle\" data-id=\"1b402578\" data-element_type=\"section\" data-e-type=\"section\" data-settings=\"{&quot;background_background&quot;:&quot;classic&quot;}\">\n\t\t\t\t\t\t<div class=\"elementor-container elementor-column-gap-default\">\n\t\t\t\t\t<div class=\"elementor-column elementor-col-100 elementor-top-column elementor-element elementor-element-0c4b8cb\" data-id=\"0c4b8cb\" data-element_type=\"column\" data-e-type=\"column\">\n\t\t\t<div class=\"elementor-widget-wrap\">\n\t\t\t\t\t\t\t<\/div>\n\t\t<\/div>\n\t\t\t\t\t<\/div>\n\t\t<\/section>\n\t\t\t\t<section class=\"elementor-section elementor-top-section elementor-element elementor-element-d2594b4 elementor-section-boxed elementor-section-height-default elementor-section-height-default\" data-id=\"d2594b4\" data-element_type=\"section\" data-e-type=\"section\">\n\t\t\t\t\t\t<div class=\"elementor-container elementor-column-gap-default\">\n\t\t\t\t\t<div class=\"elementor-column elementor-col-100 elementor-top-column elementor-element elementor-element-334c76a9\" data-id=\"334c76a9\" data-element_type=\"column\" data-e-type=\"column\">\n\t\t\t<div class=\"elementor-widget-wrap elementor-element-populated\">\n\t\t\t\t\t\t<div class=\"elementor-element elementor-element-cb4924f elementor-widget elementor-widget-heading\" data-id=\"cb4924f\" data-element_type=\"widget\" data-e-type=\"widget\" data-widget_type=\"heading.default\">\n\t\t\t\t<div class=\"elementor-widget-container\">\n\t\t\t\t\t<h2 class=\"elementor-heading-title elementor-size-default\">Widerrufsbelehrung<\/h2>\t\t\t\t<\/div>\n\t\t\t\t<\/div>\n\t\t\t\t<div class=\"elementor-element elementor-element-a513a88 elementor-widget elementor-widget-text-editor\" data-id=\"a513a88\" data-element_type=\"widget\" data-e-type=\"widget\" data-widget_type=\"text-editor.default\">\n\t\t\t\t<div class=\"elementor-widget-container\">\n\t\t\t\t\t\t\t\t\t<p><strong>Widerrufsbelehrung (f\u00fcr Waren und digitale Inhalte)<\/strong><\/p><p>La nueva legislaci\u00f3n de protecci\u00f3n de los consumidores se aplica tambi\u00e9n a la compra de armas e inhalaciones digitales.<br \/>Para las reuniones y los salones de actos existen normas especiales (v\u00e9ase AGB).<\/p><h3>Widerrufsrecht<\/h3><p>Tienes derecho a modificar esta decisi\u00f3n en un plazo de 14 d\u00edas sin necesidad de consultar a un abogado.<\/p><p>Die Widerrufsfrist betr\u00e4gt 14 Tage ab dem Tag,<\/p><ul><li><p>an dem Sie oder ein von Ihnen benannter Dritter, der nicht der Bef\u00f6rderer ist, die Waren in Besitz genommen haben, oder<\/p><\/li><li><p>im Falle von digitalen Inhalten ab Vertragsschluss.<\/p><\/li><\/ul><h3>Aus\u00fcbung des Widerrufsrechts<\/h3><p>Para proteger tu derecho de defensa, debes contactar con nosotros<\/p><p>ACT e.V.<br \/>Calle K\u00f6lner 95<br \/>51515 K\u00fcrten<br \/>E-Mail: <a href=\"mailto:info@adventurecountrytracks.com\">info@adventurecountrytracks.com<\/a><\/p><p>a trav\u00e9s de una comunicaci\u00f3n individual (por ejemplo, un escrito o un correo electr\u00f3nico) sobre tu solicitud de ampliaci\u00f3n de la misma, inf\u00f3rmate.<\/p><p>Para que el Defensor del Pueblo pueda actuar, es necesario que te hayas ausentado de la comunicaci\u00f3n sobre la ejecuci\u00f3n del Defensor del Pueblo antes de que \u00e9ste se haya pronunciado.<\/p><h3>Folgen des Widerrufs<\/h3><p>Si aceptas esta Pol\u00edtica de Privacidad, te enviaremos todos los pagos que hayamos recibido de tu parte, sin excepciones y, a m\u00e1s tardar, dentro de las 14 horas siguientes a la fecha en la que te enviamos la comunicaci\u00f3n sobre tu solicitud.<\/p><p>Para el reembolso utilizamos otros medios de pago que has utilizado en la transacci\u00f3n anterior.<\/p><p>Pagar\u00e1s los costes no incluidos en el precio de reembolso de las garant\u00edas.<\/p><p>Como cliente, corres el riesgo de sufrir un accidente o de que se produzca una aver\u00eda en el transporte.<\/p><h3>Ausschluss bzw. vorzeitiges Erl\u00f6schen des Widerrufsrechts<\/h3><p>Das Widerrufsrecht besteht nicht bzw. erlischt vorzeitig bei:<\/p><ul><li><p>Condiciones para el suministro de garant\u00edas que no est\u00e1n sujetas a autorizaci\u00f3n y para cuya venta es necesaria una selecci\u00f3n o selecci\u00f3n individual por parte del comprador o que est\u00e1n sujetas a requisitos personales.<\/p><\/li><li><p>Vertr\u00e4gen zur Lieferung von Waren, die schnell verderben k\u00f6nnen oder deren Verfallsdatum schnell \u00fcberschritten w\u00fcrde.<\/p><\/li><li><p>Los env\u00edos de mercanc\u00edas peligrosas que, en virtud de las leyes sanitarias o de higiene, no sean aptos para el reembolso, siempre que su transporte se haya efectuado despu\u00e9s del env\u00edo.<\/p><\/li><li><p>No env\u00edes equipos de audio, v\u00eddeo o software inform\u00e1tico en un embalaje original, siempre que la entrega se realice una vez finalizado el env\u00edo.<\/p><\/li><li><p>Vertr\u00e4gen zur Lieferung von Zeitungen, Zeitschriften oder Illustrierten.<\/p><\/li><\/ul><h3>Informaci\u00f3n sobre eventos y conferencias<\/h3><p>F\u00fcr Vertr\u00e4ge zur Teilnahme an Veranstaltungen mit festem Termin oder Zeitraum besteht gem\u00e4\u00df \u00a7 312g Abs. 2 Nr. 9 BGB kein Widerrufsrecht.<\/p><p>F\u00fcr Pauschalreisen gelten die gesetzlichen Regelungen der \u00a7\u00a7 651a ff. BGB. Un Widerrufsrecht besteht insoweit nicht; stattdessen gelten die gesetzlichen R\u00fccktrittsrechte.<\/p>\t\t\t\t\t\t\t\t<\/div>\n\t\t\t\t<\/div>\n\t\t\t\t\t<\/div>\n\t\t<\/div>\n\t\t\t\t\t<\/div>\n\t\t<\/section>\n\t\t\t\t<\/div>","protected":false},"excerpt":{"rendered":"<p>Widerrufsbelehrung Widerrufsbelehrung (f\u00fcr Waren und digitale Inhalte) Die nachfolgende Widerrufsbelehrung gilt ausschlie\u00dflich f\u00fcr den Kauf von Waren und digitalen Inhalten.F\u00fcr Veranstaltungen und Pauschalreisen gelten besondere Regelungen (siehe AGB). Widerrufsrecht Sie haben das Recht, binnen 14 Tagen ohne Angabe von Gr\u00fcnden diesen Vertrag zu widerrufen. Die Widerrufsfrist betr\u00e4gt 14 Tage ab dem Tag, an dem Sie [&hellip;]<\/p>\n","protected":false},"author":8993,"featured_media":0,"parent":0,"menu_order":0,"comment_status":"closed","ping_status":"closed","template":"elementor_header_footer","meta":{"_acf_changed":false,"footnotes":""},"class_list":["post-27389","page","type-page","status-publish","hentry"],"acf":[],"_links":{"self":[{"href":"https:\/\/adventurecountrytracks.com\/es\/wp-json\/wp\/v2\/pages\/27389","targetHints":{"allow":["GET"]}}],"collection":[{"href":"https:\/\/adventurecountrytracks.com\/es\/wp-json\/wp\/v2\/pages"}],"about":[{"href":"https:\/\/adventurecountrytracks.com\/es\/wp-json\/wp\/v2\/types\/page"}],"author":[{"embeddable":true,"href":"https:\/\/adventurecountrytracks.com\/es\/wp-json\/wp\/v2\/users\/8993"}],"replies":[{"embeddable":true,"href":"https:\/\/adventurecountrytracks.com\/es\/wp-json\/wp\/v2\/comments?post=27389"}],"version-history":[{"count":10,"href":"https:\/\/adventurecountrytracks.com\/es\/wp-json\/wp\/v2\/pages\/27389\/revisions"}],"predecessor-version":[{"id":36627,"href":"https:\/\/adventurecountrytracks.com\/es\/wp-json\/wp\/v2\/pages\/27389\/revisions\/36627"}],"wp:attachment":[{"href":"https:\/\/adventurecountrytracks.com\/es\/wp-json\/wp\/v2\/media?parent=27389"}],"curies":[{"name":"wp","href":"https:\/\/api.w.org\/{rel}","templated":true}]}}