{"id":32945,"date":"2024-10-28T16:20:33","date_gmt":"2024-10-28T15:20:33","guid":{"rendered":"https:\/\/adventurecountrytracks.com\/?page_id=32945"},"modified":"2024-10-29T19:25:47","modified_gmt":"2024-10-29T18:25:47","slug":"normas-del-foro","status":"publish","type":"page","link":"https:\/\/adventurecountrytracks.com\/es\/forum-rules\/","title":{"rendered":"Normas del Foro"},"content":{"rendered":"<div data-elementor-type=\"wp-page\" data-elementor-id=\"32945\" class=\"elementor elementor-32945\" data-elementor-post-type=\"page\">\n\t\t\t\t\t\t<section class=\"elementor-section elementor-top-section elementor-element elementor-element-6ddd0ea2 elementor-section-content-middle elementor-reverse-mobile elementor-section-height-min-height elementor-section-full_width elementor-section-height-default elementor-section-items-middle\" data-id=\"6ddd0ea2\" data-element_type=\"section\" data-e-type=\"section\" data-settings=\"{&quot;background_background&quot;:&quot;classic&quot;,&quot;shape_divider_top&quot;:&quot;triangle&quot;}\">\n\t\t\t\t\t<div class=\"elementor-shape elementor-shape-top\" aria-hidden=\"true\" data-negative=\"false\">\n\t\t\t<svg xmlns=\"http:\/\/www.w3.org\/2000\/svg\" viewbox=\"0 0 1000 100\" preserveaspectratio=\"none\">\n\t<path class=\"elementor-shape-fill\" d=\"M500,98.9L0,6.1V0h1000v6.1L500,98.9z\"\/>\n<\/svg>\t\t<\/div>\n\t\t\t\t\t<div class=\"elementor-container elementor-column-gap-default\">\n\t\t\t\t\t<div class=\"elementor-column elementor-col-100 elementor-top-column elementor-element elementor-element-2a3628ba\" data-id=\"2a3628ba\" data-element_type=\"column\" data-e-type=\"column\">\n\t\t\t<div class=\"elementor-widget-wrap elementor-element-populated\">\n\t\t\t\t\t\t<div class=\"elementor-element elementor-element-2c660a9 elementor-widget elementor-widget-heading\" data-id=\"2c660a9\" data-element_type=\"widget\" data-e-type=\"widget\" data-widget_type=\"heading.default\">\n\t\t\t\t<div class=\"elementor-widget-container\">\n\t\t\t\t\t<h2 class=\"elementor-heading-title elementor-size-default\">NORMAS DEL FORO ACT<\/h2>\t\t\t\t<\/div>\n\t\t\t\t<\/div>\n\t\t\t\t<section class=\"elementor-section elementor-inner-section elementor-element elementor-element-64c5ade1 elementor-section-content-top elementor-section-boxed elementor-section-height-default elementor-section-height-default\" data-id=\"64c5ade1\" data-element_type=\"section\" data-e-type=\"section\">\n\t\t\t\t\t\t<div class=\"elementor-container elementor-column-gap-wider\">\n\t\t\t\t\t<div class=\"elementor-column elementor-col-50 elementor-inner-column elementor-element elementor-element-52e94eb5\" data-id=\"52e94eb5\" data-element_type=\"column\" data-e-type=\"column\">\n\t\t\t<div class=\"elementor-widget-wrap elementor-element-populated\">\n\t\t\t\t\t\t<div class=\"elementor-element elementor-element-2e7b20f2 elementor-widget elementor-widget-heading\" data-id=\"2e7b20f2\" data-element_type=\"widget\" data-e-type=\"widget\" data-widget_type=\"heading.default\">\n\t\t\t\t<div class=\"elementor-widget-container\">\n\t\t\t\t\t<h2 class=\"elementor-heading-title elementor-size-default\">ESCRIBE.<br>RESPETO.<br>DISFRUTA.<\/h2>\t\t\t\t<\/div>\n\t\t\t\t<\/div>\n\t\t\t\t<div class=\"elementor-element elementor-element-f1955fd elementor-icon-list--layout-traditional elementor-list-item-link-full_width elementor-widget elementor-widget-icon-list\" data-id=\"f1955fd\" data-element_type=\"widget\" data-e-type=\"widget\" data-widget_type=\"icon-list.default\">\n\t\t\t\t<div class=\"elementor-widget-container\">\n\t\t\t\t\t\t\t<ul class=\"elementor-icon-list-items\">\n\t\t\t\t\t\t\t<li class=\"elementor-icon-list-item\">\n\t\t\t\t\t\t\t\t\t\t<span class=\"elementor-icon-list-text\">Lengua oficial de comunicaci\u00f3n <br>Adventure Country Tracks e.V. y su comunidad son internacionales, cruzan fronteras y continentes. Y como en cualquier comunidad de esta naturaleza, es importante que los miembros se comuniquen utilizando un lenguaje com\u00fan. Un lenguaje que haga que los temas y contenidos compartidos sean f\u00e1cilmente comprensibles y buscables para una variedad tan amplia de nacionalidades de los miembros. Por ello, la comunicaci\u00f3n oficial del Foro ACT es el ingl\u00e9s. Con las capacidades y herramientas de traducci\u00f3n existentes, todo miembro que no domine el ingl\u00e9s puede traducir r\u00e1pidamente un contenido espec\u00edfico a su lengua materna. Garantizar que todo el contenido del Foro ACT est\u00e9 en el mismo idioma asegura un repositorio de informaci\u00f3n s\u00f3lido y unificado para uso de todos.<\/span>\n\t\t\t\t\t\t\t\t\t<\/li>\n\t\t\t\t\t\t\t\t<li class=\"elementor-icon-list-item\">\n\t\t\t\t\t\t\t\t\t\t<span class=\"elementor-icon-list-text\"><\/span>\n\t\t\t\t\t\t\t\t\t<\/li>\n\t\t\t\t\t\t\t\t<li class=\"elementor-icon-list-item\">\n\t\t\t\t\t\t\t\t\t\t<span class=\"elementor-icon-list-text\"><\/span>\n\t\t\t\t\t\t\t\t\t<\/li>\n\t\t\t\t\t\t\t\t<li class=\"elementor-icon-list-item\">\n\t\t\t\t\t\t\t\t\t\t\t<span class=\"elementor-icon-list-icon\">\n\t\t\t\t\t\t\t<i aria-hidden=\"true\" class=\"fas fa-caret-down\"><\/i>\t\t\t\t\t\t<\/span>\n\t\t\t\t\t\t\t\t\t\t<span class=\"elementor-icon-list-text\">Esperamos a los miembros del Foro ACT:<\/span>\n\t\t\t\t\t\t\t\t\t<\/li>\n\t\t\t\t\t\t\t\t<li class=\"elementor-icon-list-item\">\n\t\t\t\t\t\t\t\t\t\t<span class=\"elementor-icon-list-text\"><\/span>\n\t\t\t\t\t\t\t\t\t<\/li>\n\t\t\t\t\t\t\t\t<li class=\"elementor-icon-list-item\">\n\t\t\t\t\t\t\t\t\t\t<span class=\"elementor-icon-list-text\"><\/span>\n\t\t\t\t\t\t\t\t\t<\/li>\n\t\t\t\t\t\t\t\t<li class=\"elementor-icon-list-item\">\n\t\t\t\t\t\t\t\t\t\t\t<span class=\"elementor-icon-list-icon\">\n\t\t\t\t\t\t\t<i aria-hidden=\"true\" class=\"fas fa-check\"><\/i>\t\t\t\t\t\t<\/span>\n\t\t\t\t\t\t\t\t\t\t<span class=\"elementor-icon-list-text\">Utilizar este foro integrado en el esp\u00edritu de ACT <\/span>\n\t\t\t\t\t\t\t\t\t<\/li>\n\t\t\t\t\t\t\t\t<li class=\"elementor-icon-list-item\">\n\t\t\t\t\t\t\t\t\t\t\t<span class=\"elementor-icon-list-icon\">\n\t\t\t\t\t\t\t<i aria-hidden=\"true\" class=\"fas fa-check\"><\/i>\t\t\t\t\t\t<\/span>\n\t\t\t\t\t\t\t\t\t\t<span class=\"elementor-icon-list-text\">Que sea amistoso<\/span>\n\t\t\t\t\t\t\t\t\t<\/li>\n\t\t\t\t\t\t\t\t<li class=\"elementor-icon-list-item\">\n\t\t\t\t\t\t\t\t\t\t\t<span class=\"elementor-icon-list-icon\">\n\t\t\t\t\t\t\t<i aria-hidden=\"true\" class=\"fas fa-check\"><\/i>\t\t\t\t\t\t<\/span>\n\t\t\t\t\t\t\t\t\t\t<span class=\"elementor-icon-list-text\">S\u00e9 cort\u00e9s y respetuoso. Aprecia que los dem\u00e1s puedan tener una opini\u00f3n diferente a la tuya<\/span>\n\t\t\t\t\t\t\t\t\t<\/li>\n\t\t\t\t\t\t\t\t<li class=\"elementor-icon-list-item\">\n\t\t\t\t\t\t\t\t\t\t\t<span class=\"elementor-icon-list-icon\">\n\t\t\t\t\t\t\t<i aria-hidden=\"true\" class=\"fas fa-check\"><\/i>\t\t\t\t\t\t<\/span>\n\t\t\t\t\t\t\t\t\t\t<span class=\"elementor-icon-list-text\">No te salgas del tema<\/span>\n\t\t\t\t\t\t\t\t\t<\/li>\n\t\t\t\t\t\t\t\t<li class=\"elementor-icon-list-item\">\n\t\t\t\t\t\t\t\t\t\t\t<span class=\"elementor-icon-list-icon\">\n\t\t\t\t\t\t\t<i aria-hidden=\"true\" class=\"fas fa-check\"><\/i>\t\t\t\t\t\t<\/span>\n\t\t\t\t\t\t\t\t\t\t<span class=\"elementor-icon-list-text\">Este es un foro de ACT<\/span>\n\t\t\t\t\t\t\t\t\t<\/li>\n\t\t\t\t\t\t\t\t<li class=\"elementor-icon-list-item\">\n\t\t\t\t\t\t\t\t\t\t\t<span class=\"elementor-icon-list-icon\">\n\t\t\t\t\t\t\t<i aria-hidden=\"true\" class=\"fas fa-check\"><\/i>\t\t\t\t\t\t<\/span>\n\t\t\t\t\t\t\t\t\t\t<span class=\"elementor-icon-list-text\">Busca primero, pregunta despu\u00e9s <\/span>\n\t\t\t\t\t\t\t\t\t<\/li>\n\t\t\t\t\t\t\t\t<li class=\"elementor-icon-list-item\">\n\t\t\t\t\t\t\t\t\t\t\t<span class=\"elementor-icon-list-icon\">\n\t\t\t\t\t\t\t<i aria-hidden=\"true\" class=\"fas fa-check\"><\/i>\t\t\t\t\t\t<\/span>\n\t\t\t\t\t\t\t\t\t\t<span class=\"elementor-icon-list-text\">Comparte tus conocimientos<\/span>\n\t\t\t\t\t\t\t\t\t<\/li>\n\t\t\t\t\t\t\t\t<li class=\"elementor-icon-list-item\">\n\t\t\t\t\t\t\t\t\t\t\t<span class=\"elementor-icon-list-icon\">\n\t\t\t\t\t\t\t<i aria-hidden=\"true\" class=\"fas fa-check\"><\/i>\t\t\t\t\t\t<\/span>\n\t\t\t\t\t\t\t\t\t\t<span class=\"elementor-icon-list-text\">Abstenerse de comportamientos y discursos degradantes, discriminatorios o acosadores<\/span>\n\t\t\t\t\t\t\t\t\t<\/li>\n\t\t\t\t\t\t<\/ul>\n\t\t\t\t\t\t<\/div>\n\t\t\t\t<\/div>\n\t\t\t\t\t<\/div>\n\t\t<\/div>\n\t\t\t\t<div class=\"elementor-column elementor-col-50 elementor-inner-column elementor-element elementor-element-7814a3f5\" data-id=\"7814a3f5\" data-element_type=\"column\" data-e-type=\"column\" data-settings=\"{&quot;background_background&quot;:&quot;classic&quot;}\">\n\t\t\t<div class=\"elementor-widget-wrap elementor-element-populated\">\n\t\t\t\t\t\t<div class=\"elementor-element elementor-element-2a89422a elementor-widget elementor-widget-heading\" data-id=\"2a89422a\" data-element_type=\"widget\" data-e-type=\"widget\" data-widget_type=\"heading.default\">\n\t\t\t\t<div class=\"elementor-widget-container\">\n\t\t\t\t\t<h2 class=\"elementor-heading-title elementor-size-default\">Reglas <\/h2>\t\t\t\t<\/div>\n\t\t\t\t<\/div>\n\t\t\t\t<div class=\"elementor-element elementor-element-76830215 elementor-widget elementor-widget-text-editor\" data-id=\"76830215\" data-element_type=\"widget\" data-e-type=\"widget\" data-widget_type=\"text-editor.default\">\n\t\t\t\t<div class=\"elementor-widget-container\">\n\t\t\t\t\t\t\t\t\t<ol><li style=\"font-weight: 400;\"><strong> Mantente respetuoso con los dem\u00e1s miembros en todo momento<\/strong><\/li><\/ol><p style=\"font-weight: 400;\">Todos los mensajes deben ser amistosos y\/o corteses. Tienes todo el derecho a discrepar con tus compa\u00f1eros de comunidad y a explicar tu punto de vista. Sin embargo, no eres libre de atacarles, degradarles, insultarles o menospreciar de cualquier otro modo a ellos o a la calidad de esta comunidad. Independientemente de tu papel en esta comunidad, independientemente de tu estatus u ocupaci\u00f3n profesional en tu vida privada, se espera que obedezcas esta norma.<\/p><ol start=\"2\"><li style=\"font-weight: 400;\"><strong> No publiques mensajes, enlaces o im\u00e1genes sensibles u \"ofensivos<\/strong><\/li><\/ol><p style=\"font-weight: 400;\">Cualquier material que constituya difamaci\u00f3n, acoso o abuso est\u00e1 estrictamente prohibido. Material de contenido religioso. No se permite en este foro el material sexual u obsceno, racista o excesivamente discriminatorio. Esto incluye las fotos de los usuarios. Utiliza el sentido com\u00fan al publicar.<\/p><ol start=\"3\"><li style=\"font-weight: 400;\"><strong> No publiques material que infrinja los derechos de autor ni contenido relacionado con temas ilegales<\/strong><\/li><\/ol><p style=\"font-weight: 400;\">Est\u00e1 prohibido proporcionar o solicitar informaci\u00f3n sobre c\u00f3mo obtener ilegalmente cualquier tipo de material protegido por derechos de autor. Est\u00e1 prohibido compartir o hacer referencia a cualquier contenido relacionado con temas o acciones ilegales. Tambi\u00e9n est\u00e1 prohibido compartir informaci\u00f3n relacionada con rutas o pistas ilegales.<\/p><ol start=\"4\"><li style=\"font-weight: 400;\"><strong> No hagas preguntas cruzadas<\/strong><\/li><\/ol><p style=\"font-weight: 400;\">Por favor, abstente de publicar la misma pregunta en varios temas o hilos. Normalmente hay una categor\u00eda del Foro que es la m\u00e1s adecuada para publicar tu pregunta. Antes de crear un tema y pedir informaci\u00f3n, busca primero en el Foro intentando encontrar las respuestas a tus preguntas.<\/p><ol start=\"5\"><li style=\"font-weight: 400;\"><strong> No env\u00edes mensajes a los usuarios pidiendo ayuda<\/strong><\/li><\/ol><p style=\"font-weight: 400;\">No env\u00edes mensajes privados a ning\u00fan usuario pidiendo ayuda. Si necesitas ayuda, crea un nuevo hilo de conversaci\u00f3n en el foro apropiado, as\u00ed toda la comunidad podr\u00e1 ayudarte y beneficiarse. El objetivo del Foro es crear un contenido rico que sirva de apoyo a los miembros y se utilice como repositorio de informaci\u00f3n.<\/p><ol start=\"6\"><li style=\"font-weight: 400;\"><strong> No Spam \/ Publicidad \/ Autopromoci\u00f3n en el foro \/ Estafas<\/strong><\/li><\/ol><p style=\"font-weight: 400;\">Este foro define el spam como publicidad no solicitada de bienes, servicios y\/o otros sitios web, o mensajes con poco o ning\u00fan contenido relacionado. No env\u00edes spam al foro con enlaces a tu sitio o producto, ni intentes autopromocionar tu sitio web, negocio o foros, etc. El spam tambi\u00e9n incluye el env\u00edo de mensajes privados a un gran n\u00famero de usuarios diferentes. NO PIDAS direcciones de correo electr\u00f3nico ni n\u00fameros de tel\u00e9fono. No publiques ninguna informaci\u00f3n que pueda considerarse una estafa o una actividad maliciosa.<\/p><ol start=\"7\"><li style=\"font-weight: 400;\"><strong> No se comparten datos personales ni contenidos fuera del \u00e1mbito de ACT<\/strong><\/li><\/ol><p style=\"font-weight: 400;\">No compartas ning\u00fan tipo de informaci\u00f3n personal. Esto incluye la informaci\u00f3n personal de terceros. No compartas ninguna informaci\u00f3n que est\u00e9 fuera del \u00e1mbito de Adventure Country Tracks e.V.<\/p>\t\t\t\t\t\t\t\t<\/div>\n\t\t\t\t<\/div>\n\t\t\t\t\t<\/div>\n\t\t<\/div>\n\t\t\t\t\t<\/div>\n\t\t<\/section>\n\t\t\t\t\t<\/div>\n\t\t<\/div>\n\t\t\t\t\t<\/div>\n\t\t<\/section>\n\t\t\t\t<\/div>","protected":false},"excerpt":{"rendered":"<p>ACT FORUM RULES WRITE.RESPECT.ENJOY. Official Communication Language The Adventure Country Tracks e.V. and its community are international, crossing boarders and continents. And just like in any community of this nature, it is important that the members communicate using a common language. A language that makes the shared topics and content easily understandable and searchable for [&hellip;]<\/p>\n","protected":false},"author":10043,"featured_media":0,"parent":0,"menu_order":0,"comment_status":"closed","ping_status":"closed","template":"","meta":{"_acf_changed":false,"footnotes":""},"class_list":["post-32945","page","type-page","status-publish","hentry"],"acf":[],"_links":{"self":[{"href":"https:\/\/adventurecountrytracks.com\/es\/wp-json\/wp\/v2\/pages\/32945","targetHints":{"allow":["GET"]}}],"collection":[{"href":"https:\/\/adventurecountrytracks.com\/es\/wp-json\/wp\/v2\/pages"}],"about":[{"href":"https:\/\/adventurecountrytracks.com\/es\/wp-json\/wp\/v2\/types\/page"}],"author":[{"embeddable":true,"href":"https:\/\/adventurecountrytracks.com\/es\/wp-json\/wp\/v2\/users\/10043"}],"replies":[{"embeddable":true,"href":"https:\/\/adventurecountrytracks.com\/es\/wp-json\/wp\/v2\/comments?post=32945"}],"version-history":[{"count":10,"href":"https:\/\/adventurecountrytracks.com\/es\/wp-json\/wp\/v2\/pages\/32945\/revisions"}],"predecessor-version":[{"id":33061,"href":"https:\/\/adventurecountrytracks.com\/es\/wp-json\/wp\/v2\/pages\/32945\/revisions\/33061"}],"wp:attachment":[{"href":"https:\/\/adventurecountrytracks.com\/es\/wp-json\/wp\/v2\/media?parent=32945"}],"curies":[{"name":"wp","href":"https:\/\/api.w.org\/{rel}","templated":true}]}}