{"id":36157,"date":"2026-02-05T13:04:54","date_gmt":"2026-02-05T12:04:54","guid":{"rendered":"https:\/\/adventurecountrytracks.com\/?page_id=36157"},"modified":"2026-02-20T11:02:00","modified_gmt":"2026-02-20T10:02:00","slug":"ley-de-exencion-de-responsabilidad-viajar-en-tren","status":"publish","type":"page","link":"https:\/\/adventurecountrytracks.com\/es\/waiver-of-liability-act-ride-train\/","title":{"rendered":"Exenci\u00f3n de responsabilidad ACT Ride &amp; Train"},"content":{"rendered":"<div data-elementor-type=\"wp-page\" data-elementor-id=\"36157\" class=\"elementor elementor-36157\" data-elementor-post-type=\"page\">\n\t\t\t\t\t\t<section class=\"elementor-section elementor-top-section elementor-element elementor-element-7e9c42c elementor-section-height-min-height elementor-section-boxed elementor-section-height-default elementor-section-items-middle\" data-id=\"7e9c42c\" data-element_type=\"section\" data-e-type=\"section\" data-settings=\"{&quot;background_background&quot;:&quot;classic&quot;}\">\n\t\t\t\t\t\t<div class=\"elementor-container elementor-column-gap-default\">\n\t\t\t\t\t<div class=\"elementor-column elementor-col-100 elementor-top-column elementor-element elementor-element-1646bc69\" data-id=\"1646bc69\" data-element_type=\"column\" data-e-type=\"column\">\n\t\t\t<div class=\"elementor-widget-wrap\">\n\t\t\t\t\t\t\t<\/div>\n\t\t<\/div>\n\t\t\t\t\t<\/div>\n\t\t<\/section>\n\t\t\t\t<section class=\"elementor-section elementor-top-section elementor-element elementor-element-2b3a3ded elementor-section-boxed elementor-section-height-default elementor-section-height-default\" data-id=\"2b3a3ded\" data-element_type=\"section\" data-e-type=\"section\">\n\t\t\t\t\t\t<div class=\"elementor-container elementor-column-gap-default\">\n\t\t\t\t\t<div class=\"elementor-column elementor-col-100 elementor-top-column elementor-element elementor-element-2e71fee4\" data-id=\"2e71fee4\" data-element_type=\"column\" data-e-type=\"column\">\n\t\t\t<div class=\"elementor-widget-wrap elementor-element-populated\">\n\t\t\t\t\t\t<div class=\"elementor-element elementor-element-79cde7dd elementor-widget elementor-widget-heading\" data-id=\"79cde7dd\" data-element_type=\"widget\" data-e-type=\"widget\" data-widget_type=\"heading.default\">\n\t\t\t\t<div class=\"elementor-widget-container\">\n\t\t\t\t\t<h2 class=\"elementor-heading-title elementor-size-default\">RENUNCIA EXPRESA DE RESPONSABILIDAD Y ASUNCI\u00d3N DE RIESGOS\nACT RIDE &amp; TRAIN<\/h2>\t\t\t\t<\/div>\n\t\t\t\t<\/div>\n\t\t\t\t<div class=\"elementor-element elementor-element-501d61d9 elementor-widget elementor-widget-text-editor\" data-id=\"501d61d9\" data-element_type=\"widget\" data-e-type=\"widget\" data-widget_type=\"text-editor.default\">\n\t\t\t\t<div class=\"elementor-widget-container\">\n\t\t\t\t\t\t\t\t\t<p>\u00a0<\/p><p><span style=\"font-family: var( --e-global-typography-text-font-family ), Sans-serif; font-size: 1rem;\">para participantes en actos organizados por<\/span><\/p><p>Adventure Country Tracks e.V., K\u00f6lner Stra\u00dfe 95, 51515 K\u00fcrten, Alemania<\/p><p>Este descargo de responsabilidad complementa los t\u00e9rminos y condiciones de participaci\u00f3n de ACT Ride &amp; Train y es un requisito previo para la participaci\u00f3n.<\/p><p>1. Objeto de la declaraci\u00f3n<\/p><p>Este descargo de responsabilidad se aplica a la participaci\u00f3n en un evento \u2018ACT Ride &amp; Train\u2019, un evento guiado de motociclismo de aventura con elementos integrados de formaci\u00f3n y entrenamiento. Los participantes deben utilizar sus propias motocicletas.<span class=\"Apple-converted-space\">\u00a0<\/span><\/p><p>2. Participaci\u00f3n voluntaria y conocimiento de los requisitos<\/p><p>La participaci\u00f3n en ACT Ride &amp; Train es voluntaria. Al reservar, pero no m\u00e1s tarde del inicio real del evento, el participante confirma que ha comprendido el objetivo, el programa, el contenido y los requisitos del evento.<span class=\"Apple-converted-space\">\u00a0<\/span><\/p><p>3. Asunci\u00f3n de riesgos<\/p><p>El participante es consciente de que el motociclismo -especialmente el todoterreno- implica riesgos considerables, en particular debido a ca\u00eddas, superficies cambiantes, defectos t\u00e9cnicos, condiciones meteorol\u00f3gicas y regiones remotas.<\/p><p>La participaci\u00f3n es bajo tu propio riesgo y responsabilidad.<\/p><p>4. Responsabilidad y limitaci\u00f3n de responsabilidad<\/p><p>Cada participante es el \u00fanico responsable civil de los da\u00f1os que cause.<\/p><p>La responsabilidad de ACT e.V., sus miembros del consejo, instructores, gu\u00edas y auxiliares ejecutivos se rige por las disposiciones legales, en particular los \u00a7\u00a7 651a ss. BGB (C\u00f3digo Civil alem\u00e1n) (ley de viajes combinados).<\/p><p>ACT e.V. es responsable sin limitaci\u00f3n de los da\u00f1os resultantes de lesiones a la vida, la integridad f\u00edsica o la salud de acuerdo con las disposiciones legales.<\/p><p>ACT e.V. s\u00f3lo es responsable de otros da\u00f1os si se basan en un incumplimiento intencionado o por negligencia grave. Si los da\u00f1os no se han causado ni intencionadamente ni por negligencia grave y no implican lesiones para la vida, la integridad f\u00edsica o la salud, la responsabilidad se limita al triple del precio del viaje.<\/p><p>Los da\u00f1os a la motocicleta utilizada, al equipamiento o a los bienes personales s\u00f3lo dar\u00e1n lugar a responsabilidad por parte de ACT e.V. si se basan en un incumplimiento culpable del deber por parte de ACT e.V..<\/p><p>Los riesgos t\u00edpicos del motociclismo todoterreno, en particular las ca\u00eddas por causas ajenas a la organizaci\u00f3n, no dar\u00e1n lugar a responsabilidad alguna por parte de ACT e.V.<\/p><p>Las disposiciones obligatorias de responsabilidad legal no se ven afectadas.<\/p><p>5. Normas de tr\u00e1fico y comportamiento<\/p><p>El participante se compromete a cumplir todas las leyes nacionales y locales aplicables, as\u00ed como las restricciones de tr\u00e1fico y conducci\u00f3n. ACT Ride &amp; Train no es un evento de carreras ni de competici\u00f3n.<span class=\"Apple-converted-space\">\u00a0<\/span><\/p><p>6. Requisitos personales<\/p><p>El participante declara que est\u00e1 capacitado f\u00edsica, mental y sanitariamente para conducir la moto con seguridad, que est\u00e1 en posesi\u00f3n de un permiso de conducir v\u00e1lido y que no se encuentra bajo los efectos del alcohol, drogas o medicamentos que puedan mermar su capacidad de conducci\u00f3n.<\/p><p>7. Estado t\u00e9cnico de la motocicleta<\/p><p>El participante es responsable de que la moto est\u00e9 en perfectas condiciones t\u00e9cnicas y sea apta para la circulaci\u00f3n, y se compromete a informar sin demora de cualquier defecto a un representante de ACT e.V.<\/p><p>8. Atenci\u00f3n m\u00e9dica<\/p><p>Los participantes son conscientes de que algunas partes del evento pueden tener lugar en regiones remotas con infraestructuras limitadas. La asistencia m\u00e9dica, el rescate o la repatriaci\u00f3n no pueden garantizarse en todo momento.<span class=\"Apple-converted-space\">\u00a0<\/span><\/p><p>9. Seguro<\/p><p>No existe un seguro separado para el evento. Cada participante es responsable de asegurarse de que tiene una cobertura adecuada de seguro m\u00e9dico, de accidentes y de viaje.<\/p><p>10. Exclusi\u00f3n<\/p><p>ACT e.V. se reserva el derecho a excluir a los participantes del evento en caso de comportamiento negligente grave o relacionado con la seguridad. En este caso, no habr\u00e1 derecho a reembolso.<span class=\"Apple-converted-space\">\u00a0<\/span><\/p><p>11. Cl\u00e1usula de salvedad<\/p><p>Si alguna de las disposiciones de esta cl\u00e1usula de exenci\u00f3n de responsabilidad fuera o llegara a ser inv\u00e1lida en su totalidad o en parte, la validez del resto de las disposiciones no se ver\u00e1 afectada.<\/p><p>12. Confirmaci\u00f3n final<\/p><p>Declaro que he le\u00eddo, entendido y aceptado esta cl\u00e1usula de exenci\u00f3n de responsabilidad.<\/p><p>Cl\u00e1usula ling\u00fc\u00edstica<\/p><p>Esta renuncia se proporciona en ingl\u00e9s a efectos informativos. En caso de discrepancias o diferencias de interpretaci\u00f3n, prevalecer\u00e1 la versi\u00f3n alemana.<\/p>\t\t\t\t\t\t\t\t<\/div>\n\t\t\t\t<\/div>\n\t\t\t\t\t<\/div>\n\t\t<\/div>\n\t\t\t\t\t<\/div>\n\t\t<\/section>\n\t\t\t\t<\/div>","protected":false},"excerpt":{"rendered":"<p>EXPRESS WAIVER OF LIABILITY &amp; ASSUMPTION OF RISK ACT RIDE &amp; TRAIN \u00a0 for participants in events organized by Adventure Country Tracks e.V., K\u00f6lner Stra\u00dfe 95, 51515 K\u00fcrten, Germany This disclaimer supplements the terms and conditions of participation of ACT Ride &amp; Train and is a prerequisite for participation. 1. Subject matter of the declaration [&hellip;]<\/p>\n","protected":false},"author":15208,"featured_media":0,"parent":0,"menu_order":0,"comment_status":"closed","ping_status":"closed","template":"","meta":{"_acf_changed":false,"footnotes":""},"class_list":["post-36157","page","type-page","status-publish","hentry"],"acf":[],"_links":{"self":[{"href":"https:\/\/adventurecountrytracks.com\/es\/wp-json\/wp\/v2\/pages\/36157","targetHints":{"allow":["GET"]}}],"collection":[{"href":"https:\/\/adventurecountrytracks.com\/es\/wp-json\/wp\/v2\/pages"}],"about":[{"href":"https:\/\/adventurecountrytracks.com\/es\/wp-json\/wp\/v2\/types\/page"}],"author":[{"embeddable":true,"href":"https:\/\/adventurecountrytracks.com\/es\/wp-json\/wp\/v2\/users\/15208"}],"replies":[{"embeddable":true,"href":"https:\/\/adventurecountrytracks.com\/es\/wp-json\/wp\/v2\/comments?post=36157"}],"version-history":[{"count":10,"href":"https:\/\/adventurecountrytracks.com\/es\/wp-json\/wp\/v2\/pages\/36157\/revisions"}],"predecessor-version":[{"id":36304,"href":"https:\/\/adventurecountrytracks.com\/es\/wp-json\/wp\/v2\/pages\/36157\/revisions\/36304"}],"wp:attachment":[{"href":"https:\/\/adventurecountrytracks.com\/es\/wp-json\/wp\/v2\/media?parent=36157"}],"curies":[{"name":"wp","href":"https:\/\/api.w.org\/{rel}","templated":true}]}}