{"id":36305,"date":"2026-02-20T11:43:42","date_gmt":"2026-02-20T10:43:42","guid":{"rendered":"https:\/\/adventurecountrytracks.com\/?page_id=36305"},"modified":"2026-02-20T11:47:22","modified_gmt":"2026-02-20T10:47:22","slug":"faq-montar-en-tren","status":"publish","type":"page","link":"https:\/\/adventurecountrytracks.com\/es\/faq-ride-train\/","title":{"rendered":"FAQ Paseo y Tren"},"content":{"rendered":"<div data-elementor-type=\"wp-page\" data-elementor-id=\"36305\" class=\"elementor elementor-36305\" data-elementor-post-type=\"page\">\n\t\t\t\t\t\t<section class=\"elementor-section elementor-top-section elementor-element elementor-element-5a09316c elementor-section-height-min-height elementor-section-boxed elementor-section-height-default elementor-section-items-middle\" data-id=\"5a09316c\" data-element_type=\"section\" data-e-type=\"section\" data-settings=\"{&quot;background_background&quot;:&quot;classic&quot;}\">\n\t\t\t\t\t\t<div class=\"elementor-container elementor-column-gap-default\">\n\t\t\t\t\t<div class=\"elementor-column elementor-col-100 elementor-top-column elementor-element elementor-element-53be1cfb\" data-id=\"53be1cfb\" data-element_type=\"column\" data-e-type=\"column\">\n\t\t\t<div class=\"elementor-widget-wrap\">\n\t\t\t\t\t\t\t<\/div>\n\t\t<\/div>\n\t\t\t\t\t<\/div>\n\t\t<\/section>\n\t\t\t\t<section class=\"elementor-section elementor-top-section elementor-element elementor-element-6a0712f0 elementor-section-boxed elementor-section-height-default elementor-section-height-default\" data-id=\"6a0712f0\" data-element_type=\"section\" data-e-type=\"section\">\n\t\t\t\t\t\t<div class=\"elementor-container elementor-column-gap-default\">\n\t\t\t\t\t<div class=\"elementor-column elementor-col-100 elementor-top-column elementor-element elementor-element-102ce5db\" data-id=\"102ce5db\" data-element_type=\"column\" data-e-type=\"column\">\n\t\t\t<div class=\"elementor-widget-wrap elementor-element-populated\">\n\t\t\t\t\t\t<div class=\"elementor-element elementor-element-351764db elementor-widget elementor-widget-heading\" data-id=\"351764db\" data-element_type=\"widget\" data-e-type=\"widget\" data-widget_type=\"heading.default\">\n\t\t\t\t<div class=\"elementor-widget-container\">\n\t\t\t\t\t<h2 class=\"elementor-heading-title elementor-size-default\">Preguntas frecuentes - ACT Ride &amp; Train<\/h2>\t\t\t\t<\/div>\n\t\t\t\t<\/div>\n\t\t\t\t<div class=\"elementor-element elementor-element-3a343fb9 elementor-widget elementor-widget-text-editor\" data-id=\"3a343fb9\" data-element_type=\"widget\" data-e-type=\"widget\" data-widget_type=\"text-editor.default\">\n\t\t\t\t<div class=\"elementor-widget-container\">\n\t\t\t\t\t\t\t\t\t<p>\u00a0<\/p><p style=\"font-weight: 400;\">\u00a0<\/p><p style=\"font-weight: 400;\">\u00a0<\/p><ol><li style=\"font-weight: 400;\">\u00bfACT RIDE &amp; TRAIN ES UN CURSO DE FORMACI\u00d3N O UNA VISITA GUIADA?<\/li><\/ol><p style=\"font-weight: 400;\">ACT Ride &amp; Train es un evento off-road guiado con elementos integrados de entrenamiento y feedback directamente en la pista. No es ni un cl\u00e1sico curso de formaci\u00f3n para principiantes ni una excursi\u00f3n tur\u00edstica en moto, sino una experiencia off-road estructurada con car\u00e1cter formativo.<\/p><p style=\"font-weight: 400;\">\u00a0<\/p><ol start=\"2\"><li style=\"font-weight: 400;\">\u00bfES ACT RIDE &amp; TRAIN ADECUADO PARA PRINCIPIANTES?<\/li><\/ol><p style=\"font-weight: 400;\">No. ACT Ride &amp; Train no es expl\u00edcitamente un curso de formaci\u00f3n para principiantes. Los participantes deben tener experiencia b\u00e1sica en todoterreno y ser capaces de controlar su moto con seguridad en superficies de grava y sin asfaltar.<\/p><p style=\"font-weight: 400;\">\u00a0<\/p><ol start=\"3\"><li style=\"font-weight: 400;\">\u00bfC\u00d3MO DE EXIGENTE ES EL EVENTO?<\/li><\/ol><p style=\"font-weight: 400;\">El ACT Ride &amp; Train abarca varios d\u00edas consecutivos de conducci\u00f3n. Los participantes deben estar preparados para una conducci\u00f3n todoterreno f\u00edsica y mentalmente exigente. La duraci\u00f3n y la intensidad de la ruta pueden variar en funci\u00f3n del terreno, las condiciones meteorol\u00f3gicas y la din\u00e1mica del grupo.<\/p><p style=\"font-weight: 400;\">\u00a0<\/p><ol start=\"4\"><li style=\"font-weight: 400;\">\u00bfQU\u00c9 TIPO DE MOTO SE NECESITA?<\/li><\/ol><p style=\"font-weight: 400;\">Los participantes conducen sus propias motocicletas homologadas para circular por carretera, aseguradas y t\u00e9cnicamente aptas para el uso todoterreno. El alquiler de motos no forma parte del evento.<\/p><p style=\"font-weight: 400;\">\u00a0<\/p><ol start=\"5\"><li style=\"font-weight: 400;\">\u00bfQU\u00c9 NEUM\u00c1TICOS SE RECOMIENDAN?<\/li><\/ol><p style=\"font-weight: 400;\">Recomendamos al menos neum\u00e1ticos todoterreno 50\/50. Los neum\u00e1ticos deben ser capaces de soportar la longitud de la pista y proporcionar suficiente agarre. No es posible participar con neum\u00e1ticos puramente de carretera.<\/p><ol start=\"6\"><li style=\"font-weight: 400;\">\u00bfES UNA CARRERA O UNA COMPETICI\u00d3N?<\/li><\/ol><p style=\"font-weight: 400;\">No. ACT Ride &amp; Train es un paseo guiado en grupo y no una competici\u00f3n. La conducci\u00f3n debe realizarse de forma responsable y de acuerdo con la normativa aplicable. Deben seguirse en todo momento las instrucciones de los instructores y gu\u00edas de la ACT.<\/p><p style=\"font-weight: 400;\">\u00a0<\/p><ol start=\"7\"><li style=\"font-weight: 400;\">\u00bfC\u00d3MO FUNCIONA LA NAVEGACI\u00d3N?<\/li><\/ol><p style=\"font-weight: 400;\">Todos los ciclistas reciben un track GPX por cada d\u00eda de ruta. Se integran puntos de paso como gasolineras, restaurantes y puntos de control. La navegaci\u00f3n tambi\u00e9n es posible con aplicaciones para smartphone (por ejemplo, Locus Map). Como ACT Ride &amp; Train es un evento de grupo, no se permite la conducci\u00f3n independiente fuera del grupo.<\/p><p style=\"font-weight: 400;\">\u00a0<\/p><ol start=\"8\"><li style=\"font-weight: 400;\">\u00bfC\u00d3MO SE ORGANIZA EL CATERIN?<\/li><\/ol><p style=\"font-weight: 400;\">Cada ciclista es responsable de su propio catering durante la jornada. Las paradas se planifican en puntos adecuados para que todos los participantes puedan comer y beber algo.<\/p><p style=\"font-weight: 400;\">\u00a0<\/p><ol start=\"9\"><li style=\"font-weight: 400;\">\u00bfHAY UN VEH\u00cdCULO DE APOYO?<\/li><\/ol><p style=\"font-weight: 400;\">No. ACT Ride &amp; Train se lleva a cabo sin escolta ni veh\u00edculo de equipaje. Los participantes transportan ellos mismos su equipaje personal en sus motos.<\/p><p style=\"font-weight: 400;\">\u00a0<\/p><ol start=\"10\"><li style=\"font-weight: 400;\">\u00bfQU\u00c9 EST\u00c1 INCLUIDO EN EL PRECIO?<\/li><\/ol><p style=\"font-weight: 400;\">El precio incluye: Experiencia ACT guiada en tren y bicicleta, elementos de entrenamiento integrados, apoyo de instructores\/gu\u00edas certificados de ACT, planificaci\u00f3n y organizaci\u00f3n del viaje, alojamiento y dos cenas de grupo. Los detalles figuran en la descripci\u00f3n del servicio.<\/p><p style=\"font-weight: 400;\">\u00a0<\/p><p style=\"font-weight: 400;\">\u00a0<\/p><ol start=\"11\"><li style=\"font-weight: 400;\">\u00bfCU\u00c1LES SON LAS CONDICIONES DE PAGO?<\/li><\/ol><p style=\"font-weight: 400;\">Al completar el proceso de reserva, el participante hace una oferta vinculante. El contrato de viaje se formaliza al recibir la confirmaci\u00f3n de viaje. La confirmaci\u00f3n de viaje se env\u00eda en forma de texto junto con el certificado de seguro de viaje exigido legalmente. Durante el proceso de reserva hay que pagar un dep\u00f3sito de 20% del precio del viaje. El pago restante deber\u00e1 efectuarse a m\u00e1s tardar 6 semanas antes del inicio del evento. Para m\u00e1s detalles, consulta las condiciones de participaci\u00f3n.<\/p><p style=\"font-weight: 400;\">\u00a0<\/p><ol start=\"12\"><li style=\"font-weight: 400;\">\u00bfRECIBIR\u00c9 UN CERTIFICADO DE SEGURIDAD DE VIAJE?<\/li><\/ol><p style=\"font-weight: 400;\">S\u00ed. ACT Ride &amp; Train se organiza como un viaje combinado. Con la confirmaci\u00f3n del viaje, los participantes reciben el certificado de seguridad de viaje exigido legalmente de acuerdo con el \u00a7 651r BGB (C\u00f3digo Civil alem\u00e1n).<\/p><p style=\"font-weight: 400;\">\u00a0<\/p><ol start=\"13\"><li style=\"font-weight: 400;\">\u00bfPUEDO ANULAR MI RESERVA?<\/li><\/ol><p style=\"font-weight: 400;\">S\u00ed. La rescisi\u00f3n del contrato es posible en cualquier momento. Los gastos de cancelaci\u00f3n depender\u00e1n del momento en que se produzca el desistimiento y se especifican en las condiciones de participaci\u00f3n. ACT recomienda expresamente contratar un seguro de cancelaci\u00f3n de viaje adecuado.<\/p><p style=\"font-weight: 400;\">\u00a0<\/p><ol start=\"14\"><li style=\"font-weight: 400;\">\u00bfPUEDO TRANSFERIR MI PLAZA A OTRA PERSONA?<\/li><\/ol><p style=\"font-weight: 400;\">S\u00ed. Se puede proporcionar un sustituto adecuado hasta el inicio del viaje, siempre que cumpla los requisitos de participaci\u00f3n. En las condiciones de participaci\u00f3n se especifican m\u00e1s detalles.<\/p><p style=\"font-weight: 400;\">\u00a0<\/p><ol start=\"15\"><li style=\"font-weight: 400;\">\u00bfHAY UN N\u00daMERO M\u00cdNIMO DE PARTICIPANTES?<\/li><\/ol><p style=\"font-weight: 400;\">S\u00ed. El evento se celebrar\u00e1 con un m\u00ednimo de 6 participantes. Si no se alcanza este n\u00famero, ACT e.V. se reserva el derecho de cancelar el evento a m\u00e1s tardar 21 d\u00edas antes del comienzo. Los pagos ya efectuados se reembolsar\u00e1n \u00edntegramente.<\/p><p style=\"font-weight: 400;\">\u00a0<\/p><ol start=\"16\"><li style=\"font-weight: 400;\">\u00bfQU\u00c9 OCURRE EN CASO DE MAL TIEMPO O IMPREVISTOS?<\/li><\/ol><p style=\"font-weight: 400;\">ACT Ride &amp; Train tiene lugar en condiciones reales. La meteorolog\u00eda, los requisitos oficiales o circunstancias excepcionales pueden hacer necesarios ajustes en la ruta, el horario o la cancelaci\u00f3n. En tales casos, se aplicar\u00e1n las normas legales y las condiciones de participaci\u00f3n.<\/p><p style=\"font-weight: 400;\">\u00a0<\/p><ol start=\"17\"><li style=\"font-weight: 400;\">\u00bfC\u00d3MO SE REGULA LA RESPONSABILIDAD?<\/li><\/ol><p style=\"font-weight: 400;\">La responsabilidad de ACT e.V. se rige por las disposiciones legales de la ley de viajes combinados. ACT Ride &amp; Train es un evento todoterreno con un mayor riesgo personal. Los detalles relativos a la responsabilidad est\u00e1n regulados en las condiciones de participaci\u00f3n y en una exenci\u00f3n de responsabilidad aparte.<\/p><p style=\"font-weight: 400;\">\u00a0<\/p><ol start=\"18\"><li style=\"font-weight: 400;\">\u00bfES POSIBLE RESERVAR EL VIAJE EN EXCLUSIVA?<\/li><\/ol><p style=\"font-weight: 400;\">S\u00ed. Los grupos cerrados tienen la opci\u00f3n de reservar exclusivamente un evento de ACT Ride &amp; Train.<\/p><p style=\"font-weight: 400;\">Esto requiere un tama\u00f1o de grupo suficiente y una coordinaci\u00f3n temprana en cuanto a fechas, regi\u00f3n y marco organizativo. Los detalles concretos se acuerdan individualmente previa consulta.<\/p><p style=\"font-weight: 400;\">Si est\u00e1s interesado, ponte en contacto con nosotros directamente para hablar de las opciones y condiciones.<\/p><p style=\"font-weight: 400;\">\u00a0<\/p><p style=\"font-weight: 400;\">\u00a0<\/p><p style=\"font-weight: 400;\">\u00a0<\/p>\t\t\t\t\t\t\t\t<\/div>\n\t\t\t\t<\/div>\n\t\t\t\t\t<\/div>\n\t\t<\/div>\n\t\t\t\t\t<\/div>\n\t\t<\/section>\n\t\t\t\t<\/div>","protected":false},"excerpt":{"rendered":"<p>FAQ \u2013 ACT Ride &amp; Train \u00a0 \u00a0 \u00a0 IS ACT RIDE &amp; TRAIN A TRAINING COURSE OR A GUIDED TOUR? ACT Ride &amp; Train is a guided off-road event with integrated coaching and feedback elements directly on the track. It is neither a classic beginner&#8217;s training course nor a tourist motorcycle tour, but rather [&hellip;]<\/p>\n","protected":false},"author":15208,"featured_media":0,"parent":0,"menu_order":0,"comment_status":"closed","ping_status":"closed","template":"","meta":{"_acf_changed":false,"footnotes":""},"class_list":["post-36305","page","type-page","status-publish","hentry"],"acf":[],"_links":{"self":[{"href":"https:\/\/adventurecountrytracks.com\/es\/wp-json\/wp\/v2\/pages\/36305","targetHints":{"allow":["GET"]}}],"collection":[{"href":"https:\/\/adventurecountrytracks.com\/es\/wp-json\/wp\/v2\/pages"}],"about":[{"href":"https:\/\/adventurecountrytracks.com\/es\/wp-json\/wp\/v2\/types\/page"}],"author":[{"embeddable":true,"href":"https:\/\/adventurecountrytracks.com\/es\/wp-json\/wp\/v2\/users\/15208"}],"replies":[{"embeddable":true,"href":"https:\/\/adventurecountrytracks.com\/es\/wp-json\/wp\/v2\/comments?post=36305"}],"version-history":[{"count":4,"href":"https:\/\/adventurecountrytracks.com\/es\/wp-json\/wp\/v2\/pages\/36305\/revisions"}],"predecessor-version":[{"id":36312,"href":"https:\/\/adventurecountrytracks.com\/es\/wp-json\/wp\/v2\/pages\/36305\/revisions\/36312"}],"wp:attachment":[{"href":"https:\/\/adventurecountrytracks.com\/es\/wp-json\/wp\/v2\/media?parent=36305"}],"curies":[{"name":"wp","href":"https:\/\/api.w.org\/{rel}","templated":true}]}}