{"id":27659,"date":"2023-08-31T09:30:52","date_gmt":"2023-08-31T07:30:52","guid":{"rendered":"https:\/\/adventurecountrytracks.com\/?post_type=product&#038;p=27659"},"modified":"2026-04-15T16:31:29","modified_gmt":"2026-04-15T14:31:29","slug":"act-country-t-shirt-united-kingdom","status":"publish","type":"product","link":"https:\/\/adventurecountrytracks.com\/es\/product\/act-country-t-shirt-united-kingdom\/","title":{"rendered":"ACT Camiseta del pa\u00eds \"Reino Unido\""},"content":{"rendered":"<p style=\"font-weight: 400;\">La camiseta del Reino Unido est\u00e1 estampada con los colores cl\u00e1sicos de la Union Jack , con el logotipo de ACT en el pecho y la espalda, y el nombre del pa\u00eds en el logotipo especial del pa\u00eds.<\/p>\n<p style=\"font-weight: 400;\"><span style=\"font-weight: 400;\">Una excepcional pieza de coleccionista: monta una pista a la vez y completa tu colecci\u00f3n del pa\u00eds.<br \/>\n<\/span><span style=\"font-weight: 400;\">Muestra tu apoyo a uno de los proyectos m\u00e1s geniales para motoristas de aventura de Europa. <\/span><\/p>\n<p style=\"font-weight: 400;\"><span style=\"font-weight: 400;\">El proceso de impresi\u00f3n por sublimaci\u00f3n no afecta en modo alguno a la transpirabilidad.<br \/>\nLas tintas de impresi\u00f3n pasan a formar parte del tejido, no se notan y son absolutamente lavables.<br \/>\nLa tecnolog\u00eda CoolMesh garantiza un transporte r\u00e1pido de la humedad.<\/span><\/p>\n<p><img fetchpriority=\"high\" decoding=\"async\" class=\"alignnone size-medium wp-image-27949\" src=\"https:\/\/adventurecountrytracks.com\/wp-content\/uploads\/2022\/12\/Bildschirmfoto-2022-12-22-um-17.38.33-800x232.png\" alt=\"\" width=\"800\" height=\"232\" srcset=\"https:\/\/adventurecountrytracks.com\/wp-content\/uploads\/2022\/12\/Bildschirmfoto-2022-12-22-um-17.38.33-800x232.png 800w, https:\/\/adventurecountrytracks.com\/wp-content\/uploads\/2022\/12\/Bildschirmfoto-2022-12-22-um-17.38.33-600x174-600x174-600x174-600x174.png 600w, https:\/\/adventurecountrytracks.com\/wp-content\/uploads\/2022\/12\/Bildschirmfoto-2022-12-22-um-17.38.33-1024x297.png 1024w, https:\/\/adventurecountrytracks.com\/wp-content\/uploads\/2022\/12\/Bildschirmfoto-2022-12-22-um-17.38.33-768x223.png 768w, https:\/\/adventurecountrytracks.com\/wp-content\/uploads\/2022\/12\/Bildschirmfoto-2022-12-22-um-17.38.33-18x5.png 18w, https:\/\/adventurecountrytracks.com\/wp-content\/uploads\/2022\/12\/Bildschirmfoto-2022-12-22-um-17.38.33.png 1110w\" sizes=\"(max-width: 800px) 100vw, 800px\" \/><\/p>\n<p>100% poli\u00e9ster<br \/>\nTranspirable, secado r\u00e1pido<br \/>\nTecnolog\u00eda COOLMESH<br \/>\nOeko Tex 100<\/p>","protected":false},"excerpt":{"rendered":"<p style=\"font-weight: 400;\">La \"Camiseta de Pa\u00eds \"Reino Unido\" de la colecci\u00f3n Aventura Pistas de Pa\u00eds.<\/p>\n<p data-start=\"169\" data-end=\"233\">\u00bfEst\u00e1s planificando tu trayectoria en el Reino Unido, o ya la has completado?<\/p>\n<p data-start=\"235\" data-end=\"485\">Demuestra a tu equipo que has estado en la carretera y dominado las pistas a trav\u00e9s de Gales, la Isla de Man y el Norte de Inglaterra. Has luchado contra el barro, soportado el impredecible clima brit\u00e1nico y puede que incluso te hayas quedado atascado en algunos pubs por el camino.<\/p>\n<p data-start=\"487\" data-end=\"652\">Demuestra que has conquistado una de las \u00faltimas pistas de aut\u00e9ntica aventura en Europa: una experiencia sin igual. Una de las \u00faltimas grandes aventuras que a\u00fan esperan ser vividas.<\/p>","protected":false},"featured_media":28386,"comment_status":"closed","ping_status":"closed","template":"","meta":{"_acf_changed":false},"product_brand":[],"product_cat":[180],"product_tag":[122,120,121],"class_list":{"0":"post-27659","1":"product","2":"type-product","3":"status-publish","4":"has-post-thumbnail","6":"product_cat-sell-out","7":"product_tag-meshtechnologie","8":"product_tag-rallye","9":"product_tag-jersey","10":"pa_size-s","11":"pa_size-m","12":"pa_size-l","13":"pa_size-xl","14":"pa_size-xxl","15":"pa_size-xxxl","17":"first","18":"instock","19":"taxable","20":"shipping-taxable","21":"purchasable","22":"product-type-variable"},"acf":[],"_links":{"self":[{"href":"https:\/\/adventurecountrytracks.com\/es\/wp-json\/wp\/v2\/product\/27659","targetHints":{"allow":["GET"]}}],"collection":[{"href":"https:\/\/adventurecountrytracks.com\/es\/wp-json\/wp\/v2\/product"}],"about":[{"href":"https:\/\/adventurecountrytracks.com\/es\/wp-json\/wp\/v2\/types\/product"}],"replies":[{"embeddable":true,"href":"https:\/\/adventurecountrytracks.com\/es\/wp-json\/wp\/v2\/comments?post=27659"}],"wp:featuredmedia":[{"embeddable":true,"href":"https:\/\/adventurecountrytracks.com\/es\/wp-json\/wp\/v2\/media\/28386"}],"wp:attachment":[{"href":"https:\/\/adventurecountrytracks.com\/es\/wp-json\/wp\/v2\/media?parent=27659"}],"wp:term":[{"taxonomy":"product_brand","embeddable":true,"href":"https:\/\/adventurecountrytracks.com\/es\/wp-json\/wp\/v2\/product_brand?post=27659"},{"taxonomy":"product_cat","embeddable":true,"href":"https:\/\/adventurecountrytracks.com\/es\/wp-json\/wp\/v2\/product_cat?post=27659"},{"taxonomy":"product_tag","embeddable":true,"href":"https:\/\/adventurecountrytracks.com\/es\/wp-json\/wp\/v2\/product_tag?post=27659"}],"curies":[{"name":"wp","href":"https:\/\/api.w.org\/{rel}","templated":true}]}}