{"id":30225,"date":"2023-12-22T11:02:07","date_gmt":"2023-12-22T10:02:07","guid":{"rendered":"https:\/\/adventurecountrytracks.com\/product\/act-italy-jersey-new\/"},"modified":"2026-04-15T15:58:59","modified_gmt":"2026-04-15T13:58:59","slug":"acto-italia-jersey-nuevo","status":"publish","type":"product","link":"https:\/\/adventurecountrytracks.com\/es\/product\/act-italy-jersey-new\/","title":{"rendered":"ACT ITALIA Maillot NEW fit Colecci\u00f3n 2024"},"content":{"rendered":"<h2>Descripci\u00f3n<\/h2>\n<p>El maillot ACT ITALIA encarna los vibrantes tonos de la bandera y los colores italianos, con el llamativo logotipo de ACT en el pecho y en la espalda, junto al nombre del pa\u00eds en un llamativo dise\u00f1o espec\u00edfico.<\/p>\n<p>Dise\u00f1ado para los aventureros m\u00e1s atrevidos, este maillot combina una comodidad ligera con un flujo de aire \u00f3ptimo y materiales flexibles y transpirables. Es el maillot imprescindible para esos d\u00edas abrasadores en la carretera. Dise\u00f1ado para un ajuste impecable que mejora el rendimiento reduciendo el sudor, permiti\u00e9ndote superar tus l\u00edmites sobre la bici. Cuando haga fr\u00edo, ponla sobre tu ropa interior para mejorar la circulaci\u00f3n del aire y el control de la humedad. \u00bfNecesitas ir en bici con Body Armour? Pide una talla m\u00e1s para conseguir el ajuste perfecto.<\/p>\n<p>Un complemento excepcional para cualquier coleccionista: conquista cada pista y crea tu colecci\u00f3n de pa\u00edses. Muestra tu lealtad a uno de los proyectos m\u00e1s geniales de Europa para pilotos de aventura. No eres s\u00f3lo un espectador; eres parte integrante de esta comunidad. Confeccionado con algod\u00f3n duradero de primera calidad, este maillot cl\u00e1sico de manga corta te permite mostrar con orgullo tus aventuras y tu apoyo.<\/p>\n<p><strong>Para quienes opten por llevarlo sobre la armadura, recomendamos seleccionar al menos 1 talla m\u00e1s para una comodidad y un ajuste \u00f3ptimos.<\/strong><\/p>\n<p>&nbsp;<\/p>\n<p><img fetchpriority=\"high\" decoding=\"async\" class=\"alignnone size-medium wp-image-27948\" src=\"https:\/\/adventurecountrytracks.com\/wp-content\/uploads\/2022\/12\/Bildschirmfoto-2022-12-22-um-17.36.19-800x218.png\" sizes=\"(max-width: 800px) 100vw, 800px\" srcset=\"https:\/\/adventurecountrytracks.com\/wp-content\/uploads\/2022\/12\/Bildschirmfoto-2022-12-22-um-17.36.19-800x218.png 800w, https:\/\/adventurecountrytracks.com\/wp-content\/uploads\/2022\/12\/Bildschirmfoto-2022-12-22-um-17.36.19-1024x279.png 1024w, https:\/\/adventurecountrytracks.com\/wp-content\/uploads\/2022\/12\/Bildschirmfoto-2022-12-22-um-17.36.19-768x209.png 768w, https:\/\/adventurecountrytracks.com\/wp-content\/uploads\/2022\/12\/Bildschirmfoto-2022-12-22-um-17.36.19-18x5.png 18w, https:\/\/adventurecountrytracks.com\/wp-content\/uploads\/2022\/12\/Bildschirmfoto-2022-12-22-um-17.36.19-600x163.png 600w, https:\/\/adventurecountrytracks.com\/wp-content\/uploads\/2022\/12\/Bildschirmfoto-2022-12-22-um-17.36.19-300x82.png 300w, https:\/\/adventurecountrytracks.com\/wp-content\/uploads\/2022\/12\/Bildschirmfoto-2022-12-22-um-17.36.19.png 1116w\" alt=\"\" width=\"800\" height=\"218\" \/><\/p>\n<p>100% poli\u00e9ster<br \/>\nTranspirable, secado r\u00e1pido<br \/>\nTecnolog\u00eda COOLMESH<br \/>\nOeko Tex 100<\/p>","protected":false},"excerpt":{"rendered":"<p>\u00a1Ya est\u00e1 aqu\u00ed el \"Maillot Country Italia\" de la colecci\u00f3n Adventure Country Tracks con el NUEVO ajuste!<\/p>\n<p>\u00bfEst\u00e1s planeando tu aventura en la pista italiana o ya la has conquistado?<\/p>\n<p>\u00a1Imagina a tu equipo saliendo a las carreteras y conquistando las pistas de la Toscana y el interior de Italia! Hab\u00e9is saboreado la cocina local en pintorescas trattorias, luchado contra un tiempo impredecible y triunfado en una de las \u00faltimas Pistas de Aventura de Europa. Es una experiencia extraordinaria, una de las \u00faltimas grandes aventuras del continente.<\/p>","protected":false},"featured_media":30554,"comment_status":"open","ping_status":"closed","template":"","meta":{"_acf_changed":false},"product_brand":[],"product_cat":[89,164],"product_tag":[],"class_list":{"0":"post-30225","1":"product","2":"type-product","3":"status-publish","4":"has-post-thumbnail","6":"product_cat-apparel","7":"product_cat-act-country-shirts","8":"pa_size-xl","9":"pa_size-xxl","10":"pa_size-4xl","11":"pa_size-5xl","12":"pa_size-xs","13":"pa_size-3xl","14":"pa_size-s","15":"pa_size-m","16":"pa_size-l","18":"first","19":"instock","20":"taxable","21":"shipping-taxable","22":"purchasable","23":"product-type-variable"},"acf":[],"_links":{"self":[{"href":"https:\/\/adventurecountrytracks.com\/es\/wp-json\/wp\/v2\/product\/30225","targetHints":{"allow":["GET"]}}],"collection":[{"href":"https:\/\/adventurecountrytracks.com\/es\/wp-json\/wp\/v2\/product"}],"about":[{"href":"https:\/\/adventurecountrytracks.com\/es\/wp-json\/wp\/v2\/types\/product"}],"replies":[{"embeddable":true,"href":"https:\/\/adventurecountrytracks.com\/es\/wp-json\/wp\/v2\/comments?post=30225"}],"wp:featuredmedia":[{"embeddable":true,"href":"https:\/\/adventurecountrytracks.com\/es\/wp-json\/wp\/v2\/media\/30554"}],"wp:attachment":[{"href":"https:\/\/adventurecountrytracks.com\/es\/wp-json\/wp\/v2\/media?parent=30225"}],"wp:term":[{"taxonomy":"product_brand","embeddable":true,"href":"https:\/\/adventurecountrytracks.com\/es\/wp-json\/wp\/v2\/product_brand?post=30225"},{"taxonomy":"product_cat","embeddable":true,"href":"https:\/\/adventurecountrytracks.com\/es\/wp-json\/wp\/v2\/product_cat?post=30225"},{"taxonomy":"product_tag","embeddable":true,"href":"https:\/\/adventurecountrytracks.com\/es\/wp-json\/wp\/v2\/product_tag?post=30225"}],"curies":[{"name":"wp","href":"https:\/\/api.w.org\/{rel}","templated":true}]}}