{"id":30265,"date":"2023-12-22T11:02:07","date_gmt":"2023-12-22T10:02:07","guid":{"rendered":"https:\/\/adventurecountrytracks.com\/product\/act-jersey-all-black-new\/"},"modified":"2026-04-27T13:42:33","modified_gmt":"2026-04-27T11:42:33","slug":"jersey-act-todo-negro-nuevo","status":"publish","type":"product","link":"https:\/\/adventurecountrytracks.com\/es\/product\/act-jersey-all-black-new\/","title":{"rendered":"ACT Jersey \"todo negro\" NEW FIT Colecci\u00f3n 2024"},"content":{"rendered":"<p>Domina la carretera con estilo con el maillot ACT \"All Black\": m\u00e1s que una declaraci\u00f3n, \u00a1es un movimiento!<\/p>\n<p>Experimenta nuestra revolucionaria t\u00e9cnica de impresi\u00f3n por sublimaci\u00f3n que se integra perfectamente en el tejido, dejando intacta la transpirabilidad. Las tintas se funden a la perfecci\u00f3n, garantizando un dise\u00f1o que es a la vez invisible y lavable, permiti\u00e9ndote presumir de sujeci\u00f3n con confianza. Con la tecnolog\u00eda de vanguardia CoolMesh, te mantendr\u00e1s seca y c\u00f3moda gracias al r\u00e1pido transporte de la humedad.<\/p>\n<p><strong>Para quienes se equipen con Armor, opta por una talla superior para asegurar un ajuste perfecto.<\/strong><\/p>\n<p><img fetchpriority=\"high\" decoding=\"async\" class=\"alignnone size-medium wp-image-27948\" src=\"https:\/\/adventurecountrytracks.com\/wp-content\/uploads\/2022\/12\/Bildschirmfoto-2022-12-22-um-17.36.19-800x218.png\" alt=\"\" width=\"800\" height=\"218\" srcset=\"https:\/\/adventurecountrytracks.com\/wp-content\/uploads\/2022\/12\/Bildschirmfoto-2022-12-22-um-17.36.19-800x218.png 800w, https:\/\/adventurecountrytracks.com\/wp-content\/uploads\/2022\/12\/Bildschirmfoto-2022-12-22-um-17.36.19-600x163.png 600w, https:\/\/adventurecountrytracks.com\/wp-content\/uploads\/2022\/12\/Bildschirmfoto-2022-12-22-um-17.36.19-1024x279.png 1024w, https:\/\/adventurecountrytracks.com\/wp-content\/uploads\/2022\/12\/Bildschirmfoto-2022-12-22-um-17.36.19-768x209.png 768w, https:\/\/adventurecountrytracks.com\/wp-content\/uploads\/2022\/12\/Bildschirmfoto-2022-12-22-um-17.36.19-18x5.png 18w, https:\/\/adventurecountrytracks.com\/wp-content\/uploads\/2022\/12\/Bildschirmfoto-2022-12-22-um-17.36.19.png 1116w\" sizes=\"(max-width: 800px) 100vw, 800px\" \/><\/p>\n<p>Fabricado con poli\u00e9ster 100%, este maillot no s\u00f3lo es elegante, sino que est\u00e1 dise\u00f1ado para ofrecer una transpirabilidad \u00f3ptima y un secado r\u00e1pido. Disfruta de la tecnolog\u00eda COOLMESH que lo distingue. Adem\u00e1s, puedes estar tranquilo sabiendo que cuenta con la certificaci\u00f3n Oeko Tex 100 de calidad superior. Apoya la causa y pedalea con un estilo incomparable: \u00a1consigue hoy mismo tu maillot All Black Rider!<\/p>","protected":false},"excerpt":{"rendered":"<p>Presentamos el compa\u00f1ero definitivo del motorista para los d\u00edas abrasadores. Redise\u00f1ado para un ajuste \u00f3ptimo que garantice la m\u00e1xima funcionalidad, es la clave para minimizar el sudor y maximizar tu rendimiento sobre la bici.<\/p>\n<p>Con un logotipo prominente en el pecho y el lema de ACT \"Ride - Respect - Enjoy\" en la espalda, este maillot encierra la esencia ind\u00f3mita del terreno monta\u00f1oso del logotipo original de ACT. Se hace eco de la belleza agreste e intacta de las pistas de aventura: crudas, salvajes y remotas, tal y como deben ser.<\/p>\n<p>Es algo m\u00e1s que una camiseta: es una declaraci\u00f3n de tus valores hacia las personas, los animales y la naturaleza. Alineados con nuestro c\u00f3digo, mantenemos el m\u00e1ximo respeto por las condiciones locales mientras conquistamos las \u00faltimas Pistas de Aventura de Europa, dedicados a preservar estos senderos para las generaciones venideras. Lleva este maillot y deja que tu actitud lo diga todo mientras encarnas la esencia de la conducci\u00f3n de aventura responsable.<\/p>","protected":false},"featured_media":30546,"comment_status":"open","ping_status":"closed","template":"","meta":{"_acf_changed":false},"product_brand":[],"product_cat":[89,165],"product_tag":[],"class_list":{"0":"post-30265","1":"product","2":"type-product","3":"status-publish","4":"has-post-thumbnail","6":"product_cat-apparel","7":"product_cat-act-originals","8":"pa_size-5xl","9":"pa_size-xs","10":"pa_size-3xl","11":"pa_size-s","12":"pa_size-m","13":"pa_size-l","14":"pa_size-xl","15":"pa_size-xxl","16":"pa_size-4xl","18":"first","19":"instock","20":"featured","21":"taxable","22":"shipping-taxable","23":"purchasable","24":"product-type-variable"},"acf":[],"_links":{"self":[{"href":"https:\/\/adventurecountrytracks.com\/es\/wp-json\/wp\/v2\/product\/30265","targetHints":{"allow":["GET"]}}],"collection":[{"href":"https:\/\/adventurecountrytracks.com\/es\/wp-json\/wp\/v2\/product"}],"about":[{"href":"https:\/\/adventurecountrytracks.com\/es\/wp-json\/wp\/v2\/types\/product"}],"replies":[{"embeddable":true,"href":"https:\/\/adventurecountrytracks.com\/es\/wp-json\/wp\/v2\/comments?post=30265"}],"wp:featuredmedia":[{"embeddable":true,"href":"https:\/\/adventurecountrytracks.com\/es\/wp-json\/wp\/v2\/media\/30546"}],"wp:attachment":[{"href":"https:\/\/adventurecountrytracks.com\/es\/wp-json\/wp\/v2\/media?parent=30265"}],"wp:term":[{"taxonomy":"product_brand","embeddable":true,"href":"https:\/\/adventurecountrytracks.com\/es\/wp-json\/wp\/v2\/product_brand?post=30265"},{"taxonomy":"product_cat","embeddable":true,"href":"https:\/\/adventurecountrytracks.com\/es\/wp-json\/wp\/v2\/product_cat?post=30265"},{"taxonomy":"product_tag","embeddable":true,"href":"https:\/\/adventurecountrytracks.com\/es\/wp-json\/wp\/v2\/product_tag?post=30265"}],"curies":[{"name":"wp","href":"https:\/\/api.w.org\/{rel}","templated":true}]}}