{"id":30285,"date":"2023-12-22T11:02:07","date_gmt":"2023-12-22T10:02:07","guid":{"rendered":"https:\/\/adventurecountrytracks.com\/product\/act-jersey-pyrenees-new\/"},"modified":"2026-04-04T14:38:25","modified_gmt":"2026-04-04T12:38:25","slug":"acto-jersey-pirineos-nuevo","status":"publish","type":"product","link":"https:\/\/adventurecountrytracks.com\/es\/product\/act-jersey-pyrenees-new\/","title":{"rendered":"ACT Jersey \"Pirineos\" Colecci\u00f3n NEW FIT 2024"},"content":{"rendered":"<p>Abraza el maillot ACT Pirineos: una fusi\u00f3n de tonos vibrantes inspirada en los majestuosos paisajes, adornada con el logotipo de ACT en el pecho y la espalda, y el nombre de la regi\u00f3n en un emblema hecho a medida.<\/p>\n<p>Confeccionado para los aventureros m\u00e1s atrevidos, este maillot ofrece una comodidad ligera, un flujo de aire superior y materiales flexibles y transpirables. Es tu elecci\u00f3n para los d\u00edas soleados, ya que garantiza el m\u00e1ximo ajuste y funcionalidad, permitiendo el m\u00e1ximo rendimiento sobre la bici y manteniendo a raya la transpiraci\u00f3n. Cuando bajen las temperaturas, ponlo sobre tu equipaci\u00f3n b\u00e1sica para mejorar la circulaci\u00f3n del aire y controlar la humedad. Adem\u00e1s, es perfectamente compatible con Body Armour: s\u00f3lo tienes que optar por una talla m\u00e1s para conseguir el ajuste perfecto.<\/p>\n<p>M\u00e1s que una simple prenda, es una joya de coleccionista que te insta a conquistar senderos y a ampliar tu colecci\u00f3n regional. Muestra tu devoci\u00f3n por una de las empresas europeas m\u00e1s apasionantes para los pilotos de aventura. No eres un mero observador; eres una parte esencial de esta comunidad. Confeccionado en algod\u00f3n s\u00f3lido de primera calidad, este maillot cl\u00e1sico de manga corta narra tu viaje y tu apoyo incondicional.<\/p>\n<p>Para los que est\u00e9n pensando en Armor, aumenta la talla para conseguir esa mezcla impecable de estilo y comodidad que se haga eco de tu esp\u00edritu aventurero<\/p>\n<p>.<img fetchpriority=\"high\" decoding=\"async\" class=\"alignnone size-medium wp-image-27948\" src=\"https:\/\/adventurecountrytracks.com\/wp-content\/uploads\/2022\/12\/Bildschirmfoto-2022-12-22-um-17.36.19-800x218.png\" sizes=\"(max-width: 800px) 100vw, 800px\" srcset=\"https:\/\/adventurecountrytracks.com\/wp-content\/uploads\/2022\/12\/Bildschirmfoto-2022-12-22-um-17.36.19-800x218.png 800w, https:\/\/adventurecountrytracks.com\/wp-content\/uploads\/2022\/12\/Bildschirmfoto-2022-12-22-um-17.36.19-1024x279.png 1024w, https:\/\/adventurecountrytracks.com\/wp-content\/uploads\/2022\/12\/Bildschirmfoto-2022-12-22-um-17.36.19-768x209.png 768w, https:\/\/adventurecountrytracks.com\/wp-content\/uploads\/2022\/12\/Bildschirmfoto-2022-12-22-um-17.36.19-18x5.png 18w, https:\/\/adventurecountrytracks.com\/wp-content\/uploads\/2022\/12\/Bildschirmfoto-2022-12-22-um-17.36.19-600x163.png 600w, https:\/\/adventurecountrytracks.com\/wp-content\/uploads\/2022\/12\/Bildschirmfoto-2022-12-22-um-17.36.19-300x82.png 300w, https:\/\/adventurecountrytracks.com\/wp-content\/uploads\/2022\/12\/Bildschirmfoto-2022-12-22-um-17.36.19.png 1116w\" alt=\"\" width=\"800\" height=\"218\" \/><\/p>\n<p>100% poli\u00e9ster<br \/>\nTranspirable, secado r\u00e1pido<br \/>\nTecnolog\u00eda COOLMESH<br \/>\nOeko Tex 100<\/p>","protected":false},"excerpt":{"rendered":"<p>Presentamos el maillot de campo \"Pirineos\" de nuestra colecci\u00f3n Adventure Country Tracks, ahora mejorado con un dise\u00f1o fresco y de marca <strong>NUEVO ajuste<\/strong>!<\/p>\n<p>\u00bfTe est\u00e1s preparando para tu aventura en la Pista de los Pirineos, o ya la has superado?<\/p>\n<p>Imagina a tu equipo embarcado en el viaje, conquistando pistas que serpentean por los paisajes pirenaicos. Desde atravesar cautivadoras estribaciones hasta navegar por terrenos desafiantes, has explorado estas impresionantes rutas, demostrando tu destreza en una de las Pistas de Aventura m\u00e1s emocionantes de Europa. Es una experiencia sin igual, \u00fanica en la vida, entre las \u00faltimas grandes aventuras que Europa puede ofrecer.<\/p>","protected":false},"featured_media":30558,"comment_status":"open","ping_status":"closed","template":"","meta":{"_acf_changed":false},"product_brand":[],"product_cat":[89,164],"product_tag":[],"class_list":{"0":"post-30285","1":"product","2":"type-product","3":"status-publish","4":"has-post-thumbnail","6":"product_cat-apparel","7":"product_cat-act-country-shirts","8":"pa_size-3xl","9":"pa_size-s","10":"pa_size-m","11":"pa_size-l","12":"pa_size-xl","13":"pa_size-xxl","14":"pa_size-4xl","15":"pa_size-5xl","16":"pa_size-xs","18":"first","19":"instock","20":"taxable","21":"shipping-taxable","22":"purchasable","23":"product-type-variable"},"acf":[],"_links":{"self":[{"href":"https:\/\/adventurecountrytracks.com\/es\/wp-json\/wp\/v2\/product\/30285","targetHints":{"allow":["GET"]}}],"collection":[{"href":"https:\/\/adventurecountrytracks.com\/es\/wp-json\/wp\/v2\/product"}],"about":[{"href":"https:\/\/adventurecountrytracks.com\/es\/wp-json\/wp\/v2\/types\/product"}],"replies":[{"embeddable":true,"href":"https:\/\/adventurecountrytracks.com\/es\/wp-json\/wp\/v2\/comments?post=30285"}],"wp:featuredmedia":[{"embeddable":true,"href":"https:\/\/adventurecountrytracks.com\/es\/wp-json\/wp\/v2\/media\/30558"}],"wp:attachment":[{"href":"https:\/\/adventurecountrytracks.com\/es\/wp-json\/wp\/v2\/media?parent=30285"}],"wp:term":[{"taxonomy":"product_brand","embeddable":true,"href":"https:\/\/adventurecountrytracks.com\/es\/wp-json\/wp\/v2\/product_brand?post=30285"},{"taxonomy":"product_cat","embeddable":true,"href":"https:\/\/adventurecountrytracks.com\/es\/wp-json\/wp\/v2\/product_cat?post=30285"},{"taxonomy":"product_tag","embeddable":true,"href":"https:\/\/adventurecountrytracks.com\/es\/wp-json\/wp\/v2\/product_tag?post=30285"}],"curies":[{"name":"wp","href":"https:\/\/api.w.org\/{rel}","templated":true}]}}