{"id":30305,"date":"2023-12-22T11:02:07","date_gmt":"2023-12-22T10:02:07","guid":{"rendered":"https:\/\/adventurecountrytracks.com\/product\/act-jersey-romania-new\/"},"modified":"2026-03-10T07:27:38","modified_gmt":"2026-03-10T06:27:38","slug":"acto-jersey-rumania-nuevo","status":"publish","type":"product","link":"https:\/\/adventurecountrytracks.com\/es\/product\/act-jersey-romania-new\/","title":{"rendered":"ACT Ruman\u00eda Jersey NEW fit Colecci\u00f3n 2024"},"content":{"rendered":"<p>Adopta el maillot ACT Ruman\u00eda: una vibrante fusi\u00f3n inspirada en los cautivadores paisajes, adornada con el llamativo logotipo ACT tanto en el pecho como en la espalda, junto con el nombre de la regi\u00f3n en un emblema distintivo.<\/p>\n<p>Hecho a medida para intr\u00e9pidos aventureros, este maillot despliega una mezcla de comodidad ligera, flujo de aire superior y materiales flexibles y transpirables. Es tu elecci\u00f3n definitiva para los d\u00edas soleados, ya que garantiza una mezcla impecable de ajuste y funcionalidad, permitiendo un rendimiento de primera en la bici y manteniendo el sudor a raya. Cuando bajen las temperaturas, ponla sobre tu equipaci\u00f3n b\u00e1sica para mejorar la circulaci\u00f3n del aire y la gesti\u00f3n de la humedad. Adem\u00e1s, combina a la perfecci\u00f3n con Body Armour: s\u00f3lo tienes que elegir una talla m\u00e1s para conseguir el ajuste perfecto.<\/p>\n<p>M\u00e1s all\u00e1 de ser una mera prenda, es un tesoro de coleccionista que te insta a conquistar senderos y a enriquecer tu colecci\u00f3n regional. Muestra tu dedicaci\u00f3n a una de las empresas europeas m\u00e1s estimulantes para los pilotos de aventura. No eres un simple espectador; eres una parte vital de esta pr\u00f3spera comunidad. Confeccionado en poli\u00e9ster de primera calidad, este maillot cl\u00e1sico de manga corta narra tu viaje y tu apoyo inquebrantable.<\/p>\n<p>Para quienes est\u00e9n pensando en la Armadura, opta por una talla m\u00e1s para conseguir una fusi\u00f3n impecable de estilo y comodidad, que se haga eco de tu esp\u00edritu audaz y aventurero.<\/p>\n<p>&nbsp;<\/p>\n<p><img fetchpriority=\"high\" decoding=\"async\" class=\"alignnone size-medium wp-image-27948\" src=\"https:\/\/adventurecountrytracks.com\/wp-content\/uploads\/2022\/12\/Bildschirmfoto-2022-12-22-um-17.36.19-800x218.png\" sizes=\"(max-width: 800px) 100vw, 800px\" srcset=\"https:\/\/adventurecountrytracks.com\/wp-content\/uploads\/2022\/12\/Bildschirmfoto-2022-12-22-um-17.36.19-800x218.png 800w, https:\/\/adventurecountrytracks.com\/wp-content\/uploads\/2022\/12\/Bildschirmfoto-2022-12-22-um-17.36.19-1024x279.png 1024w, https:\/\/adventurecountrytracks.com\/wp-content\/uploads\/2022\/12\/Bildschirmfoto-2022-12-22-um-17.36.19-768x209.png 768w, https:\/\/adventurecountrytracks.com\/wp-content\/uploads\/2022\/12\/Bildschirmfoto-2022-12-22-um-17.36.19-18x5.png 18w, https:\/\/adventurecountrytracks.com\/wp-content\/uploads\/2022\/12\/Bildschirmfoto-2022-12-22-um-17.36.19-600x163.png 600w, https:\/\/adventurecountrytracks.com\/wp-content\/uploads\/2022\/12\/Bildschirmfoto-2022-12-22-um-17.36.19-300x82.png 300w, https:\/\/adventurecountrytracks.com\/wp-content\/uploads\/2022\/12\/Bildschirmfoto-2022-12-22-um-17.36.19.png 1116w\" alt=\"\" width=\"800\" height=\"218\" \/><\/p>\n<p>Especificaciones del material:<\/p>\n<ul>\n<li>100% poli\u00e9ster<\/li>\n<li>Transpirable y de secado r\u00e1pido<\/li>\n<li>Tecnolog\u00eda COOLMESH<\/li>\n<li>Certificado Oeko Tex 100<\/li>\n<\/ul>","protected":false},"excerpt":{"rendered":"<p>Presentamos el maillot de campo \"Ruman\u00eda\" de nuestra colecci\u00f3n Adventure Country Tracks, ahora revitalizado con una marca<strong> \u00a1NUEVO ajuste!<\/strong><\/p>\n<p>\u00bfTe est\u00e1s preparando para tu aventura en la Pista de Ruman\u00eda o ya la has conquistado?<\/p>\n<p>Imagina a tu equipo embarcado en este estimulante viaje, conquistando senderos que serpentean por los cautivadores paisajes rumanos. Desde navegar por encantadoras estribaciones hasta enfrentarte a terrenos exigentes, habr\u00e1s atravesado estas impresionantes rutas, demostrando tu pericia en una de las Pistas de Aventura m\u00e1s estimulantes de Europa. Es una experiencia sin igual, \u00fanica en la vida, entre las \u00faltimas grandes aventuras que Europa puede ofrecer.<\/p>","protected":false},"featured_media":30560,"comment_status":"open","ping_status":"closed","template":"","meta":{"_acf_changed":false},"product_brand":[],"product_cat":[89,164],"product_tag":[],"class_list":{"0":"post-30305","1":"product","2":"type-product","3":"status-publish","4":"has-post-thumbnail","6":"product_cat-apparel","7":"product_cat-act-country-shirts","8":"pa_size-4xl","9":"pa_size-5xl","10":"pa_size-xs","11":"pa_size-3xl","12":"pa_size-s","13":"pa_size-m","14":"pa_size-l","15":"pa_size-xl","16":"pa_size-xxl","18":"first","19":"instock","20":"taxable","21":"shipping-taxable","22":"purchasable","23":"product-type-variable"},"acf":[],"_links":{"self":[{"href":"https:\/\/adventurecountrytracks.com\/es\/wp-json\/wp\/v2\/product\/30305","targetHints":{"allow":["GET"]}}],"collection":[{"href":"https:\/\/adventurecountrytracks.com\/es\/wp-json\/wp\/v2\/product"}],"about":[{"href":"https:\/\/adventurecountrytracks.com\/es\/wp-json\/wp\/v2\/types\/product"}],"replies":[{"embeddable":true,"href":"https:\/\/adventurecountrytracks.com\/es\/wp-json\/wp\/v2\/comments?post=30305"}],"wp:featuredmedia":[{"embeddable":true,"href":"https:\/\/adventurecountrytracks.com\/es\/wp-json\/wp\/v2\/media\/30560"}],"wp:attachment":[{"href":"https:\/\/adventurecountrytracks.com\/es\/wp-json\/wp\/v2\/media?parent=30305"}],"wp:term":[{"taxonomy":"product_brand","embeddable":true,"href":"https:\/\/adventurecountrytracks.com\/es\/wp-json\/wp\/v2\/product_brand?post=30305"},{"taxonomy":"product_cat","embeddable":true,"href":"https:\/\/adventurecountrytracks.com\/es\/wp-json\/wp\/v2\/product_cat?post=30305"},{"taxonomy":"product_tag","embeddable":true,"href":"https:\/\/adventurecountrytracks.com\/es\/wp-json\/wp\/v2\/product_tag?post=30305"}],"curies":[{"name":"wp","href":"https:\/\/api.w.org\/{rel}","templated":true}]}}