{"id":30345,"date":"2023-12-22T11:02:07","date_gmt":"2023-12-22T10:02:07","guid":{"rendered":"https:\/\/adventurecountrytracks.com\/product\/act-portugal-t-shirt-new\/"},"modified":"2026-04-07T20:09:05","modified_gmt":"2026-04-07T18:09:05","slug":"act-portugal-camiseta-nuevo","status":"publish","type":"product","link":"https:\/\/adventurecountrytracks.com\/es\/product\/act-portugal-t-shirt-new\/","title":{"rendered":"Camiseta de equitaci\u00f3n ACT Portugal NUEVO 2024"},"content":{"rendered":"<p>Presentamos la Camiseta de Portugal, adornada con los colores ic\u00f3nicos que recuerdan el vibrante esp\u00edritu de Portugal, con el logotipo de la ACT orgullosamente expuesto tanto en el pecho como en la espalda, acompa\u00f1ado del nombre del pa\u00eds en un emblema \u00fanico.<\/p>\n<p>Un extraordinario complemento para tu colecci\u00f3n: conquista cada pista y ampl\u00eda tu cartera de pa\u00edses. Muestra tu apoyo a uno de los proyectos europeos m\u00e1s emocionantes para pilotos de aventura.<\/p>\n<p>Gracias a nuestro proceso de impresi\u00f3n por sublimaci\u00f3n, la transpirabilidad permanece intacta. Las tintas se funden a la perfecci\u00f3n con el tejido, resultando indiscernibles y totalmente lavables. Adem\u00e1s, con la tecnolog\u00eda CoolMesh, experimenta un r\u00e1pido transporte de la humedad para una comodidad sin igual.<\/p>\n<p><img fetchpriority=\"high\" decoding=\"async\" class=\"alignnone size-medium wp-image-27949\" src=\"https:\/\/adventurecountrytracks.com\/wp-content\/uploads\/2022\/12\/Bildschirmfoto-2022-12-22-um-17.38.33-800x232.png\" alt=\"\" width=\"800\" height=\"232\" srcset=\"https:\/\/adventurecountrytracks.com\/wp-content\/uploads\/2022\/12\/Bildschirmfoto-2022-12-22-um-17.38.33-800x232.png 800w, https:\/\/adventurecountrytracks.com\/wp-content\/uploads\/2022\/12\/Bildschirmfoto-2022-12-22-um-17.38.33-600x174-600x174-600x174-600x174.png 600w, https:\/\/adventurecountrytracks.com\/wp-content\/uploads\/2022\/12\/Bildschirmfoto-2022-12-22-um-17.38.33-1024x297.png 1024w, https:\/\/adventurecountrytracks.com\/wp-content\/uploads\/2022\/12\/Bildschirmfoto-2022-12-22-um-17.38.33-768x223.png 768w, https:\/\/adventurecountrytracks.com\/wp-content\/uploads\/2022\/12\/Bildschirmfoto-2022-12-22-um-17.38.33-18x5.png 18w, https:\/\/adventurecountrytracks.com\/wp-content\/uploads\/2022\/12\/Bildschirmfoto-2022-12-22-um-17.38.33.png 1110w\" sizes=\"(max-width: 800px) 100vw, 800px\" \/><\/p>\n<p>Confeccionada con poli\u00e9ster 100%, esta camiseta es sin\u00f3nimo de transpirabilidad y secado r\u00e1pido. Adopta la tecnolog\u00eda COOLMESH para una experiencia de pilotaje inigualable, todo ello certificado por Oeko Tex 100 para una calidad y comodidad de primer nivel.<\/p>\n<p>\u00a1Monta con estilo mientras muestras tu lealtad a la comunidad de motoristas de aventura de Portugal!<\/p>","protected":false},"excerpt":{"rendered":"<p>Presentamos la \"Camisa Country \"Portugal\" de la colecci\u00f3n Adventure Country Tracks.<\/p>\n<p>\u00bfTe est\u00e1s preparando para tu Pista Portuguesa o ya la has conquistado?<\/p>\n<p>Imagina a tu equipo conquistando las pistas a trav\u00e9s de los impresionantes paisajes de Portugal. Desde navegar por las rutas panor\u00e1micas hasta enfrentarte a terrenos desafiantes, habr\u00e1s atravesado los impresionantes paisajes, superado todos los retos y triunfado en una de las Pistas de Aventura m\u00e1s estimulantes de Europa. Es una experiencia sin igual, entre las \u00faltimas grandes aventuras del continente.<\/p>","protected":false},"featured_media":31041,"comment_status":"open","ping_status":"closed","template":"","meta":{"_acf_changed":false},"product_brand":[],"product_cat":[89,164,166],"product_tag":[],"class_list":{"0":"post-30345","1":"product","2":"type-product","3":"status-publish","4":"has-post-thumbnail","6":"product_cat-apparel","7":"product_cat-act-country-shirts","8":"product_cat-act-t-shirts","9":"pa_size-4xl","10":"pa_size-5xl","11":"pa_size-xs","12":"pa_size-3xl","13":"pa_size-s","14":"pa_size-m","15":"pa_size-l","16":"pa_size-xl","17":"pa_size-xxl","19":"first","20":"instock","21":"taxable","22":"shipping-taxable","23":"purchasable","24":"product-type-variable"},"acf":[],"_links":{"self":[{"href":"https:\/\/adventurecountrytracks.com\/es\/wp-json\/wp\/v2\/product\/30345","targetHints":{"allow":["GET"]}}],"collection":[{"href":"https:\/\/adventurecountrytracks.com\/es\/wp-json\/wp\/v2\/product"}],"about":[{"href":"https:\/\/adventurecountrytracks.com\/es\/wp-json\/wp\/v2\/types\/product"}],"replies":[{"embeddable":true,"href":"https:\/\/adventurecountrytracks.com\/es\/wp-json\/wp\/v2\/comments?post=30345"}],"wp:featuredmedia":[{"embeddable":true,"href":"https:\/\/adventurecountrytracks.com\/es\/wp-json\/wp\/v2\/media\/31041"}],"wp:attachment":[{"href":"https:\/\/adventurecountrytracks.com\/es\/wp-json\/wp\/v2\/media?parent=30345"}],"wp:term":[{"taxonomy":"product_brand","embeddable":true,"href":"https:\/\/adventurecountrytracks.com\/es\/wp-json\/wp\/v2\/product_brand?post=30345"},{"taxonomy":"product_cat","embeddable":true,"href":"https:\/\/adventurecountrytracks.com\/es\/wp-json\/wp\/v2\/product_cat?post=30345"},{"taxonomy":"product_tag","embeddable":true,"href":"https:\/\/adventurecountrytracks.com\/es\/wp-json\/wp\/v2\/product_tag?post=30345"}],"curies":[{"name":"wp","href":"https:\/\/api.w.org\/{rel}","templated":true}]}}