{"id":30347,"date":"2023-12-22T11:02:06","date_gmt":"2023-12-22T10:02:06","guid":{"rendered":"https:\/\/adventurecountrytracks.com\/product\/act-t-shirt-all-black-new\/"},"modified":"2026-04-27T13:43:52","modified_gmt":"2026-04-27T11:43:52","slug":"act-camiseta-todo-negro-nuevo","status":"publish","type":"product","link":"https:\/\/adventurecountrytracks.com\/es\/product\/act-t-shirt-all-black-new\/","title":{"rendered":"Camiseta ACT Rider \"todo negro\" Nuevo 2024"},"content":{"rendered":"<p>Ad\u00e9ntrate en el mundo de la aventura con la Camiseta de Jinete \"todo negro\" en esta cautivadora mezcla de colores que evoca el misterioso encanto de los oscuros bosques de Ruman\u00eda, las encantadoras estribaciones de los Pirineos y las exuberantes praderas verdes de Gales: sum\u00e9rgete en el coraz\u00f3n de tu emocionante aventura.<\/p>\n<p>El color no importa siempre que sea negro - si es tu caso - esta camiseta es la adecuada -<\/p>\n<p>Nuestra avanzada t\u00e9cnica de impresi\u00f3n por sublimaci\u00f3n preserva la transpirabilidad de la camiseta, mezclando perfectamente las tintas en el tejido para conseguir un dise\u00f1o imperceptible que es totalmente lavable. Gracias a la innovadora tecnolog\u00eda CoolMesh, experimenta un r\u00e1pido transporte de la humedad, manteni\u00e9ndote c\u00f3modo y seco durante tus escapadas.<\/p>\n<p><img fetchpriority=\"high\" decoding=\"async\" class=\"alignnone size-medium wp-image-27949\" src=\"https:\/\/adventurecountrytracks.com\/wp-content\/uploads\/2022\/12\/Bildschirmfoto-2022-12-22-um-17.38.33-800x232.png\" alt=\"\" width=\"800\" height=\"232\" srcset=\"https:\/\/adventurecountrytracks.com\/wp-content\/uploads\/2022\/12\/Bildschirmfoto-2022-12-22-um-17.38.33-800x232.png 800w, https:\/\/adventurecountrytracks.com\/wp-content\/uploads\/2022\/12\/Bildschirmfoto-2022-12-22-um-17.38.33-600x174-600x174-600x174-600x174.png 600w, https:\/\/adventurecountrytracks.com\/wp-content\/uploads\/2022\/12\/Bildschirmfoto-2022-12-22-um-17.38.33-1024x297.png 1024w, https:\/\/adventurecountrytracks.com\/wp-content\/uploads\/2022\/12\/Bildschirmfoto-2022-12-22-um-17.38.33-768x223.png 768w, https:\/\/adventurecountrytracks.com\/wp-content\/uploads\/2022\/12\/Bildschirmfoto-2022-12-22-um-17.38.33-18x5.png 18w, https:\/\/adventurecountrytracks.com\/wp-content\/uploads\/2022\/12\/Bildschirmfoto-2022-12-22-um-17.38.33.png 1110w\" sizes=\"(max-width: 800px) 100vw, 800px\" \/><\/p>\n<p>Fabricada con poli\u00e9ster 100%, esta camiseta no es s\u00f3lo estilo; est\u00e1 dise\u00f1ada para una transpirabilidad \u00f3ptima y un secado r\u00e1pido. Disfruta de la tecnolog\u00eda COOLMESH que la distingue, al tiempo que garantiza que cumple las normas Oeko Tex 100 de calidad y comodidad de primer nivel. Prep\u00e1rate para canalizar la esencia de diversos paisajes mientras te embarcas en tu pr\u00f3xima y emocionante aventura con estilo gracias a esta excepcional Camiseta Rider.<\/p>","protected":false},"excerpt":{"rendered":"<p>Presentamos la camiseta funcional \"todo negro\" dise\u00f1ada para el ciclista aventurero m\u00e1s atrevido. Fabricada para ofrecer agilidad con un tacto ligero como una pluma, cuenta con una ventilaci\u00f3n \u00f3ptima y materiales el\u00e1sticos transpirables. En la atemporal fusi\u00f3n de negro y negro ACT, descubre las ic\u00f3nicas monta\u00f1as ACT combinadas con las atrevidas letras \"Adventure Country Tracks\" en el pecho. Y en la espalda, acapara el centro de atenci\u00f3n con la rotunda declaraci\u00f3n: Conduce - Respeta - Disfruta.<\/p>\n<p>Esto no es s\u00f3lo una camiseta; es un equipo de alto rendimiento hecho a medida para los que buscan emocionantes escapadas. La cl\u00e1sica combinaci\u00f3n de colores rinde homenaje a la esencia de ACT, al tiempo que garantiza comodidad y flexibilidad en tus aventuras. Eleva tu conducci\u00f3n y haz una declaraci\u00f3n con cada movimiento: es hora de abrazar el \"todo negro\" y dar rienda suelta a tu esp\u00edritu aventurero.<\/p>","protected":false},"featured_media":31037,"comment_status":"open","ping_status":"closed","template":"","meta":{"_acf_changed":false},"product_brand":[],"product_cat":[89,165,166],"product_tag":[],"class_list":{"0":"post-30347","1":"product","2":"type-product","3":"status-publish","4":"has-post-thumbnail","6":"product_cat-apparel","7":"product_cat-act-originals","8":"product_cat-act-t-shirts","9":"pa_size-s","10":"pa_size-m","11":"pa_size-l","12":"pa_size-xl","13":"pa_size-xxl","14":"pa_size-4xl","15":"pa_size-5xl","16":"pa_size-xs","17":"pa_size-3xl","19":"first","20":"instock","21":"taxable","22":"shipping-taxable","23":"purchasable","24":"product-type-variable"},"acf":[],"_links":{"self":[{"href":"https:\/\/adventurecountrytracks.com\/es\/wp-json\/wp\/v2\/product\/30347","targetHints":{"allow":["GET"]}}],"collection":[{"href":"https:\/\/adventurecountrytracks.com\/es\/wp-json\/wp\/v2\/product"}],"about":[{"href":"https:\/\/adventurecountrytracks.com\/es\/wp-json\/wp\/v2\/types\/product"}],"replies":[{"embeddable":true,"href":"https:\/\/adventurecountrytracks.com\/es\/wp-json\/wp\/v2\/comments?post=30347"}],"wp:featuredmedia":[{"embeddable":true,"href":"https:\/\/adventurecountrytracks.com\/es\/wp-json\/wp\/v2\/media\/31037"}],"wp:attachment":[{"href":"https:\/\/adventurecountrytracks.com\/es\/wp-json\/wp\/v2\/media?parent=30347"}],"wp:term":[{"taxonomy":"product_brand","embeddable":true,"href":"https:\/\/adventurecountrytracks.com\/es\/wp-json\/wp\/v2\/product_brand?post=30347"},{"taxonomy":"product_cat","embeddable":true,"href":"https:\/\/adventurecountrytracks.com\/es\/wp-json\/wp\/v2\/product_cat?post=30347"},{"taxonomy":"product_tag","embeddable":true,"href":"https:\/\/adventurecountrytracks.com\/es\/wp-json\/wp\/v2\/product_tag?post=30347"}],"curies":[{"name":"wp","href":"https:\/\/api.w.org\/{rel}","templated":true}]}}