{"id":30386,"date":"2023-12-22T11:02:06","date_gmt":"2023-12-22T10:02:06","guid":{"rendered":"https:\/\/adventurecountrytracks.com\/product\/act-t-shirt-pyrenees-new\/"},"modified":"2026-04-06T22:09:37","modified_gmt":"2026-04-06T20:09:37","slug":"act-camiseta-pirineos-nuevo","status":"publish","type":"product","link":"https:\/\/adventurecountrytracks.com\/es\/product\/act-t-shirt-pyrenees-new\/","title":{"rendered":"ACT Camiseta de equitaci\u00f3n Pirineos NUEVO 2024"},"content":{"rendered":"<p style=\"font-weight: 400;\">La camiseta de equitaci\u00f3n est\u00e1 estampada con los colores cl\u00e1sicos de la ACT Pirineos , con el logotipo de la ACT en el pecho y la espalda, y el nombre del pa\u00eds en el logotipo especial del pa\u00eds.<\/p>\n<p style=\"font-weight: 400;\"><span style=\"font-weight: 400;\">Una excepcional pieza de coleccionista: monta una pista a la vez y completa tu colecci\u00f3n del pa\u00eds.<br \/>\n<\/span><span style=\"font-weight: 400;\">Muestra tu apoyo a uno de los proyectos m\u00e1s geniales para motoristas de aventura de Europa. <\/span><\/p>\n<p style=\"font-weight: 400;\"><span style=\"font-weight: 400;\">El proceso de impresi\u00f3n por sublimaci\u00f3n no afecta en modo alguno a la transpirabilidad.<br \/>\nLas tintas de impresi\u00f3n pasan a formar parte del tejido, no se notan y son absolutamente lavables.<br \/>\nLa tecnolog\u00eda CoolMesh garantiza un transporte r\u00e1pido de la humedad.<\/span><\/p>\n<p><img fetchpriority=\"high\" decoding=\"async\" class=\"alignnone size-medium wp-image-27949\" src=\"https:\/\/adventurecountrytracks.com\/wp-content\/uploads\/2022\/12\/Bildschirmfoto-2022-12-22-um-17.38.33-800x232.png\" alt=\"\" width=\"800\" height=\"232\" srcset=\"https:\/\/adventurecountrytracks.com\/wp-content\/uploads\/2022\/12\/Bildschirmfoto-2022-12-22-um-17.38.33-800x232.png 800w, https:\/\/adventurecountrytracks.com\/wp-content\/uploads\/2022\/12\/Bildschirmfoto-2022-12-22-um-17.38.33-600x174-600x174-600x174-600x174.png 600w, https:\/\/adventurecountrytracks.com\/wp-content\/uploads\/2022\/12\/Bildschirmfoto-2022-12-22-um-17.38.33-1024x297.png 1024w, https:\/\/adventurecountrytracks.com\/wp-content\/uploads\/2022\/12\/Bildschirmfoto-2022-12-22-um-17.38.33-768x223.png 768w, https:\/\/adventurecountrytracks.com\/wp-content\/uploads\/2022\/12\/Bildschirmfoto-2022-12-22-um-17.38.33-18x5.png 18w, https:\/\/adventurecountrytracks.com\/wp-content\/uploads\/2022\/12\/Bildschirmfoto-2022-12-22-um-17.38.33.png 1110w\" sizes=\"(max-width: 800px) 100vw, 800px\" \/><\/p>\n<p>100% poli\u00e9ster<br \/>\nTranspirable, secado r\u00e1pido<br \/>\nTecnolog\u00eda COOLMESH<br \/>\nOeko Tex 100<\/p>","protected":false},"excerpt":{"rendered":"<p style=\"font-weight: 400;\">La \"Camisa de Campo \"Pirineos\" de la colecci\u00f3n Aventura Pistas de Campo.<\/p>\n<p style=\"font-weight: 400;\">\u00bfEst\u00e1s planeando tu Pyrenees Track o ya lo has hecho?<\/p>\n<p style=\"font-weight: 400;\">","protected":false},"featured_media":31040,"comment_status":"open","ping_status":"closed","template":"","meta":{"_acf_changed":false},"product_brand":[],"product_cat":[164,166,89],"product_tag":[],"class_list":{"0":"post-30386","1":"product","2":"type-product","3":"status-publish","4":"has-post-thumbnail","6":"product_cat-act-country-shirts","7":"product_cat-act-t-shirts","8":"product_cat-apparel","9":"pa_size-l","10":"pa_size-xl","11":"pa_size-xxl","12":"pa_size-3xl","13":"pa_size-s","14":"pa_size-m","16":"first","17":"instock","18":"taxable","19":"shipping-taxable","20":"purchasable","21":"product-type-variable"},"acf":[],"_links":{"self":[{"href":"https:\/\/adventurecountrytracks.com\/es\/wp-json\/wp\/v2\/product\/30386","targetHints":{"allow":["GET"]}}],"collection":[{"href":"https:\/\/adventurecountrytracks.com\/es\/wp-json\/wp\/v2\/product"}],"about":[{"href":"https:\/\/adventurecountrytracks.com\/es\/wp-json\/wp\/v2\/types\/product"}],"replies":[{"embeddable":true,"href":"https:\/\/adventurecountrytracks.com\/es\/wp-json\/wp\/v2\/comments?post=30386"}],"wp:featuredmedia":[{"embeddable":true,"href":"https:\/\/adventurecountrytracks.com\/es\/wp-json\/wp\/v2\/media\/31040"}],"wp:attachment":[{"href":"https:\/\/adventurecountrytracks.com\/es\/wp-json\/wp\/v2\/media?parent=30386"}],"wp:term":[{"taxonomy":"product_brand","embeddable":true,"href":"https:\/\/adventurecountrytracks.com\/es\/wp-json\/wp\/v2\/product_brand?post=30386"},{"taxonomy":"product_cat","embeddable":true,"href":"https:\/\/adventurecountrytracks.com\/es\/wp-json\/wp\/v2\/product_cat?post=30386"},{"taxonomy":"product_tag","embeddable":true,"href":"https:\/\/adventurecountrytracks.com\/es\/wp-json\/wp\/v2\/product_tag?post=30386"}],"curies":[{"name":"wp","href":"https:\/\/api.w.org\/{rel}","templated":true}]}}