{"id":30440,"date":"2023-12-22T11:02:06","date_gmt":"2023-12-22T10:02:06","guid":{"rendered":"https:\/\/adventurecountrytracks.com\/product\/act-uk-jersey-new\/"},"modified":"2026-04-15T16:10:15","modified_gmt":"2026-04-15T14:10:15","slug":"acto-uk-jersey-nuevo","status":"publish","type":"product","link":"https:\/\/adventurecountrytracks.com\/es\/product\/act-uk-jersey-new\/","title":{"rendered":"Jersey ACT UK NUEVO ajuste Colecci\u00f3n 2024"},"content":{"rendered":"<h2>Descripci\u00f3n<\/h2>\n<p>V\u00edstete con el maillot ACT UK, una fusi\u00f3n de los ic\u00f3nicos colores de la Union Jack, estampado con el logotipo de ACT en el pecho y la espalda, y el nombre del pa\u00eds en un emblema hecho a medida.<\/p>\n<p>Dise\u00f1ado para las almas aventureras, este maillot es tu billete hacia la comodidad ligera, la ventilaci\u00f3n superior y los materiales flexibles y transpirables. La prenda preferida de los ciclistas para los d\u00edas templados, es el pin\u00e1culo del ajuste y la funcionalidad, mantiene el sudor a raya y eleva tu rendimiento sobre la bici. Cuando llegue el fr\u00edo, ponla sobre tu ropa interior para mejorar la circulaci\u00f3n del aire y el control de la humedad. Y s\u00ed, est\u00e1 perfectamente adaptada a Body Armour: s\u00f3lo tienes que coger una talla m\u00e1s para conseguir el ajuste ideal.<\/p>\n<p>No es s\u00f3lo una camiseta: es una extraordinaria pieza de coleccionista que te invita a conquistar pistas y a completar tu colecci\u00f3n country. Muestra tu lealtad a uno de los proyectos m\u00e1s emocionantes de Europa para pilotos de aventura. No eres un simple espectador; formas parte de esta tribu. Confeccionado con algod\u00f3n s\u00f3lido de primera calidad, este maillot cl\u00e1sico de manga corta dice mucho de tu viaje y de tu apoyo.<\/p>\n<p><strong>Si optas por la armadura, sube una talla para conseguir un ajuste \u00f3ptimo que grite estilo y comodidad.<\/strong><\/p>\n<p><img fetchpriority=\"high\" decoding=\"async\" class=\"alignnone size-medium wp-image-27948\" src=\"https:\/\/adventurecountrytracks.com\/wp-content\/uploads\/2022\/12\/Bildschirmfoto-2022-12-22-um-17.36.19-800x218.png\" sizes=\"(max-width: 800px) 100vw, 800px\" srcset=\"https:\/\/adventurecountrytracks.com\/wp-content\/uploads\/2022\/12\/Bildschirmfoto-2022-12-22-um-17.36.19-800x218.png 800w, https:\/\/adventurecountrytracks.com\/wp-content\/uploads\/2022\/12\/Bildschirmfoto-2022-12-22-um-17.36.19-1024x279.png 1024w, https:\/\/adventurecountrytracks.com\/wp-content\/uploads\/2022\/12\/Bildschirmfoto-2022-12-22-um-17.36.19-768x209.png 768w, https:\/\/adventurecountrytracks.com\/wp-content\/uploads\/2022\/12\/Bildschirmfoto-2022-12-22-um-17.36.19-18x5.png 18w, https:\/\/adventurecountrytracks.com\/wp-content\/uploads\/2022\/12\/Bildschirmfoto-2022-12-22-um-17.36.19-600x163.png 600w, https:\/\/adventurecountrytracks.com\/wp-content\/uploads\/2022\/12\/Bildschirmfoto-2022-12-22-um-17.36.19-300x82.png 300w, https:\/\/adventurecountrytracks.com\/wp-content\/uploads\/2022\/12\/Bildschirmfoto-2022-12-22-um-17.36.19.png 1116w\" alt=\"\" width=\"800\" height=\"218\" \/><\/p>\n<p>100% poli\u00e9ster<br \/>\nTranspirable, secado r\u00e1pido<br \/>\nTecnolog\u00eda COOLMESH<br \/>\nOeko Tex 100<\/p>","protected":false},"excerpt":{"rendered":"<p>Presentamos el maillot de campo \"Reino Unido\" de nuestra colecci\u00f3n Adventure Country Tracks, ahora renovado con una marca<strong> NUEVO ajuste<\/strong>!<\/p>\n<p>\u00bfTe est\u00e1s preparando para tu aventura en la Pista del Reino Unido o ya la has conquistado?<\/p>\n<p>Imag\u00ednate a tu equipo, saliendo a la carretera y conquistando pistas a trav\u00e9s de Gales, la Isla de Man y el Norte de Inglaterra. Desde navegar por los pubs ingleses hasta luchar contra el impredecible clima, te has forjado un camino a trav\u00e9s de todo, demostrando tu val\u00eda en una de las \u00faltimas Pistas de Aventura de Europa. Es una experiencia extraordinaria, \u00fanica en la vida, entre las \u00faltimas aventuras \u00e9picas que Europa puede ofrecer.<\/p>\n<p>&nbsp;<\/p>","protected":false},"featured_media":30562,"comment_status":"open","ping_status":"closed","template":"","meta":{"_acf_changed":false},"product_brand":[],"product_cat":[89,164],"product_tag":[],"class_list":{"0":"post-30440","1":"product","2":"type-product","3":"status-publish","4":"has-post-thumbnail","6":"product_cat-apparel","7":"product_cat-act-country-shirts","8":"pa_size-xxl","9":"pa_size-4xl","10":"pa_size-5xl","11":"pa_size-xs","12":"pa_size-3xl","13":"pa_size-s","14":"pa_size-m","15":"pa_size-l","16":"pa_size-xl","18":"first","19":"instock","20":"taxable","21":"shipping-taxable","22":"purchasable","23":"product-type-variable"},"acf":[],"_links":{"self":[{"href":"https:\/\/adventurecountrytracks.com\/es\/wp-json\/wp\/v2\/product\/30440","targetHints":{"allow":["GET"]}}],"collection":[{"href":"https:\/\/adventurecountrytracks.com\/es\/wp-json\/wp\/v2\/product"}],"about":[{"href":"https:\/\/adventurecountrytracks.com\/es\/wp-json\/wp\/v2\/types\/product"}],"replies":[{"embeddable":true,"href":"https:\/\/adventurecountrytracks.com\/es\/wp-json\/wp\/v2\/comments?post=30440"}],"wp:featuredmedia":[{"embeddable":true,"href":"https:\/\/adventurecountrytracks.com\/es\/wp-json\/wp\/v2\/media\/30562"}],"wp:attachment":[{"href":"https:\/\/adventurecountrytracks.com\/es\/wp-json\/wp\/v2\/media?parent=30440"}],"wp:term":[{"taxonomy":"product_brand","embeddable":true,"href":"https:\/\/adventurecountrytracks.com\/es\/wp-json\/wp\/v2\/product_brand?post=30440"},{"taxonomy":"product_cat","embeddable":true,"href":"https:\/\/adventurecountrytracks.com\/es\/wp-json\/wp\/v2\/product_cat?post=30440"},{"taxonomy":"product_tag","embeddable":true,"href":"https:\/\/adventurecountrytracks.com\/es\/wp-json\/wp\/v2\/product_tag?post=30440"}],"curies":[{"name":"wp","href":"https:\/\/api.w.org\/{rel}","templated":true}]}}