{"id":30616,"date":"2023-11-06T11:44:21","date_gmt":"2023-11-06T10:44:21","guid":{"rendered":"https:\/\/adventurecountrytracks.com\/product\/act-jersey-the-forest-new\/"},"modified":"2026-04-24T21:09:47","modified_gmt":"2026-04-24T19:09:47","slug":"acto-jersey-el-bosque-nuevo","status":"publish","type":"product","link":"https:\/\/adventurecountrytracks.com\/es\/product\/act-jersey-the-forest-new\/","title":{"rendered":"ACT Jersey \"el bosque\" NEW Fit Colecci\u00f3n 2024"},"content":{"rendered":"<p><span style=\"font-weight: 400;\">Apoya a ACT e.V. y lleva el mensaje al mundo. \u00a1Consigue ya tu Maillot de Jinete!<\/span><\/p>\n<p>El proceso de impresi\u00f3n por sublimaci\u00f3n no afecta en modo alguno a la transpirabilidad.<br \/>\nLas tintas de impresi\u00f3n pasan a formar parte del tejido, no se notan y son absolutamente lavables.<br \/>\nLa tecnolog\u00eda CoolMesh garantiza un transporte r\u00e1pido de la humedad.<\/p>\n<p><strong>Si quieres llevarlo por encima de un Armer, elige al menos 1 talla m\u00e1s -<\/strong><\/p>\n<p><img fetchpriority=\"high\" decoding=\"async\" class=\"alignnone size-medium wp-image-27948\" src=\"https:\/\/adventurecountrytracks.com\/wp-content\/uploads\/2022\/12\/Bildschirmfoto-2022-12-22-um-17.36.19-800x218.png\" alt=\"\" width=\"800\" height=\"218\" srcset=\"https:\/\/adventurecountrytracks.com\/wp-content\/uploads\/2022\/12\/Bildschirmfoto-2022-12-22-um-17.36.19-800x218.png 800w, https:\/\/adventurecountrytracks.com\/wp-content\/uploads\/2022\/12\/Bildschirmfoto-2022-12-22-um-17.36.19-600x163.png 600w, https:\/\/adventurecountrytracks.com\/wp-content\/uploads\/2022\/12\/Bildschirmfoto-2022-12-22-um-17.36.19-1024x279.png 1024w, https:\/\/adventurecountrytracks.com\/wp-content\/uploads\/2022\/12\/Bildschirmfoto-2022-12-22-um-17.36.19-768x209.png 768w, https:\/\/adventurecountrytracks.com\/wp-content\/uploads\/2022\/12\/Bildschirmfoto-2022-12-22-um-17.36.19-18x5.png 18w, https:\/\/adventurecountrytracks.com\/wp-content\/uploads\/2022\/12\/Bildschirmfoto-2022-12-22-um-17.36.19.png 1116w\" sizes=\"(max-width: 800px) 100vw, 800px\" \/><\/p>\n<p>100% poli\u00e9ster<br \/>\nTranspirable, secado r\u00e1pido<br \/>\nTecnolog\u00eda COOLMESH<br \/>\nOeko Tex 100<\/p>","protected":false},"excerpt":{"rendered":"<p style=\"font-weight: 400;\">\u00d3ptimo <strong>nuevo<\/strong> ajuste con funcionalidad absoluta. Menos sudor, m\u00e1s rendimiento sobre la bici.<\/p>\n<p style=\"font-weight: 400;\">Logotipo prominente en el pecho, declaraci\u00f3n ACT en la espalda: Ride - Respect - Enjoy en la espalda. Estiliza las monta\u00f1as originales del logotipo de ACT en su forma natural, \u00e1speras, salvajes y remotas, tal como debe ser una pista de aventura.<\/p>\n<p style=\"font-weight: 400;\">As\u00ed es como demuestras tu actitud hacia las personas, los animales y la naturaleza. De acuerdo con nuestro c\u00f3digo, respetamos las condiciones locales cuando recorremos las \u00faltimas Pistas de Aventura de Europa y hacemos todo lo posible por preservarlas.<\/p>","protected":false},"featured_media":28392,"comment_status":"open","ping_status":"closed","template":"","meta":{"_acf_changed":false},"product_brand":[],"product_cat":[89,165],"product_tag":[],"class_list":{"0":"post-30616","1":"product","2":"type-product","3":"status-publish","4":"has-post-thumbnail","6":"product_cat-apparel","7":"product_cat-act-originals","8":"pa_size-3xl","9":"pa_size-s","10":"pa_size-m","11":"pa_size-l","12":"pa_size-xl","13":"pa_size-xxl","14":"pa_size-4xl","15":"pa_size-5xl","16":"pa_size-xs","18":"first","19":"instock","20":"taxable","21":"shipping-taxable","22":"purchasable","23":"product-type-variable"},"acf":[],"_links":{"self":[{"href":"https:\/\/adventurecountrytracks.com\/es\/wp-json\/wp\/v2\/product\/30616","targetHints":{"allow":["GET"]}}],"collection":[{"href":"https:\/\/adventurecountrytracks.com\/es\/wp-json\/wp\/v2\/product"}],"about":[{"href":"https:\/\/adventurecountrytracks.com\/es\/wp-json\/wp\/v2\/types\/product"}],"replies":[{"embeddable":true,"href":"https:\/\/adventurecountrytracks.com\/es\/wp-json\/wp\/v2\/comments?post=30616"}],"wp:featuredmedia":[{"embeddable":true,"href":"https:\/\/adventurecountrytracks.com\/es\/wp-json\/wp\/v2\/media\/28392"}],"wp:attachment":[{"href":"https:\/\/adventurecountrytracks.com\/es\/wp-json\/wp\/v2\/media?parent=30616"}],"wp:term":[{"taxonomy":"product_brand","embeddable":true,"href":"https:\/\/adventurecountrytracks.com\/es\/wp-json\/wp\/v2\/product_brand?post=30616"},{"taxonomy":"product_cat","embeddable":true,"href":"https:\/\/adventurecountrytracks.com\/es\/wp-json\/wp\/v2\/product_cat?post=30616"},{"taxonomy":"product_tag","embeddable":true,"href":"https:\/\/adventurecountrytracks.com\/es\/wp-json\/wp\/v2\/product_tag?post=30616"}],"curies":[{"name":"wp","href":"https:\/\/api.w.org\/{rel}","templated":true}]}}