{"id":33022,"date":"2024-10-29T13:46:35","date_gmt":"2024-10-29T12:46:35","guid":{"rendered":"https:\/\/adventurecountrytracks.com\/product\/earpeace\/"},"modified":"2026-03-11T10:16:23","modified_gmt":"2026-03-11T09:16:23","slug":"earpeace","status":"publish","type":"product","link":"https:\/\/adventurecountrytracks.com\/es\/product\/earpeace\/","title":{"rendered":"Tap\u00f3n Earpeace Edici\u00f3n ACT"},"content":{"rendered":"<p>\u00bfRuido del viento? <strong>MOTO <\/strong>est\u00e1 dise\u00f1ado con precisi\u00f3n y comodidad. Nuestros tapones son el equipo que no sab\u00edas que necesitabas. Reducen el ruido del viento y la fatiga. Disfruta de tu mejor conducci\u00f3n.<\/p>","protected":false},"excerpt":{"rendered":"<p>\u00bfRuido del viento? <strong>MOTO <\/strong>est\u00e1 dise\u00f1ado con precisi\u00f3n y comodidad. Nuestros tapones son el equipo que no sab\u00edas que necesitabas. Reducen el ruido del viento y la fatiga. Disfruta de tu mejor conducci\u00f3n.<\/p>\n<p>Qu\u00e9 incluye<\/p>\n<p>1 Juego de Tapones para los O\u00eddos<br \/>\n1 Funda de transporte de aluminio<\/p>\n<p>Cuidado y uso<\/p>\n<p>Limpia los tapones con un pa\u00f1o h\u00famedo cada vez que te los pongas. Si se ensucian mucho, puedes lavarlos en agua tibia jabonosa, pero retira el filtro de atenuaci\u00f3n antes de sumergir el tap\u00f3n en el agua. Vuelve a colocar el filtro s\u00f3lo cuando el tap\u00f3n se haya secado completamente.<\/p>\n<p>Ver nuestro\u00a0<a title=\"\/p\u00e1ginas\/instrucciones-de-uso\" href=\"https:\/\/www.earpeace.co.uk\/pages\/instructions-for-use\">v\u00eddeo instructivo<\/a>\u00a0sobre c\u00f3mo insertar correctamente EARPEACE.<\/p>\n<p>Nota: Los tapones deben sustituirse ante cualquier signo de desgaste.<\/p>","protected":false},"featured_media":32976,"comment_status":"open","ping_status":"closed","template":"","meta":{"_acf_changed":false},"product_brand":[],"product_cat":[89,128,129,165],"product_tag":[],"class_list":{"0":"post-33022","1":"product","2":"type-product","3":"status-publish","4":"has-post-thumbnail","6":"product_cat-apparel","7":"product_cat-act-accessories","8":"product_cat-act-gear","9":"product_cat-act-originals","11":"first","12":"instock","13":"taxable","14":"shipping-taxable","15":"purchasable","16":"product-type-simple"},"acf":[],"_links":{"self":[{"href":"https:\/\/adventurecountrytracks.com\/es\/wp-json\/wp\/v2\/product\/33022","targetHints":{"allow":["GET"]}}],"collection":[{"href":"https:\/\/adventurecountrytracks.com\/es\/wp-json\/wp\/v2\/product"}],"about":[{"href":"https:\/\/adventurecountrytracks.com\/es\/wp-json\/wp\/v2\/types\/product"}],"replies":[{"embeddable":true,"href":"https:\/\/adventurecountrytracks.com\/es\/wp-json\/wp\/v2\/comments?post=33022"}],"wp:featuredmedia":[{"embeddable":true,"href":"https:\/\/adventurecountrytracks.com\/es\/wp-json\/wp\/v2\/media\/32976"}],"wp:attachment":[{"href":"https:\/\/adventurecountrytracks.com\/es\/wp-json\/wp\/v2\/media?parent=33022"}],"wp:term":[{"taxonomy":"product_brand","embeddable":true,"href":"https:\/\/adventurecountrytracks.com\/es\/wp-json\/wp\/v2\/product_brand?post=33022"},{"taxonomy":"product_cat","embeddable":true,"href":"https:\/\/adventurecountrytracks.com\/es\/wp-json\/wp\/v2\/product_cat?post=33022"},{"taxonomy":"product_tag","embeddable":true,"href":"https:\/\/adventurecountrytracks.com\/es\/wp-json\/wp\/v2\/product_tag?post=33022"}],"curies":[{"name":"wp","href":"https:\/\/api.w.org\/{rel}","templated":true}]}}