{"id":35474,"date":"2025-10-09T09:41:32","date_gmt":"2025-10-09T07:41:32","guid":{"rendered":"https:\/\/adventurecountrytracks.com\/?post_type=product&#038;p=35474"},"modified":"2026-05-04T15:57:06","modified_gmt":"2026-05-04T13:57:06","slug":"francejersey","status":"publish","type":"product","link":"https:\/\/adventurecountrytracks.com\/es\/product\/francejersey\/","title":{"rendered":"Camiseta ACT Francia"},"content":{"rendered":"<div>\n<div>\n<p><strong>Camiseta ACT Francia\u00a0<\/strong><\/p>\n<p>El maillot ACT France combina la m\u00e1xima calidad con un dise\u00f1o inspirado en los colores nacionales del pa\u00eds que ha dado origen a esta aventura. Tanto si recorres el interior de Francia como si simplemente celebras tu viaje despu\u00e9s, este maillot te cubre las espaldas.<\/p>\n<p>Con una armoniosa combinaci\u00f3n de colores que refleja el esp\u00edritu de ACT Francia, est\u00e1 detallada con el logotipo de la pista en el pecho izquierdo y en la espalda, un aut\u00e9ntico reclamo. El nombre de la pista \u201cFrance\u201d est\u00e1 impreso en la manga izquierda, mientras que la marca ACT en la manga derecha completa el look con precisi\u00f3n.<\/p>\n<p>Confeccionado con un tejido transpirable y duradero, este maillot ofrece un ajuste perfecto para lograr la m\u00e1xima comodidad y libertad de movimientos, tanto sobre la bici como fuera de ella.<\/p>\n<\/div>\n<div><\/div>\n<div>Las tallas a partir de la 4XL s\u00f3lo se pueden pedir por encargo especial. Para m\u00e1s informaci\u00f3n, env\u00eda un correo electr\u00f3nico a <a href=\"mailto:info@adventurecountrytracks.com\">info@adventurecountrytracks.com<\/a>.<\/div>\n<\/div>\n<div><\/div>\n<div><\/div>\n<div><img fetchpriority=\"high\" decoding=\"async\" class=\"alignnone size-medium wp-image-34674\" src=\"https:\/\/adventurecountrytracks.com\/wp-content\/uploads\/2024\/10\/Sizing-Jersey-800x217.png\" alt=\"\" width=\"800\" height=\"217\" srcset=\"https:\/\/adventurecountrytracks.com\/wp-content\/uploads\/2024\/10\/Sizing-Jersey-800x217.png 800w, https:\/\/adventurecountrytracks.com\/wp-content\/uploads\/2024\/10\/Sizing-Jersey-1024x278.png 1024w, https:\/\/adventurecountrytracks.com\/wp-content\/uploads\/2024\/10\/Sizing-Jersey-768x208.png 768w, https:\/\/adventurecountrytracks.com\/wp-content\/uploads\/2024\/10\/Sizing-Jersey-1536x417.png 1536w, https:\/\/adventurecountrytracks.com\/wp-content\/uploads\/2024\/10\/Sizing-Jersey-18x5.png 18w, https:\/\/adventurecountrytracks.com\/wp-content\/uploads\/2024\/10\/Sizing-Jersey-600x163.png 600w, https:\/\/adventurecountrytracks.com\/wp-content\/uploads\/2024\/10\/Sizing-Jersey.png 1600w\" sizes=\"(max-width: 800px) 100vw, 800px\" \/><\/div>\n<div><\/div>\n<div><\/div>\n<div>100% poli\u00e9ster<br \/>\nTranspirable, secado r\u00e1pido<br \/>\nTecnolog\u00eda COOLMESH<br \/>\nOeko Tex 100<\/div>","protected":false},"excerpt":{"rendered":"<p>El maillot ACT France combina la m\u00e1xima calidad con un dise\u00f1o inspirado en los colores nacionales del pa\u00eds que ha dado origen a esta aventura. Tanto si recorres el interior de Francia como si simplemente celebras tu viaje despu\u00e9s, este maillot te cubre las espaldas.<\/p>","protected":false},"featured_media":35470,"comment_status":"open","ping_status":"closed","template":"","meta":{"_acf_changed":false},"product_brand":[],"product_cat":[89,164],"product_tag":[],"class_list":{"0":"post-35474","1":"product","2":"type-product","3":"status-publish","4":"has-post-thumbnail","6":"product_cat-apparel","7":"product_cat-act-country-shirts","8":"pa_size-xl","9":"pa_size-xxl","10":"pa_size-4xl","11":"pa_size-5xl","12":"pa_size-xs","13":"pa_size-3xl","14":"pa_size-s","15":"pa_size-m","16":"pa_size-l","18":"first","19":"instock","20":"taxable","21":"shipping-taxable","22":"purchasable","23":"product-type-variable"},"acf":[],"_links":{"self":[{"href":"https:\/\/adventurecountrytracks.com\/es\/wp-json\/wp\/v2\/product\/35474","targetHints":{"allow":["GET"]}}],"collection":[{"href":"https:\/\/adventurecountrytracks.com\/es\/wp-json\/wp\/v2\/product"}],"about":[{"href":"https:\/\/adventurecountrytracks.com\/es\/wp-json\/wp\/v2\/types\/product"}],"replies":[{"embeddable":true,"href":"https:\/\/adventurecountrytracks.com\/es\/wp-json\/wp\/v2\/comments?post=35474"}],"wp:featuredmedia":[{"embeddable":true,"href":"https:\/\/adventurecountrytracks.com\/es\/wp-json\/wp\/v2\/media\/35470"}],"wp:attachment":[{"href":"https:\/\/adventurecountrytracks.com\/es\/wp-json\/wp\/v2\/media?parent=35474"}],"wp:term":[{"taxonomy":"product_brand","embeddable":true,"href":"https:\/\/adventurecountrytracks.com\/es\/wp-json\/wp\/v2\/product_brand?post=35474"},{"taxonomy":"product_cat","embeddable":true,"href":"https:\/\/adventurecountrytracks.com\/es\/wp-json\/wp\/v2\/product_cat?post=35474"},{"taxonomy":"product_tag","embeddable":true,"href":"https:\/\/adventurecountrytracks.com\/es\/wp-json\/wp\/v2\/product_tag?post=35474"}],"curies":[{"name":"wp","href":"https:\/\/api.w.org\/{rel}","templated":true}]}}