{"id":36035,"date":"2026-01-30T09:55:36","date_gmt":"2026-01-30T08:55:36","guid":{"rendered":"https:\/\/adventurecountrytracks.com\/?post_type=product&#038;p=36035"},"modified":"2026-03-31T22:38:03","modified_gmt":"2026-03-31T20:38:03","slug":"36035","status":"publish","type":"product","link":"https:\/\/adventurecountrytracks.com\/es\/product\/36035\/","title":{"rendered":"ACT Ride &amp; Train Francia 1\u00aa Edici\u00f3n"},"content":{"rendered":"<p data-start=\"770\" data-end=\"987\">ACT Ride &amp; Train no es un curso de formaci\u00f3n cl\u00e1sico ni un viaje tur\u00edstico en moto.<br data-start=\"856\" data-end=\"859\" \/>Se trata de una prueba de conducci\u00f3n todoterreno guiada que combina la conducci\u00f3n en el mundo real con entrenamiento pr\u00e1ctico y comentarios directamente en la pista.<\/p>\n<p data-start=\"989\" data-end=\"1005\">La atenci\u00f3n se centra en:<\/p>\n<ul data-start=\"1006\" data-end=\"1142\">\n<li data-start=\"1006\" data-end=\"1033\">\n<p data-start=\"1008\" data-end=\"1033\">t\u00e9cnica de conducci\u00f3n todoterreno<\/p>\n<\/li>\n<li data-start=\"1034\" data-end=\"1064\">\n<p data-start=\"1036\" data-end=\"1064\">control de la bicicleta y elecci\u00f3n de la l\u00ednea<\/p>\n<\/li>\n<li data-start=\"1065\" data-end=\"1112\">\n<p data-start=\"1067\" data-end=\"1112\">conducir con seguridad y responsabilidad en zonas remotas<\/p>\n<\/li>\n<li data-start=\"1113\" data-end=\"1142\">\n<p data-start=\"1115\" data-end=\"1142\">aprender a trav\u00e9s de la experiencia<\/p>\n<\/li>\n<\/ul>\n<p data-start=\"1177\" data-end=\"1200\"><strong>La participaci\u00f3n requiere:<\/strong><\/p>\n<p data-start=\"1177\" data-end=\"1200\">La ACT Ride &amp; Train France se desarrolla a lo largo de 9 d\u00edas, de los cuales 6 son de conducci\u00f3n. El d\u00eda adicional de preparaci\u00f3n es obligatorio.<\/p>\n<ul data-start=\"1201\" data-end=\"1409\">\n<li data-start=\"1201\" data-end=\"1235\">\n<p data-start=\"1203\" data-end=\"1235\">experiencia b\u00e1sica en conducci\u00f3n todoterreno<\/p>\n<\/li>\n<li data-start=\"1236\" data-end=\"1296\">\n<p data-start=\"1238\" data-end=\"1296\">control seguro de la moto en terrenos de grava y sin asfaltar<\/p>\n<\/li>\n<li data-start=\"1297\" data-end=\"1351\">\n<p data-start=\"1299\" data-end=\"1351\">aptitud f\u00edsica y mental para varias jornadas de equitaci\u00f3n<\/p>\n<\/li>\n<li data-start=\"1352\" data-end=\"1409\">\n<p data-start=\"1354\" data-end=\"1409\">una motocicleta homologada, asegurada y t\u00e9cnicamente s\u00f3lida<\/p>\n<\/li>\n<\/ul>\n<p data-start=\"1411\" data-end=\"1473\">*1 o 2 d\u00edas de t\u00e9cnica b\u00e1sica de equitaci\u00f3n - Terreno, si no tienes experiencia env\u00edanos un email para hablarlo.<\/p>\n<p data-start=\"1411\" data-end=\"1473\">ACT Ride &amp; Train no es expl\u00edcitamente un curso de formaci\u00f3n para principiantes.<\/p>\n<p data-start=\"1501\" data-end=\"1523\"><strong>Incluido en el precio:<\/strong><\/p>\n<ul data-start=\"1524\" data-end=\"1857\">\n<li data-start=\"1524\" data-end=\"1560\">\n<p data-start=\"1526\" data-end=\"1560\">experiencia guiada ACT Ride &amp; Train<\/p>\n<\/li>\n<li data-start=\"1561\" data-end=\"1613\">\n<p data-start=\"1563\" data-end=\"1613\">elementos integrados de formaci\u00f3n y entrenamiento todoterreno<\/p>\n<\/li>\n<li data-start=\"1614\" data-end=\"1665\">\n<p data-start=\"1616\" data-end=\"1665\">apoyo de instructores \/ gu\u00edas certificados ACT<\/p>\n<\/li>\n<li data-start=\"1666\" data-end=\"1697\">\n<p data-start=\"1668\" data-end=\"1697\">planificaci\u00f3n de rutas y navegaci\u00f3n<\/p>\n<\/li>\n<li data-start=\"1698\" data-end=\"1734\">\n<p data-start=\"1700\" data-end=\"1734\">sesiones informativas diarias para motoristas y comentarios<\/p>\n<\/li>\n<li data-start=\"1735\" data-end=\"1774\">\n<p data-start=\"1737\" data-end=\"1774\">organizaci\u00f3n y coordinaci\u00f3n in situ<\/p>\n<\/li>\n<li data-start=\"1775\" data-end=\"1790\">\n<p data-start=\"1777\" data-end=\"1790\">alojamiento 8 Noches<\/p>\n<\/li>\n<li data-start=\"1791\" data-end=\"1817\">\n<p data-start=\"1793\" data-end=\"1817\">dos cenas compartidas<\/p>\n<\/li>\n<li data-start=\"1818\" data-end=\"1857\">\n<p data-start=\"1820\" data-end=\"1857\">Pegatina ACT Finisher<\/p>\n<\/li>\n<\/ul>\n<p data-start=\"1859\" data-end=\"1872\"><strong>No se incluye:<\/strong><\/p>\n<ul data-start=\"1873\" data-end=\"2006\">\n<li data-start=\"1873\" data-end=\"1903\">\n<p data-start=\"1875\" data-end=\"1903\">viaje de ida y vuelta<\/p>\n<\/li>\n<li data-start=\"1904\" data-end=\"1910\">\n<p data-start=\"1906\" data-end=\"1910\">combustible<\/p>\n<\/li>\n<li data-start=\"1911\" data-end=\"1940\">\n<p data-start=\"1913\" data-end=\"1940\">comidas y bebidas adicionales<\/p>\n<\/li>\n<li data-start=\"1941\" data-end=\"1960\">\n<p data-start=\"1943\" data-end=\"1960\">alquiler de motos<\/p>\n<\/li>\n<li data-start=\"1961\" data-end=\"1985\">\n<p data-start=\"1963\" data-end=\"1985\">recambios o reparaciones<\/p>\n<\/li>\n<li data-start=\"1986\" data-end=\"2006\">\n<p data-start=\"1988\" data-end=\"2006\">seguro personal<\/p>\n<\/li>\n<\/ul>\n<p data-start=\"2037\" data-end=\"2171\"><strong>Seguridad y ejecuci\u00f3n<\/strong><\/p>\n<p data-start=\"2037\" data-end=\"2171\">ACT Ride &amp; Train es un viaje guiado en grupo, no una competici\u00f3n.<br data-start=\"2096\" data-end=\"2099\" \/>Deben seguirse en todo momento todas las instrucciones dadas por los instructores.<\/p>\n<p data-start=\"2173\" data-end=\"2326\">Algunas partes del evento tienen lugar en zonas remotas con infraestructuras limitadas.<br data-start=\"2247\" data-end=\"2250\" \/>No se puede garantizar la atenci\u00f3n m\u00e9dica continuada, la recuperaci\u00f3n ni el transporte de vuelta.<\/p>\n<p data-start=\"2376\" data-end=\"2486\"><strong>Cancelaci\u00f3n y aviso legal (s\u00f3lo resumen)<\/strong><\/p>\n<p data-start=\"2376\" data-end=\"2486\">Los participantes pueden rescindir el contrato en cualquier momento.<br data-start=\"2432\" data-end=\"2435\" \/>Los gastos de cancelaci\u00f3n dependen de la fecha de baja.<\/p>\n<p data-start=\"2573\" data-end=\"2659\">ACT recomienda encarecidamente contratar un seguro de cancelaci\u00f3n de viaje o de eventos adecuado.<\/p>\n<p data-start=\"2666\" data-end=\"2687\"><strong>Informaci\u00f3n legal<\/strong><\/p>\n<ul data-start=\"2689\" data-end=\"2950\">\n<li data-start=\"2689\" data-end=\"2742\">\n<p data-start=\"2691\" data-end=\"2742\">Organizador: Adventure Country Tracks e.V. (ACT e.V.)<\/p>\n<\/li>\n<li data-start=\"2850\" data-end=\"2950\">\n<p data-start=\"2852\" data-end=\"2950\">El acto puede estar sujeto a cambios o cancelaciones por causas de fuerza mayor o restricciones oficiales.<\/p>\n<\/li>\n<li data-start=\"2850\" data-end=\"2950\">\n<p data-start=\"561\" data-end=\"821\">Al reservar este acto, el <strong data-start=\"614\" data-end=\"646\">Condiciones generales<\/strong> de Adventure Country Tracks e.V..<br data-start=\"686\" data-end=\"689\" \/>La participaci\u00f3n est\u00e1 sujeta a <strong data-start=\"723\" data-end=\"768\">Condiciones de participaci\u00f3n en ACT Ride &amp; Train<\/strong> y requiere la aceptaci\u00f3n de la <strong data-start=\"800\" data-end=\"820\">Exenci\u00f3n de responsabilidad<\/strong>.<\/p>\n<\/li>\n<li data-start=\"2850\" data-end=\"2950\">Esta oferta es un viaje combinado en el sentido del art\u00edculo 651a del C\u00f3digo Civil alem\u00e1n (BGB). La hoja de informaci\u00f3n legal est\u00e1ndar y nuestras condiciones de viaje se encuentran en la descripci\u00f3n.<\/li>\n<li data-start=\"2850\" data-end=\"2950\"><a href=\"https:\/\/adventurecountrytracks.com\/es\/terminos-y-condiciones\/\">Condiciones generales<\/a><\/li>\n<li data-start=\"2850\" data-end=\"2950\"><a href=\"https:\/\/adventurecountrytracks.com\/es\/requisitos-de-participacion-ridetrain\/\">Condiciones de participaci\u00f3n en ACT Ride &amp; Train<\/a><\/li>\n<li data-start=\"2850\" data-end=\"2950\"><a href=\"https:\/\/adventurecountrytracks.com\/wp-content\/uploads\/2023\/06\/ACT_Ride_Train_StandardinformationDE_EN.pdf\">Hoja informativa est\u00e1ndar<\/a><\/li>\n<li data-start=\"2850\" data-end=\"2950\"><a href=\"https:\/\/adventurecountrytracks.com\/es\/ley-de-exencion-de-responsabilidad-viajar-en-tren\/\">Exenci\u00f3n de responsabilidad de ACT Ride &amp; Train<\/a><\/li>\n<\/ul>\n<p><strong>Las reservas se cierran 10 d\u00edas antes del inicio del evento. No es posible reservar fuera de plazo.<\/strong><\/p>","protected":false},"excerpt":{"rendered":"<p data-start=\"354\" data-end=\"636\">ACT Ride &amp; Train France es un evento guiado de motociclismo todoterreno con elementos integrados de formaci\u00f3n y entrenamiento.<br data-start=\"463\" data-end=\"466\" \/>El formato est\u00e1 dise\u00f1ado para pilotos de aventura experimentados que quieran mejorar sus habilidades de conducci\u00f3n mientras exploran terrenos exigentes en un entorno responsable y estructurado.<\/p>\n<p data-start=\"354\" data-end=\"636\"><strong>Una aut\u00e9ntica experiencia de viaje en tren.<\/strong><\/p>\n<p data-start=\"1177\" data-end=\"1200\">La ACT Ride &amp; Train France se desarrolla a lo largo de 9 d\u00edas, de los cuales 6 son de conducci\u00f3n. El d\u00eda adicional de preparaci\u00f3n es obligatorio.<\/p>\n<p>&nbsp;<\/p>\n<p data-start=\"1177\" data-end=\"1200\"><strong>La participaci\u00f3n requiere:<\/strong><\/p>\n<p data-start=\"1177\" data-end=\"1200\">ACT Ride &amp; Train France se desarrolla a lo largo de 9 d\u00edas. 1 Llegada, 1 Salida, 1 D\u00eda de preparaci\u00f3n, 6 d\u00edas con salidas diarias en todoterreno. El d\u00eda de preparaci\u00f3n es obligatorio.<\/p>\n<ul data-start=\"1201\" data-end=\"1409\">\n<li data-start=\"1201\" data-end=\"1235\">\n<p data-start=\"1203\" data-end=\"1235\">experiencia b\u00e1sica en conducci\u00f3n todoterreno*.<\/p>\n<\/li>\n<li data-start=\"1236\" data-end=\"1296\">\n<p data-start=\"1238\" data-end=\"1296\">control seguro de la moto en terrenos de grava y sin asfaltar<\/p>\n<\/li>\n<li data-start=\"1297\" data-end=\"1351\">\n<p data-start=\"1299\" data-end=\"1351\">aptitud f\u00edsica y mental para varias jornadas de equitaci\u00f3n<\/p>\n<\/li>\n<li data-start=\"1352\" data-end=\"1409\">\n<p data-start=\"1354\" data-end=\"1409\">una motocicleta homologada, asegurada y t\u00e9cnicamente s\u00f3lida<\/p>\n<\/li>\n<\/ul>\n<p data-start=\"1411\" data-end=\"1473\">ACT Ride &amp; Train no es expl\u00edcitamente un curso de formaci\u00f3n para principiantes.<\/p>\n<p data-start=\"1411\" data-end=\"1473\">*1 o 2 d\u00edas de t\u00e9cnica b\u00e1sica de equitaci\u00f3n, si no tienes experiencia env\u00edanos un email para hablarlo.<\/p>\n<p data-start=\"1501\" data-end=\"1523\"><strong>Incluido en el precio:<\/strong><\/p>\n<ul data-start=\"1524\" data-end=\"1857\">\n<li data-start=\"1524\" data-end=\"1560\">\n<p data-start=\"1526\" data-end=\"1560\">experiencia guiada ACT Ride &amp; Train<\/p>\n<\/li>\n<li data-start=\"1561\" data-end=\"1613\">\n<p data-start=\"1563\" data-end=\"1613\">elementos integrados de formaci\u00f3n y entrenamiento todoterreno<\/p>\n<\/li>\n<li data-start=\"1614\" data-end=\"1665\">\n<p data-start=\"1616\" data-end=\"1665\">apoyo de instructores \/ gu\u00edas certificados ACT<\/p>\n<\/li>\n<li data-start=\"1666\" data-end=\"1697\">\n<p data-start=\"1668\" data-end=\"1697\">planificaci\u00f3n de rutas y navegaci\u00f3n<\/p>\n<\/li>\n<li data-start=\"1698\" data-end=\"1734\">\n<p data-start=\"1700\" data-end=\"1734\">sesiones informativas diarias para motoristas y comentarios<\/p>\n<\/li>\n<li data-start=\"1735\" data-end=\"1774\">\n<p data-start=\"1737\" data-end=\"1774\">organizaci\u00f3n y coordinaci\u00f3n in situ<\/p>\n<\/li>\n<li data-start=\"1775\" data-end=\"1790\">\n<p data-start=\"1777\" data-end=\"1790\">alojamiento<\/p>\n<\/li>\n<li data-start=\"1791\" data-end=\"1817\">\n<p data-start=\"1793\" data-end=\"1817\">dos cenas compartidas<\/p>\n<\/li>\n<li data-start=\"1818\" data-end=\"1857\">\n<p data-start=\"1820\" data-end=\"1857\">Pegatina ACT Finisher<\/p>\n<\/li>\n<\/ul>\n<p data-start=\"1859\" data-end=\"1872\"><strong>No se incluye:<\/strong><\/p>\n<ul data-start=\"1873\" data-end=\"2006\">\n<li data-start=\"1873\" data-end=\"1903\">\n<p data-start=\"1875\" data-end=\"1903\">viaje de ida y vuelta<\/p>\n<\/li>\n<li data-start=\"1904\" data-end=\"1910\">\n<p data-start=\"1906\" data-end=\"1910\">combustible<\/p>\n<\/li>\n<li data-start=\"1911\" data-end=\"1940\">\n<p data-start=\"1913\" data-end=\"1940\">comidas y bebidas adicionales<\/p>\n<\/li>\n<li data-start=\"1941\" data-end=\"1960\">\n<p data-start=\"1943\" data-end=\"1960\">alquiler de motos<\/p>\n<\/li>\n<li data-start=\"1961\" data-end=\"1985\">\n<p data-start=\"1963\" data-end=\"1985\">recambios o reparaciones<\/p>\n<\/li>\n<li data-start=\"1986\" data-end=\"2006\">\n<p data-start=\"1988\" data-end=\"2006\">seguro personal<\/p>\n<\/li>\n<\/ul>\n<p data-start=\"2666\" data-end=\"2687\"><strong>Informaci\u00f3n legal<\/strong><\/p>\n<ul data-start=\"2689\" data-end=\"2950\">\n<li data-start=\"2689\" data-end=\"2742\">\n<p data-start=\"2691\" data-end=\"2742\">Organizador: Adventure Country Tracks e.V. (ACT e.V.)<\/p>\n<\/li>\n<li data-start=\"2850\" data-end=\"2950\">\n<p data-start=\"2852\" data-end=\"2950\">El acto puede estar sujeto a cambios o cancelaciones por causas de fuerza mayor o restricciones oficiales.<\/p>\n<\/li>\n<li data-start=\"2850\" data-end=\"2950\">\n<p data-start=\"561\" data-end=\"821\">Al reservar este acto, el <strong data-start=\"614\" data-end=\"646\">Condiciones generales<\/strong> de Adventure Country Tracks e.V..<br data-start=\"686\" data-end=\"689\" \/>La participaci\u00f3n est\u00e1 sujeta a <strong data-start=\"723\" data-end=\"768\">Condiciones de participaci\u00f3n en ACT Ride &amp; Train<\/strong> y requiere la aceptaci\u00f3n de la <strong data-start=\"800\" data-end=\"820\">Exenci\u00f3n de responsabilidad<\/strong>.<\/p>\n<p data-start=\"826\" data-end=\"927\">- <a href=\"https:\/\/adventurecountrytracks.com\/es\/terminos-y-condiciones\/\">Condiciones generales<\/a><br data-start=\"856\" data-end=\"859\" \/>- <a href=\"https:\/\/adventurecountrytracks.com\/es\/requisitos-de-participacion-ridetrain\/\">Condiciones de participaci\u00f3n en ACT Ride &amp; Train<\/a><br data-start=\"904\" data-end=\"907\" \/>- <a href=\"https:\/\/adventurecountrytracks.com\/es\/ley-de-exencion-de-responsabilidad-viajar-en-tren\/\">Exenci\u00f3n de responsabilidad de ACT Ride &amp; Train<\/a><\/p>\n<\/li>\n<\/ul>\n<p>M\u00e1s abajo encontrar\u00e1s una descripci\u00f3n completa<\/p>","protected":false},"featured_media":36024,"comment_status":"closed","ping_status":"closed","template":"","meta":{"_acf_changed":false},"product_brand":[],"product_cat":[185],"product_tag":[],"class_list":{"0":"post-36035","1":"product","2":"type-product","3":"status-publish","4":"has-post-thumbnail","6":"product_cat-act-ride-train","8":"first","9":"instock","10":"virtual","11":"purchasable","12":"product-type-ovatb_tour"},"acf":[],"_links":{"self":[{"href":"https:\/\/adventurecountrytracks.com\/es\/wp-json\/wp\/v2\/product\/36035","targetHints":{"allow":["GET"]}}],"collection":[{"href":"https:\/\/adventurecountrytracks.com\/es\/wp-json\/wp\/v2\/product"}],"about":[{"href":"https:\/\/adventurecountrytracks.com\/es\/wp-json\/wp\/v2\/types\/product"}],"replies":[{"embeddable":true,"href":"https:\/\/adventurecountrytracks.com\/es\/wp-json\/wp\/v2\/comments?post=36035"}],"wp:featuredmedia":[{"embeddable":true,"href":"https:\/\/adventurecountrytracks.com\/es\/wp-json\/wp\/v2\/media\/36024"}],"wp:attachment":[{"href":"https:\/\/adventurecountrytracks.com\/es\/wp-json\/wp\/v2\/media?parent=36035"}],"wp:term":[{"taxonomy":"product_brand","embeddable":true,"href":"https:\/\/adventurecountrytracks.com\/es\/wp-json\/wp\/v2\/product_brand?post=36035"},{"taxonomy":"product_cat","embeddable":true,"href":"https:\/\/adventurecountrytracks.com\/es\/wp-json\/wp\/v2\/product_cat?post=36035"},{"taxonomy":"product_tag","embeddable":true,"href":"https:\/\/adventurecountrytracks.com\/es\/wp-json\/wp\/v2\/product_tag?post=36035"}],"curies":[{"name":"wp","href":"https:\/\/api.w.org\/{rel}","templated":true}]}}