{"id":36645,"date":"2026-03-26T16:24:53","date_gmt":"2026-03-26T15:24:53","guid":{"rendered":"https:\/\/adventurecountrytracks.com\/?post_type=product&#038;p=36645"},"modified":"2026-05-11T21:55:58","modified_gmt":"2026-05-11T19:55:58","slug":"act-camp-2026","status":"publish","type":"product","link":"https:\/\/adventurecountrytracks.com\/es\/product\/act-camp-2026\/","title":{"rendered":"Campamento ACT 2026"},"content":{"rendered":"<div class=\"ewa-rteLine\">\n<p><strong>02.Julio - 05.Julio 2026<\/strong><\/p>\n<p><strong>Ubicaci\u00f3n: MSC Kleinhau e.V., Nideggener Str., 52393 H\u00fcrtgenwald, Alemania<\/strong><\/p>\n<p data-start=\"62\" data-end=\"183\">Experiencia <strong data-start=\"73\" data-end=\"90\">Campamento ACT 2026<\/strong> - un evento todoterreno \u00fanico para todos los amantes de la aventura, los retos y la comunidad ACT.<\/p>\n<p data-start=\"185\" data-end=\"455\">Este campamento trata de <em data-start=\"208\" data-end=\"234\">Pistas de Aventura en el Campo<\/em>una ruta exigente reservada s\u00f3lo para nosotros, aut\u00e9ntico esp\u00edritu todoterreno y un incre\u00edble sentido de comunidad. Tanto si eres principiante como experimentado, encontrar\u00e1s la mezcla perfecta de desaf\u00edo, diversi\u00f3n al volante y conexi\u00f3n.<\/p>\n<h4 data-start=\"457\" data-end=\"483\">\u00bfA qui\u00e9n va dirigido este campamento?<\/h4>\n<p data-start=\"484\" data-end=\"542\">El Campamento ACT est\u00e1 dise\u00f1ado para todos los pilotos de aventura que quieran:<\/p>\n<ul data-start=\"543\" data-end=\"631\">\n<li data-section-id=\"xadq3x\" data-start=\"543\" data-end=\"574\">mejorar sus habilidades como jinetes<\/li>\n<li data-section-id=\"7iqrqd\" data-start=\"575\" data-end=\"631\">formar parte de una comunidad offroad fuerte y apasionada<\/li>\n<\/ul>\n<h4 data-start=\"633\" data-end=\"651\">\u00bfPor qu\u00e9 el Campamento ACT?<\/h4>\n<p data-start=\"652\" data-end=\"806\">El Campamento ACT es algo m\u00e1s que un evento: es una experiencia que te conecta con otros ciclistas y crea momentos inolvidables lejos de las carreteras asfaltadas.<\/p>\n<p data-start=\"808\" data-end=\"853\" data-is-last-node=\"\" data-is-only-node=\"\">Prep\u00e1rate para el polvo, la naturaleza y la verdadera libertad.<\/p>\n<p><strong><a href=\"https:\/\/adventurecountrytracks.com\/es\/act-camp-2023-3\/\" target=\"_blank\" rel=\"noopener\">Visita la p\u00e1gina principal del Campamento ACT para m\u00e1s informaci\u00f3n<\/a><\/strong><\/p>\n<p>159\u20ac No miembro Los precios correspondientes a tu afiliaci\u00f3n se mostrar\u00e1n en cuanto te conectes. 144\u20ac Bronce \/ 114\u20ac Plata \/ 94\u20ac Oro \/ 14,99\u20ac Platino<\/p>\n<p>Las entradas de socio (49\u20ac) est\u00e1n disponibles en combinaci\u00f3n con una entrada de socio. Nos reservamos el derecho a anular los billetes de socio si no se puede demostrar la pertenencia al billete principal.  El billete de socio s\u00f3lo incluye el Camping y debe adquirirse por separado.<\/p>\n<p>Las entradas de 1 d\u00eda est\u00e1n disponibles in situ por 80 \u20ac. Las entradas de un d\u00eda no incluyen la acampada ni el catering y deben pagarse en efectivo.<\/p>\n<p><strong>IMPORTANTE:<\/strong><\/p>\n<p>El catering no est\u00e1 incluido en el precio. Por favor, selecciona si deseas participar en el catering proporcionado por MSC Kleinhau (+105\u20ac) o no. Ten en cuenta que MSC Kleinhau no puede suministrar el catering si no te inscribes en \u00e9l.<\/p>\n<p>La cuota de participaci\u00f3n incluye<\/p>\n<ul>\n<li><span style=\"font-size: 1rem;\">Camping <\/span><\/li>\n<li><span style=\"font-size: 1rem;\">Formaci\u00f3n ACT <\/span><\/li>\n<li><span style=\"font-size: 1rem;\">Viajes de prueba <\/span><\/li>\n<li><span style=\"font-size: 1rem;\">Talleres\u00a0<\/span><\/li>\n<li><span style=\"font-size: 1rem;\">Camiseta <\/span><\/li>\n<li><span style=\"font-size: 1rem;\">Desaf\u00edos <\/span><\/li>\n<li><span style=\"font-size: 1rem;\">Pista de motocross de dificultad moderada a exigente (no apta para principiantes)<\/span><\/li>\n<\/ul>\n<p>Con tu inscripci\u00f3n, aceptas las siguientes condiciones. <strong>Por favor, imprime la exenci\u00f3n de responsabilidad, f\u00edrmala y tr\u00e1ela contigo al campamento.<\/strong><\/p>\n<p>- <a href=\"https:\/\/adventurecountrytracks.com\/es\/politica-de-privacidad\/\">Datenschutzbestimmungen<\/a><\/p>\n<p>- <a href=\"https:\/\/adventurecountrytracks.com\/wp-content\/uploads\/2026\/03\/Haftungsverzicht-Camp-2026.pdf\">Visi\u00f3n general del funcionamiento<\/a>\/Exenci\u00f3n de responsabilidad<\/p>\n<p>-<a href=\"https:\/\/adventurecountrytracks.com\/wp-content\/uploads\/2023\/06\/Teilnahmebedingungen-ACT-Camp-2026.pdf\"> Teilnahmebedingungen<\/a>\/Condiciones de participaci\u00f3n<\/p>\n<p>Nota: la descarga de entradas s\u00f3lo funciona desde la p\u00e1gina en ingl\u00e9s<\/p>\n<\/div>","protected":false},"excerpt":{"rendered":"<p>\u00a1Un\u00e1monos, celebremos nuestra pasi\u00f3n y hagamos de este Campamento ACT una experiencia inolvidable!<\/p>\n<p>El 4\u00ba Campamento ACT tendr\u00e1 lugar del 02.07.26 al 05.07.26 en los terrenos del MSC Kleinhau, 52393 H\u00fcrtgenwald, Alemania.<br \/>\nEl programa se actualizar\u00e1 constantemente, te mantendremos informado, pero una cosa ya es segura: Crearemos recuerdos juntos como una comunidad de aventura unida.<\/p>\n<p>Ten en cuenta que el catering no est\u00e1 incluido en el precio. Por favor, selecciona si deseas participar en el catering proporcionado por MSC Kleinhau (+105\u20ac) o no. Ten en cuenta que MSC Kleinhau no puede suministrar el catering si no te inscribes en \u00e9l.<\/p>\n<p>\u00bfQuieres traer a tu amigo, esposa, hijo, hija? Las entradas de socio (49\u20ac) est\u00e1n disponibles en combinaci\u00f3n con una entrada de socio. Nos reservamos el derecho a anular los billetes de socio si no se puede demostrar la pertenencia al billete principal.  El billete de socio s\u00f3lo incluye el Camping.<\/p>\n<p>El precio que se te muestra ya tiene en cuenta tu afiliaci\u00f3n.<\/p>\n<p>Atenci\u00f3n: la descarga de entradas s\u00f3lo funciona desde la p\u00e1gina en ingl\u00e9s.<\/p>","protected":false},"featured_media":36636,"comment_status":"closed","ping_status":"closed","template":"","meta":{"_acf_changed":false},"product_brand":[],"product_cat":[153],"product_tag":[],"class_list":{"0":"post-36645","1":"product","2":"type-product","3":"status-publish","4":"has-post-thumbnail","6":"product_cat-act-events","7":"pa_included-catering","8":"pa_included-just-base","10":"first","11":"instock","12":"sold-individually","13":"taxable","14":"shipping-taxable","15":"purchasable","16":"product-type-variable"},"acf":[],"_links":{"self":[{"href":"https:\/\/adventurecountrytracks.com\/es\/wp-json\/wp\/v2\/product\/36645","targetHints":{"allow":["GET"]}}],"collection":[{"href":"https:\/\/adventurecountrytracks.com\/es\/wp-json\/wp\/v2\/product"}],"about":[{"href":"https:\/\/adventurecountrytracks.com\/es\/wp-json\/wp\/v2\/types\/product"}],"replies":[{"embeddable":true,"href":"https:\/\/adventurecountrytracks.com\/es\/wp-json\/wp\/v2\/comments?post=36645"}],"wp:featuredmedia":[{"embeddable":true,"href":"https:\/\/adventurecountrytracks.com\/es\/wp-json\/wp\/v2\/media\/36636"}],"wp:attachment":[{"href":"https:\/\/adventurecountrytracks.com\/es\/wp-json\/wp\/v2\/media?parent=36645"}],"wp:term":[{"taxonomy":"product_brand","embeddable":true,"href":"https:\/\/adventurecountrytracks.com\/es\/wp-json\/wp\/v2\/product_brand?post=36645"},{"taxonomy":"product_cat","embeddable":true,"href":"https:\/\/adventurecountrytracks.com\/es\/wp-json\/wp\/v2\/product_cat?post=36645"},{"taxonomy":"product_tag","embeddable":true,"href":"https:\/\/adventurecountrytracks.com\/es\/wp-json\/wp\/v2\/product_tag?post=36645"}],"curies":[{"name":"wp","href":"https:\/\/api.w.org\/{rel}","templated":true}]}}