{"id":36780,"date":"2026-03-31T09:11:27","date_gmt":"2026-03-31T07:11:27","guid":{"rendered":"https:\/\/adventurecountrytracks.com\/?post_type=product&#038;p=36780"},"modified":"2026-04-15T15:02:17","modified_gmt":"2026-04-15T13:02:17","slug":"gravel-yellow","status":"publish","type":"product","link":"https:\/\/adventurecountrytracks.com\/es\/product\/gravel-yellow\/","title":{"rendered":"Amarillo Grava"},"content":{"rendered":"<div>\n<div>\n<p><strong>ACT Jersey Gravel Yellow<\/strong><\/p>\n<p data-start=\"1570\" data-end=\"1686\">Bright, bold, and built for adventure\u2014the ACT Gravel Jersey in yellow and black is made to stand out on every trail.<\/p>\n<p data-start=\"1688\" data-end=\"1967\">Inspired by sunlit dust clouds and endless offroad horizons, this design reflects the energy and intensity of true adventure riding. The high-contrast yellow and black pattern embodies both visibility and attitude\u2014perfect for riders who don\u2019t just follow tracks, but create them.<\/p>\n<p data-start=\"1969\" data-end=\"2244\">Crafted from breathable, moisture-wicking materials, this jersey delivers comfort in all conditions. It keeps you cool during intense rides and layers perfectly when temperatures drop. Its ergonomic fit ensures unrestricted movement, no matter how demanding the terrain gets.<\/p>\n<p data-start=\"2246\" data-end=\"2318\">This is more than a jersey\u2014it\u2019s your badge of commitment to exploration.<\/p>\n<\/div>\n<div><\/div>\n<div>Las tallas a partir de la 4XL s\u00f3lo se pueden pedir por encargo especial. Para m\u00e1s informaci\u00f3n, env\u00eda un correo electr\u00f3nico a <a href=\"mailto:info@adventurecountrytracks.com\">info@adventurecountrytracks.com<\/a>.<\/div>\n<\/div>\n<div><\/div>\n<div><\/div>\n<div><img fetchpriority=\"high\" decoding=\"async\" class=\"alignnone size-medium wp-image-34674\" src=\"https:\/\/adventurecountrytracks.com\/wp-content\/uploads\/2024\/10\/Sizing-Jersey-800x217.png\" alt=\"\" width=\"800\" height=\"217\" srcset=\"https:\/\/adventurecountrytracks.com\/wp-content\/uploads\/2024\/10\/Sizing-Jersey-800x217.png 800w, https:\/\/adventurecountrytracks.com\/wp-content\/uploads\/2024\/10\/Sizing-Jersey-1024x278.png 1024w, https:\/\/adventurecountrytracks.com\/wp-content\/uploads\/2024\/10\/Sizing-Jersey-768x208.png 768w, https:\/\/adventurecountrytracks.com\/wp-content\/uploads\/2024\/10\/Sizing-Jersey-1536x417.png 1536w, https:\/\/adventurecountrytracks.com\/wp-content\/uploads\/2024\/10\/Sizing-Jersey-18x5.png 18w, https:\/\/adventurecountrytracks.com\/wp-content\/uploads\/2024\/10\/Sizing-Jersey-600x163.png 600w, https:\/\/adventurecountrytracks.com\/wp-content\/uploads\/2024\/10\/Sizing-Jersey.png 1600w\" sizes=\"(max-width: 800px) 100vw, 800px\" \/><\/div>\n<div><\/div>\n<div><\/div>\n<div>100% poli\u00e9ster<br \/>\nTranspirable, secado r\u00e1pido<br \/>\nTecnolog\u00eda COOLMESH<br \/>\nOeko Tex 100<\/div>","protected":false},"excerpt":{"rendered":"<p>ACT Jersey Gravel Yellow<\/p>\n<p data-start=\"1570\" data-end=\"1686\">Bright, bold, and built for adventure\u2014the ACT Gravel Jersey in yellow and black is made to stand out on every trail.<\/p>\n<p data-start=\"1688\" data-end=\"1967\">","protected":false},"featured_media":36772,"comment_status":"open","ping_status":"closed","template":"","meta":{"_acf_changed":false},"product_brand":[],"product_cat":[89],"product_tag":[],"class_list":{"0":"post-36780","1":"product","2":"type-product","3":"status-publish","4":"has-post-thumbnail","6":"product_cat-apparel","7":"pa_size-5xl","8":"pa_size-xs","9":"pa_size-3xl","10":"pa_size-s","11":"pa_size-m","12":"pa_size-l","13":"pa_size-xl","14":"pa_size-xxl","15":"pa_size-4xl","17":"first","18":"instock","19":"taxable","20":"shipping-taxable","21":"purchasable","22":"product-type-variable"},"acf":[],"_links":{"self":[{"href":"https:\/\/adventurecountrytracks.com\/es\/wp-json\/wp\/v2\/product\/36780","targetHints":{"allow":["GET"]}}],"collection":[{"href":"https:\/\/adventurecountrytracks.com\/es\/wp-json\/wp\/v2\/product"}],"about":[{"href":"https:\/\/adventurecountrytracks.com\/es\/wp-json\/wp\/v2\/types\/product"}],"replies":[{"embeddable":true,"href":"https:\/\/adventurecountrytracks.com\/es\/wp-json\/wp\/v2\/comments?post=36780"}],"wp:featuredmedia":[{"embeddable":true,"href":"https:\/\/adventurecountrytracks.com\/es\/wp-json\/wp\/v2\/media\/36772"}],"wp:attachment":[{"href":"https:\/\/adventurecountrytracks.com\/es\/wp-json\/wp\/v2\/media?parent=36780"}],"wp:term":[{"taxonomy":"product_brand","embeddable":true,"href":"https:\/\/adventurecountrytracks.com\/es\/wp-json\/wp\/v2\/product_brand?post=36780"},{"taxonomy":"product_cat","embeddable":true,"href":"https:\/\/adventurecountrytracks.com\/es\/wp-json\/wp\/v2\/product_cat?post=36780"},{"taxonomy":"product_tag","embeddable":true,"href":"https:\/\/adventurecountrytracks.com\/es\/wp-json\/wp\/v2\/product_tag?post=36780"}],"curies":[{"name":"wp","href":"https:\/\/api.w.org\/{rel}","templated":true}]}}