{"id":36791,"date":"2026-03-31T09:24:19","date_gmt":"2026-03-31T07:24:19","guid":{"rendered":"https:\/\/adventurecountrytracks.com\/?post_type=product&#038;p=36791"},"modified":"2026-04-15T15:11:01","modified_gmt":"2026-04-15T13:11:01","slug":"gravel-white","status":"publish","type":"product","link":"https:\/\/adventurecountrytracks.com\/es\/product\/gravel-white\/","title":{"rendered":"Blanco Grava"},"content":{"rendered":"<div>\n<div>\n<p><strong>ACT Jersey Gravel White<\/strong><\/p>\n<p data-start=\"579\" data-end=\"678\">Step into the spirit of adventure with the ACT Gravel Jersey White \u2013 where raw terrain meets bold design.<\/p>\n<p data-start=\"680\" data-end=\"998\">Inspired by the unpredictable nature of gravel tracks and remote backcountry riding, this jersey captures the essence of dust, speed, and freedom. The striking blue and white pattern reflects the ever-changing landscapes of water, sky, and stone\u2014while the red accents symbolize the passion that drives every ACT rider.<\/p>\n<p data-start=\"1000\" data-end=\"1311\">Designed for performance and comfort, the lightweight and breathable fabric ensures optimal airflow on hot days, while its flexible fit allows full freedom of movement on and off the bike. Whether you&#8217;re tackling technical sections or cruising long-distance gravel roads, this jersey keeps you cool and focused.<\/p>\n<p data-start=\"1313\" data-end=\"1424\">More than just gear\u2014it\u2019s a statement. A symbol that you are part of a community pushing beyond the paved roads.<\/p>\n<p data-start=\"1426\" data-end=\"1455\"><strong data-start=\"1426\" data-end=\"1455\">Ride. Explore. Get Dirty.<\/strong><\/p>\n<\/div>\n<div><\/div>\n<div>Las tallas a partir de la 4XL s\u00f3lo se pueden pedir por encargo especial. Para m\u00e1s informaci\u00f3n, env\u00eda un correo electr\u00f3nico a <a href=\"mailto:info@adventurecountrytracks.com\">info@adventurecountrytracks.com<\/a>.<\/div>\n<\/div>\n<div><\/div>\n<div><\/div>\n<div><img fetchpriority=\"high\" decoding=\"async\" class=\"alignnone size-medium wp-image-34674\" src=\"https:\/\/adventurecountrytracks.com\/wp-content\/uploads\/2024\/10\/Sizing-Jersey-800x217.png\" alt=\"\" width=\"800\" height=\"217\" srcset=\"https:\/\/adventurecountrytracks.com\/wp-content\/uploads\/2024\/10\/Sizing-Jersey-800x217.png 800w, https:\/\/adventurecountrytracks.com\/wp-content\/uploads\/2024\/10\/Sizing-Jersey-1024x278.png 1024w, https:\/\/adventurecountrytracks.com\/wp-content\/uploads\/2024\/10\/Sizing-Jersey-768x208.png 768w, https:\/\/adventurecountrytracks.com\/wp-content\/uploads\/2024\/10\/Sizing-Jersey-1536x417.png 1536w, https:\/\/adventurecountrytracks.com\/wp-content\/uploads\/2024\/10\/Sizing-Jersey-18x5.png 18w, https:\/\/adventurecountrytracks.com\/wp-content\/uploads\/2024\/10\/Sizing-Jersey-600x163.png 600w, https:\/\/adventurecountrytracks.com\/wp-content\/uploads\/2024\/10\/Sizing-Jersey.png 1600w\" sizes=\"(max-width: 800px) 100vw, 800px\" \/><\/div>\n<div><\/div>\n<div><\/div>\n<div>100% poli\u00e9ster<br \/>\nTranspirable, secado r\u00e1pido<br \/>\nTecnolog\u00eda COOLMESH<br \/>\nOeko Tex 100<\/div>","protected":false},"excerpt":{"rendered":"<p>ACT Jersey Gravel White<\/p>\n<p data-start=\"579\" data-end=\"678\">Step into the spirit of adventure with the ACT Gravel Jersey White \u2013 where raw terrain meets bold design.<\/p>\n<p data-start=\"1688\" data-end=\"1967\">","protected":false},"featured_media":36774,"comment_status":"open","ping_status":"closed","template":"","meta":{"_acf_changed":false},"product_brand":[],"product_cat":[89],"product_tag":[],"class_list":{"0":"post-36791","1":"product","2":"type-product","3":"status-publish","4":"has-post-thumbnail","6":"product_cat-apparel","7":"pa_size-xxl","8":"pa_size-4xl","9":"pa_size-5xl","10":"pa_size-xs","11":"pa_size-3xl","12":"pa_size-s","13":"pa_size-m","14":"pa_size-l","15":"pa_size-xl","17":"first","18":"instock","19":"taxable","20":"shipping-taxable","21":"purchasable","22":"product-type-variable"},"acf":[],"_links":{"self":[{"href":"https:\/\/adventurecountrytracks.com\/es\/wp-json\/wp\/v2\/product\/36791","targetHints":{"allow":["GET"]}}],"collection":[{"href":"https:\/\/adventurecountrytracks.com\/es\/wp-json\/wp\/v2\/product"}],"about":[{"href":"https:\/\/adventurecountrytracks.com\/es\/wp-json\/wp\/v2\/types\/product"}],"replies":[{"embeddable":true,"href":"https:\/\/adventurecountrytracks.com\/es\/wp-json\/wp\/v2\/comments?post=36791"}],"wp:featuredmedia":[{"embeddable":true,"href":"https:\/\/adventurecountrytracks.com\/es\/wp-json\/wp\/v2\/media\/36774"}],"wp:attachment":[{"href":"https:\/\/adventurecountrytracks.com\/es\/wp-json\/wp\/v2\/media?parent=36791"}],"wp:term":[{"taxonomy":"product_brand","embeddable":true,"href":"https:\/\/adventurecountrytracks.com\/es\/wp-json\/wp\/v2\/product_brand?post=36791"},{"taxonomy":"product_cat","embeddable":true,"href":"https:\/\/adventurecountrytracks.com\/es\/wp-json\/wp\/v2\/product_cat?post=36791"},{"taxonomy":"product_tag","embeddable":true,"href":"https:\/\/adventurecountrytracks.com\/es\/wp-json\/wp\/v2\/product_tag?post=36791"}],"curies":[{"name":"wp","href":"https:\/\/api.w.org\/{rel}","templated":true}]}}